{"id":5807,"date":"2022-01-20T16:57:09","date_gmt":"2022-01-20T15:57:09","guid":{"rendered":"https:\/\/hi-nd.com\/product\/standfuss-glas-43\/"},"modified":"2024-03-28T12:44:55","modified_gmt":"2024-03-28T11:44:55","slug":"standfuss-glas-43","status":"publish","type":"product","link":"https:\/\/hi-nd.com\/de\/produkt\/standfuss-glas-43\/","title":{"rendered":"NEW Verstellbares Bodenstativ Glas"},"content":{"rendered":"<table style=\"height: 124px;\" width=\"950\">\n<tbody>\n<tr>\n<td width=\"130\">Teilnummer<\/td>\n<td width=\"700\">Beschreibung<\/td>\n<td width=\"60\">Farbe<\/td>\n<\/tr>\n<tr>\n<td>FS4300-5001-01<\/td>\n<td>Standfu\u00df mit Geh\u00e4use 43&#8243;, Verstellh\u00f6he 40 cm, LH43QMC\/ LG 43UH7J-H, 43UH5N-E, 43UM5N-H<\/td>\n<td>Wei\u00df<\/td>\n<\/tr>\n<tr>\n<td>FS4300-5001-02<\/td>\n<td>Standfu\u00df mit Geh\u00e4use 43&#8243;, Verstellh\u00f6he 40 cm, LH43QMC\/ LG 43UH7J-H, 43UH5N-E, 43UM5N-H<\/td>\n<td>Schwarz<\/td>\n<\/tr>\n<tr>\n<td>FS4615-5001-01<\/td>\n<td>Bodenst\u00e4nder mit Geh\u00e4use 46&#8243;, Verstellh\u00f6he 40 cm, OM46B<\/td>\n<td>Wei\u00df<\/td>\n<\/tr>\n<tr>\n<td>FS4615-5001-02<\/td>\n<td>Bodenst\u00e4nder mit Geh\u00e4use 46&#8243;, Verstellh\u00f6he 40 cm, OM46B<\/td>\n<td>Schwarz<\/td>\n<\/tr>\n<tr>\n<td>FS4922-5001-01<\/td>\n<td>Standfu\u00df mit Geh\u00e4use 49&#8243;, Verstellh\u00f6he 40 cm, LG 49UH7J-H, 49UH5N-E, 49UM5N-H<\/td>\n<td>Wei\u00df<\/td>\n<\/tr>\n<tr>\n<td>FS4922-5001-02<\/td>\n<td>Standfu\u00df mit Geh\u00e4use 49&#8243;, Verstellh\u00f6he 40 cm, LG 49UH7J-H, 49UH5N-E, 49UM5N-H<\/td>\n<td>Schwarz<\/td>\n<\/tr>\n<tr>\n<td>FS5012-5101-01<\/td>\n<td>Bodenst\u00e4nder mit Geh\u00e4use 50&#8243;, Verstellh\u00f6he 40 cm, LH50QMC<\/td>\n<td>Wei\u00df<\/td>\n<\/tr>\n<tr>\n<td>FS5012-5101-02<\/td>\n<td>Bodenst\u00e4nder mit Geh\u00e4use 50&#8243;, Verstellh\u00f6he 40 cm, LH50QMC<\/td>\n<td>Schwarz<\/td>\n<\/tr>\n<\/tbody>\n<\/table>\n","protected":false},"excerpt":{"rendered":"<p>Unser neues, aktualisiertes HI-ND-Standglas ist in der H\u00f6he verstellbar und kann um 40 cm angepasst werden. Dank der Federn l\u00e4sst sich die H\u00f6he des St\u00e4nders auch bei montierter Leinwand ganz einfach einstellen. Er ist f\u00fcr die Verwendung mit 43\u2033-, 46&#8243;-, 49&#8243;- und 50\u2033-Bildschirmen konzipiert. Kabel, Computer und Steckdosen k\u00f6nnen in der S\u00e4ule versteckt werden. Er eignet sich perfekt f\u00fcr Ladengesch\u00e4fte mit begrenztem Platzangebot.<\/p>\n<ul>\n<li>Schwarz und wei\u00df als Standardfarbe<\/li>\n<li>Einstellbare H\u00f6he von 40 cm<\/li>\n<li>Platz im Inneren der S\u00e4ule f\u00fcr externen Mediaplayer<\/li>\n<li>Geh\u00e4use sind f\u00fcr folgende Displays erh\u00e4ltlich<\/li>\n<li>Samsung QMC, OM46B<\/li>\n<li>LG UH7J-H, UH5N-E, LG UM5N-H<\/li>\n<\/ul>\n","protected":false},"featured_media":7013,"template":"","meta":[],"product_brand":[],"product_cat":[78,107],"product_tag":[],"class_list":{"0":"post-5807","1":"product","2":"type-product","3":"status-publish","4":"has-post-thumbnail","6":"product_cat-floor-de","7":"product_cat-standfus","9":"first","10":"instock","11":"shipping-taxable","12":"product-type-simple"},"yoast_head":"<!-- This site is optimized with the Yoast SEO plugin v27.3 - https:\/\/yoast.com\/product\/yoast-seo-wordpress\/ -->\n<title>NEW Verstellbares Bodenstativ Glas - HI-ND<\/title>\n<meta name=\"description\" content=\"Der HI-ND-Standfu\u00df 43 ist f\u00fcr die Verwendung mit 32\u2033- und 43\u2033-Bildschirmen konzipiert. Er eignet sich perfekt f\u00fcr Ladengesch\u00e4fte mit begrenztem Platzangebot.\" \/>\n<meta name=\"robots\" content=\"index, follow, max-snippet:-1, max-image-preview:large, max-video-preview:-1\" \/>\n<link rel=\"canonical\" href=\"https:\/\/hi-nd.com\/de\/produkt\/standfuss-glas-43\/\" \/>\n<meta property=\"og:locale\" content=\"de_DE\" \/>\n<meta property=\"og:type\" content=\"article\" \/>\n<meta property=\"og:title\" content=\"NEW Verstellbares Bodenstativ Glas - HI-ND\" \/>\n<meta property=\"og:description\" content=\"Der HI-ND-Standfu\u00df 43 ist f\u00fcr die Verwendung mit 32\u2033- und 43\u2033-Bildschirmen konzipiert. Er eignet sich perfekt f\u00fcr Ladengesch\u00e4fte mit begrenztem Platzangebot.\" \/>\n<meta property=\"og:url\" content=\"https:\/\/hi-nd.com\/de\/produkt\/standfuss-glas-43\/\" \/>\n<meta property=\"og:site_name\" content=\"HI-ND\" \/>\n<meta property=\"article:modified_time\" content=\"2024-03-28T11:44:55+00:00\" \/>\n<meta property=\"og:image\" content=\"https:\/\/hi-nd.com\/wp-content\/uploads\/2022\/01\/FS-dual-pic1-750x750-1.jpg\" \/>\n\t<meta property=\"og:image:width\" content=\"750\" \/>\n\t<meta property=\"og:image:height\" content=\"750\" \/>\n\t<meta property=\"og:image:type\" content=\"image\/jpeg\" \/>\n<meta name=\"twitter:card\" content=\"summary_large_image\" \/>\n<meta name=\"twitter:label1\" content=\"Gesch\u00e4tzte Lesezeit\" \/>\n\t<meta name=\"twitter:data1\" content=\"1\u00a0Minute\" \/>\n<script type=\"application\/ld+json\" class=\"yoast-schema-graph\">{\"@context\":\"https:\\\/\\\/schema.org\",\"@graph\":[{\"@type\":\"WebPage\",\"@id\":\"https:\\\/\\\/hi-nd.com\\\/de\\\/produkt\\\/standfuss-glas-43\\\/\",\"url\":\"https:\\\/\\\/hi-nd.com\\\/de\\\/produkt\\\/standfuss-glas-43\\\/\",\"name\":\"NEW Verstellbares Bodenstativ Glas - HI-ND\",\"isPartOf\":{\"@id\":\"https:\\\/\\\/hi-nd.com\\\/#website\"},\"primaryImageOfPage\":{\"@id\":\"https:\\\/\\\/hi-nd.com\\\/de\\\/produkt\\\/standfuss-glas-43\\\/#primaryimage\"},\"image\":{\"@id\":\"https:\\\/\\\/hi-nd.com\\\/de\\\/produkt\\\/standfuss-glas-43\\\/#primaryimage\"},\"thumbnailUrl\":\"https:\\\/\\\/hi-nd.com\\\/wp-content\\\/uploads\\\/2022\\\/01\\\/FS-dual-pic1-750x750-1.jpg\",\"datePublished\":\"2022-01-20T15:57:09+00:00\",\"dateModified\":\"2024-03-28T11:44:55+00:00\",\"description\":\"Der HI-ND-Standfu\u00df 43 ist f\u00fcr die Verwendung mit 32\u2033- und 43\u2033-Bildschirmen konzipiert. Er eignet sich perfekt f\u00fcr Ladengesch\u00e4fte mit begrenztem Platzangebot.\",\"breadcrumb\":{\"@id\":\"https:\\\/\\\/hi-nd.com\\\/de\\\/produkt\\\/standfuss-glas-43\\\/#breadcrumb\"},\"inLanguage\":\"de\",\"potentialAction\":[{\"@type\":\"ReadAction\",\"target\":[\"https:\\\/\\\/hi-nd.com\\\/de\\\/produkt\\\/standfuss-glas-43\\\/\"]}]},{\"@type\":\"ImageObject\",\"inLanguage\":\"de\",\"@id\":\"https:\\\/\\\/hi-nd.com\\\/de\\\/produkt\\\/standfuss-glas-43\\\/#primaryimage\",\"url\":\"https:\\\/\\\/hi-nd.com\\\/wp-content\\\/uploads\\\/2022\\\/01\\\/FS-dual-pic1-750x750-1.jpg\",\"contentUrl\":\"https:\\\/\\\/hi-nd.com\\\/wp-content\\\/uploads\\\/2022\\\/01\\\/FS-dual-pic1-750x750-1.jpg\",\"width\":750,\"height\":750,\"caption\":\"Adjustable floorstand glass\"},{\"@type\":\"BreadcrumbList\",\"@id\":\"https:\\\/\\\/hi-nd.com\\\/de\\\/produkt\\\/standfuss-glas-43\\\/#breadcrumb\",\"itemListElement\":[{\"@type\":\"ListItem\",\"position\":1,\"name\":\"Home\",\"item\":\"https:\\\/\\\/hi-nd.com\\\/de\\\/\"},{\"@type\":\"ListItem\",\"position\":2,\"name\":\"Shop\",\"item\":\"https:\\\/\\\/hi-nd.com\\\/de\\\/shop\\\/\"},{\"@type\":\"ListItem\",\"position\":3,\"name\":\"NEW Verstellbares Bodenstativ Glas\"}]},{\"@type\":\"WebSite\",\"@id\":\"https:\\\/\\\/hi-nd.com\\\/#website\",\"url\":\"https:\\\/\\\/hi-nd.com\\\/\",\"name\":\"HI-ND\",\"description\":\"Mounting Solutions\",\"potentialAction\":[{\"@type\":\"SearchAction\",\"target\":{\"@type\":\"EntryPoint\",\"urlTemplate\":\"https:\\\/\\\/hi-nd.com\\\/?s={search_term_string}\"},\"query-input\":{\"@type\":\"PropertyValueSpecification\",\"valueRequired\":true,\"valueName\":\"search_term_string\"}}],\"inLanguage\":\"de\"}]}<\/script>\n<!-- \/ Yoast SEO plugin. -->","yoast_head_json":{"title":"NEW Verstellbares Bodenstativ Glas - HI-ND","description":"Der HI-ND-Standfu\u00df 43 ist f\u00fcr die Verwendung mit 32\u2033- und 43\u2033-Bildschirmen konzipiert. Er eignet sich perfekt f\u00fcr Ladengesch\u00e4fte mit begrenztem Platzangebot.","robots":{"index":"index","follow":"follow","max-snippet":"max-snippet:-1","max-image-preview":"max-image-preview:large","max-video-preview":"max-video-preview:-1"},"canonical":"https:\/\/hi-nd.com\/de\/produkt\/standfuss-glas-43\/","og_locale":"de_DE","og_type":"article","og_title":"NEW Verstellbares Bodenstativ Glas - HI-ND","og_description":"Der HI-ND-Standfu\u00df 43 ist f\u00fcr die Verwendung mit 32\u2033- und 43\u2033-Bildschirmen konzipiert. Er eignet sich perfekt f\u00fcr Ladengesch\u00e4fte mit begrenztem Platzangebot.","og_url":"https:\/\/hi-nd.com\/de\/produkt\/standfuss-glas-43\/","og_site_name":"HI-ND","article_modified_time":"2024-03-28T11:44:55+00:00","og_image":[{"width":750,"height":750,"url":"https:\/\/hi-nd.com\/wp-content\/uploads\/2022\/01\/FS-dual-pic1-750x750-1.jpg","type":"image\/jpeg"}],"twitter_card":"summary_large_image","twitter_misc":{"Gesch\u00e4tzte Lesezeit":"1\u00a0Minute"},"schema":{"@context":"https:\/\/schema.org","@graph":[{"@type":"WebPage","@id":"https:\/\/hi-nd.com\/de\/produkt\/standfuss-glas-43\/","url":"https:\/\/hi-nd.com\/de\/produkt\/standfuss-glas-43\/","name":"NEW Verstellbares Bodenstativ Glas - HI-ND","isPartOf":{"@id":"https:\/\/hi-nd.com\/#website"},"primaryImageOfPage":{"@id":"https:\/\/hi-nd.com\/de\/produkt\/standfuss-glas-43\/#primaryimage"},"image":{"@id":"https:\/\/hi-nd.com\/de\/produkt\/standfuss-glas-43\/#primaryimage"},"thumbnailUrl":"https:\/\/hi-nd.com\/wp-content\/uploads\/2022\/01\/FS-dual-pic1-750x750-1.jpg","datePublished":"2022-01-20T15:57:09+00:00","dateModified":"2024-03-28T11:44:55+00:00","description":"Der HI-ND-Standfu\u00df 43 ist f\u00fcr die Verwendung mit 32\u2033- und 43\u2033-Bildschirmen konzipiert. Er eignet sich perfekt f\u00fcr Ladengesch\u00e4fte mit begrenztem Platzangebot.","breadcrumb":{"@id":"https:\/\/hi-nd.com\/de\/produkt\/standfuss-glas-43\/#breadcrumb"},"inLanguage":"de","potentialAction":[{"@type":"ReadAction","target":["https:\/\/hi-nd.com\/de\/produkt\/standfuss-glas-43\/"]}]},{"@type":"ImageObject","inLanguage":"de","@id":"https:\/\/hi-nd.com\/de\/produkt\/standfuss-glas-43\/#primaryimage","url":"https:\/\/hi-nd.com\/wp-content\/uploads\/2022\/01\/FS-dual-pic1-750x750-1.jpg","contentUrl":"https:\/\/hi-nd.com\/wp-content\/uploads\/2022\/01\/FS-dual-pic1-750x750-1.jpg","width":750,"height":750,"caption":"Adjustable floorstand glass"},{"@type":"BreadcrumbList","@id":"https:\/\/hi-nd.com\/de\/produkt\/standfuss-glas-43\/#breadcrumb","itemListElement":[{"@type":"ListItem","position":1,"name":"Home","item":"https:\/\/hi-nd.com\/de\/"},{"@type":"ListItem","position":2,"name":"Shop","item":"https:\/\/hi-nd.com\/de\/shop\/"},{"@type":"ListItem","position":3,"name":"NEW Verstellbares Bodenstativ Glas"}]},{"@type":"WebSite","@id":"https:\/\/hi-nd.com\/#website","url":"https:\/\/hi-nd.com\/","name":"HI-ND","description":"Mounting Solutions","potentialAction":[{"@type":"SearchAction","target":{"@type":"EntryPoint","urlTemplate":"https:\/\/hi-nd.com\/?s={search_term_string}"},"query-input":{"@type":"PropertyValueSpecification","valueRequired":true,"valueName":"search_term_string"}}],"inLanguage":"de"}]}},"_links":{"self":[{"href":"https:\/\/hi-nd.com\/de\/wp-json\/wp\/v2\/product\/5807","targetHints":{"allow":["GET"]}}],"collection":[{"href":"https:\/\/hi-nd.com\/de\/wp-json\/wp\/v2\/product"}],"about":[{"href":"https:\/\/hi-nd.com\/de\/wp-json\/wp\/v2\/types\/product"}],"wp:featuredmedia":[{"embeddable":true,"href":"https:\/\/hi-nd.com\/de\/wp-json\/wp\/v2\/media\/7013"}],"wp:attachment":[{"href":"https:\/\/hi-nd.com\/de\/wp-json\/wp\/v2\/media?parent=5807"}],"wp:term":[{"taxonomy":"product_brand","embeddable":true,"href":"https:\/\/hi-nd.com\/de\/wp-json\/wp\/v2\/product_brand?post=5807"},{"taxonomy":"product_cat","embeddable":true,"href":"https:\/\/hi-nd.com\/de\/wp-json\/wp\/v2\/product_cat?post=5807"},{"taxonomy":"product_tag","embeddable":true,"href":"https:\/\/hi-nd.com\/de\/wp-json\/wp\/v2\/product_tag?post=5807"}],"curies":[{"name":"wp","href":"https:\/\/api.w.org\/{rel}","templated":true}]}}