{"id":5794,"date":"2021-11-22T19:04:43","date_gmt":"2021-11-22T18:04:43","guid":{"rendered":"https:\/\/hi-nd.com\/product\/wandhalterung-klein\/"},"modified":"2021-11-22T19:04:43","modified_gmt":"2021-11-22T18:04:43","slug":"wandhalterung-klein","status":"publish","type":"product","link":"https:\/\/hi-nd.com\/de\/produkt\/wandhalterung-klein\/","title":{"rendered":"Wandhalterung Klein"},"content":{"rendered":"<table width=\"654\">\n<tbody>\n<tr>\n<td width=\"125\">Teilnummer<\/td>\n<td width=\"529\">Beschreibung<\/td>\n<\/tr>\n<tr>\n<td>C-WM01-02<\/td>\n<td>Wandhalterung Klein, VESA 50&#215;50, 75&#215;75, 100&#215;100, 13-27&#8243;, 15mm Dicke<\/td>\n<\/tr>\n<\/tbody>\n<\/table>\n","protected":false},"excerpt":{"rendered":"<p>Die kleine HI-ND-Wandhalterung wurde f\u00fcr Monitore entwickelt, die nur 15 mm von der Wand entfernt aufgestellt werden k\u00f6nnen. Das zweiteilige Design erm\u00f6glicht eine einfache Installation. Er unterst\u00fctzt die meisten 13&#8220;-27&#8220;-Monitore bis zu 30 kg. Die Festigkeit wurde mindestens f\u00fcr das Dreifache der angegebenen Tragf\u00e4higkeit getestet.<\/p>\n<ul>\n<li>VESA-kompatibel mit 50\u00d750, 75\u00d775 und 100\u00d7100.<\/li>\n<li>Schlanke Version 15mm<\/li>\n<li>Abmessungen: 15x140x120mm<\/li>\n<li>Maximales Gewicht: 30Kg<\/li>\n<li>Bildschirmgr\u00f6\u00dfen: 13\u2033 &#8211; 27\u2033<\/li>\n<\/ul>\n","protected":false},"featured_media":3708,"template":"","meta":[],"product_brand":[],"product_cat":[87,92],"product_tag":[],"class_list":{"0":"post-5794","1":"product","2":"type-product","3":"status-publish","4":"has-post-thumbnail","6":"product_cat-wand","7":"product_cat-wandhalterung","9":"first","10":"instock","11":"shipping-taxable","12":"product-type-simple"},"yoast_head":"<!-- This site is optimized with the Yoast SEO plugin v27.3 - https:\/\/yoast.com\/product\/yoast-seo-wordpress\/ -->\n<title>Wandhalterung Klein - HI-ND<\/title>\n<meta name=\"description\" content=\"Die kleine HI-ND-Wandhalterung wurde f\u00fcr Monitore entwickelt, die nur 15 mm von der Wand entfernt aufgestellt werden. Das zweiteilige Design erm\u00f6glicht eine einfache Installation.\" \/>\n<meta name=\"robots\" content=\"index, follow, max-snippet:-1, max-image-preview:large, max-video-preview:-1\" \/>\n<link rel=\"canonical\" href=\"https:\/\/hi-nd.com\/de\/produkt\/wandhalterung-klein\/\" \/>\n<meta property=\"og:locale\" content=\"de_DE\" \/>\n<meta property=\"og:type\" content=\"article\" \/>\n<meta property=\"og:title\" content=\"Wandhalterung Klein - HI-ND\" \/>\n<meta property=\"og:description\" content=\"Die kleine HI-ND-Wandhalterung wurde f\u00fcr Monitore entwickelt, die nur 15 mm von der Wand entfernt aufgestellt werden. Das zweiteilige Design erm\u00f6glicht eine einfache Installation.\" \/>\n<meta property=\"og:url\" content=\"https:\/\/hi-nd.com\/de\/produkt\/wandhalterung-klein\/\" \/>\n<meta property=\"og:site_name\" content=\"HI-ND\" \/>\n<meta property=\"og:image\" content=\"https:\/\/hi-nd.com\/wp-content\/uploads\/2021\/11\/Wall-mount-small-web.png\" \/>\n\t<meta property=\"og:image:width\" content=\"750\" \/>\n\t<meta property=\"og:image:height\" content=\"750\" \/>\n\t<meta property=\"og:image:type\" content=\"image\/png\" \/>\n<meta name=\"twitter:card\" content=\"summary_large_image\" \/>\n<script type=\"application\/ld+json\" class=\"yoast-schema-graph\">{\"@context\":\"https:\\\/\\\/schema.org\",\"@graph\":[{\"@type\":\"WebPage\",\"@id\":\"https:\\\/\\\/hi-nd.com\\\/de\\\/produkt\\\/wandhalterung-klein\\\/\",\"url\":\"https:\\\/\\\/hi-nd.com\\\/de\\\/produkt\\\/wandhalterung-klein\\\/\",\"name\":\"Wandhalterung Klein - HI-ND\",\"isPartOf\":{\"@id\":\"https:\\\/\\\/hi-nd.com\\\/#website\"},\"primaryImageOfPage\":{\"@id\":\"https:\\\/\\\/hi-nd.com\\\/de\\\/produkt\\\/wandhalterung-klein\\\/#primaryimage\"},\"image\":{\"@id\":\"https:\\\/\\\/hi-nd.com\\\/de\\\/produkt\\\/wandhalterung-klein\\\/#primaryimage\"},\"thumbnailUrl\":\"https:\\\/\\\/hi-nd.com\\\/wp-content\\\/uploads\\\/2021\\\/11\\\/Wall-mount-small-web.png\",\"datePublished\":\"2021-11-22T18:04:43+00:00\",\"description\":\"Die kleine HI-ND-Wandhalterung wurde f\u00fcr Monitore entwickelt, die nur 15 mm von der Wand entfernt aufgestellt werden. Das zweiteilige Design erm\u00f6glicht eine einfache Installation.\",\"breadcrumb\":{\"@id\":\"https:\\\/\\\/hi-nd.com\\\/de\\\/produkt\\\/wandhalterung-klein\\\/#breadcrumb\"},\"inLanguage\":\"de\",\"potentialAction\":[{\"@type\":\"ReadAction\",\"target\":[\"https:\\\/\\\/hi-nd.com\\\/de\\\/produkt\\\/wandhalterung-klein\\\/\"]}]},{\"@type\":\"ImageObject\",\"inLanguage\":\"de\",\"@id\":\"https:\\\/\\\/hi-nd.com\\\/de\\\/produkt\\\/wandhalterung-klein\\\/#primaryimage\",\"url\":\"https:\\\/\\\/hi-nd.com\\\/wp-content\\\/uploads\\\/2021\\\/11\\\/Wall-mount-small-web.png\",\"contentUrl\":\"https:\\\/\\\/hi-nd.com\\\/wp-content\\\/uploads\\\/2021\\\/11\\\/Wall-mount-small-web.png\",\"width\":750,\"height\":750},{\"@type\":\"BreadcrumbList\",\"@id\":\"https:\\\/\\\/hi-nd.com\\\/de\\\/produkt\\\/wandhalterung-klein\\\/#breadcrumb\",\"itemListElement\":[{\"@type\":\"ListItem\",\"position\":1,\"name\":\"Home\",\"item\":\"https:\\\/\\\/hi-nd.com\\\/de\\\/\"},{\"@type\":\"ListItem\",\"position\":2,\"name\":\"Shop\",\"item\":\"https:\\\/\\\/hi-nd.com\\\/de\\\/shop\\\/\"},{\"@type\":\"ListItem\",\"position\":3,\"name\":\"Wandhalterung Klein\"}]},{\"@type\":\"WebSite\",\"@id\":\"https:\\\/\\\/hi-nd.com\\\/#website\",\"url\":\"https:\\\/\\\/hi-nd.com\\\/\",\"name\":\"HI-ND\",\"description\":\"Mounting Solutions\",\"potentialAction\":[{\"@type\":\"SearchAction\",\"target\":{\"@type\":\"EntryPoint\",\"urlTemplate\":\"https:\\\/\\\/hi-nd.com\\\/?s={search_term_string}\"},\"query-input\":{\"@type\":\"PropertyValueSpecification\",\"valueRequired\":true,\"valueName\":\"search_term_string\"}}],\"inLanguage\":\"de\"}]}<\/script>\n<!-- \/ Yoast SEO plugin. -->","yoast_head_json":{"title":"Wandhalterung Klein - HI-ND","description":"Die kleine HI-ND-Wandhalterung wurde f\u00fcr Monitore entwickelt, die nur 15 mm von der Wand entfernt aufgestellt werden. Das zweiteilige Design erm\u00f6glicht eine einfache Installation.","robots":{"index":"index","follow":"follow","max-snippet":"max-snippet:-1","max-image-preview":"max-image-preview:large","max-video-preview":"max-video-preview:-1"},"canonical":"https:\/\/hi-nd.com\/de\/produkt\/wandhalterung-klein\/","og_locale":"de_DE","og_type":"article","og_title":"Wandhalterung Klein - HI-ND","og_description":"Die kleine HI-ND-Wandhalterung wurde f\u00fcr Monitore entwickelt, die nur 15 mm von der Wand entfernt aufgestellt werden. Das zweiteilige Design erm\u00f6glicht eine einfache Installation.","og_url":"https:\/\/hi-nd.com\/de\/produkt\/wandhalterung-klein\/","og_site_name":"HI-ND","og_image":[{"width":750,"height":750,"url":"https:\/\/hi-nd.com\/wp-content\/uploads\/2021\/11\/Wall-mount-small-web.png","type":"image\/png"}],"twitter_card":"summary_large_image","schema":{"@context":"https:\/\/schema.org","@graph":[{"@type":"WebPage","@id":"https:\/\/hi-nd.com\/de\/produkt\/wandhalterung-klein\/","url":"https:\/\/hi-nd.com\/de\/produkt\/wandhalterung-klein\/","name":"Wandhalterung Klein - HI-ND","isPartOf":{"@id":"https:\/\/hi-nd.com\/#website"},"primaryImageOfPage":{"@id":"https:\/\/hi-nd.com\/de\/produkt\/wandhalterung-klein\/#primaryimage"},"image":{"@id":"https:\/\/hi-nd.com\/de\/produkt\/wandhalterung-klein\/#primaryimage"},"thumbnailUrl":"https:\/\/hi-nd.com\/wp-content\/uploads\/2021\/11\/Wall-mount-small-web.png","datePublished":"2021-11-22T18:04:43+00:00","description":"Die kleine HI-ND-Wandhalterung wurde f\u00fcr Monitore entwickelt, die nur 15 mm von der Wand entfernt aufgestellt werden. Das zweiteilige Design erm\u00f6glicht eine einfache Installation.","breadcrumb":{"@id":"https:\/\/hi-nd.com\/de\/produkt\/wandhalterung-klein\/#breadcrumb"},"inLanguage":"de","potentialAction":[{"@type":"ReadAction","target":["https:\/\/hi-nd.com\/de\/produkt\/wandhalterung-klein\/"]}]},{"@type":"ImageObject","inLanguage":"de","@id":"https:\/\/hi-nd.com\/de\/produkt\/wandhalterung-klein\/#primaryimage","url":"https:\/\/hi-nd.com\/wp-content\/uploads\/2021\/11\/Wall-mount-small-web.png","contentUrl":"https:\/\/hi-nd.com\/wp-content\/uploads\/2021\/11\/Wall-mount-small-web.png","width":750,"height":750},{"@type":"BreadcrumbList","@id":"https:\/\/hi-nd.com\/de\/produkt\/wandhalterung-klein\/#breadcrumb","itemListElement":[{"@type":"ListItem","position":1,"name":"Home","item":"https:\/\/hi-nd.com\/de\/"},{"@type":"ListItem","position":2,"name":"Shop","item":"https:\/\/hi-nd.com\/de\/shop\/"},{"@type":"ListItem","position":3,"name":"Wandhalterung Klein"}]},{"@type":"WebSite","@id":"https:\/\/hi-nd.com\/#website","url":"https:\/\/hi-nd.com\/","name":"HI-ND","description":"Mounting Solutions","potentialAction":[{"@type":"SearchAction","target":{"@type":"EntryPoint","urlTemplate":"https:\/\/hi-nd.com\/?s={search_term_string}"},"query-input":{"@type":"PropertyValueSpecification","valueRequired":true,"valueName":"search_term_string"}}],"inLanguage":"de"}]}},"_links":{"self":[{"href":"https:\/\/hi-nd.com\/de\/wp-json\/wp\/v2\/product\/5794","targetHints":{"allow":["GET"]}}],"collection":[{"href":"https:\/\/hi-nd.com\/de\/wp-json\/wp\/v2\/product"}],"about":[{"href":"https:\/\/hi-nd.com\/de\/wp-json\/wp\/v2\/types\/product"}],"wp:featuredmedia":[{"embeddable":true,"href":"https:\/\/hi-nd.com\/de\/wp-json\/wp\/v2\/media\/3708"}],"wp:attachment":[{"href":"https:\/\/hi-nd.com\/de\/wp-json\/wp\/v2\/media?parent=5794"}],"wp:term":[{"taxonomy":"product_brand","embeddable":true,"href":"https:\/\/hi-nd.com\/de\/wp-json\/wp\/v2\/product_brand?post=5794"},{"taxonomy":"product_cat","embeddable":true,"href":"https:\/\/hi-nd.com\/de\/wp-json\/wp\/v2\/product_cat?post=5794"},{"taxonomy":"product_tag","embeddable":true,"href":"https:\/\/hi-nd.com\/de\/wp-json\/wp\/v2\/product_tag?post=5794"}],"curies":[{"name":"wp","href":"https:\/\/api.w.org\/{rel}","templated":true}]}}