{"id":5793,"date":"2021-11-22T18:34:15","date_gmt":"2021-11-22T17:34:15","guid":{"rendered":"https:\/\/hi-nd.com\/product\/videorow-landschaft\/"},"modified":"2024-02-22T21:19:50","modified_gmt":"2024-02-22T20:19:50","slug":"videorow-landschaft","status":"publish","type":"product","link":"https:\/\/hi-nd.com\/de\/produkt\/videorow-landschaft\/","title":{"rendered":"Videorow Landschaft"},"content":{"rendered":"<table width=\"610\">\n<tbody>\n<tr>\n<td width=\"109\">Teilnummer<\/td>\n<td width=\"270\">Beschreibung<\/td>\n<td width=\"231\">Unterst\u00fctzte Bildschirme<\/td>\n<\/tr>\n<tr>\n<td>VR5000-0101<\/td>\n<td>Videorow, Landschaft, 1&#215;50<\/td>\n<td>Samsung, LG<\/td>\n<\/tr>\n<tr>\n<td>VR3200-0301<\/td>\n<td>Videorow, Landschaft, 3&#215;32<\/td>\n<td>Samsung, LG<\/td>\n<\/tr>\n<tr>\n<td>VR4300-0301<\/td>\n<td>Videorow, Landschaft, 3&#215;43<\/td>\n<td>Samsung, LG<\/td>\n<\/tr>\n<tr>\n<td>VR5000-0301<\/td>\n<td>Videorow, Landschaft, 3&#215;50<\/td>\n<td>Samsung, LG<\/td>\n<\/tr>\n<tr>\n<td>VR5500-0301<\/td>\n<td>Videorow, Landschaft, 3&#215;55<\/td>\n<td>Samsung, LG<\/td>\n<\/tr>\n<tr>\n<td>VR3200-0401<\/td>\n<td>Videorow, Landschaft, 4&#215;32<\/td>\n<td>Samsung, LG<\/td>\n<\/tr>\n<tr>\n<td>VR4300-0401<\/td>\n<td>Videorow, Landschaft, 4&#215;43<\/td>\n<td>Samsung, LG<\/td>\n<\/tr>\n<tr>\n<td>VR5000-0401<\/td>\n<td>Videorow, Landschaft, 4&#215;50<\/td>\n<td>Samsung, LG<\/td>\n<\/tr>\n<tr>\n<td>VR5500-0401<\/td>\n<td>Videorow, Landschaft, 4&#215;55<\/td>\n<td>Samsung, LG<\/td>\n<\/tr>\n<tr>\n<td>VR3200-0501<\/td>\n<td>Videorow, Landschaft, 5&#215;32<\/td>\n<td>Samsung, LG<\/td>\n<\/tr>\n<tr>\n<td>VR4300-0501<\/td>\n<td>Videorow, Landschaft, 5&#215;43<\/td>\n<td>Samsung, LG<\/td>\n<\/tr>\n<tr>\n<td>VR5000-0501<\/td>\n<td>Videobild, Landschaft, 5&#215;50<\/td>\n<td>Samsung, LG<\/td>\n<\/tr>\n<tr>\n<td>VR5500-0501<\/td>\n<td>Videorow, Landschaft, 5&#215;55<\/td>\n<td>Samsung, LG<\/td>\n<\/tr>\n<tr>\n<td>VR4300-0601<\/td>\n<td>Videorow, Landschaft, 6&#215;43<\/td>\n<td>Samsung, LG<\/td>\n<\/tr>\n<tr>\n<td>VR4300-0801<\/td>\n<td>Videorow, Landschaft, 8&#215;43<\/td>\n<td>Samsung, LG<\/td>\n<\/tr>\n<\/tbody>\n<\/table>\n","protected":false},"excerpt":{"rendered":"<p>Die Videowand erm\u00f6glicht einen einfachen und sehr kosteng\u00fcnstigen Aufbau eines Men\u00fcbretts mit mehreren hintereinander angeordneten Bildschirmen. Die L\u00f6sung macht es einfach, eine beliebige Anzahl von Bildschirmen exakt in einer Linie zu platzieren. Empfohlene Bildschirmgr\u00f6\u00dfe 22\u2033 bis 55\u2033.<\/p>\n<ul>\n<li>Einfach und sehr kosteng\u00fcnstig<\/li>\n<li>Einfaches Kabelmanagement<\/li>\n<li>L\u00f6sungen f\u00fcr Men\u00fcbretter oder Videow\u00e4nde<\/li>\n<li>Rand-zu-Rand-Installation<\/li>\n<li>Entwickelt f\u00fcr Samsung und LG<\/li>\n<li>Installation der Landschaft<\/li>\n<li>Kontaktieren Sie uns, um eine ma\u00dfgeschneiderte L\u00f6sung f\u00fcr spezifische Projekte zu erhalten<\/li>\n<\/ul>\n","protected":false},"featured_media":3681,"template":"","meta":[],"product_brand":[],"product_cat":[114,87],"product_tag":[],"class_list":{"0":"post-5793","1":"product","2":"type-product","3":"status-publish","4":"has-post-thumbnail","6":"product_cat-video-reihe","7":"product_cat-wand","9":"first","10":"instock","11":"shipping-taxable","12":"product-type-simple"},"yoast_head":"<!-- This site is optimized with the Yoast SEO plugin v27.3 - https:\/\/yoast.com\/product\/yoast-seo-wordpress\/ -->\n<title>Videorow Landschaft - HI-ND<\/title>\n<meta name=\"description\" content=\"Die Videowand erm\u00f6glicht einen einfachen und sehr kosteng\u00fcnstigen Aufbau eines Men\u00fcbretts mit mehreren hintereinander angeordneten Bildschirmen.\" \/>\n<meta name=\"robots\" content=\"index, follow, max-snippet:-1, max-image-preview:large, max-video-preview:-1\" \/>\n<link rel=\"canonical\" href=\"https:\/\/hi-nd.com\/de\/produkt\/videorow-landschaft\/\" \/>\n<meta property=\"og:locale\" content=\"de_DE\" \/>\n<meta property=\"og:type\" content=\"article\" \/>\n<meta property=\"og:title\" content=\"Videorow Landschaft - HI-ND\" \/>\n<meta property=\"og:description\" content=\"Die Videowand erm\u00f6glicht einen einfachen und sehr kosteng\u00fcnstigen Aufbau eines Men\u00fcbretts mit mehreren hintereinander angeordneten Bildschirmen.\" \/>\n<meta property=\"og:url\" content=\"https:\/\/hi-nd.com\/de\/produkt\/videorow-landschaft\/\" \/>\n<meta property=\"og:site_name\" content=\"HI-ND\" \/>\n<meta property=\"article:modified_time\" content=\"2024-02-22T20:19:50+00:00\" \/>\n<meta property=\"og:image\" content=\"https:\/\/hi-nd.com\/wp-content\/uploads\/2021\/11\/VR-landscape-faste.png\" \/>\n\t<meta property=\"og:image:width\" content=\"750\" \/>\n\t<meta property=\"og:image:height\" content=\"750\" \/>\n\t<meta property=\"og:image:type\" content=\"image\/png\" \/>\n<meta name=\"twitter:card\" content=\"summary_large_image\" \/>\n<meta name=\"twitter:label1\" content=\"Gesch\u00e4tzte Lesezeit\" \/>\n\t<meta name=\"twitter:data1\" content=\"1\u00a0Minute\" \/>\n<script type=\"application\/ld+json\" class=\"yoast-schema-graph\">{\"@context\":\"https:\\\/\\\/schema.org\",\"@graph\":[{\"@type\":\"WebPage\",\"@id\":\"https:\\\/\\\/hi-nd.com\\\/de\\\/produkt\\\/videorow-landschaft\\\/\",\"url\":\"https:\\\/\\\/hi-nd.com\\\/de\\\/produkt\\\/videorow-landschaft\\\/\",\"name\":\"Videorow Landschaft - HI-ND\",\"isPartOf\":{\"@id\":\"https:\\\/\\\/hi-nd.com\\\/#website\"},\"primaryImageOfPage\":{\"@id\":\"https:\\\/\\\/hi-nd.com\\\/de\\\/produkt\\\/videorow-landschaft\\\/#primaryimage\"},\"image\":{\"@id\":\"https:\\\/\\\/hi-nd.com\\\/de\\\/produkt\\\/videorow-landschaft\\\/#primaryimage\"},\"thumbnailUrl\":\"https:\\\/\\\/hi-nd.com\\\/wp-content\\\/uploads\\\/2021\\\/11\\\/VR-landscape-faste.png\",\"datePublished\":\"2021-11-22T17:34:15+00:00\",\"dateModified\":\"2024-02-22T20:19:50+00:00\",\"description\":\"Die Videowand erm\u00f6glicht einen einfachen und sehr kosteng\u00fcnstigen Aufbau eines Men\u00fcbretts mit mehreren hintereinander angeordneten Bildschirmen.\",\"breadcrumb\":{\"@id\":\"https:\\\/\\\/hi-nd.com\\\/de\\\/produkt\\\/videorow-landschaft\\\/#breadcrumb\"},\"inLanguage\":\"de\",\"potentialAction\":[{\"@type\":\"ReadAction\",\"target\":[\"https:\\\/\\\/hi-nd.com\\\/de\\\/produkt\\\/videorow-landschaft\\\/\"]}]},{\"@type\":\"ImageObject\",\"inLanguage\":\"de\",\"@id\":\"https:\\\/\\\/hi-nd.com\\\/de\\\/produkt\\\/videorow-landschaft\\\/#primaryimage\",\"url\":\"https:\\\/\\\/hi-nd.com\\\/wp-content\\\/uploads\\\/2021\\\/11\\\/VR-landscape-faste.png\",\"contentUrl\":\"https:\\\/\\\/hi-nd.com\\\/wp-content\\\/uploads\\\/2021\\\/11\\\/VR-landscape-faste.png\",\"width\":750,\"height\":750},{\"@type\":\"BreadcrumbList\",\"@id\":\"https:\\\/\\\/hi-nd.com\\\/de\\\/produkt\\\/videorow-landschaft\\\/#breadcrumb\",\"itemListElement\":[{\"@type\":\"ListItem\",\"position\":1,\"name\":\"Home\",\"item\":\"https:\\\/\\\/hi-nd.com\\\/de\\\/\"},{\"@type\":\"ListItem\",\"position\":2,\"name\":\"Shop\",\"item\":\"https:\\\/\\\/hi-nd.com\\\/de\\\/shop\\\/\"},{\"@type\":\"ListItem\",\"position\":3,\"name\":\"Videorow Landschaft\"}]},{\"@type\":\"WebSite\",\"@id\":\"https:\\\/\\\/hi-nd.com\\\/#website\",\"url\":\"https:\\\/\\\/hi-nd.com\\\/\",\"name\":\"HI-ND\",\"description\":\"Mounting Solutions\",\"potentialAction\":[{\"@type\":\"SearchAction\",\"target\":{\"@type\":\"EntryPoint\",\"urlTemplate\":\"https:\\\/\\\/hi-nd.com\\\/?s={search_term_string}\"},\"query-input\":{\"@type\":\"PropertyValueSpecification\",\"valueRequired\":true,\"valueName\":\"search_term_string\"}}],\"inLanguage\":\"de\"}]}<\/script>\n<!-- \/ Yoast SEO plugin. -->","yoast_head_json":{"title":"Videorow Landschaft - HI-ND","description":"Die Videowand erm\u00f6glicht einen einfachen und sehr kosteng\u00fcnstigen Aufbau eines Men\u00fcbretts mit mehreren hintereinander angeordneten Bildschirmen.","robots":{"index":"index","follow":"follow","max-snippet":"max-snippet:-1","max-image-preview":"max-image-preview:large","max-video-preview":"max-video-preview:-1"},"canonical":"https:\/\/hi-nd.com\/de\/produkt\/videorow-landschaft\/","og_locale":"de_DE","og_type":"article","og_title":"Videorow Landschaft - HI-ND","og_description":"Die Videowand erm\u00f6glicht einen einfachen und sehr kosteng\u00fcnstigen Aufbau eines Men\u00fcbretts mit mehreren hintereinander angeordneten Bildschirmen.","og_url":"https:\/\/hi-nd.com\/de\/produkt\/videorow-landschaft\/","og_site_name":"HI-ND","article_modified_time":"2024-02-22T20:19:50+00:00","og_image":[{"width":750,"height":750,"url":"https:\/\/hi-nd.com\/wp-content\/uploads\/2021\/11\/VR-landscape-faste.png","type":"image\/png"}],"twitter_card":"summary_large_image","twitter_misc":{"Gesch\u00e4tzte Lesezeit":"1\u00a0Minute"},"schema":{"@context":"https:\/\/schema.org","@graph":[{"@type":"WebPage","@id":"https:\/\/hi-nd.com\/de\/produkt\/videorow-landschaft\/","url":"https:\/\/hi-nd.com\/de\/produkt\/videorow-landschaft\/","name":"Videorow Landschaft - HI-ND","isPartOf":{"@id":"https:\/\/hi-nd.com\/#website"},"primaryImageOfPage":{"@id":"https:\/\/hi-nd.com\/de\/produkt\/videorow-landschaft\/#primaryimage"},"image":{"@id":"https:\/\/hi-nd.com\/de\/produkt\/videorow-landschaft\/#primaryimage"},"thumbnailUrl":"https:\/\/hi-nd.com\/wp-content\/uploads\/2021\/11\/VR-landscape-faste.png","datePublished":"2021-11-22T17:34:15+00:00","dateModified":"2024-02-22T20:19:50+00:00","description":"Die Videowand erm\u00f6glicht einen einfachen und sehr kosteng\u00fcnstigen Aufbau eines Men\u00fcbretts mit mehreren hintereinander angeordneten Bildschirmen.","breadcrumb":{"@id":"https:\/\/hi-nd.com\/de\/produkt\/videorow-landschaft\/#breadcrumb"},"inLanguage":"de","potentialAction":[{"@type":"ReadAction","target":["https:\/\/hi-nd.com\/de\/produkt\/videorow-landschaft\/"]}]},{"@type":"ImageObject","inLanguage":"de","@id":"https:\/\/hi-nd.com\/de\/produkt\/videorow-landschaft\/#primaryimage","url":"https:\/\/hi-nd.com\/wp-content\/uploads\/2021\/11\/VR-landscape-faste.png","contentUrl":"https:\/\/hi-nd.com\/wp-content\/uploads\/2021\/11\/VR-landscape-faste.png","width":750,"height":750},{"@type":"BreadcrumbList","@id":"https:\/\/hi-nd.com\/de\/produkt\/videorow-landschaft\/#breadcrumb","itemListElement":[{"@type":"ListItem","position":1,"name":"Home","item":"https:\/\/hi-nd.com\/de\/"},{"@type":"ListItem","position":2,"name":"Shop","item":"https:\/\/hi-nd.com\/de\/shop\/"},{"@type":"ListItem","position":3,"name":"Videorow Landschaft"}]},{"@type":"WebSite","@id":"https:\/\/hi-nd.com\/#website","url":"https:\/\/hi-nd.com\/","name":"HI-ND","description":"Mounting Solutions","potentialAction":[{"@type":"SearchAction","target":{"@type":"EntryPoint","urlTemplate":"https:\/\/hi-nd.com\/?s={search_term_string}"},"query-input":{"@type":"PropertyValueSpecification","valueRequired":true,"valueName":"search_term_string"}}],"inLanguage":"de"}]}},"_links":{"self":[{"href":"https:\/\/hi-nd.com\/de\/wp-json\/wp\/v2\/product\/5793","targetHints":{"allow":["GET"]}}],"collection":[{"href":"https:\/\/hi-nd.com\/de\/wp-json\/wp\/v2\/product"}],"about":[{"href":"https:\/\/hi-nd.com\/de\/wp-json\/wp\/v2\/types\/product"}],"wp:featuredmedia":[{"embeddable":true,"href":"https:\/\/hi-nd.com\/de\/wp-json\/wp\/v2\/media\/3681"}],"wp:attachment":[{"href":"https:\/\/hi-nd.com\/de\/wp-json\/wp\/v2\/media?parent=5793"}],"wp:term":[{"taxonomy":"product_brand","embeddable":true,"href":"https:\/\/hi-nd.com\/de\/wp-json\/wp\/v2\/product_brand?post=5793"},{"taxonomy":"product_cat","embeddable":true,"href":"https:\/\/hi-nd.com\/de\/wp-json\/wp\/v2\/product_cat?post=5793"},{"taxonomy":"product_tag","embeddable":true,"href":"https:\/\/hi-nd.com\/de\/wp-json\/wp\/v2\/product_tag?post=5793"}],"curies":[{"name":"wp","href":"https:\/\/api.w.org\/{rel}","templated":true}]}}