{"id":5788,"date":"2021-11-18T21:30:40","date_gmt":"2021-11-18T20:30:40","guid":{"rendered":"https:\/\/hi-nd.com\/product\/wandverkleidung-easy\/"},"modified":"2024-06-12T15:38:53","modified_gmt":"2024-06-12T13:38:53","slug":"wandverkleidung-easy","status":"publish","type":"product","link":"https:\/\/hi-nd.com\/de\/produkt\/wandverkleidung-easy\/","title":{"rendered":"Wandverkleidung EASY"},"content":{"rendered":"<table width=\"987\">\n<tbody>\n<tr>\n<td width=\"155\"> Teilnummer<\/td>\n<td width=\"211\"> Beschreibung<\/td>\n<td width=\"66\"> Farbe<\/td>\n<td width=\"555\">  Kompatible Bildschirme<\/td>\n<\/tr>\n<tr>\n<td>  WC1312-5001-01<\/td>\n<td>  Wandverkleidung 13&#8243;, Hochformat<\/td>\n<td> Wei\u00df<\/td>\n<td width=\"555\">  QB13B<\/td>\n<\/tr>\n<tr>\n<td>  WC2412-5001-01<\/td>\n<td>  Wandverkleidung 24&#8243;, Hochformat<\/td>\n<td> Wei\u00df<\/td>\n<td width=\"555\">  QB24B<\/td>\n<\/tr>\n<tr>\n<td>  WC3200-5001-01<\/td>\n<td>  Wandverkleidung 32&#8243;, Hochformat<\/td>\n<td> Wei\u00df<\/td>\n<td width=\"555\">  QM32B\/ LH32QMC<\/td>\n<\/tr>\n<tr>\n<td>  WC4300-5001-01<\/td>\n<td>  Wandverkleidung 43&#8243;, Hochformat<\/td>\n<td> Wei\u00df<\/td>\n<td width=\"555\">  LH43QMC\/ LG 43UH7J-H, 43UH5N-E, 43UM5N-H<\/td>\n<\/tr>\n<tr>\n<td>  WC4900-5001-01<\/td>\n<td>  Wandverkleidung 49&#8243;, Hochformat<\/td>\n<td> Wei\u00df<\/td>\n<td width=\"555\">  LG 49UH7J-H, 49UH5N-E, 49UM5N-H<\/td>\n<\/tr>\n<tr>\n<td>  WC5012-5101-01<\/td>\n<td>  Wandgeh\u00e4use 50&#8243;, Hochformat<\/td>\n<td> Wei\u00df<\/td>\n<td width=\"555\">  LH50QMC<\/td>\n<\/tr>\n<tr>\n<td>  WC5500-5001-01<\/td>\n<td>  Wandverkleidung 55&#8243;, Hochformat<\/td>\n<td> Wei\u00df<\/td>\n<td width=\"555\">  LH55QMC\/ LG 55UH7J-H, 55UH5N-E, 55UM5N-H<\/td>\n<\/tr>\n<tr>\n<td>  WC6500-5001-01<\/td>\n<td>  Wandverkleidung 65&#8243;, Hochformat<\/td>\n<td> Wei\u00df<\/td>\n<td width=\"555\">  LH65QMC\/ LG 65UH7J-H, 65UH5N-E, 65UM5N-H<\/td>\n<\/tr>\n<tr>\n<td>  WC7500-5001-01<\/td>\n<td>  Wandverkleidung 75&#8243;, Hochformat<\/td>\n<td> Wei\u00df<\/td>\n<td width=\"555\">  QB75B\/QM75B\/QH75B\/QMC\/ LG 75UH5F<\/td>\n<\/tr>\n<tr>\n<td>  WC8512-5001-01<\/td>\n<td>  Wandverkleidung 85&#8243;, Hochformat<\/td>\n<td> Wei\u00df<\/td>\n<td>  LH85QMC<\/td>\n<\/tr>\n<tr>\n<td>  WC9812-5001-01<\/td>\n<td>  Wandverkleidung 98&#8243;, Hochformat<\/td>\n<td> Wei\u00df<\/td>\n<td>  QM98T-B\/ LG 98UH5J-H<\/td>\n<\/tr>\n<tr>\n<td>  WC1312-5001-02<\/td>\n<td>  Wandverkleidung 13&#8243;, Hochformat<\/td>\n<td> Schwarz<\/td>\n<td width=\"555\">  QB13B<\/td>\n<\/tr>\n<tr>\n<td>  WC2412-5001-02<\/td>\n<td>  Wandverkleidung 24&#8243;, Hochformat<\/td>\n<td> Schwarz<\/td>\n<td width=\"555\">  QB24B<\/td>\n<\/tr>\n<tr>\n<td>  WC3200-5001-02<\/td>\n<td>  Wandverkleidung 32&#8243;, Hochformat<\/td>\n<td> Schwarz<\/td>\n<td width=\"555\">  QM32B\/ LH32QMC<\/td>\n<\/tr>\n<tr>\n<td>  WC4300-5001-02<\/td>\n<td>  Wandverkleidung 43&#8243;, Hochformat<\/td>\n<td> Schwarz<\/td>\n<td width=\"555\">  LH43QMC\/ LG 43UH7J-H, 43UH5N-E, 43UM5N-H<\/td>\n<\/tr>\n<tr>\n<td>  WC4900-5001-02<\/td>\n<td>  Wandverkleidung 49&#8243;, Hochformat<\/td>\n<td> Schwarz<\/td>\n<td width=\"555\">  LG 49UH7J-H, 49UH5N-E, 49UM5N-H<\/td>\n<\/tr>\n<tr>\n<td>  WC5012-5101-02<\/td>\n<td>  Wandgeh\u00e4use 50&#8243;, Hochformat<\/td>\n<td> Schwarz<\/td>\n<td width=\"555\">  LH50QMC<\/td>\n<\/tr>\n<tr>\n<td>  WC5500-5001-02<\/td>\n<td>  Wandverkleidung 55&#8243;, Hochformat<\/td>\n<td> Schwarz<\/td>\n<td width=\"555\">  LH55QMC\/ LG 55UH7J-H, 55UH5N-E, 55UM5N-H<\/td>\n<\/tr>\n<tr>\n<td>  WC6500-5001-02<\/td>\n<td>  Wandverkleidung 65&#8243;, Hochformat<\/td>\n<td> Schwarz<\/td>\n<td width=\"555\">  LH65QMC\/ LG 65UH7J-H, 65UH5N-E, 65UM5N-H<\/td>\n<\/tr>\n<tr>\n<td>  WC7500-5001-02<\/td>\n<td>  Wandverkleidung 75&#8243;, Hochformat<\/td>\n<td> Schwarz<\/td>\n<td width=\"555\">  QB75B\/QM75B\/QH75B\/QMC\/ LG 75UH5F<\/td>\n<\/tr>\n<tr>\n<td>  WC8512-5001-02<\/td>\n<td>  Wandverkleidung 85&#8243;, Hochformat<\/td>\n<td> Schwarz<\/td>\n<td width=\"555\">  LH85QMC<\/td>\n<\/tr>\n<tr>\n<td>  WC9812-5001-02<\/td>\n<td>  Wandverkleidung 98&#8243;, Hochformat<\/td>\n<td> Schwarz<\/td>\n<td width=\"555\">  QM98T-B\/ LG 98UH5J-H<\/td>\n<\/tr>\n<tr>\n<td>  WC3200-0101-01<\/td>\n<td>  Wandverkleidung 32&#8243;, Querformat<\/td>\n<td> Wei\u00df<\/td>\n<td width=\"555\">  QM32C\/ LG SM5J-B<\/td>\n<\/tr>\n<tr>\n<td>  WC3712-0101-01<\/td>\n<td>  Wandverkleidung 37&#8243;, Querformat<\/td>\n<td> Wei\u00df<\/td>\n<td width=\"555\">  Samsung SH37C, LG37BH7N<\/td>\n<\/tr>\n<tr>\n<td>  WC4300-0101-01<\/td>\n<td>  Wandverkleidung 43&#8243;, Querformat<\/td>\n<td> Wei\u00df<\/td>\n<td width=\"555\">  QM43C\/ LG 43UH7J-H, 43UH5N-E, 43UM5N-H<\/td>\n<\/tr>\n<tr>\n<td>  WC4900-0101-01<\/td>\n<td>  Wandverkleidung 49&#8243;, Querformat<\/td>\n<td> Wei\u00df<\/td>\n<td width=\"555\">  LG 49UH7J-H, 49UH5N-E, 49UM5N-H<\/td>\n<\/tr>\n<tr>\n<td>  WC5012-0201-01<\/td>\n<td>  Wandgeh\u00e4use 50&#8243;, Querformat<\/td>\n<td> Wei\u00df<\/td>\n<td width=\"555\">  LH50QMC<\/td>\n<\/tr>\n<tr>\n<td>  WC5500-0101-01<\/td>\n<td>  Wandverkleidung 55&#8243;, Querformat<\/td>\n<td> Wei\u00df<\/td>\n<td width=\"555\">  LH55QMC\/ LG 55UH7J-H, 55UH5N-E, 55UM5N-H<\/td>\n<\/tr>\n<tr>\n<td>  WC6500-0101-01<\/td>\n<td>  Wandverkleidung 65&#8243;, Querformat<\/td>\n<td> Wei\u00df<\/td>\n<td width=\"555\">  LH65QMC\/ LG 65UH7J-H, 65UH5N-E, 65UM5N-H<\/td>\n<\/tr>\n<tr>\n<td>  WC7500-0101-01<\/td>\n<td>  Wandverkleidung 75&#8243;, Querformat<\/td>\n<td> Wei\u00df<\/td>\n<td width=\"555\">  QB75B\/QM75B\/QH75B\/QMC\/ LG 75UH5F<\/td>\n<\/tr>\n<tr>\n<td>  WC8512-0101-01<\/td>\n<td>  Wandverkleidung 85&#8243;, Querformat<\/td>\n<td> Wei\u00df<\/td>\n<td width=\"555\">  LH85QMC\/ LG 85UH5F<\/td>\n<\/tr>\n<tr>\n<td>  WC9812-0101-01<\/td>\n<td>  Wandverkleidung 98&#8243;, Querformat<\/td>\n<td> Wei\u00df<\/td>\n<td width=\"555\">  QM98T-B\/ LG 98UH5J-H<\/td>\n<\/tr>\n<tr>\n<td>  WC3200-0101-02<\/td>\n<td>  Wandverkleidung 32&#8243;, Querformat<\/td>\n<td> Schwarz<\/td>\n<td width=\"555\">  LH32QMC\/ LG SM5J-B<\/td>\n<\/tr>\n<tr>\n<td>  WC3712-0101-02<\/td>\n<td>  Wandverkleidung 37&#8243;, Querformat<\/td>\n<td> Schwarz<\/td>\n<td width=\"555\">  Samsung SH37C, LG37BH7N<\/td>\n<\/tr>\n<tr>\n<td>  WC4300-0101-02<\/td>\n<td>  Wandverkleidung 43&#8243;, Querformat<\/td>\n<td> Schwarz<\/td>\n<td width=\"555\">  LH43QMC\/ LG 43UH7J-H, 43UH5N-E, 43UM5N-H<\/td>\n<\/tr>\n<tr>\n<td>  WC4900-0101-02<\/td>\n<td>  Wandverkleidung 49&#8243;, Querformat<\/td>\n<td> Schwarz<\/td>\n<td width=\"555\">  LG 49UH7J-H, 49UH5N-E, 49UM5N-H<\/td>\n<\/tr>\n<tr>\n<td>  WC5012-0201-02<\/td>\n<td>  Wandgeh\u00e4use 50&#8243;, Querformat<\/td>\n<td> Schwarz<\/td>\n<td width=\"555\">  LH50QMC<\/td>\n<\/tr>\n<tr>\n<td>  WC5500-0101-02<\/td>\n<td>  Wandverkleidung 55&#8243;, Querformat<\/td>\n<td> Schwarz<\/td>\n<td width=\"555\">  LH55QMC\/ LG 55UH7J-H, 55UH5N-E, 55UM5N-H<\/td>\n<\/tr>\n<tr>\n<td>  WC6500-0101-02<\/td>\n<td>  Wandverkleidung 65&#8243;, Querformat<\/td>\n<td> Schwarz<\/td>\n<td width=\"555\">  LH65QMC\/ LG 65UH7J-H, 65UH5N-E, 65UM5N-H<\/td>\n<\/tr>\n<tr>\n<td>  WC7500-0101-02<\/td>\n<td>  Wandverkleidung 75&#8243;, Querformat<\/td>\n<td> Schwarz<\/td>\n<td width=\"555\">  QB75B\/QM75B\/QH75B\/QMC\/ LG 75UH5F<\/td>\n<\/tr>\n<tr>\n<td>  WC8512-0101-02<\/td>\n<td>  Wandverkleidung 85&#8243;, Querformat<\/td>\n<td> Schwarz<\/td>\n<td width=\"555\">  LH85QMC\/ LG 85UH5F<\/td>\n<\/tr>\n<tr>\n<td>  WC9812-0101-02<\/td>\n<td>  Wandverkleidung 98&#8243;, Querformat<\/td>\n<td> Schwarz<\/td>\n<td width=\"555\">  QM98T-B\/ LG 98UH5J-H<\/td>\n<\/tr>\n<\/tbody>\n<\/table>\n","protected":false},"excerpt":{"rendered":"<p><strong>Das Wandgeh\u00e4use EASY bietet eine einfache und elegante L\u00f6sung f\u00fcr die Installation in Einzelhandelsgesch\u00e4ften.<\/strong><\/p>\n<p>Das HI-ND Wandgeh\u00e4use EASY ist so konzipiert, dass es ein professionelles Beschilderungsgef\u00fchl vermittelt. Verschiedene Modelle im Quer- und Hochformat, um einen Luftstrom von oben nach unten zu erm\u00f6glichen, da nur die Seiten vollst\u00e4ndig zur Wand hin abgedeckt sind. Im Inneren ist Platz f\u00fcr Steckdosen. Standardm\u00e4\u00dfig sind sie in Schwarz und Wei\u00df erh\u00e4ltlich, aber auch kundenspezifische Farben und Materialien wie Messing und Edelstahl k\u00f6nnen auf Anfrage bestellt werden.<\/p>\n<ul>\n<li>Entwickelt f\u00fcr Displays von Samsung und LG<\/li>\n<li>Platz f\u00fcr Steckdosen<\/li>\n<li>Integrierte Display-Halterung<\/li>\n<li>Erh\u00e4ltlich in verschiedenen Farben und Materialien<\/li>\n<\/ul>\n","protected":false},"featured_media":6606,"template":"","meta":[],"product_brand":[],"product_cat":[109,87],"product_tag":[110],"class_list":{"0":"post-5788","1":"product","2":"type-product","3":"status-publish","4":"has-post-thumbnail","6":"product_cat-gehause-de","7":"product_cat-wand","8":"product_tag-vaggskarm-de","10":"first","11":"instock","12":"shipping-taxable","13":"product-type-simple"},"yoast_head":"<!-- This site is optimized with the Yoast SEO plugin v27.3 - https:\/\/yoast.com\/product\/yoast-seo-wordpress\/ -->\n<title>Wandverkleidung EASY - HI-ND<\/title>\n<meta name=\"description\" content=\"Das Wandgeh\u00e4use EASY bietet eine stilvolle L\u00f6sung f\u00fcr Einzelhandelsgesch\u00e4fte. Das Wandgeh\u00e4use EASY ist so konzipiert, dass es ein professionelles Beschilderungsgef\u00fchl vermittelt.\" \/>\n<meta name=\"robots\" content=\"index, follow, max-snippet:-1, max-image-preview:large, max-video-preview:-1\" \/>\n<link rel=\"canonical\" href=\"https:\/\/hi-nd.com\/de\/produkt\/wandverkleidung-easy\/\" \/>\n<meta property=\"og:locale\" content=\"de_DE\" \/>\n<meta property=\"og:type\" content=\"article\" \/>\n<meta property=\"og:title\" content=\"Wandverkleidung EASY - HI-ND\" \/>\n<meta property=\"og:description\" content=\"Das Wandgeh\u00e4use EASY bietet eine stilvolle L\u00f6sung f\u00fcr Einzelhandelsgesch\u00e4fte. Das Wandgeh\u00e4use EASY ist so konzipiert, dass es ein professionelles Beschilderungsgef\u00fchl vermittelt.\" \/>\n<meta property=\"og:url\" content=\"https:\/\/hi-nd.com\/de\/produkt\/wandverkleidung-easy\/\" \/>\n<meta property=\"og:site_name\" content=\"HI-ND\" \/>\n<meta property=\"article:modified_time\" content=\"2024-06-12T13:38:53+00:00\" \/>\n<meta property=\"og:image\" content=\"https:\/\/hi-nd.com\/wp-content\/uploads\/2021\/11\/WC8512-5001-01-750x750-1.jpg\" \/>\n\t<meta property=\"og:image:width\" content=\"750\" \/>\n\t<meta property=\"og:image:height\" content=\"750\" \/>\n\t<meta property=\"og:image:type\" content=\"image\/jpeg\" \/>\n<meta name=\"twitter:card\" content=\"summary_large_image\" \/>\n<meta name=\"twitter:label1\" content=\"Gesch\u00e4tzte Lesezeit\" \/>\n\t<meta name=\"twitter:data1\" content=\"3\u00a0Minuten\" \/>\n<script type=\"application\/ld+json\" class=\"yoast-schema-graph\">{\"@context\":\"https:\\\/\\\/schema.org\",\"@graph\":[{\"@type\":\"WebPage\",\"@id\":\"https:\\\/\\\/hi-nd.com\\\/de\\\/produkt\\\/wandverkleidung-easy\\\/\",\"url\":\"https:\\\/\\\/hi-nd.com\\\/de\\\/produkt\\\/wandverkleidung-easy\\\/\",\"name\":\"Wandverkleidung EASY - HI-ND\",\"isPartOf\":{\"@id\":\"https:\\\/\\\/hi-nd.com\\\/#website\"},\"primaryImageOfPage\":{\"@id\":\"https:\\\/\\\/hi-nd.com\\\/de\\\/produkt\\\/wandverkleidung-easy\\\/#primaryimage\"},\"image\":{\"@id\":\"https:\\\/\\\/hi-nd.com\\\/de\\\/produkt\\\/wandverkleidung-easy\\\/#primaryimage\"},\"thumbnailUrl\":\"https:\\\/\\\/hi-nd.com\\\/wp-content\\\/uploads\\\/2021\\\/11\\\/WC8512-5001-01-750x750-1.jpg\",\"datePublished\":\"2021-11-18T20:30:40+00:00\",\"dateModified\":\"2024-06-12T13:38:53+00:00\",\"description\":\"Das Wandgeh\u00e4use EASY bietet eine stilvolle L\u00f6sung f\u00fcr Einzelhandelsgesch\u00e4fte. Das Wandgeh\u00e4use EASY ist so konzipiert, dass es ein professionelles Beschilderungsgef\u00fchl vermittelt.\",\"breadcrumb\":{\"@id\":\"https:\\\/\\\/hi-nd.com\\\/de\\\/produkt\\\/wandverkleidung-easy\\\/#breadcrumb\"},\"inLanguage\":\"de\",\"potentialAction\":[{\"@type\":\"ReadAction\",\"target\":[\"https:\\\/\\\/hi-nd.com\\\/de\\\/produkt\\\/wandverkleidung-easy\\\/\"]}]},{\"@type\":\"ImageObject\",\"inLanguage\":\"de\",\"@id\":\"https:\\\/\\\/hi-nd.com\\\/de\\\/produkt\\\/wandverkleidung-easy\\\/#primaryimage\",\"url\":\"https:\\\/\\\/hi-nd.com\\\/wp-content\\\/uploads\\\/2021\\\/11\\\/WC8512-5001-01-750x750-1.jpg\",\"contentUrl\":\"https:\\\/\\\/hi-nd.com\\\/wp-content\\\/uploads\\\/2021\\\/11\\\/WC8512-5001-01-750x750-1.jpg\",\"width\":750,\"height\":750,\"caption\":\"Wandverkleidung\"},{\"@type\":\"BreadcrumbList\",\"@id\":\"https:\\\/\\\/hi-nd.com\\\/de\\\/produkt\\\/wandverkleidung-easy\\\/#breadcrumb\",\"itemListElement\":[{\"@type\":\"ListItem\",\"position\":1,\"name\":\"Home\",\"item\":\"https:\\\/\\\/hi-nd.com\\\/de\\\/\"},{\"@type\":\"ListItem\",\"position\":2,\"name\":\"Shop\",\"item\":\"https:\\\/\\\/hi-nd.com\\\/de\\\/shop\\\/\"},{\"@type\":\"ListItem\",\"position\":3,\"name\":\"Wandverkleidung EASY\"}]},{\"@type\":\"WebSite\",\"@id\":\"https:\\\/\\\/hi-nd.com\\\/#website\",\"url\":\"https:\\\/\\\/hi-nd.com\\\/\",\"name\":\"HI-ND\",\"description\":\"Mounting Solutions\",\"potentialAction\":[{\"@type\":\"SearchAction\",\"target\":{\"@type\":\"EntryPoint\",\"urlTemplate\":\"https:\\\/\\\/hi-nd.com\\\/?s={search_term_string}\"},\"query-input\":{\"@type\":\"PropertyValueSpecification\",\"valueRequired\":true,\"valueName\":\"search_term_string\"}}],\"inLanguage\":\"de\"}]}<\/script>\n<!-- \/ Yoast SEO plugin. -->","yoast_head_json":{"title":"Wandverkleidung EASY - HI-ND","description":"Das Wandgeh\u00e4use EASY bietet eine stilvolle L\u00f6sung f\u00fcr Einzelhandelsgesch\u00e4fte. Das Wandgeh\u00e4use EASY ist so konzipiert, dass es ein professionelles Beschilderungsgef\u00fchl vermittelt.","robots":{"index":"index","follow":"follow","max-snippet":"max-snippet:-1","max-image-preview":"max-image-preview:large","max-video-preview":"max-video-preview:-1"},"canonical":"https:\/\/hi-nd.com\/de\/produkt\/wandverkleidung-easy\/","og_locale":"de_DE","og_type":"article","og_title":"Wandverkleidung EASY - HI-ND","og_description":"Das Wandgeh\u00e4use EASY bietet eine stilvolle L\u00f6sung f\u00fcr Einzelhandelsgesch\u00e4fte. Das Wandgeh\u00e4use EASY ist so konzipiert, dass es ein professionelles Beschilderungsgef\u00fchl vermittelt.","og_url":"https:\/\/hi-nd.com\/de\/produkt\/wandverkleidung-easy\/","og_site_name":"HI-ND","article_modified_time":"2024-06-12T13:38:53+00:00","og_image":[{"width":750,"height":750,"url":"https:\/\/hi-nd.com\/wp-content\/uploads\/2021\/11\/WC8512-5001-01-750x750-1.jpg","type":"image\/jpeg"}],"twitter_card":"summary_large_image","twitter_misc":{"Gesch\u00e4tzte Lesezeit":"3\u00a0Minuten"},"schema":{"@context":"https:\/\/schema.org","@graph":[{"@type":"WebPage","@id":"https:\/\/hi-nd.com\/de\/produkt\/wandverkleidung-easy\/","url":"https:\/\/hi-nd.com\/de\/produkt\/wandverkleidung-easy\/","name":"Wandverkleidung EASY - HI-ND","isPartOf":{"@id":"https:\/\/hi-nd.com\/#website"},"primaryImageOfPage":{"@id":"https:\/\/hi-nd.com\/de\/produkt\/wandverkleidung-easy\/#primaryimage"},"image":{"@id":"https:\/\/hi-nd.com\/de\/produkt\/wandverkleidung-easy\/#primaryimage"},"thumbnailUrl":"https:\/\/hi-nd.com\/wp-content\/uploads\/2021\/11\/WC8512-5001-01-750x750-1.jpg","datePublished":"2021-11-18T20:30:40+00:00","dateModified":"2024-06-12T13:38:53+00:00","description":"Das Wandgeh\u00e4use EASY bietet eine stilvolle L\u00f6sung f\u00fcr Einzelhandelsgesch\u00e4fte. Das Wandgeh\u00e4use EASY ist so konzipiert, dass es ein professionelles Beschilderungsgef\u00fchl vermittelt.","breadcrumb":{"@id":"https:\/\/hi-nd.com\/de\/produkt\/wandverkleidung-easy\/#breadcrumb"},"inLanguage":"de","potentialAction":[{"@type":"ReadAction","target":["https:\/\/hi-nd.com\/de\/produkt\/wandverkleidung-easy\/"]}]},{"@type":"ImageObject","inLanguage":"de","@id":"https:\/\/hi-nd.com\/de\/produkt\/wandverkleidung-easy\/#primaryimage","url":"https:\/\/hi-nd.com\/wp-content\/uploads\/2021\/11\/WC8512-5001-01-750x750-1.jpg","contentUrl":"https:\/\/hi-nd.com\/wp-content\/uploads\/2021\/11\/WC8512-5001-01-750x750-1.jpg","width":750,"height":750,"caption":"Wandverkleidung"},{"@type":"BreadcrumbList","@id":"https:\/\/hi-nd.com\/de\/produkt\/wandverkleidung-easy\/#breadcrumb","itemListElement":[{"@type":"ListItem","position":1,"name":"Home","item":"https:\/\/hi-nd.com\/de\/"},{"@type":"ListItem","position":2,"name":"Shop","item":"https:\/\/hi-nd.com\/de\/shop\/"},{"@type":"ListItem","position":3,"name":"Wandverkleidung EASY"}]},{"@type":"WebSite","@id":"https:\/\/hi-nd.com\/#website","url":"https:\/\/hi-nd.com\/","name":"HI-ND","description":"Mounting Solutions","potentialAction":[{"@type":"SearchAction","target":{"@type":"EntryPoint","urlTemplate":"https:\/\/hi-nd.com\/?s={search_term_string}"},"query-input":{"@type":"PropertyValueSpecification","valueRequired":true,"valueName":"search_term_string"}}],"inLanguage":"de"}]}},"_links":{"self":[{"href":"https:\/\/hi-nd.com\/de\/wp-json\/wp\/v2\/product\/5788","targetHints":{"allow":["GET"]}}],"collection":[{"href":"https:\/\/hi-nd.com\/de\/wp-json\/wp\/v2\/product"}],"about":[{"href":"https:\/\/hi-nd.com\/de\/wp-json\/wp\/v2\/types\/product"}],"wp:featuredmedia":[{"embeddable":true,"href":"https:\/\/hi-nd.com\/de\/wp-json\/wp\/v2\/media\/6606"}],"wp:attachment":[{"href":"https:\/\/hi-nd.com\/de\/wp-json\/wp\/v2\/media?parent=5788"}],"wp:term":[{"taxonomy":"product_brand","embeddable":true,"href":"https:\/\/hi-nd.com\/de\/wp-json\/wp\/v2\/product_brand?post=5788"},{"taxonomy":"product_cat","embeddable":true,"href":"https:\/\/hi-nd.com\/de\/wp-json\/wp\/v2\/product_cat?post=5788"},{"taxonomy":"product_tag","embeddable":true,"href":"https:\/\/hi-nd.com\/de\/wp-json\/wp\/v2\/product_tag?post=5788"}],"curies":[{"name":"wp","href":"https:\/\/api.w.org\/{rel}","templated":true}]}}