{"id":5783,"date":"2022-01-20T17:02:46","date_gmt":"2022-01-20T16:02:46","guid":{"rendered":"https:\/\/hi-nd.com\/product\/standfuss-glas\/"},"modified":"2024-02-22T21:20:15","modified_gmt":"2024-02-22T20:20:15","slug":"standfuss-glas","status":"publish","type":"product","link":"https:\/\/hi-nd.com\/de\/produkt\/standfuss-glas\/","title":{"rendered":"Standfu\u00df Glas"},"content":{"rendered":"<table width=\"776\">\n<tbody>\n<tr>\n<td width=\"184\">Teilnummer<\/td>\n<td width=\"465\">Beschreibung<\/td>\n<td width=\"127\">Farbe<\/td>\n<\/tr>\n<tr>\n<td>FS0000-5001-01<\/td>\n<td>Standfu\u00df Standard, Glasdekor wei\u00df bedruckt, 49&#8243; &#8211; 65&#8243;<\/td>\n<td>Wei\u00df<\/td>\n<\/tr>\n<tr>\n<td>FS0000-5001-02<\/td>\n<td>Bodenst\u00e4nder Standard, schwarz bedrucktes Glasdekor, 49&#8243; &#8211; 65&#8243;<\/td>\n<td>Schwarz<\/td>\n<\/tr>\n<\/tbody>\n<\/table>\n","protected":false},"excerpt":{"rendered":"<p><strong>Schaffen Sie einen exklusiven Look<\/strong><\/p>\n<p>Unser Standfu\u00df Glas Universal ist f\u00fcr Bildschirme in den Gr\u00f6\u00dfen 49\u2033 bis 65\u2033 ausgelegt. Wir verwenden ein bedrucktes Glas auf der S\u00e4ule unterhalb des Displays. Diese Funktion vermittelt ein exklusives Gef\u00fchl. Es eignet sich perfekt f\u00fcr Konferenzr\u00e4ume und B\u00fcroumgebungen. Die Bildschirme k\u00f6nnen sowohl im Hoch- als auch im Querformat verwendet werden. Wir empfehlen, die HI-ND-Frontabdeckung hinzuzuf\u00fcgen, wenn ein wei\u00dfes Standglas Universal verwendet wird.<\/p>\n<ul>\n<li>Bedrucktes Glas als S\u00e4ulenfront unter dem Display<\/li>\n<li>Ablage im Inneren der S\u00e4ule f\u00fcr externen Mediaplayer<\/li>\n<li>Bedrucktes Logo im Frontglas als Option<\/li>\n<li>VESA 200\u00d7200\/300\u00d7300\/400\u00d7400<\/li>\n<li>Schwarz und wei\u00df als Standardfarbe<\/li>\n<li>Regal innen f\u00fcr Mediaplayer<\/li>\n<li>Option zum Hinzuf\u00fcgen einer HI-ND-Frontabdeckung<\/li>\n<\/ul>\n","protected":false},"featured_media":3900,"template":"","meta":[],"product_brand":[],"product_cat":[78,107],"product_tag":[],"class_list":{"0":"post-5783","1":"product","2":"type-product","3":"status-publish","4":"has-post-thumbnail","6":"product_cat-floor-de","7":"product_cat-standfus","9":"first","10":"instock","11":"shipping-taxable","12":"product-type-simple"},"yoast_head":"<!-- This site is optimized with the Yoast SEO plugin v27.3 - https:\/\/yoast.com\/product\/yoast-seo-wordpress\/ -->\n<title>Standfu\u00df Glas - HI-ND<\/title>\n<meta name=\"description\" content=\"HI-ND Bodenstativ Glas Universal ist f\u00fcr Bildschirme in den Gr\u00f6\u00dfen 49&quot; bis 65\u2033 konzipiert. Wir verwenden ein bedrucktes Glas auf der S\u00e4ule unterhalb des Displays.\" \/>\n<meta name=\"robots\" content=\"index, follow, max-snippet:-1, max-image-preview:large, max-video-preview:-1\" \/>\n<link rel=\"canonical\" href=\"https:\/\/hi-nd.com\/de\/produkt\/standfuss-glas\/\" \/>\n<meta property=\"og:locale\" content=\"de_DE\" \/>\n<meta property=\"og:type\" content=\"article\" \/>\n<meta property=\"og:title\" content=\"Standfu\u00df Glas - HI-ND\" \/>\n<meta property=\"og:description\" content=\"HI-ND Bodenstativ Glas Universal ist f\u00fcr Bildschirme in den Gr\u00f6\u00dfen 49&quot; bis 65\u2033 konzipiert. Wir verwenden ein bedrucktes Glas auf der S\u00e4ule unterhalb des Displays.\" \/>\n<meta property=\"og:url\" content=\"https:\/\/hi-nd.com\/de\/produkt\/standfuss-glas\/\" \/>\n<meta property=\"og:site_name\" content=\"HI-ND\" \/>\n<meta property=\"article:modified_time\" content=\"2024-02-22T20:20:15+00:00\" \/>\n<meta property=\"og:image\" content=\"https:\/\/hi-nd.com\/wp-content\/uploads\/2022\/01\/FS-glass-stativ.png\" \/>\n\t<meta property=\"og:image:width\" content=\"750\" \/>\n\t<meta property=\"og:image:height\" content=\"750\" \/>\n\t<meta property=\"og:image:type\" content=\"image\/png\" \/>\n<meta name=\"twitter:card\" content=\"summary_large_image\" \/>\n<script type=\"application\/ld+json\" class=\"yoast-schema-graph\">{\"@context\":\"https:\\\/\\\/schema.org\",\"@graph\":[{\"@type\":\"WebPage\",\"@id\":\"https:\\\/\\\/hi-nd.com\\\/de\\\/produkt\\\/standfuss-glas\\\/\",\"url\":\"https:\\\/\\\/hi-nd.com\\\/de\\\/produkt\\\/standfuss-glas\\\/\",\"name\":\"Standfu\u00df Glas - HI-ND\",\"isPartOf\":{\"@id\":\"https:\\\/\\\/hi-nd.com\\\/#website\"},\"primaryImageOfPage\":{\"@id\":\"https:\\\/\\\/hi-nd.com\\\/de\\\/produkt\\\/standfuss-glas\\\/#primaryimage\"},\"image\":{\"@id\":\"https:\\\/\\\/hi-nd.com\\\/de\\\/produkt\\\/standfuss-glas\\\/#primaryimage\"},\"thumbnailUrl\":\"https:\\\/\\\/hi-nd.com\\\/wp-content\\\/uploads\\\/2022\\\/01\\\/FS-glass-stativ.png\",\"datePublished\":\"2022-01-20T16:02:46+00:00\",\"dateModified\":\"2024-02-22T20:20:15+00:00\",\"description\":\"HI-ND Bodenstativ Glas Universal ist f\u00fcr Bildschirme in den Gr\u00f6\u00dfen 49\\\" bis 65\u2033 konzipiert. Wir verwenden ein bedrucktes Glas auf der S\u00e4ule unterhalb des Displays.\",\"breadcrumb\":{\"@id\":\"https:\\\/\\\/hi-nd.com\\\/de\\\/produkt\\\/standfuss-glas\\\/#breadcrumb\"},\"inLanguage\":\"de\",\"potentialAction\":[{\"@type\":\"ReadAction\",\"target\":[\"https:\\\/\\\/hi-nd.com\\\/de\\\/produkt\\\/standfuss-glas\\\/\"]}]},{\"@type\":\"ImageObject\",\"inLanguage\":\"de\",\"@id\":\"https:\\\/\\\/hi-nd.com\\\/de\\\/produkt\\\/standfuss-glas\\\/#primaryimage\",\"url\":\"https:\\\/\\\/hi-nd.com\\\/wp-content\\\/uploads\\\/2022\\\/01\\\/FS-glass-stativ.png\",\"contentUrl\":\"https:\\\/\\\/hi-nd.com\\\/wp-content\\\/uploads\\\/2022\\\/01\\\/FS-glass-stativ.png\",\"width\":750,\"height\":750},{\"@type\":\"BreadcrumbList\",\"@id\":\"https:\\\/\\\/hi-nd.com\\\/de\\\/produkt\\\/standfuss-glas\\\/#breadcrumb\",\"itemListElement\":[{\"@type\":\"ListItem\",\"position\":1,\"name\":\"Home\",\"item\":\"https:\\\/\\\/hi-nd.com\\\/de\\\/\"},{\"@type\":\"ListItem\",\"position\":2,\"name\":\"Shop\",\"item\":\"https:\\\/\\\/hi-nd.com\\\/de\\\/shop\\\/\"},{\"@type\":\"ListItem\",\"position\":3,\"name\":\"Standfu\u00df Glas\"}]},{\"@type\":\"WebSite\",\"@id\":\"https:\\\/\\\/hi-nd.com\\\/#website\",\"url\":\"https:\\\/\\\/hi-nd.com\\\/\",\"name\":\"HI-ND\",\"description\":\"Mounting Solutions\",\"potentialAction\":[{\"@type\":\"SearchAction\",\"target\":{\"@type\":\"EntryPoint\",\"urlTemplate\":\"https:\\\/\\\/hi-nd.com\\\/?s={search_term_string}\"},\"query-input\":{\"@type\":\"PropertyValueSpecification\",\"valueRequired\":true,\"valueName\":\"search_term_string\"}}],\"inLanguage\":\"de\"}]}<\/script>\n<!-- \/ Yoast SEO plugin. -->","yoast_head_json":{"title":"Standfu\u00df Glas - HI-ND","description":"HI-ND Bodenstativ Glas Universal ist f\u00fcr Bildschirme in den Gr\u00f6\u00dfen 49\" bis 65\u2033 konzipiert. Wir verwenden ein bedrucktes Glas auf der S\u00e4ule unterhalb des Displays.","robots":{"index":"index","follow":"follow","max-snippet":"max-snippet:-1","max-image-preview":"max-image-preview:large","max-video-preview":"max-video-preview:-1"},"canonical":"https:\/\/hi-nd.com\/de\/produkt\/standfuss-glas\/","og_locale":"de_DE","og_type":"article","og_title":"Standfu\u00df Glas - HI-ND","og_description":"HI-ND Bodenstativ Glas Universal ist f\u00fcr Bildschirme in den Gr\u00f6\u00dfen 49\" bis 65\u2033 konzipiert. Wir verwenden ein bedrucktes Glas auf der S\u00e4ule unterhalb des Displays.","og_url":"https:\/\/hi-nd.com\/de\/produkt\/standfuss-glas\/","og_site_name":"HI-ND","article_modified_time":"2024-02-22T20:20:15+00:00","og_image":[{"width":750,"height":750,"url":"https:\/\/hi-nd.com\/wp-content\/uploads\/2022\/01\/FS-glass-stativ.png","type":"image\/png"}],"twitter_card":"summary_large_image","schema":{"@context":"https:\/\/schema.org","@graph":[{"@type":"WebPage","@id":"https:\/\/hi-nd.com\/de\/produkt\/standfuss-glas\/","url":"https:\/\/hi-nd.com\/de\/produkt\/standfuss-glas\/","name":"Standfu\u00df Glas - HI-ND","isPartOf":{"@id":"https:\/\/hi-nd.com\/#website"},"primaryImageOfPage":{"@id":"https:\/\/hi-nd.com\/de\/produkt\/standfuss-glas\/#primaryimage"},"image":{"@id":"https:\/\/hi-nd.com\/de\/produkt\/standfuss-glas\/#primaryimage"},"thumbnailUrl":"https:\/\/hi-nd.com\/wp-content\/uploads\/2022\/01\/FS-glass-stativ.png","datePublished":"2022-01-20T16:02:46+00:00","dateModified":"2024-02-22T20:20:15+00:00","description":"HI-ND Bodenstativ Glas Universal ist f\u00fcr Bildschirme in den Gr\u00f6\u00dfen 49\" bis 65\u2033 konzipiert. Wir verwenden ein bedrucktes Glas auf der S\u00e4ule unterhalb des Displays.","breadcrumb":{"@id":"https:\/\/hi-nd.com\/de\/produkt\/standfuss-glas\/#breadcrumb"},"inLanguage":"de","potentialAction":[{"@type":"ReadAction","target":["https:\/\/hi-nd.com\/de\/produkt\/standfuss-glas\/"]}]},{"@type":"ImageObject","inLanguage":"de","@id":"https:\/\/hi-nd.com\/de\/produkt\/standfuss-glas\/#primaryimage","url":"https:\/\/hi-nd.com\/wp-content\/uploads\/2022\/01\/FS-glass-stativ.png","contentUrl":"https:\/\/hi-nd.com\/wp-content\/uploads\/2022\/01\/FS-glass-stativ.png","width":750,"height":750},{"@type":"BreadcrumbList","@id":"https:\/\/hi-nd.com\/de\/produkt\/standfuss-glas\/#breadcrumb","itemListElement":[{"@type":"ListItem","position":1,"name":"Home","item":"https:\/\/hi-nd.com\/de\/"},{"@type":"ListItem","position":2,"name":"Shop","item":"https:\/\/hi-nd.com\/de\/shop\/"},{"@type":"ListItem","position":3,"name":"Standfu\u00df Glas"}]},{"@type":"WebSite","@id":"https:\/\/hi-nd.com\/#website","url":"https:\/\/hi-nd.com\/","name":"HI-ND","description":"Mounting Solutions","potentialAction":[{"@type":"SearchAction","target":{"@type":"EntryPoint","urlTemplate":"https:\/\/hi-nd.com\/?s={search_term_string}"},"query-input":{"@type":"PropertyValueSpecification","valueRequired":true,"valueName":"search_term_string"}}],"inLanguage":"de"}]}},"_links":{"self":[{"href":"https:\/\/hi-nd.com\/de\/wp-json\/wp\/v2\/product\/5783","targetHints":{"allow":["GET"]}}],"collection":[{"href":"https:\/\/hi-nd.com\/de\/wp-json\/wp\/v2\/product"}],"about":[{"href":"https:\/\/hi-nd.com\/de\/wp-json\/wp\/v2\/types\/product"}],"wp:featuredmedia":[{"embeddable":true,"href":"https:\/\/hi-nd.com\/de\/wp-json\/wp\/v2\/media\/3900"}],"wp:attachment":[{"href":"https:\/\/hi-nd.com\/de\/wp-json\/wp\/v2\/media?parent=5783"}],"wp:term":[{"taxonomy":"product_brand","embeddable":true,"href":"https:\/\/hi-nd.com\/de\/wp-json\/wp\/v2\/product_brand?post=5783"},{"taxonomy":"product_cat","embeddable":true,"href":"https:\/\/hi-nd.com\/de\/wp-json\/wp\/v2\/product_cat?post=5783"},{"taxonomy":"product_tag","embeddable":true,"href":"https:\/\/hi-nd.com\/de\/wp-json\/wp\/v2\/product_tag?post=5783"}],"curies":[{"name":"wp","href":"https:\/\/api.w.org\/{rel}","templated":true}]}}