{"id":5781,"date":"2021-11-22T19:07:48","date_gmt":"2021-11-22T18:07:48","guid":{"rendered":"https:\/\/hi-nd.com\/product\/saeulenhalterung-universal\/"},"modified":"2024-05-27T15:09:49","modified_gmt":"2024-05-27T13:09:49","slug":"saeulenhalterung-universal","status":"publish","type":"product","link":"https:\/\/hi-nd.com\/de\/produkt\/saeulenhalterung-universal\/","title":{"rendered":"S\u00e4ulenhalterung Universal"},"content":{"rendered":"<table style=\"font-size: 14.4px;\" width=\"753\">\n<tbody>\n<tr>\n<td width=\"125\">Teilnummer<\/td>\n<td width=\"581\">Beschreibung<\/td>\n<td width=\"47\">Farbe<\/td>\n<\/tr>\n<tr>\n<td>PM2020-0102-01<\/td>\n<td>Universal-S\u00e4ulenhalterung &#8211; bis zu 38 cm Durchmesser<\/td>\n<td>Wei\u00df<\/td>\n<\/tr>\n<tr>\n<td>PM2020-0102-02<\/td>\n<td>Universal-S\u00e4ulenhalterung &#8211; bis zu 38 cm Durchmesser<\/td>\n<td>Schwarz<\/td>\n<\/tr>\n<\/tbody>\n<\/table>\n","protected":false},"excerpt":{"rendered":"<p>Die HI-ND-S\u00e4ulenhalterung kann f\u00fcr jede runde S\u00e4ule verwendet werden. Es funktioniert mit VESA 200\u00d7200, 300\u00d7300. Der Bildschirm kann um bis zu 15 Grad geneigt werden. Das Metallband wird in verschiedenen Farben und L\u00e4ngen geliefert, damit es zu allen S\u00e4ulengr\u00f6\u00dfen passt.<\/p>\n<ul>\n<li>Konzipiert f\u00fcr 32\u2033 &#8211; 55\u2033 Bildschirme<\/li>\n<li>VESA 200\u00d7200, 300\u00d7300<\/li>\n<li>Neigung bis zu 15 Grad<\/li>\n<li>Universelle L\u00f6sung f\u00fcr unterschiedliche S\u00e4ulengr\u00f6\u00dfen<\/li>\n<li>Lieferbar in schwarzer oder wei\u00dfer Farbe<\/li>\n<\/ul>\n","protected":false},"featured_media":3876,"template":"","meta":[],"product_brand":[],"product_cat":[105],"product_tag":[],"class_list":{"0":"post-5781","1":"product","2":"type-product","3":"status-publish","4":"has-post-thumbnail","6":"product_cat-pillar-de","8":"first","9":"instock","10":"shipping-taxable","11":"product-type-simple"},"yoast_head":"<!-- This site is optimized with the Yoast SEO plugin v27.4 - https:\/\/yoast.com\/product\/yoast-seo-wordpress\/ -->\n<title>S\u00e4ulenhalterung Universal - HI-ND<\/title>\n<meta name=\"description\" content=\"Die HI-ND-S\u00e4ulenhalterung kann f\u00fcr jede runde S\u00e4ule verwendet werden. Es funktioniert mit VESA 200\u00d7200, 300\u00d7300, 400\u00d7400. Er kann um bis zu 15 Grad geneigt werden.\" \/>\n<meta name=\"robots\" content=\"index, follow, max-snippet:-1, max-image-preview:large, max-video-preview:-1\" \/>\n<link rel=\"canonical\" href=\"https:\/\/hi-nd.com\/de\/produkt\/saeulenhalterung-universal\/\" \/>\n<meta property=\"og:locale\" content=\"de_DE\" \/>\n<meta property=\"og:type\" content=\"article\" \/>\n<meta property=\"og:title\" content=\"S\u00e4ulenhalterung Universal - HI-ND\" \/>\n<meta property=\"og:description\" content=\"Die HI-ND-S\u00e4ulenhalterung kann f\u00fcr jede runde S\u00e4ule verwendet werden. Es funktioniert mit VESA 200\u00d7200, 300\u00d7300, 400\u00d7400. Er kann um bis zu 15 Grad geneigt werden.\" \/>\n<meta property=\"og:url\" content=\"https:\/\/hi-nd.com\/de\/produkt\/saeulenhalterung-universal\/\" \/>\n<meta property=\"og:site_name\" content=\"HI-ND\" \/>\n<meta property=\"article:modified_time\" content=\"2024-05-27T13:09:49+00:00\" \/>\n<meta property=\"og:image\" content=\"https:\/\/hi-nd.com\/wp-content\/uploads\/2021\/11\/pillar-mount-web.png\" \/>\n\t<meta property=\"og:image:width\" content=\"750\" \/>\n\t<meta property=\"og:image:height\" content=\"750\" \/>\n\t<meta property=\"og:image:type\" content=\"image\/png\" \/>\n<meta name=\"twitter:card\" content=\"summary_large_image\" \/>\n<script type=\"application\/ld+json\" class=\"yoast-schema-graph\">{\"@context\":\"https:\\\/\\\/schema.org\",\"@graph\":[{\"@type\":\"WebPage\",\"@id\":\"https:\\\/\\\/hi-nd.com\\\/de\\\/produkt\\\/saeulenhalterung-universal\\\/\",\"url\":\"https:\\\/\\\/hi-nd.com\\\/de\\\/produkt\\\/saeulenhalterung-universal\\\/\",\"name\":\"S\u00e4ulenhalterung Universal - HI-ND\",\"isPartOf\":{\"@id\":\"https:\\\/\\\/hi-nd.com\\\/#website\"},\"primaryImageOfPage\":{\"@id\":\"https:\\\/\\\/hi-nd.com\\\/de\\\/produkt\\\/saeulenhalterung-universal\\\/#primaryimage\"},\"image\":{\"@id\":\"https:\\\/\\\/hi-nd.com\\\/de\\\/produkt\\\/saeulenhalterung-universal\\\/#primaryimage\"},\"thumbnailUrl\":\"https:\\\/\\\/hi-nd.com\\\/wp-content\\\/uploads\\\/2021\\\/11\\\/pillar-mount-web.png\",\"datePublished\":\"2021-11-22T18:07:48+00:00\",\"dateModified\":\"2024-05-27T13:09:49+00:00\",\"description\":\"Die HI-ND-S\u00e4ulenhalterung kann f\u00fcr jede runde S\u00e4ule verwendet werden. Es funktioniert mit VESA 200\u00d7200, 300\u00d7300, 400\u00d7400. Er kann um bis zu 15 Grad geneigt werden.\",\"breadcrumb\":{\"@id\":\"https:\\\/\\\/hi-nd.com\\\/de\\\/produkt\\\/saeulenhalterung-universal\\\/#breadcrumb\"},\"inLanguage\":\"de\",\"potentialAction\":[{\"@type\":\"ReadAction\",\"target\":[\"https:\\\/\\\/hi-nd.com\\\/de\\\/produkt\\\/saeulenhalterung-universal\\\/\"]}]},{\"@type\":\"ImageObject\",\"inLanguage\":\"de\",\"@id\":\"https:\\\/\\\/hi-nd.com\\\/de\\\/produkt\\\/saeulenhalterung-universal\\\/#primaryimage\",\"url\":\"https:\\\/\\\/hi-nd.com\\\/wp-content\\\/uploads\\\/2021\\\/11\\\/pillar-mount-web.png\",\"contentUrl\":\"https:\\\/\\\/hi-nd.com\\\/wp-content\\\/uploads\\\/2021\\\/11\\\/pillar-mount-web.png\",\"width\":750,\"height\":750,\"caption\":\"Pillar Mount\"},{\"@type\":\"BreadcrumbList\",\"@id\":\"https:\\\/\\\/hi-nd.com\\\/de\\\/produkt\\\/saeulenhalterung-universal\\\/#breadcrumb\",\"itemListElement\":[{\"@type\":\"ListItem\",\"position\":1,\"name\":\"Home\",\"item\":\"https:\\\/\\\/hi-nd.com\\\/de\\\/\"},{\"@type\":\"ListItem\",\"position\":2,\"name\":\"Shop\",\"item\":\"https:\\\/\\\/hi-nd.com\\\/de\\\/shop\\\/\"},{\"@type\":\"ListItem\",\"position\":3,\"name\":\"S\u00e4ulenhalterung Universal\"}]},{\"@type\":\"WebSite\",\"@id\":\"https:\\\/\\\/hi-nd.com\\\/#website\",\"url\":\"https:\\\/\\\/hi-nd.com\\\/\",\"name\":\"HI-ND\",\"description\":\"Mounting Solutions\",\"potentialAction\":[{\"@type\":\"SearchAction\",\"target\":{\"@type\":\"EntryPoint\",\"urlTemplate\":\"https:\\\/\\\/hi-nd.com\\\/?s={search_term_string}\"},\"query-input\":{\"@type\":\"PropertyValueSpecification\",\"valueRequired\":true,\"valueName\":\"search_term_string\"}}],\"inLanguage\":\"de\"}]}<\/script>\n<!-- \/ Yoast SEO plugin. -->","yoast_head_json":{"title":"S\u00e4ulenhalterung Universal - HI-ND","description":"Die HI-ND-S\u00e4ulenhalterung kann f\u00fcr jede runde S\u00e4ule verwendet werden. Es funktioniert mit VESA 200\u00d7200, 300\u00d7300, 400\u00d7400. Er kann um bis zu 15 Grad geneigt werden.","robots":{"index":"index","follow":"follow","max-snippet":"max-snippet:-1","max-image-preview":"max-image-preview:large","max-video-preview":"max-video-preview:-1"},"canonical":"https:\/\/hi-nd.com\/de\/produkt\/saeulenhalterung-universal\/","og_locale":"de_DE","og_type":"article","og_title":"S\u00e4ulenhalterung Universal - HI-ND","og_description":"Die HI-ND-S\u00e4ulenhalterung kann f\u00fcr jede runde S\u00e4ule verwendet werden. Es funktioniert mit VESA 200\u00d7200, 300\u00d7300, 400\u00d7400. Er kann um bis zu 15 Grad geneigt werden.","og_url":"https:\/\/hi-nd.com\/de\/produkt\/saeulenhalterung-universal\/","og_site_name":"HI-ND","article_modified_time":"2024-05-27T13:09:49+00:00","og_image":[{"width":750,"height":750,"url":"https:\/\/hi-nd.com\/wp-content\/uploads\/2021\/11\/pillar-mount-web.png","type":"image\/png"}],"twitter_card":"summary_large_image","schema":{"@context":"https:\/\/schema.org","@graph":[{"@type":"WebPage","@id":"https:\/\/hi-nd.com\/de\/produkt\/saeulenhalterung-universal\/","url":"https:\/\/hi-nd.com\/de\/produkt\/saeulenhalterung-universal\/","name":"S\u00e4ulenhalterung Universal - HI-ND","isPartOf":{"@id":"https:\/\/hi-nd.com\/#website"},"primaryImageOfPage":{"@id":"https:\/\/hi-nd.com\/de\/produkt\/saeulenhalterung-universal\/#primaryimage"},"image":{"@id":"https:\/\/hi-nd.com\/de\/produkt\/saeulenhalterung-universal\/#primaryimage"},"thumbnailUrl":"https:\/\/hi-nd.com\/wp-content\/uploads\/2021\/11\/pillar-mount-web.png","datePublished":"2021-11-22T18:07:48+00:00","dateModified":"2024-05-27T13:09:49+00:00","description":"Die HI-ND-S\u00e4ulenhalterung kann f\u00fcr jede runde S\u00e4ule verwendet werden. Es funktioniert mit VESA 200\u00d7200, 300\u00d7300, 400\u00d7400. Er kann um bis zu 15 Grad geneigt werden.","breadcrumb":{"@id":"https:\/\/hi-nd.com\/de\/produkt\/saeulenhalterung-universal\/#breadcrumb"},"inLanguage":"de","potentialAction":[{"@type":"ReadAction","target":["https:\/\/hi-nd.com\/de\/produkt\/saeulenhalterung-universal\/"]}]},{"@type":"ImageObject","inLanguage":"de","@id":"https:\/\/hi-nd.com\/de\/produkt\/saeulenhalterung-universal\/#primaryimage","url":"https:\/\/hi-nd.com\/wp-content\/uploads\/2021\/11\/pillar-mount-web.png","contentUrl":"https:\/\/hi-nd.com\/wp-content\/uploads\/2021\/11\/pillar-mount-web.png","width":750,"height":750,"caption":"Pillar Mount"},{"@type":"BreadcrumbList","@id":"https:\/\/hi-nd.com\/de\/produkt\/saeulenhalterung-universal\/#breadcrumb","itemListElement":[{"@type":"ListItem","position":1,"name":"Home","item":"https:\/\/hi-nd.com\/de\/"},{"@type":"ListItem","position":2,"name":"Shop","item":"https:\/\/hi-nd.com\/de\/shop\/"},{"@type":"ListItem","position":3,"name":"S\u00e4ulenhalterung Universal"}]},{"@type":"WebSite","@id":"https:\/\/hi-nd.com\/#website","url":"https:\/\/hi-nd.com\/","name":"HI-ND","description":"Mounting Solutions","potentialAction":[{"@type":"SearchAction","target":{"@type":"EntryPoint","urlTemplate":"https:\/\/hi-nd.com\/?s={search_term_string}"},"query-input":{"@type":"PropertyValueSpecification","valueRequired":true,"valueName":"search_term_string"}}],"inLanguage":"de"}]}},"_links":{"self":[{"href":"https:\/\/hi-nd.com\/de\/wp-json\/wp\/v2\/product\/5781","targetHints":{"allow":["GET"]}}],"collection":[{"href":"https:\/\/hi-nd.com\/de\/wp-json\/wp\/v2\/product"}],"about":[{"href":"https:\/\/hi-nd.com\/de\/wp-json\/wp\/v2\/types\/product"}],"wp:featuredmedia":[{"embeddable":true,"href":"https:\/\/hi-nd.com\/de\/wp-json\/wp\/v2\/media\/3876"}],"wp:attachment":[{"href":"https:\/\/hi-nd.com\/de\/wp-json\/wp\/v2\/media?parent=5781"}],"wp:term":[{"taxonomy":"product_brand","embeddable":true,"href":"https:\/\/hi-nd.com\/de\/wp-json\/wp\/v2\/product_brand?post=5781"},{"taxonomy":"product_cat","embeddable":true,"href":"https:\/\/hi-nd.com\/de\/wp-json\/wp\/v2\/product_cat?post=5781"},{"taxonomy":"product_tag","embeddable":true,"href":"https:\/\/hi-nd.com\/de\/wp-json\/wp\/v2\/product_tag?post=5781"}],"curies":[{"name":"wp","href":"https:\/\/api.w.org\/{rel}","templated":true}]}}