{"id":5779,"date":"2022-01-20T16:32:12","date_gmt":"2022-01-20T15:32:12","guid":{"rendered":"https:\/\/hi-nd.com\/product\/deckenloesung-samsung-omn-ds\/"},"modified":"2024-05-02T09:47:33","modified_gmt":"2024-05-02T07:47:33","slug":"deckenloesung-samsung-omn-ds","status":"publish","type":"product","link":"https:\/\/hi-nd.com\/de\/produkt\/deckenloesung-samsung-omn-ds\/","title":{"rendered":"Deckenl\u00f6sung Samsung OMN-DS"},"content":{"rendered":"<table width=\"655\">\n<tbody>\n<tr>\n<td width=\"146\">Teilnummer<\/td>\n<td width=\"384\">Beschreibung<\/td>\n<td width=\"125\">Farbe<\/td>\n<\/tr>\n<\/tbody>\n<\/table>\n<table width=\"655\">\n<tbody>\n<tr>\n<td width=\"146\">CC5519-5101-01<\/td>\n<td width=\"384\">Deckenverkleidung, OM55N-DS, Hochformat<\/td>\n<td width=\"125\">Wei\u00df<\/td>\n<\/tr>\n<tr>\n<td>CC5519-5001-02<\/td>\n<td>Deckenschiene, OM55N-DS, Hochformat<\/td>\n<td>Schwarz<\/td>\n<\/tr>\n<\/tbody>\n<\/table>\n","protected":false},"excerpt":{"rendered":"<p><strong>Deckenl\u00f6sung f\u00fcr Samsung OM55N-DS<\/strong><\/p>\n<p>Wir haben eine Kabell\u00f6sung f\u00fcr Samsung OM55N-DS entwickelt. Eine Montageplatte f\u00fcr die Decke ist im Lieferumfang enthalten und erm\u00f6glicht eine einfache Installation in verschiedenen Umgebungen.<\/p>\n<ul>\n<li>Deckenl\u00f6sung f\u00fcr Samsung OM55N-DS<\/li>\n<li>Montageplatte f\u00fcr das Deckendach<\/li>\n<\/ul>\n<p>Das <b>Kabel ist im Lieferumfang enthalten<\/b>.<\/p>\n","protected":false},"featured_media":4932,"template":"","meta":[],"product_brand":[],"product_cat":[81,103],"product_tag":[],"class_list":{"0":"post-5779","1":"product","2":"type-product","3":"status-publish","4":"has-post-thumbnail","6":"product_cat-decken","7":"product_cat-deckenhalterung","9":"first","10":"instock","11":"shipping-taxable","12":"product-type-simple"},"yoast_head":"<!-- This site is optimized with the Yoast SEO plugin v27.3 - https:\/\/yoast.com\/product\/yoast-seo-wordpress\/ -->\n<title>Deckenl\u00f6sung Samsung OMN-DS - HI-ND<\/title>\n<meta name=\"description\" content=\"Wir haben eine Kabell\u00f6sung f\u00fcr Samsung OM55N-D entwickelt. Eine Montageplatte f\u00fcr die Decke ist im Lieferumfang enthalten und erleichtert die Installation.\" \/>\n<meta name=\"robots\" content=\"index, follow, max-snippet:-1, max-image-preview:large, max-video-preview:-1\" \/>\n<link rel=\"canonical\" href=\"https:\/\/hi-nd.com\/de\/produkt\/deckenloesung-samsung-omn-ds\/\" \/>\n<meta property=\"og:locale\" content=\"de_DE\" \/>\n<meta property=\"og:type\" content=\"article\" \/>\n<meta property=\"og:title\" content=\"Deckenl\u00f6sung Samsung OMN-DS - HI-ND\" \/>\n<meta property=\"og:description\" content=\"Wir haben eine Kabell\u00f6sung f\u00fcr Samsung OM55N-D entwickelt. Eine Montageplatte f\u00fcr die Decke ist im Lieferumfang enthalten und erleichtert die Installation.\" \/>\n<meta property=\"og:url\" content=\"https:\/\/hi-nd.com\/de\/produkt\/deckenloesung-samsung-omn-ds\/\" \/>\n<meta property=\"og:site_name\" content=\"HI-ND\" \/>\n<meta property=\"article:modified_time\" content=\"2024-05-02T07:47:33+00:00\" \/>\n<meta property=\"og:image\" content=\"https:\/\/hi-nd.com\/wp-content\/uploads\/2022\/01\/CC5519-5201-06.jpg\" \/>\n\t<meta property=\"og:image:width\" content=\"1600\" \/>\n\t<meta property=\"og:image:height\" content=\"1600\" \/>\n\t<meta property=\"og:image:type\" content=\"image\/jpeg\" \/>\n<meta name=\"twitter:card\" content=\"summary_large_image\" \/>\n<script type=\"application\/ld+json\" class=\"yoast-schema-graph\">{\"@context\":\"https:\\\/\\\/schema.org\",\"@graph\":[{\"@type\":\"WebPage\",\"@id\":\"https:\\\/\\\/hi-nd.com\\\/de\\\/produkt\\\/deckenloesung-samsung-omn-ds\\\/\",\"url\":\"https:\\\/\\\/hi-nd.com\\\/de\\\/produkt\\\/deckenloesung-samsung-omn-ds\\\/\",\"name\":\"Deckenl\u00f6sung Samsung OMN-DS - HI-ND\",\"isPartOf\":{\"@id\":\"https:\\\/\\\/hi-nd.com\\\/#website\"},\"primaryImageOfPage\":{\"@id\":\"https:\\\/\\\/hi-nd.com\\\/de\\\/produkt\\\/deckenloesung-samsung-omn-ds\\\/#primaryimage\"},\"image\":{\"@id\":\"https:\\\/\\\/hi-nd.com\\\/de\\\/produkt\\\/deckenloesung-samsung-omn-ds\\\/#primaryimage\"},\"thumbnailUrl\":\"https:\\\/\\\/hi-nd.com\\\/wp-content\\\/uploads\\\/2022\\\/01\\\/CC5519-5201-06.jpg\",\"datePublished\":\"2022-01-20T15:32:12+00:00\",\"dateModified\":\"2024-05-02T07:47:33+00:00\",\"description\":\"Wir haben eine Kabell\u00f6sung f\u00fcr Samsung OM55N-D entwickelt. Eine Montageplatte f\u00fcr die Decke ist im Lieferumfang enthalten und erleichtert die Installation.\",\"breadcrumb\":{\"@id\":\"https:\\\/\\\/hi-nd.com\\\/de\\\/produkt\\\/deckenloesung-samsung-omn-ds\\\/#breadcrumb\"},\"inLanguage\":\"de\",\"potentialAction\":[{\"@type\":\"ReadAction\",\"target\":[\"https:\\\/\\\/hi-nd.com\\\/de\\\/produkt\\\/deckenloesung-samsung-omn-ds\\\/\"]}]},{\"@type\":\"ImageObject\",\"inLanguage\":\"de\",\"@id\":\"https:\\\/\\\/hi-nd.com\\\/de\\\/produkt\\\/deckenloesung-samsung-omn-ds\\\/#primaryimage\",\"url\":\"https:\\\/\\\/hi-nd.com\\\/wp-content\\\/uploads\\\/2022\\\/01\\\/CC5519-5201-06.jpg\",\"contentUrl\":\"https:\\\/\\\/hi-nd.com\\\/wp-content\\\/uploads\\\/2022\\\/01\\\/CC5519-5201-06.jpg\",\"width\":1600,\"height\":1600,\"caption\":\"Deckenl\u00f6sung Samsung OMN-D\"},{\"@type\":\"BreadcrumbList\",\"@id\":\"https:\\\/\\\/hi-nd.com\\\/de\\\/produkt\\\/deckenloesung-samsung-omn-ds\\\/#breadcrumb\",\"itemListElement\":[{\"@type\":\"ListItem\",\"position\":1,\"name\":\"Home\",\"item\":\"https:\\\/\\\/hi-nd.com\\\/de\\\/\"},{\"@type\":\"ListItem\",\"position\":2,\"name\":\"Shop\",\"item\":\"https:\\\/\\\/hi-nd.com\\\/de\\\/shop\\\/\"},{\"@type\":\"ListItem\",\"position\":3,\"name\":\"Deckenl\u00f6sung Samsung OMN-DS\"}]},{\"@type\":\"WebSite\",\"@id\":\"https:\\\/\\\/hi-nd.com\\\/#website\",\"url\":\"https:\\\/\\\/hi-nd.com\\\/\",\"name\":\"HI-ND\",\"description\":\"Mounting Solutions\",\"potentialAction\":[{\"@type\":\"SearchAction\",\"target\":{\"@type\":\"EntryPoint\",\"urlTemplate\":\"https:\\\/\\\/hi-nd.com\\\/?s={search_term_string}\"},\"query-input\":{\"@type\":\"PropertyValueSpecification\",\"valueRequired\":true,\"valueName\":\"search_term_string\"}}],\"inLanguage\":\"de\"}]}<\/script>\n<!-- \/ Yoast SEO plugin. -->","yoast_head_json":{"title":"Deckenl\u00f6sung Samsung OMN-DS - HI-ND","description":"Wir haben eine Kabell\u00f6sung f\u00fcr Samsung OM55N-D entwickelt. Eine Montageplatte f\u00fcr die Decke ist im Lieferumfang enthalten und erleichtert die Installation.","robots":{"index":"index","follow":"follow","max-snippet":"max-snippet:-1","max-image-preview":"max-image-preview:large","max-video-preview":"max-video-preview:-1"},"canonical":"https:\/\/hi-nd.com\/de\/produkt\/deckenloesung-samsung-omn-ds\/","og_locale":"de_DE","og_type":"article","og_title":"Deckenl\u00f6sung Samsung OMN-DS - HI-ND","og_description":"Wir haben eine Kabell\u00f6sung f\u00fcr Samsung OM55N-D entwickelt. Eine Montageplatte f\u00fcr die Decke ist im Lieferumfang enthalten und erleichtert die Installation.","og_url":"https:\/\/hi-nd.com\/de\/produkt\/deckenloesung-samsung-omn-ds\/","og_site_name":"HI-ND","article_modified_time":"2024-05-02T07:47:33+00:00","og_image":[{"width":1600,"height":1600,"url":"https:\/\/hi-nd.com\/wp-content\/uploads\/2022\/01\/CC5519-5201-06.jpg","type":"image\/jpeg"}],"twitter_card":"summary_large_image","schema":{"@context":"https:\/\/schema.org","@graph":[{"@type":"WebPage","@id":"https:\/\/hi-nd.com\/de\/produkt\/deckenloesung-samsung-omn-ds\/","url":"https:\/\/hi-nd.com\/de\/produkt\/deckenloesung-samsung-omn-ds\/","name":"Deckenl\u00f6sung Samsung OMN-DS - HI-ND","isPartOf":{"@id":"https:\/\/hi-nd.com\/#website"},"primaryImageOfPage":{"@id":"https:\/\/hi-nd.com\/de\/produkt\/deckenloesung-samsung-omn-ds\/#primaryimage"},"image":{"@id":"https:\/\/hi-nd.com\/de\/produkt\/deckenloesung-samsung-omn-ds\/#primaryimage"},"thumbnailUrl":"https:\/\/hi-nd.com\/wp-content\/uploads\/2022\/01\/CC5519-5201-06.jpg","datePublished":"2022-01-20T15:32:12+00:00","dateModified":"2024-05-02T07:47:33+00:00","description":"Wir haben eine Kabell\u00f6sung f\u00fcr Samsung OM55N-D entwickelt. Eine Montageplatte f\u00fcr die Decke ist im Lieferumfang enthalten und erleichtert die Installation.","breadcrumb":{"@id":"https:\/\/hi-nd.com\/de\/produkt\/deckenloesung-samsung-omn-ds\/#breadcrumb"},"inLanguage":"de","potentialAction":[{"@type":"ReadAction","target":["https:\/\/hi-nd.com\/de\/produkt\/deckenloesung-samsung-omn-ds\/"]}]},{"@type":"ImageObject","inLanguage":"de","@id":"https:\/\/hi-nd.com\/de\/produkt\/deckenloesung-samsung-omn-ds\/#primaryimage","url":"https:\/\/hi-nd.com\/wp-content\/uploads\/2022\/01\/CC5519-5201-06.jpg","contentUrl":"https:\/\/hi-nd.com\/wp-content\/uploads\/2022\/01\/CC5519-5201-06.jpg","width":1600,"height":1600,"caption":"Deckenl\u00f6sung Samsung OMN-D"},{"@type":"BreadcrumbList","@id":"https:\/\/hi-nd.com\/de\/produkt\/deckenloesung-samsung-omn-ds\/#breadcrumb","itemListElement":[{"@type":"ListItem","position":1,"name":"Home","item":"https:\/\/hi-nd.com\/de\/"},{"@type":"ListItem","position":2,"name":"Shop","item":"https:\/\/hi-nd.com\/de\/shop\/"},{"@type":"ListItem","position":3,"name":"Deckenl\u00f6sung Samsung OMN-DS"}]},{"@type":"WebSite","@id":"https:\/\/hi-nd.com\/#website","url":"https:\/\/hi-nd.com\/","name":"HI-ND","description":"Mounting Solutions","potentialAction":[{"@type":"SearchAction","target":{"@type":"EntryPoint","urlTemplate":"https:\/\/hi-nd.com\/?s={search_term_string}"},"query-input":{"@type":"PropertyValueSpecification","valueRequired":true,"valueName":"search_term_string"}}],"inLanguage":"de"}]}},"_links":{"self":[{"href":"https:\/\/hi-nd.com\/de\/wp-json\/wp\/v2\/product\/5779","targetHints":{"allow":["GET"]}}],"collection":[{"href":"https:\/\/hi-nd.com\/de\/wp-json\/wp\/v2\/product"}],"about":[{"href":"https:\/\/hi-nd.com\/de\/wp-json\/wp\/v2\/types\/product"}],"wp:featuredmedia":[{"embeddable":true,"href":"https:\/\/hi-nd.com\/de\/wp-json\/wp\/v2\/media\/4932"}],"wp:attachment":[{"href":"https:\/\/hi-nd.com\/de\/wp-json\/wp\/v2\/media?parent=5779"}],"wp:term":[{"taxonomy":"product_brand","embeddable":true,"href":"https:\/\/hi-nd.com\/de\/wp-json\/wp\/v2\/product_brand?post=5779"},{"taxonomy":"product_cat","embeddable":true,"href":"https:\/\/hi-nd.com\/de\/wp-json\/wp\/v2\/product_cat?post=5779"},{"taxonomy":"product_tag","embeddable":true,"href":"https:\/\/hi-nd.com\/de\/wp-json\/wp\/v2\/product_tag?post=5779"}],"curies":[{"name":"wp","href":"https:\/\/api.w.org\/{rel}","templated":true}]}}