{"id":5772,"date":"2022-01-20T16:19:24","date_gmt":"2022-01-20T15:19:24","guid":{"rendered":"https:\/\/hi-nd.com\/product\/deckenverkleidungen-fuer-samsung-und-lg\/"},"modified":"2024-09-10T12:09:15","modified_gmt":"2024-09-10T10:09:15","slug":"deckenverkleidungen-fuer-samsung-und-lg","status":"publish","type":"product","link":"https:\/\/hi-nd.com\/de\/produkt\/deckenverkleidungen-fuer-samsung-und-lg\/","title":{"rendered":"Deckenverkleidungen f\u00fcr Samsung und LG"},"content":{"rendered":"<table style=\"height: 715px;\" width=\"850\">\n<tbody>\n<tr>\n<td width=\"110\"> Teil Nummer<\/td>\n<td width=\"600\"> Beschreibung<\/td>\n<td width=\"50\"> Farbe<\/td>\n<\/tr>\n<tr>\n<td> CC3212-5001-01<\/td>\n<td> Deckenverkleidung hoch f\u00fcr Samsung QM32C<\/td>\n<td> Wei\u00df<\/td>\n<\/tr>\n<tr>\n<td> CC3212-5001-02<\/td>\n<td> Deckenverkleidung hoch f\u00fcr Samsung QM32C<\/td>\n<td> Schwarz<\/td>\n<\/tr>\n<tr>\n<td> CC3221-5001-01<\/td>\n<td> Deckenverkleidung hoch f\u00fcr LG SM5J-B<\/td>\n<td> Wei\u00df<\/td>\n<\/tr>\n<tr>\n<td> CC3221-5001-02<\/td>\n<td> Deckenverkleidung hoch f\u00fcr LG SM5J-B<\/td>\n<td> Schwarz<\/td>\n<\/tr>\n<tr>\n<td> CC4300-5001-01<\/td>\n<td> Deckeneinbaugeh\u00e4use hoch f\u00fcr Samsung QM43C, LG UM5N-E, UH5N-E<\/td>\n<td> Wei\u00df<\/td>\n<\/tr>\n<tr>\n<td> CC4300-5001-02<\/td>\n<td> Deckeneinbaugeh\u00e4use hoch f\u00fcr Samsung QM43C, LG UM5N-E, UH5N-E<\/td>\n<td> Schwarz<\/td>\n<\/tr>\n<tr>\n<td> CC4900-5001-01<\/td>\n<td> Deckenverkleidung hoch f\u00fcr LG UH5N-E, UM5N-H<\/td>\n<td> Wei\u00df<\/td>\n<\/tr>\n<tr>\n<td> CC4900-5001-02<\/td>\n<td> Deckeneinbaugeh\u00e4use hoch f\u00fcr LG UH5N-E, UM5N-H<\/td>\n<td> Schwarz<\/td>\n<\/tr>\n<tr>\n<td> CC5012-5101-01<\/td>\n<td> Deckenverkleidung hoch f\u00fcr Samsung QM50C<\/td>\n<td> Wei\u00df<\/td>\n<\/tr>\n<tr>\n<td> CC5012-5101-02<\/td>\n<td> Deckenverkleidung hoch f\u00fcr Samsung QM50C<\/td>\n<td> Schwarz<\/td>\n<\/tr>\n<tr>\n<td> CC5500-5001-01<\/td>\n<td> Deckeneinbaugeh\u00e4use hoch f\u00fcr Samsung QM55C, LG UM5N-E, UH5N-E<\/td>\n<td> Wei\u00df<\/td>\n<\/tr>\n<tr>\n<td> CC5500-5001-02<\/td>\n<td> Deckeneinbaugeh\u00e4use hoch f\u00fcr Samsung QM55C, LG UM5N-E, UH5N-E<\/td>\n<td> Schwarz<\/td>\n<\/tr>\n<tr>\n<td> CC6500-5001-01<\/td>\n<td> Deckeneinbaugeh\u00e4use hoch f\u00fcr Samsung QM65C, LG UM5N-E, UH5N-E<\/td>\n<td> Wei\u00df<\/td>\n<\/tr>\n<tr>\n<td> CC6500-5001-02<\/td>\n<td> Deckeneinbaugeh\u00e4use hoch f\u00fcr Samsung QM65C, LG UM5N-E, UH5N-E<\/td>\n<td> Schwarz<\/td>\n<\/tr>\n<tr>\n<td> CC3212-0101-01<\/td>\n<td> Deckenverkleidung quer f\u00fcr Samsung QM32B, QM32C<\/td>\n<td> Wei\u00df<\/td>\n<\/tr>\n<tr>\n<td> CC3212-0101-02<\/td>\n<td> Deckenverkleidung quer f\u00fcr Samsung QM32B, QM32C<\/td>\n<td> Schwarz<\/td>\n<\/tr>\n<tr>\n<td> CC4300-0101-01<\/td>\n<td> Deckenverkleidung quer f\u00fcr Samsung QM43C, LG UH5N-E, UM5N-H<\/td>\n<td> Wei\u00df<\/td>\n<\/tr>\n<tr>\n<td> CC4300-0101-02<\/td>\n<td> Deckenverkleidung quer f\u00fcr Samsung QM43C, LG UH5N-E, UM5N-H<\/td>\n<td> Schwarz<\/td>\n<\/tr>\n<tr>\n<td> CC4900-0101-01<\/td>\n<td> Deckenverkleidung quer f\u00fcr LG UH5N-E, UM5N-H<\/td>\n<td> Wei\u00df<\/td>\n<\/tr>\n<tr>\n<td> CC4900-0101-02<\/td>\n<td> Deckenverkleidung quer f\u00fcr LG UH5N-E, UM5N-H<\/td>\n<td> Schwarz<\/td>\n<\/tr>\n<tr>\n<td> CC5012-0201-01<\/td>\n<td> Deckenverkleidung quer f\u00fcr Samsung QM50C<\/td>\n<td> Wei\u00df<\/td>\n<\/tr>\n<tr>\n<td> CC5012-0201-02<\/td>\n<td> Deckenverkleidung quer f\u00fcr Samsung QM50C<\/td>\n<td> Schwarz<\/td>\n<\/tr>\n<tr>\n<td> CC5500-0101-01<\/td>\n<td> Deckenverkleidung quer f\u00fcr Samsung QM55C, LG UM5N-E, UH5N-E<\/td>\n<td> Wei\u00df<\/td>\n<\/tr>\n<tr>\n<td> CC5500-0101-02<\/td>\n<td> Deckenverkleidung quer f\u00fcr Samsung QM55C, LG UM5N-E, UH5N-E<\/td>\n<td> Schwarz<\/td>\n<\/tr>\n<tr>\n<td> CC6500-0101-01<\/td>\n<td> Deckenverkleidung quer f\u00fcr Samsung QM65C, LG UM5N-E, UH5N-E<\/td>\n<td> Wei\u00df<\/td>\n<\/tr>\n<tr>\n<td> CC6500-0101-02<\/td>\n<td> Deckenverkleidung quer f\u00fcr Samsung QM65C, LG UM5N-E, UH5N-E<\/td>\n<td> Schwarz<\/td>\n<\/tr>\n<\/tbody>\n<\/table>\n","protected":false},"excerpt":{"rendered":"<p>Beleuchten Sie die Decke mit unserem Deckengeh\u00e4use, das f\u00fcr Informationen und Werbung in Schaufenstern und \u00f6ffentlichen R\u00e4umen konzipiert ist. Es hat gekammerte Kanten und eine saubere R\u00fcckseite. Keine sichtbaren Kabel und einfach zu installieren. Kreieren Sie Ihren eigenen Stil mit verschiedenen Farben der Pulverbeschichtung  <\/p>\n<ul>\n<li>Oben montierte L\u00f6sung<\/li>\n<li>Displaygr\u00f6\u00dfen: 32\u2033, 43\u2033, 49\u2033, 50\u2033, 55\u2033, 65&#8243;<\/li>\n<li>Sie k\u00f6nnen eine Deckenhalterung oder ein Kabel verwenden (nicht im Lieferumfang enthalten).<\/li>\n<li>Querformat und Hochformat<\/li>\n<li>Gekammerte Kanten<\/li>\n<\/ul>\n","protected":false},"featured_media":9597,"template":"","meta":[],"product_brand":[],"product_cat":[81,82],"product_tag":[],"class_list":{"0":"post-5772","1":"product","2":"type-product","3":"status-publish","4":"has-post-thumbnail","6":"product_cat-decken","7":"product_cat-gehause","9":"first","10":"instock","11":"shipping-taxable","12":"product-type-simple"},"yoast_head":"<!-- This site is optimized with the Yoast SEO plugin v27.4 - https:\/\/yoast.com\/product\/yoast-seo-wordpress\/ -->\n<title>Deckenverkleidungen f\u00fcr Samsung und LG - HI-ND<\/title>\n<meta name=\"description\" content=\"Beleuchten Sie die Decke mit unserem Deckengeh\u00e4use, das f\u00fcr Informationen und Werbung in Schaufenstern und \u00f6ffentlichen R\u00e4umen konzipiert ist.\" \/>\n<meta name=\"robots\" content=\"index, follow, max-snippet:-1, max-image-preview:large, max-video-preview:-1\" \/>\n<link rel=\"canonical\" href=\"https:\/\/hi-nd.com\/product\/deckenverkleidungen-fuer-samsung-und-lg\/\" \/>\n<meta property=\"og:locale\" content=\"de_DE\" \/>\n<meta property=\"og:type\" content=\"article\" \/>\n<meta property=\"og:title\" content=\"Deckenverkleidungen f\u00fcr Samsung und LG - HI-ND\" \/>\n<meta property=\"og:description\" content=\"Beleuchten Sie die Decke mit unserem Deckengeh\u00e4use, das f\u00fcr Informationen und Werbung in Schaufenstern und \u00f6ffentlichen R\u00e4umen konzipiert ist.\" \/>\n<meta property=\"og:url\" content=\"https:\/\/hi-nd.com\/product\/deckenverkleidungen-fuer-samsung-und-lg\/\" \/>\n<meta property=\"og:site_name\" content=\"HI-ND\" \/>\n<meta property=\"article:modified_time\" content=\"2024-09-10T10:09:15+00:00\" \/>\n<meta property=\"og:image\" content=\"https:\/\/hi-nd.com\/wp-content\/uploads\/2022\/01\/TOP-CASING_RENDERS_1.jpg\" \/>\n\t<meta property=\"og:image:width\" content=\"2000\" \/>\n\t<meta property=\"og:image:height\" content=\"2000\" \/>\n\t<meta property=\"og:image:type\" content=\"image\/jpeg\" \/>\n<meta name=\"twitter:card\" content=\"summary_large_image\" \/>\n<meta name=\"twitter:label1\" content=\"Gesch\u00e4tzte Lesezeit\" \/>\n\t<meta name=\"twitter:data1\" content=\"2\u00a0Minuten\" \/>\n<script type=\"application\/ld+json\" class=\"yoast-schema-graph\">{\"@context\":\"https:\\\/\\\/schema.org\",\"@graph\":[{\"@type\":\"WebPage\",\"@id\":\"https:\\\/\\\/hi-nd.com\\\/product\\\/deckenverkleidungen-fuer-samsung-und-lg\\\/\",\"url\":\"https:\\\/\\\/hi-nd.com\\\/product\\\/deckenverkleidungen-fuer-samsung-und-lg\\\/\",\"name\":\"Deckenverkleidungen f\u00fcr Samsung und LG - HI-ND\",\"isPartOf\":{\"@id\":\"https:\\\/\\\/hi-nd.com\\\/#website\"},\"primaryImageOfPage\":{\"@id\":\"https:\\\/\\\/hi-nd.com\\\/product\\\/deckenverkleidungen-fuer-samsung-und-lg\\\/#primaryimage\"},\"image\":{\"@id\":\"https:\\\/\\\/hi-nd.com\\\/product\\\/deckenverkleidungen-fuer-samsung-und-lg\\\/#primaryimage\"},\"thumbnailUrl\":\"https:\\\/\\\/hi-nd.com\\\/wp-content\\\/uploads\\\/2022\\\/01\\\/TOP-CASING_RENDERS_1.jpg\",\"datePublished\":\"2022-01-20T15:19:24+00:00\",\"dateModified\":\"2024-09-10T10:09:15+00:00\",\"description\":\"Beleuchten Sie die Decke mit unserem Deckengeh\u00e4use, das f\u00fcr Informationen und Werbung in Schaufenstern und \u00f6ffentlichen R\u00e4umen konzipiert ist.\",\"breadcrumb\":{\"@id\":\"https:\\\/\\\/hi-nd.com\\\/product\\\/deckenverkleidungen-fuer-samsung-und-lg\\\/#breadcrumb\"},\"inLanguage\":\"de\",\"potentialAction\":[{\"@type\":\"ReadAction\",\"target\":[\"https:\\\/\\\/hi-nd.com\\\/product\\\/deckenverkleidungen-fuer-samsung-und-lg\\\/\"]}]},{\"@type\":\"ImageObject\",\"inLanguage\":\"de\",\"@id\":\"https:\\\/\\\/hi-nd.com\\\/product\\\/deckenverkleidungen-fuer-samsung-und-lg\\\/#primaryimage\",\"url\":\"https:\\\/\\\/hi-nd.com\\\/wp-content\\\/uploads\\\/2022\\\/01\\\/TOP-CASING_RENDERS_1.jpg\",\"contentUrl\":\"https:\\\/\\\/hi-nd.com\\\/wp-content\\\/uploads\\\/2022\\\/01\\\/TOP-CASING_RENDERS_1.jpg\",\"width\":2000,\"height\":2000,\"caption\":\"Top casing\"},{\"@type\":\"BreadcrumbList\",\"@id\":\"https:\\\/\\\/hi-nd.com\\\/product\\\/deckenverkleidungen-fuer-samsung-und-lg\\\/#breadcrumb\",\"itemListElement\":[{\"@type\":\"ListItem\",\"position\":1,\"name\":\"Home\",\"item\":\"https:\\\/\\\/hi-nd.com\\\/hi-nd-digitale-beschilderung\\\/\"},{\"@type\":\"ListItem\",\"position\":2,\"name\":\"Shop\",\"item\":\"https:\\\/\\\/hi-nd.com\\\/shop\\\/\"},{\"@type\":\"ListItem\",\"position\":3,\"name\":\"Deckenverkleidungen f\u00fcr Samsung und LG\"}]},{\"@type\":\"WebSite\",\"@id\":\"https:\\\/\\\/hi-nd.com\\\/#website\",\"url\":\"https:\\\/\\\/hi-nd.com\\\/\",\"name\":\"HI-ND\",\"description\":\"Mounting Solutions\",\"potentialAction\":[{\"@type\":\"SearchAction\",\"target\":{\"@type\":\"EntryPoint\",\"urlTemplate\":\"https:\\\/\\\/hi-nd.com\\\/?s={search_term_string}\"},\"query-input\":{\"@type\":\"PropertyValueSpecification\",\"valueRequired\":true,\"valueName\":\"search_term_string\"}}],\"inLanguage\":\"de\"}]}<\/script>\n<!-- \/ Yoast SEO plugin. -->","yoast_head_json":{"title":"Deckenverkleidungen f\u00fcr Samsung und LG - HI-ND","description":"Beleuchten Sie die Decke mit unserem Deckengeh\u00e4use, das f\u00fcr Informationen und Werbung in Schaufenstern und \u00f6ffentlichen R\u00e4umen konzipiert ist.","robots":{"index":"index","follow":"follow","max-snippet":"max-snippet:-1","max-image-preview":"max-image-preview:large","max-video-preview":"max-video-preview:-1"},"canonical":"https:\/\/hi-nd.com\/product\/deckenverkleidungen-fuer-samsung-und-lg\/","og_locale":"de_DE","og_type":"article","og_title":"Deckenverkleidungen f\u00fcr Samsung und LG - HI-ND","og_description":"Beleuchten Sie die Decke mit unserem Deckengeh\u00e4use, das f\u00fcr Informationen und Werbung in Schaufenstern und \u00f6ffentlichen R\u00e4umen konzipiert ist.","og_url":"https:\/\/hi-nd.com\/product\/deckenverkleidungen-fuer-samsung-und-lg\/","og_site_name":"HI-ND","article_modified_time":"2024-09-10T10:09:15+00:00","og_image":[{"width":2000,"height":2000,"url":"https:\/\/hi-nd.com\/wp-content\/uploads\/2022\/01\/TOP-CASING_RENDERS_1.jpg","type":"image\/jpeg"}],"twitter_card":"summary_large_image","twitter_misc":{"Gesch\u00e4tzte Lesezeit":"2\u00a0Minuten"},"schema":{"@context":"https:\/\/schema.org","@graph":[{"@type":"WebPage","@id":"https:\/\/hi-nd.com\/product\/deckenverkleidungen-fuer-samsung-und-lg\/","url":"https:\/\/hi-nd.com\/product\/deckenverkleidungen-fuer-samsung-und-lg\/","name":"Deckenverkleidungen f\u00fcr Samsung und LG - HI-ND","isPartOf":{"@id":"https:\/\/hi-nd.com\/#website"},"primaryImageOfPage":{"@id":"https:\/\/hi-nd.com\/product\/deckenverkleidungen-fuer-samsung-und-lg\/#primaryimage"},"image":{"@id":"https:\/\/hi-nd.com\/product\/deckenverkleidungen-fuer-samsung-und-lg\/#primaryimage"},"thumbnailUrl":"https:\/\/hi-nd.com\/wp-content\/uploads\/2022\/01\/TOP-CASING_RENDERS_1.jpg","datePublished":"2022-01-20T15:19:24+00:00","dateModified":"2024-09-10T10:09:15+00:00","description":"Beleuchten Sie die Decke mit unserem Deckengeh\u00e4use, das f\u00fcr Informationen und Werbung in Schaufenstern und \u00f6ffentlichen R\u00e4umen konzipiert ist.","breadcrumb":{"@id":"https:\/\/hi-nd.com\/product\/deckenverkleidungen-fuer-samsung-und-lg\/#breadcrumb"},"inLanguage":"de","potentialAction":[{"@type":"ReadAction","target":["https:\/\/hi-nd.com\/product\/deckenverkleidungen-fuer-samsung-und-lg\/"]}]},{"@type":"ImageObject","inLanguage":"de","@id":"https:\/\/hi-nd.com\/product\/deckenverkleidungen-fuer-samsung-und-lg\/#primaryimage","url":"https:\/\/hi-nd.com\/wp-content\/uploads\/2022\/01\/TOP-CASING_RENDERS_1.jpg","contentUrl":"https:\/\/hi-nd.com\/wp-content\/uploads\/2022\/01\/TOP-CASING_RENDERS_1.jpg","width":2000,"height":2000,"caption":"Top casing"},{"@type":"BreadcrumbList","@id":"https:\/\/hi-nd.com\/product\/deckenverkleidungen-fuer-samsung-und-lg\/#breadcrumb","itemListElement":[{"@type":"ListItem","position":1,"name":"Home","item":"https:\/\/hi-nd.com\/hi-nd-digitale-beschilderung\/"},{"@type":"ListItem","position":2,"name":"Shop","item":"https:\/\/hi-nd.com\/shop\/"},{"@type":"ListItem","position":3,"name":"Deckenverkleidungen f\u00fcr Samsung und LG"}]},{"@type":"WebSite","@id":"https:\/\/hi-nd.com\/#website","url":"https:\/\/hi-nd.com\/","name":"HI-ND","description":"Mounting Solutions","potentialAction":[{"@type":"SearchAction","target":{"@type":"EntryPoint","urlTemplate":"https:\/\/hi-nd.com\/?s={search_term_string}"},"query-input":{"@type":"PropertyValueSpecification","valueRequired":true,"valueName":"search_term_string"}}],"inLanguage":"de"}]}},"_links":{"self":[{"href":"https:\/\/hi-nd.com\/de\/wp-json\/wp\/v2\/product\/5772","targetHints":{"allow":["GET"]}}],"collection":[{"href":"https:\/\/hi-nd.com\/de\/wp-json\/wp\/v2\/product"}],"about":[{"href":"https:\/\/hi-nd.com\/de\/wp-json\/wp\/v2\/types\/product"}],"wp:featuredmedia":[{"embeddable":true,"href":"https:\/\/hi-nd.com\/de\/wp-json\/wp\/v2\/media\/9597"}],"wp:attachment":[{"href":"https:\/\/hi-nd.com\/de\/wp-json\/wp\/v2\/media?parent=5772"}],"wp:term":[{"taxonomy":"product_brand","embeddable":true,"href":"https:\/\/hi-nd.com\/de\/wp-json\/wp\/v2\/product_brand?post=5772"},{"taxonomy":"product_cat","embeddable":true,"href":"https:\/\/hi-nd.com\/de\/wp-json\/wp\/v2\/product_cat?post=5772"},{"taxonomy":"product_tag","embeddable":true,"href":"https:\/\/hi-nd.com\/de\/wp-json\/wp\/v2\/product_tag?post=5772"}],"curies":[{"name":"wp","href":"https:\/\/api.w.org\/{rel}","templated":true}]}}