{"id":5769,"date":"2022-01-20T16:44:11","date_gmt":"2022-01-20T15:44:11","guid":{"rendered":"https:\/\/hi-nd.com\/product\/deckenmontierte-led\/"},"modified":"2024-02-22T21:20:27","modified_gmt":"2024-02-22T20:20:27","slug":"deckenmontierte-led","status":"publish","type":"product","link":"https:\/\/hi-nd.com\/de\/produkt\/deckenmontierte-led\/","title":{"rendered":"Deckenmontierte LED"},"content":{"rendered":"","protected":false},"excerpt":{"rendered":"<p>Unsere an der Decke montierte LED ist f\u00fcr die Installation in Schaufenstern oder in Einkaufszentren gedacht. Es kann leicht f\u00fcr verschiedene LED-Hersteller angepasst werden. Dr\u00e4hte werden f\u00fcr Installationen an der Decke verwendet. Auf der Innenseite kann ein analoger Druck angebracht werden. Als zus\u00e4tzliche Optionen gibt es Seitenabdeckungen aus Metall oder Holz.<\/p>\n<ul>\n<li>Deckenmontierte LED in Gr\u00f6\u00dfen wie z.B. 1500&#215;2000 mm, 1250&#215;2000 mm, etc.<\/li>\n<li>Drahtl\u00f6sung an der Decke<\/li>\n<li>Analogdruck innen<\/li>\n<li>Optionale Seitenabdeckungen aus Metall oder Holz<\/li>\n<\/ul>\n","protected":false},"featured_media":3717,"template":"","meta":[],"product_brand":[],"product_cat":[91,88],"product_tag":[],"class_list":{"0":"post-5769","1":"product","2":"type-product","3":"status-publish","4":"has-post-thumbnail","6":"product_cat-decke","7":"product_cat-led-de","9":"first","10":"instock","11":"shipping-taxable","12":"product-type-simple"},"yoast_head":"<!-- This site is optimized with the Yoast SEO plugin v27.3 - https:\/\/yoast.com\/product\/yoast-seo-wordpress\/ -->\n<title>Deckenmontierte LED - HI-ND<\/title>\n<meta name=\"description\" content=\"HI-ND deckenmontierte LED wurde f\u00fcr die Installation in Schaufenstern oder in Einkaufszentren entwickelt. Sie kann leicht angepasst werden.\" \/>\n<meta name=\"robots\" content=\"index, follow, max-snippet:-1, max-image-preview:large, max-video-preview:-1\" \/>\n<link rel=\"canonical\" href=\"https:\/\/hi-nd.com\/de\/produkt\/deckenmontierte-led\/\" \/>\n<meta property=\"og:locale\" content=\"de_DE\" \/>\n<meta property=\"og:type\" content=\"article\" \/>\n<meta property=\"og:title\" content=\"Deckenmontierte LED - HI-ND\" \/>\n<meta property=\"og:description\" content=\"HI-ND deckenmontierte LED wurde f\u00fcr die Installation in Schaufenstern oder in Einkaufszentren entwickelt. Sie kann leicht angepasst werden.\" \/>\n<meta property=\"og:url\" content=\"https:\/\/hi-nd.com\/de\/produkt\/deckenmontierte-led\/\" \/>\n<meta property=\"og:site_name\" content=\"HI-ND\" \/>\n<meta property=\"article:modified_time\" content=\"2024-02-22T20:20:27+00:00\" \/>\n<meta property=\"og:image\" content=\"https:\/\/hi-nd.com\/wp-content\/uploads\/2022\/01\/LED-ceiling.png\" \/>\n\t<meta property=\"og:image:width\" content=\"750\" \/>\n\t<meta property=\"og:image:height\" content=\"750\" \/>\n\t<meta property=\"og:image:type\" content=\"image\/png\" \/>\n<meta name=\"twitter:card\" content=\"summary_large_image\" \/>\n<script type=\"application\/ld+json\" class=\"yoast-schema-graph\">{\"@context\":\"https:\\\/\\\/schema.org\",\"@graph\":[{\"@type\":\"WebPage\",\"@id\":\"https:\\\/\\\/hi-nd.com\\\/de\\\/produkt\\\/deckenmontierte-led\\\/\",\"url\":\"https:\\\/\\\/hi-nd.com\\\/de\\\/produkt\\\/deckenmontierte-led\\\/\",\"name\":\"Deckenmontierte LED - HI-ND\",\"isPartOf\":{\"@id\":\"https:\\\/\\\/hi-nd.com\\\/#website\"},\"primaryImageOfPage\":{\"@id\":\"https:\\\/\\\/hi-nd.com\\\/de\\\/produkt\\\/deckenmontierte-led\\\/#primaryimage\"},\"image\":{\"@id\":\"https:\\\/\\\/hi-nd.com\\\/de\\\/produkt\\\/deckenmontierte-led\\\/#primaryimage\"},\"thumbnailUrl\":\"https:\\\/\\\/hi-nd.com\\\/wp-content\\\/uploads\\\/2022\\\/01\\\/LED-ceiling.png\",\"datePublished\":\"2022-01-20T15:44:11+00:00\",\"dateModified\":\"2024-02-22T20:20:27+00:00\",\"description\":\"HI-ND deckenmontierte LED wurde f\u00fcr die Installation in Schaufenstern oder in Einkaufszentren entwickelt. Sie kann leicht angepasst werden.\",\"breadcrumb\":{\"@id\":\"https:\\\/\\\/hi-nd.com\\\/de\\\/produkt\\\/deckenmontierte-led\\\/#breadcrumb\"},\"inLanguage\":\"de\",\"potentialAction\":[{\"@type\":\"ReadAction\",\"target\":[\"https:\\\/\\\/hi-nd.com\\\/de\\\/produkt\\\/deckenmontierte-led\\\/\"]}]},{\"@type\":\"ImageObject\",\"inLanguage\":\"de\",\"@id\":\"https:\\\/\\\/hi-nd.com\\\/de\\\/produkt\\\/deckenmontierte-led\\\/#primaryimage\",\"url\":\"https:\\\/\\\/hi-nd.com\\\/wp-content\\\/uploads\\\/2022\\\/01\\\/LED-ceiling.png\",\"contentUrl\":\"https:\\\/\\\/hi-nd.com\\\/wp-content\\\/uploads\\\/2022\\\/01\\\/LED-ceiling.png\",\"width\":750,\"height\":750},{\"@type\":\"BreadcrumbList\",\"@id\":\"https:\\\/\\\/hi-nd.com\\\/de\\\/produkt\\\/deckenmontierte-led\\\/#breadcrumb\",\"itemListElement\":[{\"@type\":\"ListItem\",\"position\":1,\"name\":\"Home\",\"item\":\"https:\\\/\\\/hi-nd.com\\\/de\\\/\"},{\"@type\":\"ListItem\",\"position\":2,\"name\":\"Shop\",\"item\":\"https:\\\/\\\/hi-nd.com\\\/de\\\/shop\\\/\"},{\"@type\":\"ListItem\",\"position\":3,\"name\":\"Deckenmontierte LED\"}]},{\"@type\":\"WebSite\",\"@id\":\"https:\\\/\\\/hi-nd.com\\\/#website\",\"url\":\"https:\\\/\\\/hi-nd.com\\\/\",\"name\":\"HI-ND\",\"description\":\"Mounting Solutions\",\"potentialAction\":[{\"@type\":\"SearchAction\",\"target\":{\"@type\":\"EntryPoint\",\"urlTemplate\":\"https:\\\/\\\/hi-nd.com\\\/?s={search_term_string}\"},\"query-input\":{\"@type\":\"PropertyValueSpecification\",\"valueRequired\":true,\"valueName\":\"search_term_string\"}}],\"inLanguage\":\"de\"}]}<\/script>\n<!-- \/ Yoast SEO plugin. -->","yoast_head_json":{"title":"Deckenmontierte LED - HI-ND","description":"HI-ND deckenmontierte LED wurde f\u00fcr die Installation in Schaufenstern oder in Einkaufszentren entwickelt. Sie kann leicht angepasst werden.","robots":{"index":"index","follow":"follow","max-snippet":"max-snippet:-1","max-image-preview":"max-image-preview:large","max-video-preview":"max-video-preview:-1"},"canonical":"https:\/\/hi-nd.com\/de\/produkt\/deckenmontierte-led\/","og_locale":"de_DE","og_type":"article","og_title":"Deckenmontierte LED - HI-ND","og_description":"HI-ND deckenmontierte LED wurde f\u00fcr die Installation in Schaufenstern oder in Einkaufszentren entwickelt. Sie kann leicht angepasst werden.","og_url":"https:\/\/hi-nd.com\/de\/produkt\/deckenmontierte-led\/","og_site_name":"HI-ND","article_modified_time":"2024-02-22T20:20:27+00:00","og_image":[{"width":750,"height":750,"url":"https:\/\/hi-nd.com\/wp-content\/uploads\/2022\/01\/LED-ceiling.png","type":"image\/png"}],"twitter_card":"summary_large_image","schema":{"@context":"https:\/\/schema.org","@graph":[{"@type":"WebPage","@id":"https:\/\/hi-nd.com\/de\/produkt\/deckenmontierte-led\/","url":"https:\/\/hi-nd.com\/de\/produkt\/deckenmontierte-led\/","name":"Deckenmontierte LED - HI-ND","isPartOf":{"@id":"https:\/\/hi-nd.com\/#website"},"primaryImageOfPage":{"@id":"https:\/\/hi-nd.com\/de\/produkt\/deckenmontierte-led\/#primaryimage"},"image":{"@id":"https:\/\/hi-nd.com\/de\/produkt\/deckenmontierte-led\/#primaryimage"},"thumbnailUrl":"https:\/\/hi-nd.com\/wp-content\/uploads\/2022\/01\/LED-ceiling.png","datePublished":"2022-01-20T15:44:11+00:00","dateModified":"2024-02-22T20:20:27+00:00","description":"HI-ND deckenmontierte LED wurde f\u00fcr die Installation in Schaufenstern oder in Einkaufszentren entwickelt. Sie kann leicht angepasst werden.","breadcrumb":{"@id":"https:\/\/hi-nd.com\/de\/produkt\/deckenmontierte-led\/#breadcrumb"},"inLanguage":"de","potentialAction":[{"@type":"ReadAction","target":["https:\/\/hi-nd.com\/de\/produkt\/deckenmontierte-led\/"]}]},{"@type":"ImageObject","inLanguage":"de","@id":"https:\/\/hi-nd.com\/de\/produkt\/deckenmontierte-led\/#primaryimage","url":"https:\/\/hi-nd.com\/wp-content\/uploads\/2022\/01\/LED-ceiling.png","contentUrl":"https:\/\/hi-nd.com\/wp-content\/uploads\/2022\/01\/LED-ceiling.png","width":750,"height":750},{"@type":"BreadcrumbList","@id":"https:\/\/hi-nd.com\/de\/produkt\/deckenmontierte-led\/#breadcrumb","itemListElement":[{"@type":"ListItem","position":1,"name":"Home","item":"https:\/\/hi-nd.com\/de\/"},{"@type":"ListItem","position":2,"name":"Shop","item":"https:\/\/hi-nd.com\/de\/shop\/"},{"@type":"ListItem","position":3,"name":"Deckenmontierte LED"}]},{"@type":"WebSite","@id":"https:\/\/hi-nd.com\/#website","url":"https:\/\/hi-nd.com\/","name":"HI-ND","description":"Mounting Solutions","potentialAction":[{"@type":"SearchAction","target":{"@type":"EntryPoint","urlTemplate":"https:\/\/hi-nd.com\/?s={search_term_string}"},"query-input":{"@type":"PropertyValueSpecification","valueRequired":true,"valueName":"search_term_string"}}],"inLanguage":"de"}]}},"_links":{"self":[{"href":"https:\/\/hi-nd.com\/de\/wp-json\/wp\/v2\/product\/5769","targetHints":{"allow":["GET"]}}],"collection":[{"href":"https:\/\/hi-nd.com\/de\/wp-json\/wp\/v2\/product"}],"about":[{"href":"https:\/\/hi-nd.com\/de\/wp-json\/wp\/v2\/types\/product"}],"wp:featuredmedia":[{"embeddable":true,"href":"https:\/\/hi-nd.com\/de\/wp-json\/wp\/v2\/media\/3717"}],"wp:attachment":[{"href":"https:\/\/hi-nd.com\/de\/wp-json\/wp\/v2\/media?parent=5769"}],"wp:term":[{"taxonomy":"product_brand","embeddable":true,"href":"https:\/\/hi-nd.com\/de\/wp-json\/wp\/v2\/product_brand?post=5769"},{"taxonomy":"product_cat","embeddable":true,"href":"https:\/\/hi-nd.com\/de\/wp-json\/wp\/v2\/product_cat?post=5769"},{"taxonomy":"product_tag","embeddable":true,"href":"https:\/\/hi-nd.com\/de\/wp-json\/wp\/v2\/product_tag?post=5769"}],"curies":[{"name":"wp","href":"https:\/\/api.w.org\/{rel}","templated":true}]}}