{"id":5768,"date":"2021-11-22T19:02:19","date_gmt":"2021-11-22T18:02:19","guid":{"rendered":"https:\/\/hi-nd.com\/product\/wandhalterung-medium\/"},"modified":"2024-02-22T21:19:53","modified_gmt":"2024-02-22T20:19:53","slug":"wandhalterung-medium","status":"publish","type":"product","link":"https:\/\/hi-nd.com\/de\/produkt\/wandhalterung-medium\/","title":{"rendered":"Wandhalterung Medium"},"content":{"rendered":"<table style=\"height: 77px;\" width=\"729\">\n<tbody>\n<tr>\n<td width=\"125\">Teilnummer<\/td>\n<td width=\"529\">Beschreibung<\/td>\n<\/tr>\n<tr>\n<td>C-WM02-02<\/td>\n<td>Wandhalterung mittel, VESA 200&#215;200, 300&#215;300,400&#215;400, 32&#8243; &#8211; 55&#8243;, 28mm Dicke<\/td>\n<\/tr>\n<\/tbody>\n<\/table>\n","protected":false},"excerpt":{"rendered":"<p>Die HI-ND-Wandhalterung Medium tr\u00e4gt Gewichte von maximal 50 kg. Er ist f\u00fcr 32\u2033-55\u2033 Monitore ausgelegt. Die solide Konstruktion aus schwerem Stahl sorgt f\u00fcr St\u00e4rke und Haltbarkeit. Seitliche Verschiebbarkeit f\u00fcr eine perfekte Platzierung. Der automatisch einrastende Schnappverschluss mit leicht zu l\u00f6sender Schnur erm\u00f6glicht eine einfache und sichere Befestigung des Monitors an der Wand. Kompatibel mit VESA-L\u00f6chern bis zu 400\u00d7400.<\/p>\n<ul>\n<li>VESA-kompatibel mit 200\u00d7200, 300\u00d7300 und 400\u00d7400.<\/li>\n<li>Dicke 28mm<\/li>\n<li>Abmessungen: 28x504x435mm<\/li>\n<li>Maximales Gewicht: 50kg<\/li>\n<li>Bildschirmgr\u00f6\u00dfen: 32&#8243; &#8211; 55&#8243;<\/li>\n<\/ul>\n","protected":false},"featured_media":3705,"template":"","meta":[],"product_brand":[],"product_cat":[87,92],"product_tag":[],"class_list":{"0":"post-5768","1":"product","2":"type-product","3":"status-publish","4":"has-post-thumbnail","6":"product_cat-wand","7":"product_cat-wandhalterung","9":"first","10":"instock","11":"shipping-taxable","12":"product-type-simple"},"yoast_head":"<!-- This site is optimized with the Yoast SEO plugin v27.3 - https:\/\/yoast.com\/product\/yoast-seo-wordpress\/ -->\n<title>Wandhalterung Medium - HI-ND<\/title>\n<meta name=\"description\" content=\"Die HI-ND-Wandhalterung Medium tr\u00e4gt mit ihrer Stahlkonstruktion ein Gewicht von maximal 50 kg. Er ist f\u00fcr Monitore von 32\u2033 bis 55\u2033 ausgelegt.\" \/>\n<meta name=\"robots\" content=\"index, follow, max-snippet:-1, max-image-preview:large, max-video-preview:-1\" \/>\n<link rel=\"canonical\" href=\"https:\/\/hi-nd.com\/de\/produkt\/wandhalterung-medium\/\" \/>\n<meta property=\"og:locale\" content=\"de_DE\" \/>\n<meta property=\"og:type\" content=\"article\" \/>\n<meta property=\"og:title\" content=\"Wandhalterung Medium - HI-ND\" \/>\n<meta property=\"og:description\" content=\"Die HI-ND-Wandhalterung Medium tr\u00e4gt mit ihrer Stahlkonstruktion ein Gewicht von maximal 50 kg. Er ist f\u00fcr Monitore von 32\u2033 bis 55\u2033 ausgelegt.\" \/>\n<meta property=\"og:url\" content=\"https:\/\/hi-nd.com\/de\/produkt\/wandhalterung-medium\/\" \/>\n<meta property=\"og:site_name\" content=\"HI-ND\" \/>\n<meta property=\"article:modified_time\" content=\"2024-02-22T20:19:53+00:00\" \/>\n<meta property=\"og:image\" content=\"https:\/\/hi-nd.com\/wp-content\/uploads\/2021\/11\/Wall-mount-web.png\" \/>\n\t<meta property=\"og:image:width\" content=\"750\" \/>\n\t<meta property=\"og:image:height\" content=\"750\" \/>\n\t<meta property=\"og:image:type\" content=\"image\/png\" \/>\n<meta name=\"twitter:card\" content=\"summary_large_image\" \/>\n<script type=\"application\/ld+json\" class=\"yoast-schema-graph\">{\"@context\":\"https:\\\/\\\/schema.org\",\"@graph\":[{\"@type\":\"WebPage\",\"@id\":\"https:\\\/\\\/hi-nd.com\\\/de\\\/produkt\\\/wandhalterung-medium\\\/\",\"url\":\"https:\\\/\\\/hi-nd.com\\\/de\\\/produkt\\\/wandhalterung-medium\\\/\",\"name\":\"Wandhalterung Medium - HI-ND\",\"isPartOf\":{\"@id\":\"https:\\\/\\\/hi-nd.com\\\/#website\"},\"primaryImageOfPage\":{\"@id\":\"https:\\\/\\\/hi-nd.com\\\/de\\\/produkt\\\/wandhalterung-medium\\\/#primaryimage\"},\"image\":{\"@id\":\"https:\\\/\\\/hi-nd.com\\\/de\\\/produkt\\\/wandhalterung-medium\\\/#primaryimage\"},\"thumbnailUrl\":\"https:\\\/\\\/hi-nd.com\\\/wp-content\\\/uploads\\\/2021\\\/11\\\/Wall-mount-web.png\",\"datePublished\":\"2021-11-22T18:02:19+00:00\",\"dateModified\":\"2024-02-22T20:19:53+00:00\",\"description\":\"Die HI-ND-Wandhalterung Medium tr\u00e4gt mit ihrer Stahlkonstruktion ein Gewicht von maximal 50 kg. Er ist f\u00fcr Monitore von 32\u2033 bis 55\u2033 ausgelegt.\",\"breadcrumb\":{\"@id\":\"https:\\\/\\\/hi-nd.com\\\/de\\\/produkt\\\/wandhalterung-medium\\\/#breadcrumb\"},\"inLanguage\":\"de\",\"potentialAction\":[{\"@type\":\"ReadAction\",\"target\":[\"https:\\\/\\\/hi-nd.com\\\/de\\\/produkt\\\/wandhalterung-medium\\\/\"]}]},{\"@type\":\"ImageObject\",\"inLanguage\":\"de\",\"@id\":\"https:\\\/\\\/hi-nd.com\\\/de\\\/produkt\\\/wandhalterung-medium\\\/#primaryimage\",\"url\":\"https:\\\/\\\/hi-nd.com\\\/wp-content\\\/uploads\\\/2021\\\/11\\\/Wall-mount-web.png\",\"contentUrl\":\"https:\\\/\\\/hi-nd.com\\\/wp-content\\\/uploads\\\/2021\\\/11\\\/Wall-mount-web.png\",\"width\":750,\"height\":750},{\"@type\":\"BreadcrumbList\",\"@id\":\"https:\\\/\\\/hi-nd.com\\\/de\\\/produkt\\\/wandhalterung-medium\\\/#breadcrumb\",\"itemListElement\":[{\"@type\":\"ListItem\",\"position\":1,\"name\":\"Home\",\"item\":\"https:\\\/\\\/hi-nd.com\\\/de\\\/\"},{\"@type\":\"ListItem\",\"position\":2,\"name\":\"Shop\",\"item\":\"https:\\\/\\\/hi-nd.com\\\/de\\\/shop\\\/\"},{\"@type\":\"ListItem\",\"position\":3,\"name\":\"Wandhalterung Medium\"}]},{\"@type\":\"WebSite\",\"@id\":\"https:\\\/\\\/hi-nd.com\\\/#website\",\"url\":\"https:\\\/\\\/hi-nd.com\\\/\",\"name\":\"HI-ND\",\"description\":\"Mounting Solutions\",\"potentialAction\":[{\"@type\":\"SearchAction\",\"target\":{\"@type\":\"EntryPoint\",\"urlTemplate\":\"https:\\\/\\\/hi-nd.com\\\/?s={search_term_string}\"},\"query-input\":{\"@type\":\"PropertyValueSpecification\",\"valueRequired\":true,\"valueName\":\"search_term_string\"}}],\"inLanguage\":\"de\"}]}<\/script>\n<!-- \/ Yoast SEO plugin. -->","yoast_head_json":{"title":"Wandhalterung Medium - HI-ND","description":"Die HI-ND-Wandhalterung Medium tr\u00e4gt mit ihrer Stahlkonstruktion ein Gewicht von maximal 50 kg. Er ist f\u00fcr Monitore von 32\u2033 bis 55\u2033 ausgelegt.","robots":{"index":"index","follow":"follow","max-snippet":"max-snippet:-1","max-image-preview":"max-image-preview:large","max-video-preview":"max-video-preview:-1"},"canonical":"https:\/\/hi-nd.com\/de\/produkt\/wandhalterung-medium\/","og_locale":"de_DE","og_type":"article","og_title":"Wandhalterung Medium - HI-ND","og_description":"Die HI-ND-Wandhalterung Medium tr\u00e4gt mit ihrer Stahlkonstruktion ein Gewicht von maximal 50 kg. Er ist f\u00fcr Monitore von 32\u2033 bis 55\u2033 ausgelegt.","og_url":"https:\/\/hi-nd.com\/de\/produkt\/wandhalterung-medium\/","og_site_name":"HI-ND","article_modified_time":"2024-02-22T20:19:53+00:00","og_image":[{"width":750,"height":750,"url":"https:\/\/hi-nd.com\/wp-content\/uploads\/2021\/11\/Wall-mount-web.png","type":"image\/png"}],"twitter_card":"summary_large_image","schema":{"@context":"https:\/\/schema.org","@graph":[{"@type":"WebPage","@id":"https:\/\/hi-nd.com\/de\/produkt\/wandhalterung-medium\/","url":"https:\/\/hi-nd.com\/de\/produkt\/wandhalterung-medium\/","name":"Wandhalterung Medium - HI-ND","isPartOf":{"@id":"https:\/\/hi-nd.com\/#website"},"primaryImageOfPage":{"@id":"https:\/\/hi-nd.com\/de\/produkt\/wandhalterung-medium\/#primaryimage"},"image":{"@id":"https:\/\/hi-nd.com\/de\/produkt\/wandhalterung-medium\/#primaryimage"},"thumbnailUrl":"https:\/\/hi-nd.com\/wp-content\/uploads\/2021\/11\/Wall-mount-web.png","datePublished":"2021-11-22T18:02:19+00:00","dateModified":"2024-02-22T20:19:53+00:00","description":"Die HI-ND-Wandhalterung Medium tr\u00e4gt mit ihrer Stahlkonstruktion ein Gewicht von maximal 50 kg. Er ist f\u00fcr Monitore von 32\u2033 bis 55\u2033 ausgelegt.","breadcrumb":{"@id":"https:\/\/hi-nd.com\/de\/produkt\/wandhalterung-medium\/#breadcrumb"},"inLanguage":"de","potentialAction":[{"@type":"ReadAction","target":["https:\/\/hi-nd.com\/de\/produkt\/wandhalterung-medium\/"]}]},{"@type":"ImageObject","inLanguage":"de","@id":"https:\/\/hi-nd.com\/de\/produkt\/wandhalterung-medium\/#primaryimage","url":"https:\/\/hi-nd.com\/wp-content\/uploads\/2021\/11\/Wall-mount-web.png","contentUrl":"https:\/\/hi-nd.com\/wp-content\/uploads\/2021\/11\/Wall-mount-web.png","width":750,"height":750},{"@type":"BreadcrumbList","@id":"https:\/\/hi-nd.com\/de\/produkt\/wandhalterung-medium\/#breadcrumb","itemListElement":[{"@type":"ListItem","position":1,"name":"Home","item":"https:\/\/hi-nd.com\/de\/"},{"@type":"ListItem","position":2,"name":"Shop","item":"https:\/\/hi-nd.com\/de\/shop\/"},{"@type":"ListItem","position":3,"name":"Wandhalterung Medium"}]},{"@type":"WebSite","@id":"https:\/\/hi-nd.com\/#website","url":"https:\/\/hi-nd.com\/","name":"HI-ND","description":"Mounting Solutions","potentialAction":[{"@type":"SearchAction","target":{"@type":"EntryPoint","urlTemplate":"https:\/\/hi-nd.com\/?s={search_term_string}"},"query-input":{"@type":"PropertyValueSpecification","valueRequired":true,"valueName":"search_term_string"}}],"inLanguage":"de"}]}},"_links":{"self":[{"href":"https:\/\/hi-nd.com\/de\/wp-json\/wp\/v2\/product\/5768","targetHints":{"allow":["GET"]}}],"collection":[{"href":"https:\/\/hi-nd.com\/de\/wp-json\/wp\/v2\/product"}],"about":[{"href":"https:\/\/hi-nd.com\/de\/wp-json\/wp\/v2\/types\/product"}],"wp:featuredmedia":[{"embeddable":true,"href":"https:\/\/hi-nd.com\/de\/wp-json\/wp\/v2\/media\/3705"}],"wp:attachment":[{"href":"https:\/\/hi-nd.com\/de\/wp-json\/wp\/v2\/media?parent=5768"}],"wp:term":[{"taxonomy":"product_brand","embeddable":true,"href":"https:\/\/hi-nd.com\/de\/wp-json\/wp\/v2\/product_brand?post=5768"},{"taxonomy":"product_cat","embeddable":true,"href":"https:\/\/hi-nd.com\/de\/wp-json\/wp\/v2\/product_cat?post=5768"},{"taxonomy":"product_tag","embeddable":true,"href":"https:\/\/hi-nd.com\/de\/wp-json\/wp\/v2\/product_tag?post=5768"}],"curies":[{"name":"wp","href":"https:\/\/api.w.org\/{rel}","templated":true}]}}