{"id":5765,"date":"2021-10-25T16:24:15","date_gmt":"2021-10-25T14:24:15","guid":{"rendered":"https:\/\/hi-nd.com\/product\/einzelnes-totem-exklusiv\/"},"modified":"2024-02-22T21:19:36","modified_gmt":"2024-02-22T20:19:36","slug":"einzelnes-totem-exklusiv","status":"publish","type":"product","link":"https:\/\/hi-nd.com\/de\/produkt\/einzelnes-totem-exklusiv\/","title":{"rendered":"Einzelnes Totem Exklusiv"},"content":{"rendered":"<p>&nbsp;<\/p>\n<p>&nbsp;<\/p>\n<table width=\"800\">\n<tbody>\n<tr>\n<td width=\"150\">Teilnummer<\/td>\n<td width=\"600\"> Beschreibung<\/td>\n<td width=\"85\"> Farbe<\/td>\n<\/tr>\n<tr>\n<td>ST5500-5001-Holz<\/td>\n<td>  Einzelnes Totem Exklusiv 55&#8243;, LG &amp; Samsung, Hochformat, Schwarzes Chassis, Schwarzes Glas, Holzdekor<\/td>\n<td>  Schwarz\/Holz<\/td>\n<\/tr>\n<tr>\n<td>ST5500-5001-01<\/td>\n<td>  Einzelner Totem Exclusive 55&#8243;, LG &amp; Samsung, Hochformat, wei\u00dfes Geh\u00e4use, wei\u00dfes Glas<\/td>\n<td> Wei\u00df<\/td>\n<\/tr>\n<tr>\n<td>ST5500-5001-02<\/td>\n<td>  Einzelner Totem Exclusive 55&#8243;, LG &amp; Samsung, Hochformat, schwarzes Geh\u00e4use, schwarzes Glas<\/td>\n<td> Schwarz<\/td>\n<\/tr>\n<tr>\n<td>ST5500-5001-100<\/td>\n<td>  Einzelner Totem Exclusive 55&#8243;, gro\u00dfe Fu\u00dfplatte, LG &amp; Samsung, Hochformat, schwarzes Chassis, schwarzes Glas<\/td>\n<td> Schwarz<\/td>\n<\/tr>\n<\/tbody>\n<\/table>\n","protected":false},"excerpt":{"rendered":"<p><strong>Entwerfen Sie Ihr eigenes Totem  <\/strong><\/p>\n<p>Unser Single Totem Exclusive f\u00fcr den Innenbereich wurde entwickelt, um den Kunden die Freiheit zu geben, ein Totem mit ihrem eigenen einzigartigen Aussehen zu gestalten. Ideal f\u00fcr Lobbys, Restaurants, Gesch\u00e4fte und \u00f6ffentliche R\u00e4ume. Das Exclusive Totem kann mit einem beleuchteten Logo versehen werden, das das Markenimage des Kunden widerspiegelt. Die Standardfarbe ist schwarz, aber es kann in verschiedenen Farben bestellt werden. Die Fu\u00dfplatte muss eingesteckt werden (gr\u00f6\u00dfere Fu\u00dfplatte ohne Steckbedarf erh\u00e4ltlich).<\/p>\n<ul>\n<li>Bildschirmgr\u00f6\u00dfe 55&#8243;<\/li>\n<li>Geeignet f\u00fcr Samsung QM55B, QM55C und LG55UH5F<\/li>\n<li>Zugang von vorne<\/li>\n<li>Platz f\u00fcr Computer und Router im Inneren<\/li>\n<li>6 mm geh\u00e4rtetes Glas an der Vorderseite<\/li>\n<li>Benutzerdefinierte Optionen\n<ul>\n<li>Gro\u00dfe Fu\u00dfplatte als Option, Stecker nicht erforderlich<\/li>\n<li><em>Holzdekor Seiten<\/em><\/li>\n<li><em>Holzklappe unterhalb des Displays<\/em><\/li>\n<li><em>Glasklappe unterhalb des Displays  <\/em><\/li>\n<li><em>Gedrucktes Logo auf dem Glas<\/em><\/li>\n<li><em>Verschiedene Pulverbeschichtungen<\/em><\/li>\n<\/ul>\n<\/li>\n<\/ul>\n","protected":false},"featured_media":3963,"template":"","meta":[],"product_brand":[],"product_cat":[78,79],"product_tag":[80],"class_list":{"0":"post-5765","1":"product","2":"type-product","3":"status-publish","4":"has-post-thumbnail","6":"product_cat-floor-de","7":"product_cat-totem-de","8":"product_tag-boden-digital-signage","10":"first","11":"instock","12":"shipping-taxable","13":"product-type-simple"},"yoast_head":"<!-- This site is optimized with the Yoast SEO plugin v27.3 - https:\/\/yoast.com\/product\/yoast-seo-wordpress\/ -->\n<title>Einzelnes Totem Exklusiv - HI-ND<\/title>\n<meta name=\"description\" content=\"Das dekorative HI-ND-Totem f\u00fcr den Innenbereich wurde entwickelt, um den Kunden die Freiheit zu geben, ein Totem mit einem einzigartigen Aussehen zu entwerfen. Erh\u00e4ltlich in verschiedenen Farben.\" \/>\n<meta name=\"robots\" content=\"index, follow, max-snippet:-1, max-image-preview:large, max-video-preview:-1\" \/>\n<link rel=\"canonical\" href=\"https:\/\/hi-nd.com\/de\/produkt\/einzelnes-totem-exklusiv\/\" \/>\n<meta property=\"og:locale\" content=\"de_DE\" \/>\n<meta property=\"og:type\" content=\"article\" \/>\n<meta property=\"og:title\" content=\"Einzelnes Totem Exklusiv - HI-ND\" \/>\n<meta property=\"og:description\" content=\"Das dekorative HI-ND-Totem f\u00fcr den Innenbereich wurde entwickelt, um den Kunden die Freiheit zu geben, ein Totem mit einem einzigartigen Aussehen zu entwerfen. Erh\u00e4ltlich in verschiedenen Farben.\" \/>\n<meta property=\"og:url\" content=\"https:\/\/hi-nd.com\/de\/produkt\/einzelnes-totem-exklusiv\/\" \/>\n<meta property=\"og:site_name\" content=\"HI-ND\" \/>\n<meta property=\"article:modified_time\" content=\"2024-02-22T20:19:36+00:00\" \/>\n<meta property=\"og:image\" content=\"https:\/\/hi-nd.com\/wp-content\/uploads\/2022\/01\/single-web.png\" \/>\n\t<meta property=\"og:image:width\" content=\"750\" \/>\n\t<meta property=\"og:image:height\" content=\"750\" \/>\n\t<meta property=\"og:image:type\" content=\"image\/png\" \/>\n<meta name=\"twitter:card\" content=\"summary_large_image\" \/>\n<script type=\"application\/ld+json\" class=\"yoast-schema-graph\">{\"@context\":\"https:\\\/\\\/schema.org\",\"@graph\":[{\"@type\":\"WebPage\",\"@id\":\"https:\\\/\\\/hi-nd.com\\\/de\\\/produkt\\\/einzelnes-totem-exklusiv\\\/\",\"url\":\"https:\\\/\\\/hi-nd.com\\\/de\\\/produkt\\\/einzelnes-totem-exklusiv\\\/\",\"name\":\"Einzelnes Totem Exklusiv - HI-ND\",\"isPartOf\":{\"@id\":\"https:\\\/\\\/hi-nd.com\\\/#website\"},\"primaryImageOfPage\":{\"@id\":\"https:\\\/\\\/hi-nd.com\\\/de\\\/produkt\\\/einzelnes-totem-exklusiv\\\/#primaryimage\"},\"image\":{\"@id\":\"https:\\\/\\\/hi-nd.com\\\/de\\\/produkt\\\/einzelnes-totem-exklusiv\\\/#primaryimage\"},\"thumbnailUrl\":\"https:\\\/\\\/hi-nd.com\\\/wp-content\\\/uploads\\\/2022\\\/01\\\/single-web.png\",\"datePublished\":\"2021-10-25T14:24:15+00:00\",\"dateModified\":\"2024-02-22T20:19:36+00:00\",\"description\":\"Das dekorative HI-ND-Totem f\u00fcr den Innenbereich wurde entwickelt, um den Kunden die Freiheit zu geben, ein Totem mit einem einzigartigen Aussehen zu entwerfen. Erh\u00e4ltlich in verschiedenen Farben.\",\"breadcrumb\":{\"@id\":\"https:\\\/\\\/hi-nd.com\\\/de\\\/produkt\\\/einzelnes-totem-exklusiv\\\/#breadcrumb\"},\"inLanguage\":\"de\",\"potentialAction\":[{\"@type\":\"ReadAction\",\"target\":[\"https:\\\/\\\/hi-nd.com\\\/de\\\/produkt\\\/einzelnes-totem-exklusiv\\\/\"]}]},{\"@type\":\"ImageObject\",\"inLanguage\":\"de\",\"@id\":\"https:\\\/\\\/hi-nd.com\\\/de\\\/produkt\\\/einzelnes-totem-exklusiv\\\/#primaryimage\",\"url\":\"https:\\\/\\\/hi-nd.com\\\/wp-content\\\/uploads\\\/2022\\\/01\\\/single-web.png\",\"contentUrl\":\"https:\\\/\\\/hi-nd.com\\\/wp-content\\\/uploads\\\/2022\\\/01\\\/single-web.png\",\"width\":750,\"height\":750},{\"@type\":\"BreadcrumbList\",\"@id\":\"https:\\\/\\\/hi-nd.com\\\/de\\\/produkt\\\/einzelnes-totem-exklusiv\\\/#breadcrumb\",\"itemListElement\":[{\"@type\":\"ListItem\",\"position\":1,\"name\":\"Home\",\"item\":\"https:\\\/\\\/hi-nd.com\\\/de\\\/\"},{\"@type\":\"ListItem\",\"position\":2,\"name\":\"Shop\",\"item\":\"https:\\\/\\\/hi-nd.com\\\/de\\\/shop\\\/\"},{\"@type\":\"ListItem\",\"position\":3,\"name\":\"Einzelnes Totem Exklusiv\"}]},{\"@type\":\"WebSite\",\"@id\":\"https:\\\/\\\/hi-nd.com\\\/#website\",\"url\":\"https:\\\/\\\/hi-nd.com\\\/\",\"name\":\"HI-ND\",\"description\":\"Mounting Solutions\",\"potentialAction\":[{\"@type\":\"SearchAction\",\"target\":{\"@type\":\"EntryPoint\",\"urlTemplate\":\"https:\\\/\\\/hi-nd.com\\\/?s={search_term_string}\"},\"query-input\":{\"@type\":\"PropertyValueSpecification\",\"valueRequired\":true,\"valueName\":\"search_term_string\"}}],\"inLanguage\":\"de\"}]}<\/script>\n<!-- \/ Yoast SEO plugin. -->","yoast_head_json":{"title":"Einzelnes Totem Exklusiv - HI-ND","description":"Das dekorative HI-ND-Totem f\u00fcr den Innenbereich wurde entwickelt, um den Kunden die Freiheit zu geben, ein Totem mit einem einzigartigen Aussehen zu entwerfen. Erh\u00e4ltlich in verschiedenen Farben.","robots":{"index":"index","follow":"follow","max-snippet":"max-snippet:-1","max-image-preview":"max-image-preview:large","max-video-preview":"max-video-preview:-1"},"canonical":"https:\/\/hi-nd.com\/de\/produkt\/einzelnes-totem-exklusiv\/","og_locale":"de_DE","og_type":"article","og_title":"Einzelnes Totem Exklusiv - HI-ND","og_description":"Das dekorative HI-ND-Totem f\u00fcr den Innenbereich wurde entwickelt, um den Kunden die Freiheit zu geben, ein Totem mit einem einzigartigen Aussehen zu entwerfen. Erh\u00e4ltlich in verschiedenen Farben.","og_url":"https:\/\/hi-nd.com\/de\/produkt\/einzelnes-totem-exklusiv\/","og_site_name":"HI-ND","article_modified_time":"2024-02-22T20:19:36+00:00","og_image":[{"width":750,"height":750,"url":"https:\/\/hi-nd.com\/wp-content\/uploads\/2022\/01\/single-web.png","type":"image\/png"}],"twitter_card":"summary_large_image","schema":{"@context":"https:\/\/schema.org","@graph":[{"@type":"WebPage","@id":"https:\/\/hi-nd.com\/de\/produkt\/einzelnes-totem-exklusiv\/","url":"https:\/\/hi-nd.com\/de\/produkt\/einzelnes-totem-exklusiv\/","name":"Einzelnes Totem Exklusiv - HI-ND","isPartOf":{"@id":"https:\/\/hi-nd.com\/#website"},"primaryImageOfPage":{"@id":"https:\/\/hi-nd.com\/de\/produkt\/einzelnes-totem-exklusiv\/#primaryimage"},"image":{"@id":"https:\/\/hi-nd.com\/de\/produkt\/einzelnes-totem-exklusiv\/#primaryimage"},"thumbnailUrl":"https:\/\/hi-nd.com\/wp-content\/uploads\/2022\/01\/single-web.png","datePublished":"2021-10-25T14:24:15+00:00","dateModified":"2024-02-22T20:19:36+00:00","description":"Das dekorative HI-ND-Totem f\u00fcr den Innenbereich wurde entwickelt, um den Kunden die Freiheit zu geben, ein Totem mit einem einzigartigen Aussehen zu entwerfen. Erh\u00e4ltlich in verschiedenen Farben.","breadcrumb":{"@id":"https:\/\/hi-nd.com\/de\/produkt\/einzelnes-totem-exklusiv\/#breadcrumb"},"inLanguage":"de","potentialAction":[{"@type":"ReadAction","target":["https:\/\/hi-nd.com\/de\/produkt\/einzelnes-totem-exklusiv\/"]}]},{"@type":"ImageObject","inLanguage":"de","@id":"https:\/\/hi-nd.com\/de\/produkt\/einzelnes-totem-exklusiv\/#primaryimage","url":"https:\/\/hi-nd.com\/wp-content\/uploads\/2022\/01\/single-web.png","contentUrl":"https:\/\/hi-nd.com\/wp-content\/uploads\/2022\/01\/single-web.png","width":750,"height":750},{"@type":"BreadcrumbList","@id":"https:\/\/hi-nd.com\/de\/produkt\/einzelnes-totem-exklusiv\/#breadcrumb","itemListElement":[{"@type":"ListItem","position":1,"name":"Home","item":"https:\/\/hi-nd.com\/de\/"},{"@type":"ListItem","position":2,"name":"Shop","item":"https:\/\/hi-nd.com\/de\/shop\/"},{"@type":"ListItem","position":3,"name":"Einzelnes Totem Exklusiv"}]},{"@type":"WebSite","@id":"https:\/\/hi-nd.com\/#website","url":"https:\/\/hi-nd.com\/","name":"HI-ND","description":"Mounting Solutions","potentialAction":[{"@type":"SearchAction","target":{"@type":"EntryPoint","urlTemplate":"https:\/\/hi-nd.com\/?s={search_term_string}"},"query-input":{"@type":"PropertyValueSpecification","valueRequired":true,"valueName":"search_term_string"}}],"inLanguage":"de"}]}},"_links":{"self":[{"href":"https:\/\/hi-nd.com\/de\/wp-json\/wp\/v2\/product\/5765","targetHints":{"allow":["GET"]}}],"collection":[{"href":"https:\/\/hi-nd.com\/de\/wp-json\/wp\/v2\/product"}],"about":[{"href":"https:\/\/hi-nd.com\/de\/wp-json\/wp\/v2\/types\/product"}],"wp:featuredmedia":[{"embeddable":true,"href":"https:\/\/hi-nd.com\/de\/wp-json\/wp\/v2\/media\/3963"}],"wp:attachment":[{"href":"https:\/\/hi-nd.com\/de\/wp-json\/wp\/v2\/media?parent=5765"}],"wp:term":[{"taxonomy":"product_brand","embeddable":true,"href":"https:\/\/hi-nd.com\/de\/wp-json\/wp\/v2\/product_brand?post=5765"},{"taxonomy":"product_cat","embeddable":true,"href":"https:\/\/hi-nd.com\/de\/wp-json\/wp\/v2\/product_cat?post=5765"},{"taxonomy":"product_tag","embeddable":true,"href":"https:\/\/hi-nd.com\/de\/wp-json\/wp\/v2\/product_tag?post=5765"}],"curies":[{"name":"wp","href":"https:\/\/api.w.org\/{rel}","templated":true}]}}