{"id":7221,"date":"2024-05-28T09:54:31","date_gmt":"2024-05-28T07:54:31","guid":{"rendered":"https:\/\/hi-nd.com\/auto-entwurf\/"},"modified":"2024-10-28T11:33:17","modified_gmt":"2024-10-28T10:33:17","slug":"auto-entwurf","status":"publish","type":"page","link":"https:\/\/hi-nd.com\/de\/auto-entwurf\/","title":{"rendered":"Logos auf Produkten"},"content":{"rendered":"\n\t<div id=\"gap-716263700\" class=\"gap-element clearfix\" style=\"display:block; height:auto;\">\n\t\t\n<style>\n#gap-716263700 {\n  padding-top: 30px;\n}\n<\/style>\n\t<\/div>\n\t\n\n<div class=\"container section-title-container\" ><h1 class=\"section-title section-title-center\"><b aria-hidden=\"true\"><\/b><span class=\"section-title-main\" >Logos auf Produkten<\/span><b aria-hidden=\"true\"><\/b><\/h1><\/div>\n\n<div class=\"row\"  id=\"row-340584920\">\n\n\n\t<div id=\"col-1735798921\" class=\"col small-12 large-12\"  >\n\t\t\t\t<div class=\"col-inner\"  >\n\t\t\t\n\t\t\t\n\n<p style=\"text-align: center;\">Die Schaffung eines einzigartigen Ansatzes f\u00fcr die Marke ist von gro\u00dfer Bedeutung. Bei den meisten unserer Produkte k\u00f6nnen Sie Ihre Logos auf den Produkten anbringen. Sie werden auf unterschiedliche Weise erstellt, je nach Material, Layout und gew\u00fcnschtem Ergebnis. <\/p>\n\n\t\t<\/div>\n\t\t\t\t\t<\/div>\n\n\t\n\n<\/div>\n\t<div id=\"gap-995801389\" class=\"gap-element clearfix\" style=\"display:block; height:auto;\">\n\t\t\n<style>\n#gap-995801389 {\n  padding-top: 30px;\n}\n<\/style>\n\t<\/div>\n\t\n\n<div class=\"row\"  id=\"row-742032543\">\n\n\n\t<div id=\"col-852464331\" class=\"col medium-4 small-12 large-4\"  >\n\t\t\t\t<div class=\"col-inner\"  >\n\t\t\t\n\t\t\t\n\n<p style=\"text-align: center;\"><strong>Siebdruck-Logos<\/strong><\/p>\n<p>Siebdrucklogos auf Digital Signage-Produkten erh\u00f6hen die Sichtbarkeit und Wiedererkennung Ihrer Marke. Diese Technik bietet leuchtende Farben und haltbare Designs, die daf\u00fcr sorgen, dass die Logos in stark frequentierten Bereichen auffallen. Der Siebdruck ist eine Drucktechnik, bei der ein Gewebe verwendet wird, um Tinte auf ein Substrat zu \u00fcbertragen, au\u00dfer in Bereichen, die durch eine Schablone undurchl\u00e4ssig f\u00fcr die Tinte sind. Es wird verwendet, um hochwertige Drucke auf verschiedenen Oberfl\u00e4chen zu erstellen.   <\/p>\n\n\t\t<\/div>\n\t\t\t\t\t<\/div>\n\n\t\n\n\t<div id=\"col-2053282328\" class=\"col medium-4 small-12 large-4\"  >\n\t\t\t\t<div class=\"col-inner\"  >\n\t\t\t\n\t\t\t\n\n\t<div class=\"box has-hover   has-hover box-text-bottom\" >\n\n\t\t<div class=\"box-image\" >\n\t\t\t<a href=\"https:\/\/hi-nd.com\/wp-content\/uploads\/2023\/12\/NK-750x750-1.jpg\" >\t\t\t<div class=\"\" >\n\t\t\t\t<img loading=\"lazy\" decoding=\"async\" width=\"750\" height=\"750\" src=\"https:\/\/hi-nd.com\/wp-content\/uploads\/2023\/12\/NK-750x750-1.jpg\" class=\"attachment- size-\" alt=\"Wall Casing\" srcset=\"https:\/\/hi-nd.com\/wp-content\/uploads\/2023\/12\/NK-750x750-1.jpg 750w, https:\/\/hi-nd.com\/wp-content\/uploads\/2023\/12\/NK-750x750-1-300x300.jpg 300w, https:\/\/hi-nd.com\/wp-content\/uploads\/2023\/12\/NK-750x750-1-150x150.jpg 150w, https:\/\/hi-nd.com\/wp-content\/uploads\/2023\/12\/NK-750x750-1-100x100.jpg 100w\" sizes=\"auto, (max-width: 750px) 100vw, 750px\" \/>\t\t\t\t\t\t\t\t\t\t\t<\/div>\n\t\t\t<\/a>\t\t<\/div>\n\n\t\t<div class=\"box-text text-center\" >\n\t\t\t<div class=\"box-text-inner\">\n\t\t\t\t\n\n<h5>NK schwarzes Logo<\/h5>\n\n\t\t\t<\/div>\n\t\t<\/div>\n\t<\/div>\n\t\n\n\t\t<\/div>\n\t\t\t\t\t<\/div>\n\n\t\n\n\t<div id=\"col-777072240\" class=\"col medium-4 small-12 large-4\"  >\n\t\t\t\t<div class=\"col-inner\"  >\n\t\t\t\n\t\t\t\n\n\t<div class=\"box has-hover   has-hover box-text-bottom\" >\n\n\t\t<div class=\"box-image\" >\n\t\t\t<a href=\"https:\/\/hi-nd.com\/wp-content\/uploads\/2024\/05\/IMG_9829-750x750-1.jpg\" >\t\t\t<div class=\"\" >\n\t\t\t\t<img loading=\"lazy\" decoding=\"async\" width=\"750\" height=\"750\" src=\"https:\/\/hi-nd.com\/wp-content\/uploads\/2024\/05\/IMG_9829-750x750-1.jpg\" class=\"attachment- size-\" alt=\"Screen print\" srcset=\"https:\/\/hi-nd.com\/wp-content\/uploads\/2024\/05\/IMG_9829-750x750-1.jpg 750w, https:\/\/hi-nd.com\/wp-content\/uploads\/2024\/05\/IMG_9829-750x750-1-300x300.jpg 300w, https:\/\/hi-nd.com\/wp-content\/uploads\/2024\/05\/IMG_9829-750x750-1-150x150.jpg 150w, https:\/\/hi-nd.com\/wp-content\/uploads\/2024\/05\/IMG_9829-750x750-1-100x100.jpg 100w\" sizes=\"auto, (max-width: 750px) 100vw, 750px\" \/>\t\t\t\t\t\t\t\t\t\t\t<\/div>\n\t\t\t<\/a>\t\t<\/div>\n\n\t\t<div class=\"box-text text-center\" >\n\t\t\t<div class=\"box-text-inner\">\n\t\t\t\t\n\n<h5>Jureskogs wei\u00dfes Logo<\/h5>\n\n\t\t\t<\/div>\n\t\t<\/div>\n\t<\/div>\n\t\n\n\t\t<\/div>\n\t\t\t\t\t<\/div>\n\n\t\n\n<\/div>\n<div class=\"row\"  id=\"row-687021204\">\n\n\n\t<div id=\"col-135743159\" class=\"col medium-4 small-12 large-4\"  >\n\t\t\t\t<div class=\"col-inner\"  >\n\t\t\t\n\t\t\t\n\n<p style=\"text-align: center;\"><strong>Gedruckte Logos (nicht beleuchtet)<\/strong><\/p>\n<p>Gedruckte Logos auf Digital Signage-Produkten liefern ein klares, lebendiges Branding, das in verschiedenen Umgebungen hervorsticht. Dieser Ansatz stellt sicher, dass die Logos leicht erkennbar sind und die Markenidentit\u00e4t gest\u00e4rkt wird. Durch die Integration von gedruckten Elementen in digitale Displays schaffen Unternehmen koh\u00e4rente visuelle Erlebnisse, die das Publikum effektiv ansprechen und einen bleibenden Eindruck sowohl in stark frequentierten als auch in ungezwungenen Umgebungen hinterlassen.  <\/p>\n\n\t\t<\/div>\n\t\t\t\t\t<\/div>\n\n\t\n\n\t<div id=\"col-222413935\" class=\"col medium-4 small-12 large-4\"  >\n\t\t\t\t<div class=\"col-inner\"  >\n\t\t\t\n\t\t\t\n\n\t<div class=\"box has-hover   has-hover box-text-bottom\" >\n\n\t\t<div class=\"box-image\" >\n\t\t\t<a href=\"https:\/\/hi-nd.com\/wp-content\/uploads\/2024\/09\/cyber-media-logga-print-750x750-1.png\" >\t\t\t<div class=\"\" >\n\t\t\t\t<img loading=\"lazy\" decoding=\"async\" width=\"750\" height=\"750\" src=\"https:\/\/hi-nd.com\/wp-content\/uploads\/2024\/09\/cyber-media-logga-print-750x750-1.png\" class=\"attachment- size-\" alt=\"cyber media printed logo\" srcset=\"https:\/\/hi-nd.com\/wp-content\/uploads\/2024\/09\/cyber-media-logga-print-750x750-1.png 750w, https:\/\/hi-nd.com\/wp-content\/uploads\/2024\/09\/cyber-media-logga-print-750x750-1-300x300.png 300w, https:\/\/hi-nd.com\/wp-content\/uploads\/2024\/09\/cyber-media-logga-print-750x750-1-150x150.png 150w, https:\/\/hi-nd.com\/wp-content\/uploads\/2024\/09\/cyber-media-logga-print-750x750-1-100x100.png 100w\" sizes=\"auto, (max-width: 750px) 100vw, 750px\" \/>\t\t\t\t\t\t\t\t\t\t\t<\/div>\n\t\t\t<\/a>\t\t<\/div>\n\n\t\t<div class=\"box-text text-center\" >\n\t\t\t<div class=\"box-text-inner\">\n\t\t\t\t\n\n<h5>Cyber Media gedrucktes Logo<\/h5>\n\n\t\t\t<\/div>\n\t\t<\/div>\n\t<\/div>\n\t\n\n\t\t<\/div>\n\t\t\t\t\t<\/div>\n\n\t\n\n\t<div id=\"col-752750584\" class=\"col medium-4 small-12 large-4\"  >\n\t\t\t\t<div class=\"col-inner\"  >\n\t\t\t\n\t\t\t\n\n\n\t\t<\/div>\n\t\t\t\t\t<\/div>\n\n\t\n\n<\/div>\n<div class=\"row\"  id=\"row-1521723626\">\n\n\n\t<div id=\"col-1195442632\" class=\"col medium-4 small-12 large-4\"  >\n\t\t\t\t<div class=\"col-inner\"  >\n\t\t\t\n\t\t\t\n\n<p style=\"text-align: center;\"><strong>Beleuchtete Logos<\/strong><\/p>\n<p>Beleuchtete Logos auf Digital Signage-Produkten sorgen f\u00fcr eine beeindruckende visuelle Wirkung und erh\u00f6hen die Sichtbarkeit Ihrer Marke sowohl bei Tag als auch bei Nacht. Ihr lebhaftes Leuchten zieht die Aufmerksamkeit auf sich und macht sie ideal f\u00fcr Schaufenster und Veranstaltungen. Durch die Kombination von Beleuchtung und digitaler Technologie schaffen Unternehmen einpr\u00e4gsame Eindr\u00fccke, die die Markenidentit\u00e4t effektiv st\u00e4rken und Kunden in jeder Umgebung ansprechen. Ein beleuchtetes Logo mit verst\u00e4rkten Lichteffekten ist eine einfache M\u00f6glichkeit, dem Produkt ein exklusiveres Aussehen zu verleihen. Ein beleuchtetes Logo hat die Macht, Aufmerksamkeit zu erregen, die Sichtbarkeit zu verbessern und einen bleibenden Eindruck beim Publikum zu hinterlassen.    <\/p>\n\n\t\t<\/div>\n\t\t\t\t\t<\/div>\n\n\t\n\n\t<div id=\"col-1585435916\" class=\"col medium-4 small-12 large-4\"  >\n\t\t\t\t<div class=\"col-inner\"  >\n\t\t\t\n\t\t\t\n\n\t<div class=\"box has-hover   has-hover box-text-bottom\" >\n\n\t\t<div class=\"box-image\" >\n\t\t\t<a href=\"https:\/\/hi-nd.com\/wp-content\/uploads\/2024\/09\/MG_8859-dualiso.png\" >\t\t\t<div class=\"\" >\n\t\t\t\t<img loading=\"lazy\" decoding=\"async\" width=\"750\" height=\"750\" src=\"https:\/\/hi-nd.com\/wp-content\/uploads\/2024\/09\/MG_8859-dualiso.png\" class=\"attachment- size-\" alt=\"Illuminated ocean logo\" srcset=\"https:\/\/hi-nd.com\/wp-content\/uploads\/2024\/09\/MG_8859-dualiso.png 750w, https:\/\/hi-nd.com\/wp-content\/uploads\/2024\/09\/MG_8859-dualiso-300x300.png 300w, https:\/\/hi-nd.com\/wp-content\/uploads\/2024\/09\/MG_8859-dualiso-150x150.png 150w, https:\/\/hi-nd.com\/wp-content\/uploads\/2024\/09\/MG_8859-dualiso-100x100.png 100w\" sizes=\"auto, (max-width: 750px) 100vw, 750px\" \/>\t\t\t\t\t\t\t\t\t\t\t<\/div>\n\t\t\t<\/a>\t\t<\/div>\n\n\t\t<div class=\"box-text text-center\" >\n\t\t\t<div class=\"box-text-inner\">\n\t\t\t\t\n\n<h5>Ozean beleuchtetes Logo<\/h5>\n\n\t\t\t<\/div>\n\t\t<\/div>\n\t<\/div>\n\t\n\n\t\t<\/div>\n\t\t\t\t\t<\/div>\n\n\t\n\n\t<div id=\"col-1020051196\" class=\"col medium-4 small-12 large-4\"  >\n\t\t\t\t<div class=\"col-inner\"  >\n\t\t\t\n\t\t\t\n\n\t<div class=\"box has-hover   has-hover box-text-bottom\" >\n\n\t\t<div class=\"box-image\" >\n\t\t\t<a href=\"https:\/\/hi-nd.com\/wp-content\/uploads\/2024\/09\/MG_8794-dualiso.png\" >\t\t\t<div class=\"\" >\n\t\t\t\t<img loading=\"lazy\" decoding=\"async\" width=\"750\" height=\"750\" src=\"https:\/\/hi-nd.com\/wp-content\/uploads\/2024\/09\/MG_8794-dualiso.png\" class=\"attachment- size-\" alt=\"Illuminated ocean logo\" srcset=\"https:\/\/hi-nd.com\/wp-content\/uploads\/2024\/09\/MG_8794-dualiso.png 750w, https:\/\/hi-nd.com\/wp-content\/uploads\/2024\/09\/MG_8794-dualiso-300x300.png 300w, https:\/\/hi-nd.com\/wp-content\/uploads\/2024\/09\/MG_8794-dualiso-150x150.png 150w, https:\/\/hi-nd.com\/wp-content\/uploads\/2024\/09\/MG_8794-dualiso-100x100.png 100w\" sizes=\"auto, (max-width: 750px) 100vw, 750px\" \/>\t\t\t\t\t\t\t\t\t\t\t<\/div>\n\t\t\t<\/a>\t\t<\/div>\n\n\t\t<div class=\"box-text text-center\" >\n\t\t\t<div class=\"box-text-inner\">\n\t\t\t\t\n\n\n\t\t\t<\/div>\n\t\t<\/div>\n\t<\/div>\n\t\n\n\t\t<\/div>\n\t\t\t\t\t<\/div>\n\n\t\n\n<\/div>\n<div class=\"row\"  id=\"row-1893001280\">\n\n\n\t<div id=\"col-1875432824\" class=\"col medium-4 small-12 large-4\"  >\n\t\t\t\t<div class=\"col-inner\"  >\n\t\t\t\n\t\t\t\n\n<p style=\"text-align: center;\"><strong>Logos in Kunststoffbuchstaben\/beleuchtete Option<\/strong><\/p>\n<ol>\n<li>Logos mit Kunststoffbuchstaben sind etwas, das wir verwendet haben, um Ihrem Logo ein einzigartigeres Aussehen zu verleihen und eine 3D-Optik zu erhalten.<\/li>\n<li>Die einzigartigen Buchstabenlogos aus Kunststoff mit einer zus\u00e4tzlichen Beleuchtungsoption.<\/li>\n<\/ol>\n\n\t\t<\/div>\n\t\t\t\t\t<\/div>\n\n\t\n\n\t<div id=\"col-867063935\" class=\"col medium-4 small-12 large-4\"  >\n\t\t\t\t<div class=\"col-inner\"  >\n\t\t\t\n\t\t\t\n\n\t<div class=\"box has-hover   has-hover box-text-bottom\" >\n\n\t\t<div class=\"box-image\" >\n\t\t\t<a href=\"https:\/\/hi-nd.com\/wp-content\/uploads\/2024\/09\/SKHLM-plastlogga.png\" >\t\t\t<div class=\"\" >\n\t\t\t\t<img loading=\"lazy\" decoding=\"async\" width=\"750\" height=\"750\" src=\"https:\/\/hi-nd.com\/wp-content\/uploads\/2024\/09\/SKHLM-plastlogga.png\" class=\"attachment- size-\" alt=\"SKHLM plastic logo\" srcset=\"https:\/\/hi-nd.com\/wp-content\/uploads\/2024\/09\/SKHLM-plastlogga.png 750w, https:\/\/hi-nd.com\/wp-content\/uploads\/2024\/09\/SKHLM-plastlogga-300x300.png 300w, https:\/\/hi-nd.com\/wp-content\/uploads\/2024\/09\/SKHLM-plastlogga-150x150.png 150w, https:\/\/hi-nd.com\/wp-content\/uploads\/2024\/09\/SKHLM-plastlogga-100x100.png 100w\" sizes=\"auto, (max-width: 750px) 100vw, 750px\" \/>\t\t\t\t\t\t\t\t\t\t\t<\/div>\n\t\t\t<\/a>\t\t<\/div>\n\n\t\t<div class=\"box-text text-center\" >\n\t\t\t<div class=\"box-text-inner\">\n\t\t\t\t\n\n<h4>SKHLM Kunststoff-Logo<\/h4>\n\n\t\t\t<\/div>\n\t\t<\/div>\n\t<\/div>\n\t\n\n\t\t<\/div>\n\t\t\t\t\t<\/div>\n\n\t\n\n\t<div id=\"col-1651181360\" class=\"col medium-4 small-12 large-4\"  >\n\t\t\t\t<div class=\"col-inner\"  >\n\t\t\t\n\t\t\t\n\n\t<div class=\"box has-hover   has-hover box-text-bottom\" >\n\n\t\t<div class=\"box-image\" >\n\t\t\t<a href=\"https:\/\/hi-nd.com\/wp-content\/uploads\/2024\/10\/IMG_1440-SKHLM-750x750-1.png\" >\t\t\t<div class=\"\" >\n\t\t\t\t<img loading=\"lazy\" decoding=\"async\" width=\"750\" height=\"750\" src=\"https:\/\/hi-nd.com\/wp-content\/uploads\/2024\/10\/IMG_1440-SKHLM-750x750-1.png\" class=\"attachment- size-\" alt=\"SKHLM laser-cut letters\" srcset=\"https:\/\/hi-nd.com\/wp-content\/uploads\/2024\/10\/IMG_1440-SKHLM-750x750-1.png 750w, https:\/\/hi-nd.com\/wp-content\/uploads\/2024\/10\/IMG_1440-SKHLM-750x750-1-300x300.png 300w, https:\/\/hi-nd.com\/wp-content\/uploads\/2024\/10\/IMG_1440-SKHLM-750x750-1-150x150.png 150w, https:\/\/hi-nd.com\/wp-content\/uploads\/2024\/10\/IMG_1440-SKHLM-750x750-1-100x100.png 100w\" sizes=\"auto, (max-width: 750px) 100vw, 750px\" \/>\t\t\t\t\t\t\t\t\t\t\t<\/div>\n\t\t\t<\/a>\t\t<\/div>\n\n\t\t<div class=\"box-text text-center\" >\n\t\t\t<div class=\"box-text-inner\">\n\t\t\t\t\n\n<h4>SKHLM<\/h4>\n\n\t\t\t<\/div>\n\t\t<\/div>\n\t<\/div>\n\t\n\n\t\t<\/div>\n\t\t\t\t\t<\/div>\n\n\t\n\n<\/div>\n<div class=\"row\"  id=\"row-1966945855\">\n\n\n\t<div id=\"col-1742525656\" class=\"col medium-4 small-12 large-4\"  >\n\t\t\t\t<div class=\"col-inner\"  >\n\t\t\t\n\t\t\t\n\n<p style=\"text-align: center;\"><strong>Lasergeschnittene Buchstaben<\/strong><\/p>\n<p>Lasergeschnittene Buchstaben sind eine gro\u00dfartige Alternative f\u00fcr bereits bestehende Produkte, bei denen andere Logo-Alternativen nicht in Frage kommen. Auch hier erhalten Sie eine 3D-Optik, aber ein sehr sauberes Erscheinungsbild. Sie k\u00f6nnen die lasergeschnittenen Buchstaben in verschiedenen Farben bestellen, was das Produkt noch einzigartiger macht.  <\/p>\n\n\t\t<\/div>\n\t\t\t\t\t<\/div>\n\n\t\n\n\t<div id=\"col-719199266\" class=\"col medium-4 small-12 large-4\"  >\n\t\t\t\t<div class=\"col-inner\"  >\n\t\t\t\n\t\t\t\n\n\t<div class=\"box has-hover   has-hover box-text-bottom\" >\n\n\t\t<div class=\"box-image\" >\n\t\t\t<a href=\"https:\/\/hi-nd.com\/wp-content\/uploads\/2024\/06\/logga-grassfish-750x750-1.jpg\" >\t\t\t<div class=\"\" >\n\t\t\t\t<img loading=\"lazy\" decoding=\"async\" width=\"750\" height=\"750\" src=\"https:\/\/hi-nd.com\/wp-content\/uploads\/2024\/06\/logga-grassfish-750x750-1.jpg\" class=\"attachment- size-\" alt=\"Laser-cut letters\" srcset=\"https:\/\/hi-nd.com\/wp-content\/uploads\/2024\/06\/logga-grassfish-750x750-1.jpg 750w, https:\/\/hi-nd.com\/wp-content\/uploads\/2024\/06\/logga-grassfish-750x750-1-300x300.jpg 300w, https:\/\/hi-nd.com\/wp-content\/uploads\/2024\/06\/logga-grassfish-750x750-1-150x150.jpg 150w, https:\/\/hi-nd.com\/wp-content\/uploads\/2024\/06\/logga-grassfish-750x750-1-100x100.jpg 100w\" sizes=\"auto, (max-width: 750px) 100vw, 750px\" \/>\t\t\t\t\t\t\t\t\t\t\t<\/div>\n\t\t\t<\/a>\t\t<\/div>\n\n\t\t<div class=\"box-text text-center\" >\n\t\t\t<div class=\"box-text-inner\">\n\t\t\t\t\n\n<h4>Grasfisch Buchstaben lasergeschnitten<\/h4>\n\n\t\t\t<\/div>\n\t\t<\/div>\n\t<\/div>\n\t\n\n\t\t<\/div>\n\t\t\t\t\t<\/div>\n\n\t\n\n\t<div id=\"col-488768719\" class=\"col medium-4 small-12 large-4\"  >\n\t\t\t\t<div class=\"col-inner\"  >\n\t\t\t\n\t\t\t\n\n\n\t\t<\/div>\n\t\t\t\t\t<\/div>\n\n\t\n\n<\/div>\n<div class=\"row\"  id=\"row-1038511159\">\n\n\n\t<div id=\"col-1426496069\" class=\"col small-12 large-12\"  >\n\t\t\t\t<div class=\"col-inner\"  >\n\t\t\t\n\t\t\t\n\n<p style=\"text-align: center;\"><a href=\"https:\/\/hi-nd.com\/de\/produkte\/\">Finden Sie alle unsere Produkte hier<\/a><\/p>\n\n\t\t<\/div>\n\t\t\t\t\t<\/div>\n\n\t\n\n<\/div>\n\n","protected":false},"excerpt":{"rendered":"","protected":false},"author":5,"featured_media":0,"parent":0,"menu_order":0,"comment_status":"closed","ping_status":"closed","template":"","meta":{"footnotes":""},"class_list":["post-7221","page","type-page","status-publish","hentry"],"yoast_head":"<!-- This site is optimized with the Yoast SEO plugin v27.4 - https:\/\/yoast.com\/product\/yoast-seo-wordpress\/ -->\n<title>Logos auf Produkten - HI-ND<\/title>\n<meta name=\"description\" content=\"Sie k\u00f6nnen auch Ihre Logos auf Produkten anbringen, um ihnen eine einzigartige Note zu verleihen. Es gibt verschiedene M\u00f6glichkeiten, die Logos zu erstellen.\" \/>\n<meta name=\"robots\" content=\"index, follow, max-snippet:-1, max-image-preview:large, max-video-preview:-1\" \/>\n<link rel=\"canonical\" href=\"https:\/\/hi-nd.com\/de\/auto-entwurf\/\" \/>\n<meta property=\"og:locale\" content=\"de_DE\" \/>\n<meta property=\"og:type\" content=\"article\" \/>\n<meta property=\"og:title\" content=\"Logos auf Produkten - HI-ND\" \/>\n<meta property=\"og:description\" content=\"Sie k\u00f6nnen auch Ihre Logos auf Produkten anbringen, um ihnen eine einzigartige Note zu verleihen. Es gibt verschiedene M\u00f6glichkeiten, die Logos zu erstellen.\" \/>\n<meta property=\"og:url\" content=\"https:\/\/hi-nd.com\/de\/auto-entwurf\/\" \/>\n<meta property=\"og:site_name\" content=\"HI-ND\" \/>\n<meta property=\"article:modified_time\" content=\"2024-10-28T10:33:17+00:00\" \/>\n<meta name=\"twitter:card\" content=\"summary_large_image\" \/>\n<meta name=\"twitter:label1\" content=\"Gesch\u00e4tzte Lesezeit\" \/>\n\t<meta name=\"twitter:data1\" content=\"3\u00a0Minuten\" \/>\n<script type=\"application\/ld+json\" class=\"yoast-schema-graph\">{\"@context\":\"https:\\\/\\\/schema.org\",\"@graph\":[{\"@type\":\"WebPage\",\"@id\":\"https:\\\/\\\/hi-nd.com\\\/de\\\/auto-entwurf\\\/\",\"url\":\"https:\\\/\\\/hi-nd.com\\\/de\\\/auto-entwurf\\\/\",\"name\":\"Logos auf Produkten - HI-ND\",\"isPartOf\":{\"@id\":\"https:\\\/\\\/hi-nd.com\\\/#website\"},\"datePublished\":\"2024-05-28T07:54:31+00:00\",\"dateModified\":\"2024-10-28T10:33:17+00:00\",\"description\":\"Sie k\u00f6nnen auch Ihre Logos auf Produkten anbringen, um ihnen eine einzigartige Note zu verleihen. Es gibt verschiedene M\u00f6glichkeiten, die Logos zu erstellen.\",\"breadcrumb\":{\"@id\":\"https:\\\/\\\/hi-nd.com\\\/de\\\/auto-entwurf\\\/#breadcrumb\"},\"inLanguage\":\"de\",\"potentialAction\":[{\"@type\":\"ReadAction\",\"target\":[\"https:\\\/\\\/hi-nd.com\\\/de\\\/auto-entwurf\\\/\"]}]},{\"@type\":\"BreadcrumbList\",\"@id\":\"https:\\\/\\\/hi-nd.com\\\/de\\\/auto-entwurf\\\/#breadcrumb\",\"itemListElement\":[{\"@type\":\"ListItem\",\"position\":1,\"name\":\"Home\",\"item\":\"https:\\\/\\\/hi-nd.com\\\/de\\\/\"},{\"@type\":\"ListItem\",\"position\":2,\"name\":\"Logos auf Produkten\"}]},{\"@type\":\"WebSite\",\"@id\":\"https:\\\/\\\/hi-nd.com\\\/#website\",\"url\":\"https:\\\/\\\/hi-nd.com\\\/\",\"name\":\"HI-ND\",\"description\":\"Mounting Solutions\",\"potentialAction\":[{\"@type\":\"SearchAction\",\"target\":{\"@type\":\"EntryPoint\",\"urlTemplate\":\"https:\\\/\\\/hi-nd.com\\\/?s={search_term_string}\"},\"query-input\":{\"@type\":\"PropertyValueSpecification\",\"valueRequired\":true,\"valueName\":\"search_term_string\"}}],\"inLanguage\":\"de\"}]}<\/script>\n<!-- \/ Yoast SEO plugin. -->","yoast_head_json":{"title":"Logos auf Produkten - HI-ND","description":"Sie k\u00f6nnen auch Ihre Logos auf Produkten anbringen, um ihnen eine einzigartige Note zu verleihen. Es gibt verschiedene M\u00f6glichkeiten, die Logos zu erstellen.","robots":{"index":"index","follow":"follow","max-snippet":"max-snippet:-1","max-image-preview":"max-image-preview:large","max-video-preview":"max-video-preview:-1"},"canonical":"https:\/\/hi-nd.com\/de\/auto-entwurf\/","og_locale":"de_DE","og_type":"article","og_title":"Logos auf Produkten - HI-ND","og_description":"Sie k\u00f6nnen auch Ihre Logos auf Produkten anbringen, um ihnen eine einzigartige Note zu verleihen. Es gibt verschiedene M\u00f6glichkeiten, die Logos zu erstellen.","og_url":"https:\/\/hi-nd.com\/de\/auto-entwurf\/","og_site_name":"HI-ND","article_modified_time":"2024-10-28T10:33:17+00:00","twitter_card":"summary_large_image","twitter_misc":{"Gesch\u00e4tzte Lesezeit":"3\u00a0Minuten"},"schema":{"@context":"https:\/\/schema.org","@graph":[{"@type":"WebPage","@id":"https:\/\/hi-nd.com\/de\/auto-entwurf\/","url":"https:\/\/hi-nd.com\/de\/auto-entwurf\/","name":"Logos auf Produkten - HI-ND","isPartOf":{"@id":"https:\/\/hi-nd.com\/#website"},"datePublished":"2024-05-28T07:54:31+00:00","dateModified":"2024-10-28T10:33:17+00:00","description":"Sie k\u00f6nnen auch Ihre Logos auf Produkten anbringen, um ihnen eine einzigartige Note zu verleihen. Es gibt verschiedene M\u00f6glichkeiten, die Logos zu erstellen.","breadcrumb":{"@id":"https:\/\/hi-nd.com\/de\/auto-entwurf\/#breadcrumb"},"inLanguage":"de","potentialAction":[{"@type":"ReadAction","target":["https:\/\/hi-nd.com\/de\/auto-entwurf\/"]}]},{"@type":"BreadcrumbList","@id":"https:\/\/hi-nd.com\/de\/auto-entwurf\/#breadcrumb","itemListElement":[{"@type":"ListItem","position":1,"name":"Home","item":"https:\/\/hi-nd.com\/de\/"},{"@type":"ListItem","position":2,"name":"Logos auf Produkten"}]},{"@type":"WebSite","@id":"https:\/\/hi-nd.com\/#website","url":"https:\/\/hi-nd.com\/","name":"HI-ND","description":"Mounting Solutions","potentialAction":[{"@type":"SearchAction","target":{"@type":"EntryPoint","urlTemplate":"https:\/\/hi-nd.com\/?s={search_term_string}"},"query-input":{"@type":"PropertyValueSpecification","valueRequired":true,"valueName":"search_term_string"}}],"inLanguage":"de"}]}},"_links":{"self":[{"href":"https:\/\/hi-nd.com\/de\/wp-json\/wp\/v2\/pages\/7221","targetHints":{"allow":["GET"]}}],"collection":[{"href":"https:\/\/hi-nd.com\/de\/wp-json\/wp\/v2\/pages"}],"about":[{"href":"https:\/\/hi-nd.com\/de\/wp-json\/wp\/v2\/types\/page"}],"author":[{"embeddable":true,"href":"https:\/\/hi-nd.com\/de\/wp-json\/wp\/v2\/users\/5"}],"replies":[{"embeddable":true,"href":"https:\/\/hi-nd.com\/de\/wp-json\/wp\/v2\/comments?post=7221"}],"version-history":[{"count":10,"href":"https:\/\/hi-nd.com\/de\/wp-json\/wp\/v2\/pages\/7221\/revisions"}],"predecessor-version":[{"id":7860,"href":"https:\/\/hi-nd.com\/de\/wp-json\/wp\/v2\/pages\/7221\/revisions\/7860"}],"wp:attachment":[{"href":"https:\/\/hi-nd.com\/de\/wp-json\/wp\/v2\/media?parent=7221"}],"curies":[{"name":"wp","href":"https:\/\/api.w.org\/{rel}","templated":true}]}}