{"id":6871,"date":"2024-03-11T11:13:37","date_gmt":"2024-03-11T10:13:37","guid":{"rendered":"https:\/\/hi-nd.com\/6871-2\/"},"modified":"2024-10-28T11:58:47","modified_gmt":"2024-10-28T10:58:47","slug":"6871-2","status":"publish","type":"page","link":"https:\/\/hi-nd.com\/de\/6871-2\/","title":{"rendered":"Verhaltenskodex"},"content":{"rendered":"\n\n\t<section class=\"section\" id=\"section_1737403597\">\n\t\t<div class=\"section-bg fill\" >\n\t\t\t\t\t\t\t\t\t<div class=\"section-bg-overlay absolute fill\"><\/div>\n\t\t\t\n\t<div class=\"is-border\"\n\t\tstyle=\"border-width:0px 0px 0px 0px;margin:0px 0px 0px 0px;\">\n\t<\/div>\n\n\t\t<\/div>\n\n\t\t\n\n\t\t<div class=\"section-content relative\">\n\t\t\t\n\n\t<div id=\"gap-48099309\" class=\"gap-element clearfix\" style=\"display:block; height:auto;\">\n\t\t\n<style>\n#gap-48099309 {\n  padding-top: 30px;\n}\n<\/style>\n\t<\/div>\n\t\n\n<div class=\"container section-title-container\" ><h2 class=\"section-title section-title-center\"><b aria-hidden=\"true\"><\/b><span class=\"section-title-main\" >Verhaltenskodex<\/span><b aria-hidden=\"true\"><\/b><\/h2><\/div>\n\n<div class=\"row\"  id=\"row-2038852913\">\n\n\n\t<div id=\"col-1100211035\" class=\"col medium-8 small-12 large-8\"  >\n\t\t\t\t<div class=\"col-inner\"  >\n\t\t\t\n\t\t\t\n\n\t<div class=\"img has-hover x md-x lg-x y md-y lg-y\" id=\"image_1464872010\">\n\t\t<a class=\"\" href=\"https:\/\/hi-nd.com\/wp-content\/uploads\/2024\/03\/Code-of-Conduct-website.pdf\" >\t\t\t\t\t\t<div class=\"img-inner dark\" >\n\t\t\t<img loading=\"lazy\" decoding=\"async\" width=\"750\" height=\"750\" src=\"https:\/\/hi-nd.com\/wp-content\/uploads\/2024\/03\/environment-skog-code-of-conduct-750x750-1.jpg\" class=\"attachment-large size-large\" alt=\"Code of Conduct\" srcset=\"https:\/\/hi-nd.com\/wp-content\/uploads\/2024\/03\/environment-skog-code-of-conduct-750x750-1.jpg 750w, https:\/\/hi-nd.com\/wp-content\/uploads\/2024\/03\/environment-skog-code-of-conduct-750x750-1-300x300.jpg 300w, https:\/\/hi-nd.com\/wp-content\/uploads\/2024\/03\/environment-skog-code-of-conduct-750x750-1-150x150.jpg 150w, https:\/\/hi-nd.com\/wp-content\/uploads\/2024\/03\/environment-skog-code-of-conduct-750x750-1-100x100.jpg 100w\" sizes=\"auto, (max-width: 750px) 100vw, 750px\" \/>\t\t\t\t\t\t\n\t\t\t\t\t<\/div>\n\t\t\t\t\t\t<\/a>\t\t\n<style>\n#image_1464872010 {\n  width: 78%;\n}\n<\/style>\n\t<\/div>\n\t\n\n\n\t\t<\/div>\n\t\t\t\t\t<\/div>\n\n\t\n\n\t<div id=\"col-1622494830\" class=\"col medium-4 small-12 large-4\"  >\n\t\t\t\t<div class=\"col-inner\"  >\n\t\t\t\n\t\t\t\n\n\t<div id=\"text-4273356692\" class=\"text\">\n\t\t\n\n<h3 style=\"text-align: center;\">Verhaltenskodex<\/h3>\n<p>Der Verhaltenskodex enth\u00e4lt die ethischen Richtlinien f\u00fcr unser Handeln innerhalb von HI-ND. Das Ziel von HI-ND ist es, Werte f\u00fcr seine Stakeholder zu schaffen und dies auf sozial, wirtschaftlich und \u00f6kologisch verantwortungsvolle Weise zu tun. Um dies zu erreichen, sind gute finanzielle Ergebnisse, R\u00fccksicht auf Umwelt und Klima sowie soziales Engagement erforderlich.<\/p>\n<p><a href=\"https:\/\/hi-nd.com\/wp-content\/uploads\/2024\/03\/Code-of-Conduct-website.pdf\">Sie k\u00f6nnen unseren Verhaltenskodex hier lesen<\/a>.<\/p>\n\t\t\n<style>\n#text-4273356692 {\n  text-align: center;\n}\n<\/style>\n\t<\/div>\n\t\n\n\t\t<\/div>\n\t\t\t\t\n<style>\n#col-1622494830 > .col-inner {\n  margin: 150px 0px 0px 0px;\n}\n<\/style>\n\t<\/div>\n\n\t\n\n<\/div>\n\n\t\t<\/div>\n\n\t\t\n<style>\n#section_1737403597 {\n  padding-top: 0px;\n  padding-bottom: 0px;\n  background-color: rgb(247, 247, 247);\n}\n#section_1737403597 .section-bg-overlay {\n  background-color: rgba(255, 255, 255, 0.85);\n}\n<\/style>\n\t<\/section>\n\t\n\n","protected":false},"excerpt":{"rendered":"","protected":false},"author":5,"featured_media":0,"parent":0,"menu_order":0,"comment_status":"closed","ping_status":"closed","template":"","meta":{"footnotes":""},"class_list":["post-6871","page","type-page","status-publish","hentry"],"yoast_head":"<!-- This site is optimized with the Yoast SEO plugin v27.4 - https:\/\/yoast.com\/product\/yoast-seo-wordpress\/ -->\n<title>Verhaltenskodex - HI-ND<\/title>\n<meta name=\"description\" content=\"Der Verhaltenskodex enth\u00e4lt die ethischen Richtlinien f\u00fcr unser Handeln innerhalb von HI-ND. Das Ziel von HI-ND ist es, Werte f\u00fcr seine Stakeholder zu schaffen.\" \/>\n<meta name=\"robots\" content=\"index, follow, max-snippet:-1, max-image-preview:large, max-video-preview:-1\" \/>\n<link rel=\"canonical\" href=\"http:\/\/hi-nd.com\/code-of-conduct\/\" \/>\n<meta property=\"og:locale\" content=\"de_DE\" \/>\n<meta property=\"og:type\" content=\"article\" \/>\n<meta property=\"og:title\" content=\"Verhaltenskodex - HI-ND\" \/>\n<meta property=\"og:description\" content=\"Der Verhaltenskodex enth\u00e4lt die ethischen Richtlinien f\u00fcr unser Handeln innerhalb von HI-ND. Das Ziel von HI-ND ist es, Werte f\u00fcr seine Stakeholder zu schaffen.\" \/>\n<meta property=\"og:url\" content=\"http:\/\/hi-nd.com\/code-of-conduct\/\" \/>\n<meta property=\"og:site_name\" content=\"HI-ND\" \/>\n<meta property=\"article:modified_time\" content=\"2024-10-28T10:58:47+00:00\" \/>\n<meta name=\"twitter:card\" content=\"summary_large_image\" \/>\n<meta name=\"twitter:label1\" content=\"Gesch\u00e4tzte Lesezeit\" \/>\n\t<meta name=\"twitter:data1\" content=\"1\u00a0Minute\" \/>\n<script type=\"application\/ld+json\" class=\"yoast-schema-graph\">{\"@context\":\"https:\\\/\\\/schema.org\",\"@graph\":[{\"@type\":\"WebPage\",\"@id\":\"http:\\\/\\\/hi-nd.com\\\/code-of-conduct\\\/\",\"url\":\"http:\\\/\\\/hi-nd.com\\\/code-of-conduct\\\/\",\"name\":\"Verhaltenskodex - HI-ND\",\"isPartOf\":{\"@id\":\"https:\\\/\\\/hi-nd.com\\\/es\\\/#website\"},\"datePublished\":\"2024-03-11T10:13:37+00:00\",\"dateModified\":\"2024-10-28T10:58:47+00:00\",\"description\":\"Der Verhaltenskodex enth\u00e4lt die ethischen Richtlinien f\u00fcr unser Handeln innerhalb von HI-ND. Das Ziel von HI-ND ist es, Werte f\u00fcr seine Stakeholder zu schaffen.\",\"breadcrumb\":{\"@id\":\"http:\\\/\\\/hi-nd.com\\\/code-of-conduct\\\/#breadcrumb\"},\"inLanguage\":\"de\",\"potentialAction\":[{\"@type\":\"ReadAction\",\"target\":[\"http:\\\/\\\/hi-nd.com\\\/code-of-conduct\\\/\"]}]},{\"@type\":\"BreadcrumbList\",\"@id\":\"http:\\\/\\\/hi-nd.com\\\/code-of-conduct\\\/#breadcrumb\",\"itemListElement\":[{\"@type\":\"ListItem\",\"position\":1,\"name\":\"Home\",\"item\":\"https:\\\/\\\/hi-nd.com\\\/de\\\/\"},{\"@type\":\"ListItem\",\"position\":2,\"name\":\"Verhaltenskodex\"}]},{\"@type\":\"WebSite\",\"@id\":\"https:\\\/\\\/hi-nd.com\\\/es\\\/#website\",\"url\":\"https:\\\/\\\/hi-nd.com\\\/es\\\/\",\"name\":\"HI-ND\",\"description\":\"Mounting Solutions\",\"potentialAction\":[{\"@type\":\"SearchAction\",\"target\":{\"@type\":\"EntryPoint\",\"urlTemplate\":\"https:\\\/\\\/hi-nd.com\\\/es\\\/?s={search_term_string}\"},\"query-input\":{\"@type\":\"PropertyValueSpecification\",\"valueRequired\":true,\"valueName\":\"search_term_string\"}}],\"inLanguage\":\"de\"}]}<\/script>\n<!-- \/ Yoast SEO plugin. -->","yoast_head_json":{"title":"Verhaltenskodex - HI-ND","description":"Der Verhaltenskodex enth\u00e4lt die ethischen Richtlinien f\u00fcr unser Handeln innerhalb von HI-ND. Das Ziel von HI-ND ist es, Werte f\u00fcr seine Stakeholder zu schaffen.","robots":{"index":"index","follow":"follow","max-snippet":"max-snippet:-1","max-image-preview":"max-image-preview:large","max-video-preview":"max-video-preview:-1"},"canonical":"http:\/\/hi-nd.com\/code-of-conduct\/","og_locale":"de_DE","og_type":"article","og_title":"Verhaltenskodex - HI-ND","og_description":"Der Verhaltenskodex enth\u00e4lt die ethischen Richtlinien f\u00fcr unser Handeln innerhalb von HI-ND. Das Ziel von HI-ND ist es, Werte f\u00fcr seine Stakeholder zu schaffen.","og_url":"http:\/\/hi-nd.com\/code-of-conduct\/","og_site_name":"HI-ND","article_modified_time":"2024-10-28T10:58:47+00:00","twitter_card":"summary_large_image","twitter_misc":{"Gesch\u00e4tzte Lesezeit":"1\u00a0Minute"},"schema":{"@context":"https:\/\/schema.org","@graph":[{"@type":"WebPage","@id":"http:\/\/hi-nd.com\/code-of-conduct\/","url":"http:\/\/hi-nd.com\/code-of-conduct\/","name":"Verhaltenskodex - HI-ND","isPartOf":{"@id":"https:\/\/hi-nd.com\/es\/#website"},"datePublished":"2024-03-11T10:13:37+00:00","dateModified":"2024-10-28T10:58:47+00:00","description":"Der Verhaltenskodex enth\u00e4lt die ethischen Richtlinien f\u00fcr unser Handeln innerhalb von HI-ND. Das Ziel von HI-ND ist es, Werte f\u00fcr seine Stakeholder zu schaffen.","breadcrumb":{"@id":"http:\/\/hi-nd.com\/code-of-conduct\/#breadcrumb"},"inLanguage":"de","potentialAction":[{"@type":"ReadAction","target":["http:\/\/hi-nd.com\/code-of-conduct\/"]}]},{"@type":"BreadcrumbList","@id":"http:\/\/hi-nd.com\/code-of-conduct\/#breadcrumb","itemListElement":[{"@type":"ListItem","position":1,"name":"Home","item":"https:\/\/hi-nd.com\/de\/"},{"@type":"ListItem","position":2,"name":"Verhaltenskodex"}]},{"@type":"WebSite","@id":"https:\/\/hi-nd.com\/es\/#website","url":"https:\/\/hi-nd.com\/es\/","name":"HI-ND","description":"Mounting Solutions","potentialAction":[{"@type":"SearchAction","target":{"@type":"EntryPoint","urlTemplate":"https:\/\/hi-nd.com\/es\/?s={search_term_string}"},"query-input":{"@type":"PropertyValueSpecification","valueRequired":true,"valueName":"search_term_string"}}],"inLanguage":"de"}]}},"_links":{"self":[{"href":"https:\/\/hi-nd.com\/de\/wp-json\/wp\/v2\/pages\/6871","targetHints":{"allow":["GET"]}}],"collection":[{"href":"https:\/\/hi-nd.com\/de\/wp-json\/wp\/v2\/pages"}],"about":[{"href":"https:\/\/hi-nd.com\/de\/wp-json\/wp\/v2\/types\/page"}],"author":[{"embeddable":true,"href":"https:\/\/hi-nd.com\/de\/wp-json\/wp\/v2\/users\/5"}],"replies":[{"embeddable":true,"href":"https:\/\/hi-nd.com\/de\/wp-json\/wp\/v2\/comments?post=6871"}],"version-history":[{"count":8,"href":"https:\/\/hi-nd.com\/de\/wp-json\/wp\/v2\/pages\/6871\/revisions"}],"predecessor-version":[{"id":7867,"href":"https:\/\/hi-nd.com\/de\/wp-json\/wp\/v2\/pages\/6871\/revisions\/7867"}],"wp:attachment":[{"href":"https:\/\/hi-nd.com\/de\/wp-json\/wp\/v2\/media?parent=6871"}],"curies":[{"name":"wp","href":"https:\/\/api.w.org\/{rel}","templated":true}]}}