{"id":5581,"date":"2023-08-29T10:16:32","date_gmt":"2023-08-29T08:16:32","guid":{"rendered":"https:\/\/hi-nd.com\/nachhaltigkeit\/"},"modified":"2025-02-25T10:00:04","modified_gmt":"2025-02-25T09:00:04","slug":"nachhaltigkeit","status":"publish","type":"page","link":"https:\/\/hi-nd.com\/de\/nachhaltigkeit\/","title":{"rendered":"Nachhaltigkeit"},"content":{"rendered":"\n\n\t<section class=\"section\" id=\"section_1939883295\">\n\t\t<div class=\"section-bg fill\" >\n\t\t\t\t\t\t\t\t\t<div class=\"section-bg-overlay absolute fill\"><\/div>\n\t\t\t\n\n\t\t<\/div>\n\n\t\t\n\n\t\t<div class=\"section-content relative\">\n\t\t\t\n\n\t<div id=\"gap-664898724\" class=\"gap-element clearfix\" style=\"display:block; height:auto;\">\n\t\t\n<style>\n#gap-664898724 {\n  padding-top: 30px;\n}\n<\/style>\n\t<\/div>\n\t\n\n<div class=\"row row-collapse align-center\"  id=\"row-63117481\">\n\n\n\t<div id=\"col-641001881\" class=\"col medium-10 small-12 large-10\"  >\n\t\t\t\t<div class=\"col-inner text-center\"  >\n\t\t\t\n\t\t\t\n\n<div class=\"container section-title-container\" ><h1 class=\"section-title section-title-center\"><b aria-hidden=\"true\"><\/b><span class=\"section-title-main\" >Hi-Nd Nachhaltigkeitsprozess<\/span><b aria-hidden=\"true\"><\/b><\/h1><\/div>\n\n<h3>HI-ND Nachhaltigkeitsprozess<\/h3>\n<p style=\"text-align: left;\">Nachhaltigkeit ist f\u00fcr uns bei Hi-Nd von gro\u00dfer Bedeutung. Wir sind bestrebt, unsere negativen Auswirkungen auf das Klima so weit wie m\u00f6glich zu minimieren. Dieses Engagement bestimmt unseren Ansatz bei der Herstellung und dem Verkauf unserer Produkte. Um unsere Nachhaltigkeitsziele zu erreichen, haben wir ein umfangreiches Nachhaltigkeitsprogramm ins Leben gerufen. Unser Programm basiert auf der ISO 26000, einer anerkannten Nachhaltigkeitsnorm f\u00fcr Unternehmen.    <\/p>\n<p style=\"text-align: left;\">ISO 26000 identifiziert verschiedene Bereiche der Nachhaltigkeit. Sie basiert auf den 17 Zielen f\u00fcr nachhaltige Entwicklung (Sustainable Development Goals, SDGs) der UN. Diese Ziele bieten einen umfassenden Rahmen f\u00fcr L\u00e4nder weltweit. Sie bieten eine detaillierte Anleitung zum Erreichen sozialer, wirtschaftlicher und \u00f6kologischer Nachhaltigkeit. Indem wir uns an diesen globalen Zielen orientieren, k\u00f6nnen wir unsere Verantwortung besser verstehen.    <\/p>\n\n\t\t<\/div>\n\t\t\t\t\n<style>\n#col-641001881 > .col-inner {\n  padding: 50px 0px 50px 0px;\n}\n<\/style>\n\t<\/div>\n\n\t\n\n<\/div>\n<div class=\"container section-title-container\" ><h2 class=\"section-title section-title-center\"><b aria-hidden=\"true\"><\/b><span class=\"section-title-main\" >unsere wichtigsten Ziele<\/span><b aria-hidden=\"true\"><\/b><\/h2><\/div>\n\n<div class=\"row\"  id=\"row-581483553\">\n\n\n\t<div id=\"col-1290315113\" class=\"col small-12 large-12\"  >\n\t\t\t\t<div class=\"col-inner\"  >\n\t\t\t\n\t\t\t\n\n\n  <div class=\"banner has-hover\" id=\"banner-286518563\">\n          <div class=\"banner-inner fill\">\n        <div class=\"banner-bg fill\" >\n            <img loading=\"lazy\" decoding=\"async\" width=\"620\" height=\"767\" src=\"https:\/\/hi-nd.com\/wp-content\/uploads\/2023\/10\/landsort.png\" class=\"bg attachment-large size-large\" alt=\"sustainability climate\" \/>                        <div class=\"overlay\"><\/div>            \n                    <\/div>\n\t\t\n        <div class=\"banner-layers container\">\n            <div class=\"fill banner-link\"><\/div>            \n\n   <div id=\"text-box-2029786858\" class=\"text-box banner-layer x5 md-x5 lg-x5 y50 md-y50 lg-y50 res-text\">\n                                <div class=\"text-box-content text \">\n              \n              <div class=\"text-inner text-left\">\n                  \n\n\t<div id=\"text-2522538630\" class=\"text\">\n\t\t\n\n<h3>Umwelt und Klima<\/h3>\n<p>Ausgehend vom Rahmen der ISO 26000 haben wir bei Hi-Nd drei Hauptziele identifiziert. Diese Ziele sind weiter in sechs Unterziele unterteilt, um unseren Fokus zu verst\u00e4rken. Unser Hauptziel, <strong>Umwelt und Klima<\/strong>, legt den Schwerpunkt auf die Reduzierung unseres CO2-Fu\u00dfabdrucks. Wir sind bestrebt, den Ressourcenschutz in allen unseren Betrieben zu f\u00f6rdern.   <\/p>\n\t\t\n<style>\n#text-2522538630 {\n  color: rgb(0,0,0);\n}\n#text-2522538630 > * {\n  color: rgb(0,0,0);\n}\n<\/style>\n\t<\/div>\n\t\n<a href=\"https:\/\/hi-nd.com\/de\/umwelt-und-klima\/\" class=\"button primary\" >\n\t\t<span>Mehr lesen<\/span>\n\t<\/a>\n\n\n\n              <\/div>\n           <\/div>\n                            \n<style>\n#text-box-2029786858 {\n  width: 60%;\n}\n#text-box-2029786858 .text-box-content {\n  font-size: 100%;\n}\n@media (min-width:550px) {\n  #text-box-2029786858 {\n    width: 40%;\n  }\n}\n<\/style>\n    <\/div>\n \n\n        <\/div>\n      <\/div>\n\n            \n<style>\n#banner-286518563 {\n  padding-top: 500px;\n  background-color: rgb(255, 255, 255);\n}\n#banner-286518563 .overlay {\n  background-color: rgba(190, 190, 190, 0.2);\n}\n<\/style>\n  <\/div>\n\n\n\t<div id=\"gap-893103253\" class=\"gap-element clearfix\" style=\"display:block; height:auto;\">\n\t\t\n<style>\n#gap-893103253 {\n  padding-top: 30px;\n}\n<\/style>\n\t<\/div>\n\t\n\n\n  <div class=\"banner has-hover\" id=\"banner-1900346619\">\n          <div class=\"banner-inner fill\">\n        <div class=\"banner-bg fill\" >\n            <img loading=\"lazy\" decoding=\"async\" width=\"620\" height=\"768\" src=\"https:\/\/hi-nd.com\/wp-content\/uploads\/2023\/10\/kunder.png\" class=\"bg attachment-large size-large\" alt=\"consumers and customers\" \/>                        <div class=\"overlay\"><\/div>            \n                    <\/div>\n\t\t\n        <div class=\"banner-layers container\">\n            <a class=\"fill\" href=\"https:\/\/hi-nd.com\/de\/verbraucher-und-kunden\/\"><div class=\"fill banner-link\"><\/div><\/a>            \n\n   <div id=\"text-box-1665001476\" class=\"text-box banner-layer x95 md-x95 lg-x95 y50 md-y50 lg-y50 res-text\">\n                                <div class=\"text-box-content text \">\n              \n              <div class=\"text-inner text-right\">\n                  \n\n\t<div id=\"text-1841238558\" class=\"text\">\n\t\t\n\n<h3>Kunden &amp; Verbraucher<\/h3>\n<p style=\"text-align: left;\">Das zweite Ziel, <strong>Kunden und Verbraucher<\/strong>, zielt auf mehr Transparenz und Aufkl\u00e4rung ab. Wir glauben, dass informierte Kunden bessere Entscheidungen treffen k\u00f6nnen. Indem wir klare Informationen \u00fcber unsere Produkte bereitstellen, st\u00e4rken wir unsere Kunden.  <\/p>\n\t\t\n<style>\n#text-1841238558 {\n  color: rgb(0,0,0);\n}\n#text-1841238558 > * {\n  color: rgb(0,0,0);\n}\n<\/style>\n\t<\/div>\n\t\n<a href=\"https:\/\/hi-nd.com\/de\/verbraucher-und-kunden\/\" class=\"button primary\" >\n\t\t<span>mehr lesen<\/span>\n\t<\/a>\n\n\n\n              <\/div>\n           <\/div>\n                            \n<style>\n#text-box-1665001476 {\n  width: 60%;\n}\n#text-box-1665001476 .text-box-content {\n  font-size: 100%;\n}\n@media (min-width:550px) {\n  #text-box-1665001476 {\n    width: 40%;\n  }\n}\n<\/style>\n    <\/div>\n \n\n        <\/div>\n      <\/div>\n\n            \n<style>\n#banner-1900346619 {\n  padding-top: 500px;\n  background-color: rgb(255, 255, 255);\n}\n#banner-1900346619 .overlay {\n  background-color: rgba(190, 190, 190, 0.2);\n}\n<\/style>\n  <\/div>\n\n\n\t<div id=\"gap-2059762734\" class=\"gap-element clearfix\" style=\"display:block; height:auto;\">\n\t\t\n<style>\n#gap-2059762734 {\n  padding-top: 30px;\n}\n<\/style>\n\t<\/div>\n\t\n\n\n  <div class=\"banner has-hover\" id=\"banner-1360600001\">\n          <div class=\"banner-inner fill\">\n        <div class=\"banner-bg fill\" >\n            <img loading=\"lazy\" decoding=\"async\" width=\"620\" height=\"767\" src=\"https:\/\/hi-nd.com\/wp-content\/uploads\/2023\/10\/business-ethics.png\" class=\"bg attachment-large size-large\" alt=\"Business ethics\" \/>                        <div class=\"overlay\"><\/div>            \n                    <\/div>\n\t\t\n        <div class=\"banner-layers container\">\n            <a class=\"fill\" href=\"https:\/\/hi-nd.com\/de\/wirtschaftsethik\/\"><div class=\"fill banner-link\"><\/div><\/a>            \n\n   <div id=\"text-box-1039112283\" class=\"text-box banner-layer x5 md-x5 lg-x5 y50 md-y50 lg-y50 res-text\">\n                                <div class=\"text-box-content text \">\n              \n              <div class=\"text-inner text-left\">\n                  \n\n\t<div id=\"text-658143791\" class=\"text\">\n\t\t\n\n<h3>Wirtschaftsethik<\/h3>\n<p>Das dritte Ziel, <strong>Gesch\u00e4ftsethik<\/strong>, konzentriert sich auf die F\u00f6rderung von verantwortungsvollen Praktiken und fairem Handel. Wir verpflichten uns zu ethischen Entscheidungen in jedem Aspekt unseres Gesch\u00e4fts. Durch die Einhaltung dieser Grunds\u00e4tze k\u00f6nnen wir Vertrauen bei unseren Stakeholdern aufbauen.  <\/p>\n\t\t\n<style>\n#text-658143791 {\n  color: rgb(0,0,0);\n}\n#text-658143791 > * {\n  color: rgb(0,0,0);\n}\n<\/style>\n\t<\/div>\n\t\n<a href=\"https:\/\/hi-nd.com\/de\/wirtschaftsethik\/\" class=\"button primary\" >\n\t\t<span>mehr lesen<\/span>\n\t<\/a>\n\n\n\n              <\/div>\n           <\/div>\n                            \n<style>\n#text-box-1039112283 {\n  width: 60%;\n}\n#text-box-1039112283 .text-box-content {\n  font-size: 100%;\n}\n@media (min-width:550px) {\n  #text-box-1039112283 {\n    width: 40%;\n  }\n}\n<\/style>\n    <\/div>\n \n\n        <\/div>\n      <\/div>\n\n            \n<style>\n#banner-1360600001 {\n  padding-top: 500px;\n  background-color: rgb(255, 255, 255);\n}\n#banner-1360600001 .overlay {\n  background-color: rgba(190, 190, 190, 0.2);\n}\n<\/style>\n  <\/div>\n\n\n\t<div id=\"gap-139324933\" class=\"gap-element clearfix\" style=\"display:block; height:auto;\">\n\t\t\n<style>\n#gap-139324933 {\n  padding-top: 30px;\n}\n<\/style>\n\t<\/div>\n\t\n\n<p>Indem wir unsere Strategien an diesen Zielen ausrichten, tragen wir zu den globalen Bem\u00fchungen um Nachhaltigkeit bei. Au\u00dferdem sorgen wir f\u00fcr einen positiven Einfluss auf unsere Gemeinden und k\u00fcnftige Generationen. Unser Engagement f\u00fcr Nachhaltigkeit ist nicht nur eine Verantwortung, sondern ein zentraler Wert. Wir glauben, dass es f\u00fcr den Aufbau einer besseren, gerechteren Welt unerl\u00e4sslich ist. Durch kontinuierliche Verbesserung und Innovation wollen wir andere in unserer Branche inspirieren. Gemeinsam k\u00f6nnen wir eine nachhaltige Zukunft f\u00fcr alle schaffen.     <\/p>\n\n\t\t<\/div>\n\t\t\t\t\t<\/div>\n\n\t\n\n<\/div>\n<div class=\"container section-title-container\" ><h3 class=\"section-title section-title-center\"><b aria-hidden=\"true\"><\/b><span class=\"section-title-main\" >unsere Unterziele<\/span><b aria-hidden=\"true\"><\/b><\/h3><\/div>\n\n\n\t\t<\/div>\n\n\t\t\n<style>\n#section_1939883295 {\n  padding-top: 0px;\n  padding-bottom: 0px;\n  background-color: rgb(208, 208, 208);\n}\n#section_1939883295 .section-bg-overlay {\n  background-color: rgba(255, 255, 255, 0.85);\n}\n<\/style>\n\t<\/section>\n\t\n<div class=\"row\"  id=\"row-2101702862\">\n\n\n\t<div id=\"col-1684646914\" class=\"col small-12 large-12\"  >\n\t\t\t\t<div class=\"col-inner\"  >\n\t\t\t\n\t\t\t\n\n\t<div class=\"img has-hover x md-x lg-x y md-y lg-y\" id=\"image_3585482\">\n\t\t\t\t\t\t\t\t<div class=\"img-inner dark\" >\n\t\t\t<img loading=\"lazy\" decoding=\"async\" width=\"1020\" height=\"628\" src=\"https:\/\/hi-nd.com\/wp-content\/uploads\/2024\/12\/sustainability-delmal-jpg-tiny-png-1024x630.jpg\" class=\"attachment-large size-large\" alt=\"sustainability sub goals\" srcset=\"https:\/\/hi-nd.com\/wp-content\/uploads\/2024\/12\/sustainability-delmal-jpg-tiny-png-1024x630.jpg 1024w, https:\/\/hi-nd.com\/wp-content\/uploads\/2024\/12\/sustainability-delmal-jpg-tiny-png-300x185.jpg 300w, https:\/\/hi-nd.com\/wp-content\/uploads\/2024\/12\/sustainability-delmal-jpg-tiny-png-768x473.jpg 768w, https:\/\/hi-nd.com\/wp-content\/uploads\/2024\/12\/sustainability-delmal-jpg-tiny-png-1536x946.jpg 1536w, https:\/\/hi-nd.com\/wp-content\/uploads\/2024\/12\/sustainability-delmal-jpg-tiny-png-2048x1261.jpg 2048w, https:\/\/hi-nd.com\/wp-content\/uploads\/2024\/12\/sustainability-delmal-jpg-tiny-png-750x462.jpg 750w\" sizes=\"auto, (max-width: 1020px) 100vw, 1020px\" \/>\t\t\t\t\t\t\n\t\t\t\t\t<\/div>\n\t\t\t\t\t\t\t\t\n<style>\n#image_3585482 {\n  width: 100%;\n}\n<\/style>\n\t<\/div>\n\t\n\n\n\t\t<\/div>\n\t\t\t\t\t<\/div>\n\n\t\n\n<\/div>\n<div class=\"container section-title-container\" ><h3 class=\"section-title section-title-center\"><b aria-hidden=\"true\"><\/b><span class=\"section-title-main\" >hi-nd Aktionen zur Nachhaltigkeit<\/span><b aria-hidden=\"true\"><\/b><\/h3><\/div>\n\n\t<div id=\"text-2640607348\" class=\"text\">\n\t\t\n\n<p>Sehen Sie sich das folgende Video an, das von <a href=\"https:\/\/www.tillvaxtbotkyrka.se\/\">Tillv\u00e4xt Botkyrka<\/a> erstellt wurde. Es zeigt einige der Ma\u00dfnahmen, die wir heute ergreifen, um unser Unternehmen nachhaltiger zu gestalten.<\/p>\n\t\t\n<style>\n#text-2640607348 {\n  text-align: center;\n}\n<\/style>\n\t<\/div>\n\t\n<div class=\"video video-fit mb\" style=\"padding-top:56.25%;\"><iframe loading=\"lazy\" title=\"Hi ND |\u00a0Ha\u030allbarhet\" width=\"1020\" height=\"574\" src=\"https:\/\/www.youtube.com\/embed\/Uj99KCofo4M?feature=oembed\" frameborder=\"0\" allow=\"accelerometer; autoplay; clipboard-write; encrypted-media; gyroscope; picture-in-picture; web-share\" referrerpolicy=\"strict-origin-when-cross-origin\" allowfullscreen><\/iframe><\/div>\n\n\n","protected":false},"excerpt":{"rendered":"","protected":false},"author":5,"featured_media":0,"parent":0,"menu_order":0,"comment_status":"closed","ping_status":"closed","template":"","meta":{"footnotes":""},"class_list":["post-5581","page","type-page","status-publish","hentry"],"yoast_head":"<!-- This site is optimized with the Yoast SEO plugin v27.4 - https:\/\/yoast.com\/product\/yoast-seo-wordpress\/ -->\n<title>Nachhaltigkeit - HI-ND<\/title>\n<meta name=\"description\" content=\"Nachhaltigkeit - Wie kann Hi-Nd als Unternehmen seine negativen Auswirkungen auf das Klima und die Umwelt verringern?\" \/>\n<meta name=\"robots\" content=\"index, follow, max-snippet:-1, max-image-preview:large, max-video-preview:-1\" \/>\n<link rel=\"canonical\" href=\"https:\/\/hi-nd.com\/de\/nachhaltigkeit\/\" \/>\n<meta property=\"og:locale\" content=\"de_DE\" \/>\n<meta property=\"og:type\" content=\"article\" \/>\n<meta property=\"og:title\" content=\"Nachhaltigkeit - HI-ND\" \/>\n<meta property=\"og:description\" content=\"Nachhaltigkeit - Wie kann Hi-Nd als Unternehmen seine negativen Auswirkungen auf das Klima und die Umwelt verringern?\" \/>\n<meta property=\"og:url\" content=\"https:\/\/hi-nd.com\/de\/nachhaltigkeit\/\" \/>\n<meta property=\"og:site_name\" content=\"HI-ND\" \/>\n<meta property=\"article:modified_time\" content=\"2025-02-25T09:00:04+00:00\" \/>\n<meta name=\"twitter:card\" content=\"summary_large_image\" \/>\n<meta name=\"twitter:label1\" content=\"Gesch\u00e4tzte Lesezeit\" \/>\n\t<meta name=\"twitter:data1\" content=\"3\u00a0Minuten\" \/>\n<script type=\"application\/ld+json\" class=\"yoast-schema-graph\">{\"@context\":\"https:\\\/\\\/schema.org\",\"@graph\":[{\"@type\":\"WebPage\",\"@id\":\"https:\\\/\\\/hi-nd.com\\\/de\\\/nachhaltigkeit\\\/\",\"url\":\"https:\\\/\\\/hi-nd.com\\\/de\\\/nachhaltigkeit\\\/\",\"name\":\"Nachhaltigkeit - HI-ND\",\"isPartOf\":{\"@id\":\"https:\\\/\\\/hi-nd.com\\\/#website\"},\"datePublished\":\"2023-08-29T08:16:32+00:00\",\"dateModified\":\"2025-02-25T09:00:04+00:00\",\"description\":\"Nachhaltigkeit - Wie kann Hi-Nd als Unternehmen seine negativen Auswirkungen auf das Klima und die Umwelt verringern?\",\"breadcrumb\":{\"@id\":\"https:\\\/\\\/hi-nd.com\\\/de\\\/nachhaltigkeit\\\/#breadcrumb\"},\"inLanguage\":\"de\",\"potentialAction\":[{\"@type\":\"ReadAction\",\"target\":[\"https:\\\/\\\/hi-nd.com\\\/de\\\/nachhaltigkeit\\\/\"]}]},{\"@type\":\"BreadcrumbList\",\"@id\":\"https:\\\/\\\/hi-nd.com\\\/de\\\/nachhaltigkeit\\\/#breadcrumb\",\"itemListElement\":[{\"@type\":\"ListItem\",\"position\":1,\"name\":\"Home\",\"item\":\"https:\\\/\\\/hi-nd.com\\\/de\\\/\"},{\"@type\":\"ListItem\",\"position\":2,\"name\":\"Nachhaltigkeit\"}]},{\"@type\":\"WebSite\",\"@id\":\"https:\\\/\\\/hi-nd.com\\\/#website\",\"url\":\"https:\\\/\\\/hi-nd.com\\\/\",\"name\":\"HI-ND\",\"description\":\"Mounting Solutions\",\"potentialAction\":[{\"@type\":\"SearchAction\",\"target\":{\"@type\":\"EntryPoint\",\"urlTemplate\":\"https:\\\/\\\/hi-nd.com\\\/?s={search_term_string}\"},\"query-input\":{\"@type\":\"PropertyValueSpecification\",\"valueRequired\":true,\"valueName\":\"search_term_string\"}}],\"inLanguage\":\"de\"}]}<\/script>\n<!-- \/ Yoast SEO plugin. -->","yoast_head_json":{"title":"Nachhaltigkeit - HI-ND","description":"Nachhaltigkeit - Wie kann Hi-Nd als Unternehmen seine negativen Auswirkungen auf das Klima und die Umwelt verringern?","robots":{"index":"index","follow":"follow","max-snippet":"max-snippet:-1","max-image-preview":"max-image-preview:large","max-video-preview":"max-video-preview:-1"},"canonical":"https:\/\/hi-nd.com\/de\/nachhaltigkeit\/","og_locale":"de_DE","og_type":"article","og_title":"Nachhaltigkeit - HI-ND","og_description":"Nachhaltigkeit - Wie kann Hi-Nd als Unternehmen seine negativen Auswirkungen auf das Klima und die Umwelt verringern?","og_url":"https:\/\/hi-nd.com\/de\/nachhaltigkeit\/","og_site_name":"HI-ND","article_modified_time":"2025-02-25T09:00:04+00:00","twitter_card":"summary_large_image","twitter_misc":{"Gesch\u00e4tzte Lesezeit":"3\u00a0Minuten"},"schema":{"@context":"https:\/\/schema.org","@graph":[{"@type":"WebPage","@id":"https:\/\/hi-nd.com\/de\/nachhaltigkeit\/","url":"https:\/\/hi-nd.com\/de\/nachhaltigkeit\/","name":"Nachhaltigkeit - HI-ND","isPartOf":{"@id":"https:\/\/hi-nd.com\/#website"},"datePublished":"2023-08-29T08:16:32+00:00","dateModified":"2025-02-25T09:00:04+00:00","description":"Nachhaltigkeit - Wie kann Hi-Nd als Unternehmen seine negativen Auswirkungen auf das Klima und die Umwelt verringern?","breadcrumb":{"@id":"https:\/\/hi-nd.com\/de\/nachhaltigkeit\/#breadcrumb"},"inLanguage":"de","potentialAction":[{"@type":"ReadAction","target":["https:\/\/hi-nd.com\/de\/nachhaltigkeit\/"]}]},{"@type":"BreadcrumbList","@id":"https:\/\/hi-nd.com\/de\/nachhaltigkeit\/#breadcrumb","itemListElement":[{"@type":"ListItem","position":1,"name":"Home","item":"https:\/\/hi-nd.com\/de\/"},{"@type":"ListItem","position":2,"name":"Nachhaltigkeit"}]},{"@type":"WebSite","@id":"https:\/\/hi-nd.com\/#website","url":"https:\/\/hi-nd.com\/","name":"HI-ND","description":"Mounting Solutions","potentialAction":[{"@type":"SearchAction","target":{"@type":"EntryPoint","urlTemplate":"https:\/\/hi-nd.com\/?s={search_term_string}"},"query-input":{"@type":"PropertyValueSpecification","valueRequired":true,"valueName":"search_term_string"}}],"inLanguage":"de"}]}},"_links":{"self":[{"href":"https:\/\/hi-nd.com\/de\/wp-json\/wp\/v2\/pages\/5581","targetHints":{"allow":["GET"]}}],"collection":[{"href":"https:\/\/hi-nd.com\/de\/wp-json\/wp\/v2\/pages"}],"about":[{"href":"https:\/\/hi-nd.com\/de\/wp-json\/wp\/v2\/types\/page"}],"author":[{"embeddable":true,"href":"https:\/\/hi-nd.com\/de\/wp-json\/wp\/v2\/users\/5"}],"replies":[{"embeddable":true,"href":"https:\/\/hi-nd.com\/de\/wp-json\/wp\/v2\/comments?post=5581"}],"version-history":[{"count":8,"href":"https:\/\/hi-nd.com\/de\/wp-json\/wp\/v2\/pages\/5581\/revisions"}],"predecessor-version":[{"id":8434,"href":"https:\/\/hi-nd.com\/de\/wp-json\/wp\/v2\/pages\/5581\/revisions\/8434"}],"wp:attachment":[{"href":"https:\/\/hi-nd.com\/de\/wp-json\/wp\/v2\/media?parent=5581"}],"curies":[{"name":"wp","href":"https:\/\/api.w.org\/{rel}","templated":true}]}}