{"id":5578,"date":"2023-10-11T15:56:16","date_gmt":"2023-10-11T13:56:16","guid":{"rendered":"https:\/\/hi-nd.com\/wirtschaftsethik\/"},"modified":"2025-02-25T12:39:01","modified_gmt":"2025-02-25T11:39:01","slug":"wirtschaftsethik","status":"publish","type":"page","link":"https:\/\/hi-nd.com\/de\/wirtschaftsethik\/","title":{"rendered":"Wirtschaftsethik"},"content":{"rendered":"\n\t<div id=\"gap-1032720958\" class=\"gap-element clearfix\" style=\"display:block; height:auto;\">\n\t\t\n<style>\n#gap-1032720958 {\n  padding-top: 30px;\n}\n<\/style>\n\t<\/div>\n\t\n\n<div class=\"container section-title-container\" ><h1 class=\"section-title section-title-center\"><b aria-hidden=\"true\"><\/b><span class=\"section-title-main\" >Unternehmensethik<\/span><b aria-hidden=\"true\"><\/b><\/h1><\/div>\n\n<div class=\"row\"  id=\"row-1050131767\">\n\n\n\t<div id=\"col-1741995060\" class=\"col small-12 large-12\"  >\n\t\t\t\t<div class=\"col-inner\"  >\n\t\t\t\n\t\t\t\n\n<p>Die Einbeziehung der Gesch\u00e4ftsethik und die Arbeit an einer nachhaltigen Wertsch\u00f6pfungskette sind entscheidend f\u00fcr eine sinnvolle und dauerhafte Nachhaltigkeit. Ethische Praktiken stellen sicher, dass jeder Schritt der Wertsch\u00f6pfungskette &#8211; von der Beschaffung von Rohstoffen bis hin zu Produktion, Vertrieb und Entsorgung &#8211; von Fairness, Transparenz und sozialer Verantwortung gepr\u00e4gt ist. <\/p>\n\n\t\t<\/div>\n\t\t\t\t\t<\/div>\n\n\t\n\n<\/div>\n<div class=\"container section-title-container\" ><h2 class=\"section-title section-title-center\"><b aria-hidden=\"true\"><\/b><span class=\"section-title-main\" >Arbeit an einer nachhaltigen Wertsch\u00f6pfungskette<\/span><b aria-hidden=\"true\"><\/b><\/h2><\/div>\n\n<div class=\"row\"  id=\"row-1502059904\">\n\n\n\t<div id=\"col-675248007\" class=\"col medium-8 small-12 large-8\"  >\n\t\t\t\t<div class=\"col-inner\"  >\n\t\t\t\n\t\t\t\n\n<p>Die Produktion in der Europ\u00e4ischen Union zu halten, ist f\u00fcr uns entscheidend, um Transparenz und ethische Praktiken in der gesamten Lieferkette zu gew\u00e4hrleisten. Die EU hat einige der strengsten Vorschriften der Welt in Bezug auf Arbeitsrechte, Umweltstandards und Verbraucherschutz. Wenn Unternehmen vor Ort produzieren, k\u00f6nnen sie die Arbeitsbedingungen besser \u00fcberwachen, faire L\u00f6hne sicherstellen und das Risiko der Ausbeutung verringern, das in Regionen mit schw\u00e4cheren Vorschriften h\u00e4ufig besteht. Dar\u00fcber hinaus gew\u00e4hrleisten die EU-Standards eine gr\u00f6\u00dfere Transparenz bei der Beschaffung, der Produktion und der Abfallentsorgung, was das Vertrauen der Verbraucher st\u00e4rkt und die Glaubw\u00fcrdigkeit der Nachhaltigkeitsbem\u00fchungen erh\u00f6ht.   <\/p>\n<p>Dar\u00fcber hinaus arbeiten wir derzeit an unseren eigenen Nachhaltigkeitsrichtlinien, um die gesamte Wertsch\u00f6pfungskette weiter zu sichern.<\/p>\n<p>Um unser Gesch\u00e4ft im ethischen Sinne weiter zu kontrollieren, verwenden wir einen Verhaltenskodex als Leitfaden. <a href=\"https:\/\/hi-nd.com\/wp-content\/uploads\/2024\/03\/Code-of-Conduct-website.pdf\">Sie k\u00f6nnen unseren Verhaltenskodex hier lesen.<\/a><\/p>\n\n\t\t<\/div>\n\t\t\t\t\t<\/div>\n\n\t\n\n\t<div id=\"col-323469629\" class=\"col medium-4 small-12 large-4\"  >\n\t\t\t\t<div class=\"col-inner\"  >\n\t\t\t\n\t\t\t\n\n\t<div class=\"img has-hover x md-x lg-x y md-y lg-y\" id=\"image_924354126\">\n\t\t\t\t\t\t\t\t<div class=\"img-inner dark\" >\n\t\t\t<img loading=\"lazy\" decoding=\"async\" width=\"474\" height=\"265\" src=\"https:\/\/hi-nd.com\/wp-content\/uploads\/2023\/10\/vardekedja.jpeg\" class=\"attachment-large size-large\" alt=\"value chain\" srcset=\"https:\/\/hi-nd.com\/wp-content\/uploads\/2023\/10\/vardekedja.jpeg 474w, https:\/\/hi-nd.com\/wp-content\/uploads\/2023\/10\/vardekedja-300x168.jpeg 300w\" sizes=\"auto, (max-width: 474px) 100vw, 474px\" \/>\t\t\t\t\t\t\n\t\t\t\t\t<\/div>\n\t\t\t\t\t\t\t\t\n<style>\n#image_924354126 {\n  width: 100%;\n}\n<\/style>\n\t<\/div>\n\t\n\n\n\t\t<\/div>\n\t\t\t\t\t<\/div>\n\n\t\n\n<\/div>\n\n","protected":false},"excerpt":{"rendered":"","protected":false},"author":5,"featured_media":0,"parent":0,"menu_order":0,"comment_status":"closed","ping_status":"closed","template":"","meta":{"footnotes":""},"class_list":["post-5578","page","type-page","status-publish","hentry"],"yoast_head":"<!-- This site is optimized with the Yoast SEO plugin v27.4 - https:\/\/yoast.com\/product\/yoast-seo-wordpress\/ -->\n<title>Wirtschaftsethik - HI-ND<\/title>\n<meta name=\"description\" content=\"Die Unternehmensethik ist eine unserer Hauptkategorien, mit der wir bei unserer Nachhaltigkeitsarbeit f\u00fcr eine nachhaltige Wertsch\u00f6pfungskette arbeiten.\" \/>\n<meta name=\"robots\" content=\"index, follow, max-snippet:-1, max-image-preview:large, max-video-preview:-1\" \/>\n<link rel=\"canonical\" href=\"https:\/\/hi-nd.com\/de\/wirtschaftsethik\/\" \/>\n<meta property=\"og:locale\" content=\"de_DE\" \/>\n<meta property=\"og:type\" content=\"article\" \/>\n<meta property=\"og:title\" content=\"Wirtschaftsethik - HI-ND\" \/>\n<meta property=\"og:description\" content=\"Die Unternehmensethik ist eine unserer Hauptkategorien, mit der wir bei unserer Nachhaltigkeitsarbeit f\u00fcr eine nachhaltige Wertsch\u00f6pfungskette arbeiten.\" \/>\n<meta property=\"og:url\" content=\"https:\/\/hi-nd.com\/de\/wirtschaftsethik\/\" \/>\n<meta property=\"og:site_name\" content=\"HI-ND\" \/>\n<meta property=\"article:modified_time\" content=\"2025-02-25T11:39:01+00:00\" \/>\n<meta name=\"twitter:card\" content=\"summary_large_image\" \/>\n<meta name=\"twitter:label1\" content=\"Gesch\u00e4tzte Lesezeit\" \/>\n\t<meta name=\"twitter:data1\" content=\"1\u00a0Minute\" \/>\n<script type=\"application\/ld+json\" class=\"yoast-schema-graph\">{\"@context\":\"https:\\\/\\\/schema.org\",\"@graph\":[{\"@type\":\"WebPage\",\"@id\":\"https:\\\/\\\/hi-nd.com\\\/de\\\/wirtschaftsethik\\\/\",\"url\":\"https:\\\/\\\/hi-nd.com\\\/de\\\/wirtschaftsethik\\\/\",\"name\":\"Wirtschaftsethik - HI-ND\",\"isPartOf\":{\"@id\":\"https:\\\/\\\/hi-nd.com\\\/#website\"},\"datePublished\":\"2023-10-11T13:56:16+00:00\",\"dateModified\":\"2025-02-25T11:39:01+00:00\",\"description\":\"Die Unternehmensethik ist eine unserer Hauptkategorien, mit der wir bei unserer Nachhaltigkeitsarbeit f\u00fcr eine nachhaltige Wertsch\u00f6pfungskette arbeiten.\",\"breadcrumb\":{\"@id\":\"https:\\\/\\\/hi-nd.com\\\/de\\\/wirtschaftsethik\\\/#breadcrumb\"},\"inLanguage\":\"de\",\"potentialAction\":[{\"@type\":\"ReadAction\",\"target\":[\"https:\\\/\\\/hi-nd.com\\\/de\\\/wirtschaftsethik\\\/\"]}]},{\"@type\":\"BreadcrumbList\",\"@id\":\"https:\\\/\\\/hi-nd.com\\\/de\\\/wirtschaftsethik\\\/#breadcrumb\",\"itemListElement\":[{\"@type\":\"ListItem\",\"position\":1,\"name\":\"Home\",\"item\":\"https:\\\/\\\/hi-nd.com\\\/de\\\/\"},{\"@type\":\"ListItem\",\"position\":2,\"name\":\"Wirtschaftsethik\"}]},{\"@type\":\"WebSite\",\"@id\":\"https:\\\/\\\/hi-nd.com\\\/#website\",\"url\":\"https:\\\/\\\/hi-nd.com\\\/\",\"name\":\"HI-ND\",\"description\":\"Mounting Solutions\",\"potentialAction\":[{\"@type\":\"SearchAction\",\"target\":{\"@type\":\"EntryPoint\",\"urlTemplate\":\"https:\\\/\\\/hi-nd.com\\\/?s={search_term_string}\"},\"query-input\":{\"@type\":\"PropertyValueSpecification\",\"valueRequired\":true,\"valueName\":\"search_term_string\"}}],\"inLanguage\":\"de\"}]}<\/script>\n<!-- \/ Yoast SEO plugin. -->","yoast_head_json":{"title":"Wirtschaftsethik - HI-ND","description":"Die Unternehmensethik ist eine unserer Hauptkategorien, mit der wir bei unserer Nachhaltigkeitsarbeit f\u00fcr eine nachhaltige Wertsch\u00f6pfungskette arbeiten.","robots":{"index":"index","follow":"follow","max-snippet":"max-snippet:-1","max-image-preview":"max-image-preview:large","max-video-preview":"max-video-preview:-1"},"canonical":"https:\/\/hi-nd.com\/de\/wirtschaftsethik\/","og_locale":"de_DE","og_type":"article","og_title":"Wirtschaftsethik - HI-ND","og_description":"Die Unternehmensethik ist eine unserer Hauptkategorien, mit der wir bei unserer Nachhaltigkeitsarbeit f\u00fcr eine nachhaltige Wertsch\u00f6pfungskette arbeiten.","og_url":"https:\/\/hi-nd.com\/de\/wirtschaftsethik\/","og_site_name":"HI-ND","article_modified_time":"2025-02-25T11:39:01+00:00","twitter_card":"summary_large_image","twitter_misc":{"Gesch\u00e4tzte Lesezeit":"1\u00a0Minute"},"schema":{"@context":"https:\/\/schema.org","@graph":[{"@type":"WebPage","@id":"https:\/\/hi-nd.com\/de\/wirtschaftsethik\/","url":"https:\/\/hi-nd.com\/de\/wirtschaftsethik\/","name":"Wirtschaftsethik - HI-ND","isPartOf":{"@id":"https:\/\/hi-nd.com\/#website"},"datePublished":"2023-10-11T13:56:16+00:00","dateModified":"2025-02-25T11:39:01+00:00","description":"Die Unternehmensethik ist eine unserer Hauptkategorien, mit der wir bei unserer Nachhaltigkeitsarbeit f\u00fcr eine nachhaltige Wertsch\u00f6pfungskette arbeiten.","breadcrumb":{"@id":"https:\/\/hi-nd.com\/de\/wirtschaftsethik\/#breadcrumb"},"inLanguage":"de","potentialAction":[{"@type":"ReadAction","target":["https:\/\/hi-nd.com\/de\/wirtschaftsethik\/"]}]},{"@type":"BreadcrumbList","@id":"https:\/\/hi-nd.com\/de\/wirtschaftsethik\/#breadcrumb","itemListElement":[{"@type":"ListItem","position":1,"name":"Home","item":"https:\/\/hi-nd.com\/de\/"},{"@type":"ListItem","position":2,"name":"Wirtschaftsethik"}]},{"@type":"WebSite","@id":"https:\/\/hi-nd.com\/#website","url":"https:\/\/hi-nd.com\/","name":"HI-ND","description":"Mounting Solutions","potentialAction":[{"@type":"SearchAction","target":{"@type":"EntryPoint","urlTemplate":"https:\/\/hi-nd.com\/?s={search_term_string}"},"query-input":{"@type":"PropertyValueSpecification","valueRequired":true,"valueName":"search_term_string"}}],"inLanguage":"de"}]}},"_links":{"self":[{"href":"https:\/\/hi-nd.com\/de\/wp-json\/wp\/v2\/pages\/5578","targetHints":{"allow":["GET"]}}],"collection":[{"href":"https:\/\/hi-nd.com\/de\/wp-json\/wp\/v2\/pages"}],"about":[{"href":"https:\/\/hi-nd.com\/de\/wp-json\/wp\/v2\/types\/page"}],"author":[{"embeddable":true,"href":"https:\/\/hi-nd.com\/de\/wp-json\/wp\/v2\/users\/5"}],"replies":[{"embeddable":true,"href":"https:\/\/hi-nd.com\/de\/wp-json\/wp\/v2\/comments?post=5578"}],"version-history":[{"count":12,"href":"https:\/\/hi-nd.com\/de\/wp-json\/wp\/v2\/pages\/5578\/revisions"}],"predecessor-version":[{"id":8461,"href":"https:\/\/hi-nd.com\/de\/wp-json\/wp\/v2\/pages\/5578\/revisions\/8461"}],"wp:attachment":[{"href":"https:\/\/hi-nd.com\/de\/wp-json\/wp\/v2\/media?parent=5578"}],"curies":[{"name":"wp","href":"https:\/\/api.w.org\/{rel}","templated":true}]}}