{"id":5565,"date":"2023-10-11T14:39:58","date_gmt":"2023-10-11T12:39:58","guid":{"rendered":"https:\/\/hi-nd.com\/umwelt-und-klima\/"},"modified":"2025-02-25T09:21:42","modified_gmt":"2025-02-25T08:21:42","slug":"umwelt-und-klima","status":"publish","type":"page","link":"https:\/\/hi-nd.com\/de\/umwelt-und-klima\/","title":{"rendered":"Umwelt und Klima"},"content":{"rendered":"\n\t<div id=\"gap-1316468247\" class=\"gap-element clearfix\" style=\"display:block; height:auto;\">\n\t\t\n<style>\n#gap-1316468247 {\n  padding-top: 30px;\n}\n<\/style>\n\t<\/div>\n\t\n\n<div class=\"container section-title-container\" ><h1 class=\"section-title section-title-center\"><b aria-hidden=\"true\"><\/b><span class=\"section-title-main\" >Umwelt und Klima<\/span><b aria-hidden=\"true\"><\/b><\/h1><\/div>\n\n<div class=\"row\"  id=\"row-511140628\">\n\n\n\t<div id=\"col-183549343\" class=\"col small-12 large-12\"  >\n\t\t\t\t<div class=\"col-inner\"  >\n\t\t\t\n\t\t\t\n\n<p style=\"text-align: center;\">Wie k\u00f6nnen wir unsere negativen Auswirkungen auf die Umwelt und das Klima verringern? Wir haben festgestellt, dass es zwei Hauptfaktoren gibt, die sich am negativsten auswirken: die <strong>Transporte<\/strong> und die f\u00fcr unsere Produkte notwendige <strong>Stahlproduktion <\/strong>.&nbsp;<\/p>\n\n\t\t<\/div>\n\t\t\t\t\t<\/div>\n\n\t\n\n<\/div>\n<div class=\"container section-title-container\" ><h2 class=\"section-title section-title-center\"><b aria-hidden=\"true\"><\/b><span class=\"section-title-main\" >Auswirkungen auf das Klima<\/span><b aria-hidden=\"true\"><\/b><\/h2><\/div>\n\n<div class=\"row\"  id=\"row-1280917632\">\n\n\n\t<div id=\"col-870882118\" class=\"col medium-8 small-12 large-8\"  >\n\t\t\t\t<div class=\"col-inner\"  >\n\t\t\t\n\t\t\t\n\n<p>Um eine bessere Kontrolle und einen besseren Einblick in die Produktion zu erhalten, haben wir uns daf\u00fcr entschieden, nur Produzenten innerhalb der Europ\u00e4ischen Union zu verwenden, wobei der Gro\u00dfteil in Schweden produziert wird. Aus dem gleichen Grund und wegen der negativen Klimaauswirkungen auf den Versand bestellen wir keine Produkte mehr aus China.<\/p>\n<p>Unseren Sch\u00e4tzungen zufolge sinken die Transportemissionen um 80 %, wenn sie von Litauen statt von China aus verschifft werden.  <\/p>\n<p>Heute verkaufen und versenden wir alle unsere Produkte innerhalb der Europ\u00e4ischen Union. Unser Hauptmarkt sind die nordischen L\u00e4nder, aber wir wachsen in Mitteleuropa und haben Vertriebsh\u00e4ndler in Deutschland und den Benelux-L\u00e4ndern. Wir haben auch eine Produktion in Murcia, Spanien, f\u00fcr alle Auftr\u00e4ge innerhalb Spaniens.<\/p>\n<p><em><strong>  <\/strong><\/em><\/p>\n<p><em><strong>  M\u00f6chten Sie sich an der Schaffung eines nachhaltigeren Unternehmens beteiligen?  <\/strong><\/em><\/p>\n<p> <em>\n  <strong> &#8211; <\/strong>\n<\/em>Geben Sie Ihre Bestellung rechtzeitig auf, damit wir unn\u00f6tig schnelle Lieferungen vermeiden k\u00f6nnen. Durch die Verhinderung einer schnellen Kleinwagenanlieferung k\u00f6nnen wir im Vergleich zu einer gut geplanten Lkw-Anlieferung etwa 80 % CO2 einsparen.<\/p>\n\n\t\t<\/div>\n\t\t\t\t\t<\/div>\n\n\t\n\n\t<div id=\"col-1796580550\" class=\"col medium-4 small-12 large-4\"  >\n\t\t\t\t<div class=\"col-inner\"  >\n\t\t\t\n\t\t\t\n\n\t<div class=\"img has-hover x md-x lg-x y md-y lg-y\" id=\"image_1930408081\">\n\t\t\t\t\t\t\t\t<div class=\"img-inner dark\" >\n\t\t\t<img loading=\"lazy\" decoding=\"async\" width=\"1020\" height=\"1011\" src=\"https:\/\/hi-nd.com\/wp-content\/uploads\/2024\/02\/Gron-transport-750x750-1-1024x1015.jpg\" class=\"attachment-large size-large\" alt=\"climate transport\" srcset=\"https:\/\/hi-nd.com\/wp-content\/uploads\/2024\/02\/Gron-transport-750x750-1-1024x1015.jpg 1024w, https:\/\/hi-nd.com\/wp-content\/uploads\/2024\/02\/Gron-transport-750x750-1-300x297.jpg 300w, https:\/\/hi-nd.com\/wp-content\/uploads\/2024\/02\/Gron-transport-750x750-1-150x150.jpg 150w, https:\/\/hi-nd.com\/wp-content\/uploads\/2024\/02\/Gron-transport-750x750-1-768x762.jpg 768w, https:\/\/hi-nd.com\/wp-content\/uploads\/2024\/02\/Gron-transport-750x750-1-1536x1523.jpg 1536w, https:\/\/hi-nd.com\/wp-content\/uploads\/2024\/02\/Gron-transport-750x750-1-2048x2031.jpg 2048w, https:\/\/hi-nd.com\/wp-content\/uploads\/2024\/02\/Gron-transport-750x750-1-750x744.jpg 750w, https:\/\/hi-nd.com\/wp-content\/uploads\/2024\/02\/Gron-transport-750x750-1-100x100.jpg 100w\" sizes=\"auto, (max-width: 1020px) 100vw, 1020px\" \/>\t\t\t\t\t\t\n\t\t\t\t\t<\/div>\n\t\t\t\t\t\t\t\t\n<style>\n#image_1930408081 {\n  width: 100%;\n}\n<\/style>\n\t<\/div>\n\t\n\n\n\t\t<\/div>\n\t\t\t\t\t<\/div>\n\n\t\n\n<\/div>\n<div class=\"container section-title-container\" ><h2 class=\"section-title section-title-center\"><b aria-hidden=\"true\"><\/b><span class=\"section-title-main\" >nachhaltige Nutzung der Ressourcen<\/span><b aria-hidden=\"true\"><\/b><\/h2><\/div>\n\n<div class=\"row\"  id=\"row-89085900\">\n\n\n\t<div id=\"col-124372357\" class=\"col medium-4 small-12 large-4\"  >\n\t\t\t\t<div class=\"col-inner\"  >\n\t\t\t\n\t\t\t\n\n\t<div class=\"img has-hover x md-x lg-x y md-y lg-y\" id=\"image_225289713\">\n\t\t\t\t\t\t\t\t<div class=\"img-inner dark\" >\n\t\t\t<img loading=\"lazy\" decoding=\"async\" width=\"877\" height=\"801\" src=\"https:\/\/hi-nd.com\/wp-content\/uploads\/2023\/10\/orwak-883x1024-1.png\" class=\"attachment-large size-large\" alt=\"\" srcset=\"https:\/\/hi-nd.com\/wp-content\/uploads\/2023\/10\/orwak-883x1024-1.png 877w, https:\/\/hi-nd.com\/wp-content\/uploads\/2023\/10\/orwak-883x1024-1-300x274.png 300w, https:\/\/hi-nd.com\/wp-content\/uploads\/2023\/10\/orwak-883x1024-1-768x701.png 768w, https:\/\/hi-nd.com\/wp-content\/uploads\/2023\/10\/orwak-883x1024-1-750x685.png 750w\" sizes=\"auto, (max-width: 877px) 100vw, 877px\" \/>\t\t\t\t\t\t\n\t\t\t\t\t<\/div>\n\t\t\t\t\t\t\t\t\n<style>\n#image_225289713 {\n  width: 100%;\n}\n<\/style>\n\t<\/div>\n\t\n\n\n\t\t<\/div>\n\t\t\t\t\t<\/div>\n\n\t\n\n\t<div id=\"col-1829128206\" class=\"col medium-8 small-12 large-8\"  >\n\t\t\t\t<div class=\"col-inner\"  >\n\t\t\t\n\t\t\t\n\n<p>Wir entwerfen alle unsere Produkte selbst, und bei der Entwicklung achten wir stets auf eine nachhaltige Nutzung der Produkte. Zum Beispiel;<\/p>\n<ul>\n<li>in der Produktion optimieren wir die Stahlbleche, um Abfall zu vermeiden<\/li>\n<li>wir versuchen, universelle L\u00f6sungen f\u00fcr unsere Produkte zu entwickeln, damit sie f\u00fcr mehr Bildschirme geeignet sind<\/li>\n<li>wir entfernen so weit wie m\u00f6glich \u00fcberfl\u00fcssiges Material aus Produkten, wie z. B. Ventilatoren  <\/li>\n<li>Alle Pappen, Kunststoffe und Verpackungen, die wir erhalten, verdichten wir in einer Ballenpresse. Danach holt ein Recyclingunternehmen sie bei uns ab.<\/li>\n<\/ul>\n\n\t\t<\/div>\n\t\t\t\t\t<\/div>\n\n\t\n\n<\/div>\n<div class=\"container section-title-container\" ><h2 class=\"section-title section-title-center\"><b aria-hidden=\"true\"><\/b><span class=\"section-title-main\" >Auswahl des Materials<\/span><b aria-hidden=\"true\"><\/b><\/h2><\/div>\n\n<div class=\"row\"  id=\"row-2006076029\">\n\n\n\t<div id=\"col-33681478\" class=\"col medium-8 small-12 large-8\"  >\n\t\t\t\t<div class=\"col-inner\"  >\n\t\t\t\n\t\t\t\n\n<p>Die meisten unserer Produkte bestehen aus verschiedenen Mengen Stahl. Stahl ist einer der am h\u00e4ufigsten recycelten Werkstoffe, aber aufgrund seines langen Lebenszyklus ist nicht gen\u00fcgend recycelter Stahl verf\u00fcgbar, um die Marktnachfrage zu decken. Der vorhandene recycelte Stahl wird als Premiumprodukt angesehen und daher zu einem h\u00f6heren Preis angeboten. SSAB beginnt mit der Entwicklung von Stahl, der ohne fossile Brennstoffe hergestellt wird, und hat sich zum Ziel gesetzt, im Jahr 2045 zu 100 % frei von fossilen Brennstoffen zu sein. Unser Ziel ist es, fossilfreien Stahl zu verwenden, sobald er auf dem Markt verf\u00fcgbar ist, und in der Zwischenzeit recycelten Stahl f\u00fcr interessierte Kunden anzubieten.<\/p>\n<p>Was die Schutzabdeckungen f\u00fcr alle Produkte betrifft, so verwenden wir je nach dem Zweck des Kunden entweder Glas oder Kunststoff. Beide haben ihre Vor- und Nachteile und sind zu unterschiedlichen Anl\u00e4ssen angebracht. Die Glasabdeckung hat jedoch einen geringeren CO2-Fu\u00dfabdruck pro m2 als die Kunststoffabdeckung, selbst wenn man das Gewicht ber\u00fccksichtigt. Die Wahl des Versicherungsschutzes bleibt dem Kunden \u00fcberlassen, aber wir ziehen es vor, die Kunden zu informieren, bevor sie sich entscheiden.<\/p>\n\n\t\t<\/div>\n\t\t\t\t\t<\/div>\n\n\t\n\n\t<div id=\"col-820756605\" class=\"col medium-4 small-12 large-4\"  >\n\t\t\t\t<div class=\"col-inner\"  >\n\t\t\t\n\t\t\t\n\n\t<div class=\"img has-hover x md-x lg-x y md-y lg-y\" id=\"image_5851647\">\n\t\t\t\t\t\t\t\t<div class=\"img-inner dark\" >\n\t\t\t<img loading=\"lazy\" decoding=\"async\" width=\"1010\" height=\"809\" src=\"https:\/\/hi-nd.com\/wp-content\/uploads\/2023\/10\/Vagror_plat.png\" class=\"attachment-large size-large\" alt=\"\" srcset=\"https:\/\/hi-nd.com\/wp-content\/uploads\/2023\/10\/Vagror_plat.png 1010w, https:\/\/hi-nd.com\/wp-content\/uploads\/2023\/10\/Vagror_plat-300x240.png 300w, https:\/\/hi-nd.com\/wp-content\/uploads\/2023\/10\/Vagror_plat-768x615.png 768w, https:\/\/hi-nd.com\/wp-content\/uploads\/2023\/10\/Vagror_plat-750x601.png 750w\" sizes=\"auto, (max-width: 1010px) 100vw, 1010px\" \/>\t\t\t\t\t\t\n\t\t\t\t\t<\/div>\n\t\t\t\t\t\t\t\t\n<style>\n#image_5851647 {\n  width: 100%;\n}\n<\/style>\n\t<\/div>\n\t\n\n\n\t\t<\/div>\n\t\t\t\t\t<\/div>\n\n\t\n\n<\/div>\n\n","protected":false},"excerpt":{"rendered":"","protected":false},"author":5,"featured_media":0,"parent":0,"menu_order":0,"comment_status":"closed","ping_status":"closed","template":"","meta":{"footnotes":""},"class_list":["post-5565","page","type-page","status-publish","hentry"],"yoast_head":"<!-- This site is optimized with the Yoast SEO plugin v27.3 - https:\/\/yoast.com\/product\/yoast-seo-wordpress\/ -->\n<title>Umwelt und Klima - HI-ND<\/title>\n<meta name=\"description\" content=\"Unser Ziel ist es, das Klima und die Umwelt so wenig wie m\u00f6glich zu belasten. Es gibt zwei Faktoren, die wir am meisten beeinflussen.\" \/>\n<meta name=\"robots\" content=\"index, follow, max-snippet:-1, max-image-preview:large, max-video-preview:-1\" \/>\n<link rel=\"canonical\" href=\"https:\/\/hi-nd.com\/de\/umwelt-und-klima\/\" \/>\n<meta property=\"og:locale\" content=\"de_DE\" \/>\n<meta property=\"og:type\" content=\"article\" \/>\n<meta property=\"og:title\" content=\"Umwelt und Klima - HI-ND\" \/>\n<meta property=\"og:description\" content=\"Unser Ziel ist es, das Klima und die Umwelt so wenig wie m\u00f6glich zu belasten. Es gibt zwei Faktoren, die wir am meisten beeinflussen.\" \/>\n<meta property=\"og:url\" content=\"https:\/\/hi-nd.com\/de\/umwelt-und-klima\/\" \/>\n<meta property=\"og:site_name\" content=\"HI-ND\" \/>\n<meta property=\"article:modified_time\" content=\"2025-02-25T08:21:42+00:00\" \/>\n<meta name=\"twitter:card\" content=\"summary_large_image\" \/>\n<meta name=\"twitter:label1\" content=\"Gesch\u00e4tzte Lesezeit\" \/>\n\t<meta name=\"twitter:data1\" content=\"3\u00a0Minuten\" \/>\n<script type=\"application\/ld+json\" class=\"yoast-schema-graph\">{\"@context\":\"https:\\\/\\\/schema.org\",\"@graph\":[{\"@type\":\"WebPage\",\"@id\":\"https:\\\/\\\/hi-nd.com\\\/de\\\/umwelt-und-klima\\\/\",\"url\":\"https:\\\/\\\/hi-nd.com\\\/de\\\/umwelt-und-klima\\\/\",\"name\":\"Umwelt und Klima - HI-ND\",\"isPartOf\":{\"@id\":\"https:\\\/\\\/hi-nd.com\\\/#website\"},\"datePublished\":\"2023-10-11T12:39:58+00:00\",\"dateModified\":\"2025-02-25T08:21:42+00:00\",\"description\":\"Unser Ziel ist es, das Klima und die Umwelt so wenig wie m\u00f6glich zu belasten. Es gibt zwei Faktoren, die wir am meisten beeinflussen.\",\"breadcrumb\":{\"@id\":\"https:\\\/\\\/hi-nd.com\\\/de\\\/umwelt-und-klima\\\/#breadcrumb\"},\"inLanguage\":\"de\",\"potentialAction\":[{\"@type\":\"ReadAction\",\"target\":[\"https:\\\/\\\/hi-nd.com\\\/de\\\/umwelt-und-klima\\\/\"]}]},{\"@type\":\"BreadcrumbList\",\"@id\":\"https:\\\/\\\/hi-nd.com\\\/de\\\/umwelt-und-klima\\\/#breadcrumb\",\"itemListElement\":[{\"@type\":\"ListItem\",\"position\":1,\"name\":\"Home\",\"item\":\"https:\\\/\\\/hi-nd.com\\\/de\\\/\"},{\"@type\":\"ListItem\",\"position\":2,\"name\":\"Umwelt und Klima\"}]},{\"@type\":\"WebSite\",\"@id\":\"https:\\\/\\\/hi-nd.com\\\/#website\",\"url\":\"https:\\\/\\\/hi-nd.com\\\/\",\"name\":\"HI-ND\",\"description\":\"Mounting Solutions\",\"potentialAction\":[{\"@type\":\"SearchAction\",\"target\":{\"@type\":\"EntryPoint\",\"urlTemplate\":\"https:\\\/\\\/hi-nd.com\\\/?s={search_term_string}\"},\"query-input\":{\"@type\":\"PropertyValueSpecification\",\"valueRequired\":true,\"valueName\":\"search_term_string\"}}],\"inLanguage\":\"de\"}]}<\/script>\n<!-- \/ Yoast SEO plugin. -->","yoast_head_json":{"title":"Umwelt und Klima - HI-ND","description":"Unser Ziel ist es, das Klima und die Umwelt so wenig wie m\u00f6glich zu belasten. Es gibt zwei Faktoren, die wir am meisten beeinflussen.","robots":{"index":"index","follow":"follow","max-snippet":"max-snippet:-1","max-image-preview":"max-image-preview:large","max-video-preview":"max-video-preview:-1"},"canonical":"https:\/\/hi-nd.com\/de\/umwelt-und-klima\/","og_locale":"de_DE","og_type":"article","og_title":"Umwelt und Klima - HI-ND","og_description":"Unser Ziel ist es, das Klima und die Umwelt so wenig wie m\u00f6glich zu belasten. Es gibt zwei Faktoren, die wir am meisten beeinflussen.","og_url":"https:\/\/hi-nd.com\/de\/umwelt-und-klima\/","og_site_name":"HI-ND","article_modified_time":"2025-02-25T08:21:42+00:00","twitter_card":"summary_large_image","twitter_misc":{"Gesch\u00e4tzte Lesezeit":"3\u00a0Minuten"},"schema":{"@context":"https:\/\/schema.org","@graph":[{"@type":"WebPage","@id":"https:\/\/hi-nd.com\/de\/umwelt-und-klima\/","url":"https:\/\/hi-nd.com\/de\/umwelt-und-klima\/","name":"Umwelt und Klima - HI-ND","isPartOf":{"@id":"https:\/\/hi-nd.com\/#website"},"datePublished":"2023-10-11T12:39:58+00:00","dateModified":"2025-02-25T08:21:42+00:00","description":"Unser Ziel ist es, das Klima und die Umwelt so wenig wie m\u00f6glich zu belasten. Es gibt zwei Faktoren, die wir am meisten beeinflussen.","breadcrumb":{"@id":"https:\/\/hi-nd.com\/de\/umwelt-und-klima\/#breadcrumb"},"inLanguage":"de","potentialAction":[{"@type":"ReadAction","target":["https:\/\/hi-nd.com\/de\/umwelt-und-klima\/"]}]},{"@type":"BreadcrumbList","@id":"https:\/\/hi-nd.com\/de\/umwelt-und-klima\/#breadcrumb","itemListElement":[{"@type":"ListItem","position":1,"name":"Home","item":"https:\/\/hi-nd.com\/de\/"},{"@type":"ListItem","position":2,"name":"Umwelt und Klima"}]},{"@type":"WebSite","@id":"https:\/\/hi-nd.com\/#website","url":"https:\/\/hi-nd.com\/","name":"HI-ND","description":"Mounting Solutions","potentialAction":[{"@type":"SearchAction","target":{"@type":"EntryPoint","urlTemplate":"https:\/\/hi-nd.com\/?s={search_term_string}"},"query-input":{"@type":"PropertyValueSpecification","valueRequired":true,"valueName":"search_term_string"}}],"inLanguage":"de"}]}},"_links":{"self":[{"href":"https:\/\/hi-nd.com\/de\/wp-json\/wp\/v2\/pages\/5565","targetHints":{"allow":["GET"]}}],"collection":[{"href":"https:\/\/hi-nd.com\/de\/wp-json\/wp\/v2\/pages"}],"about":[{"href":"https:\/\/hi-nd.com\/de\/wp-json\/wp\/v2\/types\/page"}],"author":[{"embeddable":true,"href":"https:\/\/hi-nd.com\/de\/wp-json\/wp\/v2\/users\/5"}],"replies":[{"embeddable":true,"href":"https:\/\/hi-nd.com\/de\/wp-json\/wp\/v2\/comments?post=5565"}],"version-history":[{"count":9,"href":"https:\/\/hi-nd.com\/de\/wp-json\/wp\/v2\/pages\/5565\/revisions"}],"predecessor-version":[{"id":8428,"href":"https:\/\/hi-nd.com\/de\/wp-json\/wp\/v2\/pages\/5565\/revisions\/8428"}],"wp:attachment":[{"href":"https:\/\/hi-nd.com\/de\/wp-json\/wp\/v2\/media?parent=5565"}],"curies":[{"name":"wp","href":"https:\/\/api.w.org\/{rel}","templated":true}]}}