{"id":5556,"date":"2023-01-26T15:11:32","date_gmt":"2023-01-26T14:11:32","guid":{"rendered":"https:\/\/hi-nd.com\/led\/"},"modified":"2025-02-25T09:36:38","modified_gmt":"2025-02-25T08:36:38","slug":"led","status":"publish","type":"page","link":"https:\/\/hi-nd.com\/de\/led\/","title":{"rendered":"LED"},"content":{"rendered":"\n<div class=\"is-divider divider clearfix\" ><\/div>\n\n<div class=\"container section-title-container\" ><h1 class=\"section-title section-title-center\"><b aria-hidden=\"true\"><\/b><span class=\"section-title-main\" >LED<\/span><b aria-hidden=\"true\"><\/b><\/h1><\/div>\n\n<div class=\"row\"  id=\"row-1210513764\">\n\n\n\t<div id=\"col-1145622502\" class=\"col medium-4 small-12 large-4\"  >\n\t\t\t\t<div class=\"col-inner\"  >\n\t\t\t\n\t\t\t\n\n\t<div class=\"img has-hover x md-x lg-x y md-y lg-y\" id=\"image_370416126\">\n\t\t<a class=\"\" href=\"https:\/\/hi-nd.com\/de\/produkt\/gekruemmte-led\/\" >\t\t\t\t\t\t<div class=\"img-inner dark\" >\n\t\t\t<img loading=\"lazy\" decoding=\"async\" width=\"750\" height=\"750\" src=\"https:\/\/hi-nd.com\/wp-content\/uploads\/2023\/01\/space-1.jpg\" class=\"attachment-large size-large\" alt=\"Space\" srcset=\"https:\/\/hi-nd.com\/wp-content\/uploads\/2023\/01\/space-1.jpg 750w, https:\/\/hi-nd.com\/wp-content\/uploads\/2023\/01\/space-1-300x300.jpg 300w, https:\/\/hi-nd.com\/wp-content\/uploads\/2023\/01\/space-1-150x150.jpg 150w, https:\/\/hi-nd.com\/wp-content\/uploads\/2023\/01\/space-1-100x100.jpg 100w\" sizes=\"auto, (max-width: 750px) 100vw, 750px\" \/>\t\t\t\t\t\t\n\t\t\t\t\t<\/div>\n\t\t\t\t\t\t<\/a>\t\t\n<style>\n#image_370416126 {\n  width: 100%;\n}\n<\/style>\n\t<\/div>\n\t\n\n\n\t\t<\/div>\n\t\t\t\t\t<\/div>\n\n\t\n\n\t<div id=\"col-1532803546\" class=\"col medium-4 small-12 large-4\"  >\n\t\t\t\t<div class=\"col-inner\"  >\n\t\t\t\n\t\t\t\n\n\t<div class=\"img has-hover x md-x lg-x y md-y lg-y\" id=\"image_75815581\">\n\t\t<a class=\"\" href=\"https:\/\/hi-nd.com\/de\/produkt\/wandmontage-led\/\" >\t\t\t\t\t\t<div class=\"img-inner dark\" >\n\t\t\t<img loading=\"lazy\" decoding=\"async\" width=\"750\" height=\"750\" src=\"https:\/\/hi-nd.com\/wp-content\/uploads\/2023\/01\/space2.jpg\" class=\"attachment-large size-large\" alt=\"\" srcset=\"https:\/\/hi-nd.com\/wp-content\/uploads\/2023\/01\/space2.jpg 750w, https:\/\/hi-nd.com\/wp-content\/uploads\/2023\/01\/space2-300x300.jpg 300w, https:\/\/hi-nd.com\/wp-content\/uploads\/2023\/01\/space2-150x150.jpg 150w, https:\/\/hi-nd.com\/wp-content\/uploads\/2023\/01\/space2-100x100.jpg 100w\" sizes=\"auto, (max-width: 750px) 100vw, 750px\" \/>\t\t\t\t\t\t\n\t\t\t\t\t<\/div>\n\t\t\t\t\t\t<\/a>\t\t\n<style>\n#image_75815581 {\n  width: 100%;\n}\n<\/style>\n\t<\/div>\n\t\n\n\n\t\t<\/div>\n\t\t\t\t\t<\/div>\n\n\t\n\n\t<div id=\"col-801814779\" class=\"col medium-4 small-12 large-4\"  >\n\t\t\t\t<div class=\"col-inner\"  >\n\t\t\t\n\t\t\t\n\n\t<div class=\"img has-hover x md-x lg-x y md-y lg-y\" id=\"image_67998577\">\n\t\t<a class=\"\" href=\"https:\/\/hi-nd.com\/de\/produkt\/wandmontage-led\/\" >\t\t\t\t\t\t<div class=\"img-inner dark\" >\n\t\t\t<img loading=\"lazy\" decoding=\"async\" width=\"750\" height=\"750\" src=\"https:\/\/hi-nd.com\/wp-content\/uploads\/2022\/03\/grassfish-led-750x750-1.png\" class=\"attachment-large size-large\" alt=\"Grassfish LED\" srcset=\"https:\/\/hi-nd.com\/wp-content\/uploads\/2022\/03\/grassfish-led-750x750-1.png 750w, https:\/\/hi-nd.com\/wp-content\/uploads\/2022\/03\/grassfish-led-750x750-1-300x300.png 300w, https:\/\/hi-nd.com\/wp-content\/uploads\/2022\/03\/grassfish-led-750x750-1-150x150.png 150w, https:\/\/hi-nd.com\/wp-content\/uploads\/2022\/03\/grassfish-led-750x750-1-100x100.png 100w\" sizes=\"auto, (max-width: 750px) 100vw, 750px\" \/>\t\t\t\t\t\t\n\t\t\t\t\t<\/div>\n\t\t\t\t\t\t<\/a>\t\t\n<style>\n#image_67998577 {\n  width: 100%;\n}\n<\/style>\n\t<\/div>\n\t\n\n\n\t\t<\/div>\n\t\t\t\t\t<\/div>\n\n\t\n\n<\/div>\n<div class=\"container section-title-container\" ><h2 class=\"section-title section-title-center\"><b aria-hidden=\"true\"><\/b><span class=\"section-title-main\" >digitale Beschilderung - led<\/span><b aria-hidden=\"true\"><\/b><\/h2><\/div>\n\n<div class=\"row\"  id=\"row-1621697031\">\n\n\n\t<div id=\"col-962722458\" class=\"col medium-6 small-12 large-6\"  >\n\t\t\t\t<div class=\"col-inner\"  >\n\t\t\t\n\t\t\t\n\n<h3><strong>Die wachsende LED-Industrie<\/strong><\/h3>\n<p>Die LED-Technologie entwickelt sich weiterhin rasant und bietet Unternehmen neue M\u00f6glichkeiten f\u00fcr Innovationen. Dieser expandierende Markt bietet ein erstaunliches Potenzial f\u00fcr die Erstellung dynamischer digitaler Anzeigen. <\/p>\n<h3><strong>Innovative Videowand-L\u00f6sungen<\/strong><\/h3>\n<p>HI-ND bietet innovative L\u00f6sungen f\u00fcr den Aufbau nahtloser Videow\u00e4nde. Unsere vorkonfigurierte Wandhalterung ist speziell f\u00fcr Samsung LED-Displays konzipiert. Damit ist es einfacher denn je, beeindruckende Videow\u00e4nde einzurichten, die das Publikum fesseln.  <\/p>\n<h3><strong>Anpassbares und flexibles Design<\/strong><\/h3>\n<p>Wir bieten eine Komplettl\u00f6sung, die sowohl Wandhalterungen als auch Rahmen umfasst. Die Rahmen sind vollst\u00e4ndig anpassbar und k\u00f6nnen in jeder Farbe gew\u00e4hlt werden, die zu Ihrer Marke oder Ihrer Inneneinrichtung passt. Dadurch wird sichergestellt, dass sich Ihre Videowand nahtlos in Ihre Umgebung einf\u00fcgt.  <\/p>\n<h3><strong>Kompatibilit\u00e4t mit Samsung Displays<\/strong><\/h3>\n<p>Unsere Wandhalterungen sind mit den IEA- und IFR-Serien von Samsung kompatibel und damit ideal f\u00fcr eine Vielzahl von Bildschirmaufstellungen.<\/p>\n\n\t\t<\/div>\n\t\t\t\t\t<\/div>\n\n\t\n\n\t<div id=\"col-1416147014\" class=\"col medium-6 small-12 large-6\"  >\n\t\t\t\t<div class=\"col-inner\"  >\n\t\t\t\n\t\t\t\n\n<p>Diese Kompatibilit\u00e4t gew\u00e4hrleistet eine reibungslose Installation und einen sicheren Sitz f\u00fcr Ihre LED-Bildschirme.<\/p>\n<h3><strong>Professionelle LED-Installationen<\/strong><\/h3>\n<p>Wir bieten nicht nur Halterungen und Rahmen, sondern auch einen professionellen LED-Installationsservice an. Unser erfahrenes Team sorgt daf\u00fcr, dass Ihre Videowand perfekt eingerichtet wird, damit Sie eine problemlose L\u00f6sung erhalten. <\/p>\n<p>Ganz gleich, ob Sie eine einfache Videowand oder ein gebogenes Display installieren m\u00f6chten, HI-ND hat die Produkte und das Know-how, um Ihnen zu helfen. Entdecken Sie unsere L\u00f6sungen und erfahren Sie, wie wir Ihre digitale Beschilderung aufwerten k\u00f6nnen. <\/p>\n<h3><strong>Installationen<\/strong><\/h3>\n<p>Wir bieten auch LED-Installationen von unserer Schwesterfirma HI-ND Project an. Kontaktieren Sie uns unter info@hi-nd.com f\u00fcr weitere Informationen oder <a href=\"https:\/\/hi-nd-project.com\/\">lesen Sie hier mehr.<\/a> <\/p>\n\n\t\t<\/div>\n\t\t\t\t\t<\/div>\n\n\t\n\n<\/div>\n\n","protected":false},"excerpt":{"rendered":"","protected":false},"author":5,"featured_media":0,"parent":0,"menu_order":0,"comment_status":"closed","ping_status":"closed","template":"","meta":{"footnotes":""},"class_list":["post-5556","page","type-page","status-publish","hentry"],"yoast_head":"<!-- This site is optimized with the Yoast SEO plugin v27.3 - https:\/\/yoast.com\/product\/yoast-seo-wordpress\/ -->\n<title>LED - HI-ND<\/title>\n<meta name=\"description\" content=\"Wir bieten jetzt eine komplette L\u00f6sung f\u00fcr Samsung LED-Displays an, einschlie\u00dflich Wandhalterungen und Rahmen, und die M\u00f6glichkeit, Videow\u00e4nde zu erstellen\" \/>\n<meta name=\"robots\" content=\"index, follow, max-snippet:-1, max-image-preview:large, max-video-preview:-1\" \/>\n<link rel=\"canonical\" href=\"https:\/\/hi-nd.com\/de\/led\/\" \/>\n<meta property=\"og:locale\" content=\"de_DE\" \/>\n<meta property=\"og:type\" content=\"article\" \/>\n<meta property=\"og:title\" content=\"LED - HI-ND\" \/>\n<meta property=\"og:description\" content=\"Wir bieten jetzt eine komplette L\u00f6sung f\u00fcr Samsung LED-Displays an, einschlie\u00dflich Wandhalterungen und Rahmen, und die M\u00f6glichkeit, Videow\u00e4nde zu erstellen\" \/>\n<meta property=\"og:url\" content=\"https:\/\/hi-nd.com\/de\/led\/\" \/>\n<meta property=\"og:site_name\" content=\"HI-ND\" \/>\n<meta property=\"article:modified_time\" content=\"2025-02-25T08:36:38+00:00\" \/>\n<meta name=\"twitter:card\" content=\"summary_large_image\" \/>\n<meta name=\"twitter:label1\" content=\"Gesch\u00e4tzte Lesezeit\" \/>\n\t<meta name=\"twitter:data1\" content=\"2\u00a0Minuten\" \/>\n<script type=\"application\/ld+json\" class=\"yoast-schema-graph\">{\"@context\":\"https:\\\/\\\/schema.org\",\"@graph\":[{\"@type\":\"WebPage\",\"@id\":\"https:\\\/\\\/hi-nd.com\\\/de\\\/led\\\/\",\"url\":\"https:\\\/\\\/hi-nd.com\\\/de\\\/led\\\/\",\"name\":\"LED - HI-ND\",\"isPartOf\":{\"@id\":\"https:\\\/\\\/hi-nd.com\\\/#website\"},\"datePublished\":\"2023-01-26T14:11:32+00:00\",\"dateModified\":\"2025-02-25T08:36:38+00:00\",\"description\":\"Wir bieten jetzt eine komplette L\u00f6sung f\u00fcr Samsung LED-Displays an, einschlie\u00dflich Wandhalterungen und Rahmen, und die M\u00f6glichkeit, Videow\u00e4nde zu erstellen\",\"breadcrumb\":{\"@id\":\"https:\\\/\\\/hi-nd.com\\\/de\\\/led\\\/#breadcrumb\"},\"inLanguage\":\"de\",\"potentialAction\":[{\"@type\":\"ReadAction\",\"target\":[\"https:\\\/\\\/hi-nd.com\\\/de\\\/led\\\/\"]}]},{\"@type\":\"BreadcrumbList\",\"@id\":\"https:\\\/\\\/hi-nd.com\\\/de\\\/led\\\/#breadcrumb\",\"itemListElement\":[{\"@type\":\"ListItem\",\"position\":1,\"name\":\"Home\",\"item\":\"https:\\\/\\\/hi-nd.com\\\/de\\\/\"},{\"@type\":\"ListItem\",\"position\":2,\"name\":\"LED\"}]},{\"@type\":\"WebSite\",\"@id\":\"https:\\\/\\\/hi-nd.com\\\/#website\",\"url\":\"https:\\\/\\\/hi-nd.com\\\/\",\"name\":\"HI-ND\",\"description\":\"Mounting Solutions\",\"potentialAction\":[{\"@type\":\"SearchAction\",\"target\":{\"@type\":\"EntryPoint\",\"urlTemplate\":\"https:\\\/\\\/hi-nd.com\\\/?s={search_term_string}\"},\"query-input\":{\"@type\":\"PropertyValueSpecification\",\"valueRequired\":true,\"valueName\":\"search_term_string\"}}],\"inLanguage\":\"de\"}]}<\/script>\n<!-- \/ Yoast SEO plugin. -->","yoast_head_json":{"title":"LED - HI-ND","description":"Wir bieten jetzt eine komplette L\u00f6sung f\u00fcr Samsung LED-Displays an, einschlie\u00dflich Wandhalterungen und Rahmen, und die M\u00f6glichkeit, Videow\u00e4nde zu erstellen","robots":{"index":"index","follow":"follow","max-snippet":"max-snippet:-1","max-image-preview":"max-image-preview:large","max-video-preview":"max-video-preview:-1"},"canonical":"https:\/\/hi-nd.com\/de\/led\/","og_locale":"de_DE","og_type":"article","og_title":"LED - HI-ND","og_description":"Wir bieten jetzt eine komplette L\u00f6sung f\u00fcr Samsung LED-Displays an, einschlie\u00dflich Wandhalterungen und Rahmen, und die M\u00f6glichkeit, Videow\u00e4nde zu erstellen","og_url":"https:\/\/hi-nd.com\/de\/led\/","og_site_name":"HI-ND","article_modified_time":"2025-02-25T08:36:38+00:00","twitter_card":"summary_large_image","twitter_misc":{"Gesch\u00e4tzte Lesezeit":"2\u00a0Minuten"},"schema":{"@context":"https:\/\/schema.org","@graph":[{"@type":"WebPage","@id":"https:\/\/hi-nd.com\/de\/led\/","url":"https:\/\/hi-nd.com\/de\/led\/","name":"LED - HI-ND","isPartOf":{"@id":"https:\/\/hi-nd.com\/#website"},"datePublished":"2023-01-26T14:11:32+00:00","dateModified":"2025-02-25T08:36:38+00:00","description":"Wir bieten jetzt eine komplette L\u00f6sung f\u00fcr Samsung LED-Displays an, einschlie\u00dflich Wandhalterungen und Rahmen, und die M\u00f6glichkeit, Videow\u00e4nde zu erstellen","breadcrumb":{"@id":"https:\/\/hi-nd.com\/de\/led\/#breadcrumb"},"inLanguage":"de","potentialAction":[{"@type":"ReadAction","target":["https:\/\/hi-nd.com\/de\/led\/"]}]},{"@type":"BreadcrumbList","@id":"https:\/\/hi-nd.com\/de\/led\/#breadcrumb","itemListElement":[{"@type":"ListItem","position":1,"name":"Home","item":"https:\/\/hi-nd.com\/de\/"},{"@type":"ListItem","position":2,"name":"LED"}]},{"@type":"WebSite","@id":"https:\/\/hi-nd.com\/#website","url":"https:\/\/hi-nd.com\/","name":"HI-ND","description":"Mounting Solutions","potentialAction":[{"@type":"SearchAction","target":{"@type":"EntryPoint","urlTemplate":"https:\/\/hi-nd.com\/?s={search_term_string}"},"query-input":{"@type":"PropertyValueSpecification","valueRequired":true,"valueName":"search_term_string"}}],"inLanguage":"de"}]}},"_links":{"self":[{"href":"https:\/\/hi-nd.com\/de\/wp-json\/wp\/v2\/pages\/5556","targetHints":{"allow":["GET"]}}],"collection":[{"href":"https:\/\/hi-nd.com\/de\/wp-json\/wp\/v2\/pages"}],"about":[{"href":"https:\/\/hi-nd.com\/de\/wp-json\/wp\/v2\/types\/page"}],"author":[{"embeddable":true,"href":"https:\/\/hi-nd.com\/de\/wp-json\/wp\/v2\/users\/5"}],"replies":[{"embeddable":true,"href":"https:\/\/hi-nd.com\/de\/wp-json\/wp\/v2\/comments?post=5556"}],"version-history":[{"count":8,"href":"https:\/\/hi-nd.com\/de\/wp-json\/wp\/v2\/pages\/5556\/revisions"}],"predecessor-version":[{"id":8431,"href":"https:\/\/hi-nd.com\/de\/wp-json\/wp\/v2\/pages\/5556\/revisions\/8431"}],"wp:attachment":[{"href":"https:\/\/hi-nd.com\/de\/wp-json\/wp\/v2\/media?parent=5556"}],"curies":[{"name":"wp","href":"https:\/\/api.w.org\/{rel}","templated":true}]}}