{"id":5549,"date":"2021-12-02T09:40:44","date_gmt":"2021-12-02T08:40:44","guid":{"rendered":"https:\/\/hi-nd.com\/unterstuetzung\/"},"modified":"2024-01-23T13:53:13","modified_gmt":"2024-01-23T12:53:13","slug":"unterstuetzung","status":"publish","type":"page","link":"https:\/\/hi-nd.com\/de\/unterstuetzung\/","title":{"rendered":"Unterst\u00fctzung"},"content":{"rendered":"\n\n  <div class=\"banner has-hover\" id=\"banner-48051045\">\n          <div class=\"banner-inner fill\">\n        <div class=\"banner-bg fill\" >\n            <img loading=\"lazy\" decoding=\"async\" width=\"1020\" height=\"680\" src=\"https:\/\/hi-nd.com\/wp-content\/uploads\/2021\/10\/MG_1473-dualiso-1024x683.jpg\" class=\"bg attachment-large size-large\" alt=\"\" \/>                        <div class=\"overlay\"><\/div>            \n                    <\/div>\n\t\t\n        <div class=\"banner-layers container\">\n            <div class=\"fill banner-link\"><\/div>            \n\n   <div id=\"text-box-115290068\" class=\"text-box banner-layer x5 md-x5 lg-x5 y50 md-y50 lg-y50 res-text\">\n                                <div class=\"text-box-content text dark\">\n              \n              <div class=\"text-inner text-left\">\n                  \n\n<h2 class=\"uppercase\"><strong>Unterst\u00fctzung<\/strong><\/h2>\n<h3>Bedingungen und Konditionen<\/h3>\n<p>Die folgenden Informationen beschreiben, wie R\u00fccksendungen, Garantie und Vertragsbedingungen gehandhabt werden<\/p>\n\n              <\/div>\n           <\/div>\n                            \n<style>\n#text-box-115290068 {\n  width: 60%;\n}\n#text-box-115290068 .text-box-content {\n  font-size: 100%;\n}\n@media (min-width:550px) {\n  #text-box-115290068 {\n    width: 44%;\n  }\n}\n<\/style>\n    <\/div>\n \n\n        <\/div>\n      <\/div>\n\n            \n<style>\n#banner-48051045 {\n  padding-top: 500px;\n}\n#banner-48051045 .overlay {\n  background-color: rgba(0, 0, 0, 0.31);\n}\n<\/style>\n  <\/div>\n\n\n\t<div id=\"gap-2078239156\" class=\"gap-element clearfix\" style=\"display:block; height:auto;\">\n\t\t\n<style>\n#gap-2078239156 {\n  padding-top: 30px;\n}\n<\/style>\n\t<\/div>\n\t\n\n<div class=\"row align-middle\"  id=\"row-2059063342\">\n\n\n\t<div id=\"col-383550201\" class=\"col medium-6 small-12 large-6\"  >\n\t\t\t\t<div class=\"col-inner\"  >\n\t\t\t\n\t\t\t\n\n<h3>Bedingungen und Konditionen<\/h3>\n<p><strong>Garantie<\/strong><\/p>\n<ul>\n<li>Transportsch\u00e4den sollten uns innerhalb von vier Werktagen gemeldet werden<\/li>\n<li>F\u00fcnf Jahre Garantie auf alle mechanischen Produkte<\/li>\n<li>Drei Jahre Garantie f\u00fcr Produkte einschlie\u00dflich elektronischer Komponenten<\/li>\n<li>Drei Jahre Garantie gegen Korrosion auf Produkte f\u00fcr den Au\u00dfenbereich<\/li>\n<\/ul>\n<p>Bitte beachten Sie unbedingt die Installationsanleitung. Das Installationshandbuch kann mit Hilfe des QR-Codes, der auf der Produktverpackung sichtbar ist, heruntergeladen werden. Ein Produkt ist nur dann von der Garantie gedeckt, wenn es gem\u00e4\u00df der Anleitung korrekt montiert wird.<\/p>\n<p>Hi-Nd gibt keine Garantien au\u00dfer denen, die hier ausdr\u00fccklich aufgef\u00fchrt sind. Alle anderen Garantien, auch hinsichtlich der Eignung f\u00fcr einen bestimmten Zweck, sind, soweit gesetzlich zul\u00e4ssig, ausgeschlossen.<\/p>\n<p><strong>Detaillierte Garantiebedingungen<\/strong><\/p>\n<ol>\n<li>Senden Sie das unterzeichnete Versanddokument an <a href=\"mailto:support@hi-nd.se\">support@hi-nd.se<\/a>, um eine RMA-Nummer zu erhalten.<\/li>\n<li>Wir ben\u00f6tigen Fotos des besch\u00e4digten Produkts, der Verpackung und des Etiketts.<\/li>\n<li>Schicken Sie das Produkt auf einer Palette in der Originalverpackung an HI-ND zur\u00fcck. Die Frachtkosten tr\u00e4gt der K\u00e4ufer.<\/li>\n<li>Sollte sich das Produkt nach unseren Qualit\u00e4tskontrollen als fehlerhaft erweisen, senden wir eine Gutschrift.<\/li>\n<\/ol>\n<p>Die Garantie gilt nicht unter den folgenden Bedingungen:<\/p>\n<ul>\n<li>Wenn Kratzer auf Schutzglas oder Metall aus 100 cm Entfernung nicht sichtbar sind<\/li>\n<li>Wenn die Kratzer weniger als 10 mm lang sind<\/li>\n<li>Wenn das Produkt von einem anderen Unternehmen als HI-ND repariert wurde<\/li>\n<li>Wenn das Produkt nicht gem\u00e4\u00df der Installationsanleitung installiert wurde<\/li>\n<li>Wenn das Produkt mit falschen Befestigungselementen an Wand, Boden oder Decke montiert wurde<\/li>\n<\/ul>\n<p><b>Begrenzung der Haftung<\/b><\/p>\n<p>Die Gesamthaftung von Hi-Nd, die sich aus oder im Zusammenhang mit den Produkten ergibt, einschlie\u00dflich Bestellungen, Dienstleistungen, Leistungen oder deren Verletzung, ist auf einen Betrag begrenzt, der dem vom K\u00e4ufer gezahlten und von Hi-Nd erhaltenen Kaufpreis des Produkts\/der Produkte entspricht.<\/p>\n<p>Ungeachtet der hierin enthaltenen Angaben haftet Hi-Nd in keinem Fall gegen\u00fcber irgendeiner Partei, einschlie\u00dflich des K\u00e4ufers und eines seiner verbundenen Unternehmen, f\u00fcr Produktionsverluste, Gewinn-, Ertrags- oder Gelegenheitsverluste, Nutzungsverluste, Vertragsverluste, Verlust des Firmenwerts, Verlust des gesch\u00e4ftlichen Ansehens, Verlust von erwarteten Einsparungen oder f\u00fcr andere Folgesch\u00e4den oder indirekte Verluste jeglicher Art.<\/p>\n\n\t\t<\/div>\n\t\t\t\t\t<\/div>\n\n\t\n\n\t<div id=\"col-801953758\" class=\"col medium-6 small-12 large-6\"  >\n\t\t\t\t<div class=\"col-inner\"  >\n\t\t\t\n\t\t\t\n\n\t<div class=\"img has-hover x md-x lg-x y md-y lg-y\" id=\"image_2130300660\">\n\t\t\t\t\t\t\t\t<div class=\"img-inner dark\" >\n\t\t\t<img loading=\"lazy\" decoding=\"async\" width=\"600\" height=\"800\" src=\"https:\/\/hi-nd.com\/wp-content\/uploads\/2021\/10\/Ceiling-casing-OM55N.jpeg\" class=\"attachment-large size-large\" alt=\"\" srcset=\"https:\/\/hi-nd.com\/wp-content\/uploads\/2021\/10\/Ceiling-casing-OM55N.jpeg 600w, https:\/\/hi-nd.com\/wp-content\/uploads\/2021\/10\/Ceiling-casing-OM55N-225x300.jpeg 225w\" sizes=\"auto, (max-width: 600px) 100vw, 600px\" \/>\t\t\t\t\t\t\n\t\t\t\t\t<\/div>\n\t\t\t\t\t\t\t\t\n<style>\n#image_2130300660 {\n  width: 100%;\n}\n<\/style>\n\t<\/div>\n\t\n\n\n\t\t<\/div>\n\t\t\t\t\t<\/div>\n\n\t\n\n<\/div>\n\n","protected":false},"excerpt":{"rendered":"","protected":false},"author":1,"featured_media":0,"parent":0,"menu_order":0,"comment_status":"closed","ping_status":"closed","template":"","meta":{"footnotes":""},"class_list":["post-5549","page","type-page","status-publish","hentry"],"yoast_head":"<!-- This site is optimized with the Yoast SEO plugin v27.4 - https:\/\/yoast.com\/product\/yoast-seo-wordpress\/ -->\n<title>Unterst\u00fctzung - HI-ND<\/title>\n<meta name=\"description\" content=\"Transportsch\u00e4den sollten uns innerhalb von vier Werktagen gemeldet werden. Auf alle mechanischen Produkte wird eine f\u00fcnfj\u00e4hrige Garantie gew\u00e4hrt.\" \/>\n<meta name=\"robots\" content=\"index, follow, max-snippet:-1, max-image-preview:large, max-video-preview:-1\" \/>\n<link rel=\"canonical\" href=\"https:\/\/hi-nd.com\/de\/unterstuetzung\/\" \/>\n<meta property=\"og:locale\" content=\"de_DE\" \/>\n<meta property=\"og:type\" content=\"article\" \/>\n<meta property=\"og:title\" content=\"Unterst\u00fctzung - HI-ND\" \/>\n<meta property=\"og:description\" content=\"Transportsch\u00e4den sollten uns innerhalb von vier Werktagen gemeldet werden. Auf alle mechanischen Produkte wird eine f\u00fcnfj\u00e4hrige Garantie gew\u00e4hrt.\" \/>\n<meta property=\"og:url\" content=\"https:\/\/hi-nd.com\/de\/unterstuetzung\/\" \/>\n<meta property=\"og:site_name\" content=\"HI-ND\" \/>\n<meta property=\"article:modified_time\" content=\"2024-01-23T12:53:13+00:00\" \/>\n<meta name=\"twitter:card\" content=\"summary_large_image\" \/>\n<meta name=\"twitter:label1\" content=\"Gesch\u00e4tzte Lesezeit\" \/>\n\t<meta name=\"twitter:data1\" content=\"2\u00a0Minuten\" \/>\n<script type=\"application\/ld+json\" class=\"yoast-schema-graph\">{\"@context\":\"https:\\\/\\\/schema.org\",\"@graph\":[{\"@type\":\"WebPage\",\"@id\":\"https:\\\/\\\/hi-nd.com\\\/de\\\/unterstuetzung\\\/\",\"url\":\"https:\\\/\\\/hi-nd.com\\\/de\\\/unterstuetzung\\\/\",\"name\":\"Unterst\u00fctzung - HI-ND\",\"isPartOf\":{\"@id\":\"https:\\\/\\\/hi-nd.com\\\/es\\\/#website\"},\"datePublished\":\"2021-12-02T08:40:44+00:00\",\"dateModified\":\"2024-01-23T12:53:13+00:00\",\"description\":\"Transportsch\u00e4den sollten uns innerhalb von vier Werktagen gemeldet werden. Auf alle mechanischen Produkte wird eine f\u00fcnfj\u00e4hrige Garantie gew\u00e4hrt.\",\"breadcrumb\":{\"@id\":\"https:\\\/\\\/hi-nd.com\\\/de\\\/unterstuetzung\\\/#breadcrumb\"},\"inLanguage\":\"de\",\"potentialAction\":[{\"@type\":\"ReadAction\",\"target\":[\"https:\\\/\\\/hi-nd.com\\\/de\\\/unterstuetzung\\\/\"]}]},{\"@type\":\"BreadcrumbList\",\"@id\":\"https:\\\/\\\/hi-nd.com\\\/de\\\/unterstuetzung\\\/#breadcrumb\",\"itemListElement\":[{\"@type\":\"ListItem\",\"position\":1,\"name\":\"Home\",\"item\":\"https:\\\/\\\/hi-nd.com\\\/de\\\/\"},{\"@type\":\"ListItem\",\"position\":2,\"name\":\"Unterst\u00fctzung\"}]},{\"@type\":\"WebSite\",\"@id\":\"https:\\\/\\\/hi-nd.com\\\/es\\\/#website\",\"url\":\"https:\\\/\\\/hi-nd.com\\\/es\\\/\",\"name\":\"HI-ND\",\"description\":\"Mounting Solutions\",\"potentialAction\":[{\"@type\":\"SearchAction\",\"target\":{\"@type\":\"EntryPoint\",\"urlTemplate\":\"https:\\\/\\\/hi-nd.com\\\/es\\\/?s={search_term_string}\"},\"query-input\":{\"@type\":\"PropertyValueSpecification\",\"valueRequired\":true,\"valueName\":\"search_term_string\"}}],\"inLanguage\":\"de\"}]}<\/script>\n<!-- \/ Yoast SEO plugin. -->","yoast_head_json":{"title":"Unterst\u00fctzung - HI-ND","description":"Transportsch\u00e4den sollten uns innerhalb von vier Werktagen gemeldet werden. Auf alle mechanischen Produkte wird eine f\u00fcnfj\u00e4hrige Garantie gew\u00e4hrt.","robots":{"index":"index","follow":"follow","max-snippet":"max-snippet:-1","max-image-preview":"max-image-preview:large","max-video-preview":"max-video-preview:-1"},"canonical":"https:\/\/hi-nd.com\/de\/unterstuetzung\/","og_locale":"de_DE","og_type":"article","og_title":"Unterst\u00fctzung - HI-ND","og_description":"Transportsch\u00e4den sollten uns innerhalb von vier Werktagen gemeldet werden. Auf alle mechanischen Produkte wird eine f\u00fcnfj\u00e4hrige Garantie gew\u00e4hrt.","og_url":"https:\/\/hi-nd.com\/de\/unterstuetzung\/","og_site_name":"HI-ND","article_modified_time":"2024-01-23T12:53:13+00:00","twitter_card":"summary_large_image","twitter_misc":{"Gesch\u00e4tzte Lesezeit":"2\u00a0Minuten"},"schema":{"@context":"https:\/\/schema.org","@graph":[{"@type":"WebPage","@id":"https:\/\/hi-nd.com\/de\/unterstuetzung\/","url":"https:\/\/hi-nd.com\/de\/unterstuetzung\/","name":"Unterst\u00fctzung - HI-ND","isPartOf":{"@id":"https:\/\/hi-nd.com\/es\/#website"},"datePublished":"2021-12-02T08:40:44+00:00","dateModified":"2024-01-23T12:53:13+00:00","description":"Transportsch\u00e4den sollten uns innerhalb von vier Werktagen gemeldet werden. Auf alle mechanischen Produkte wird eine f\u00fcnfj\u00e4hrige Garantie gew\u00e4hrt.","breadcrumb":{"@id":"https:\/\/hi-nd.com\/de\/unterstuetzung\/#breadcrumb"},"inLanguage":"de","potentialAction":[{"@type":"ReadAction","target":["https:\/\/hi-nd.com\/de\/unterstuetzung\/"]}]},{"@type":"BreadcrumbList","@id":"https:\/\/hi-nd.com\/de\/unterstuetzung\/#breadcrumb","itemListElement":[{"@type":"ListItem","position":1,"name":"Home","item":"https:\/\/hi-nd.com\/de\/"},{"@type":"ListItem","position":2,"name":"Unterst\u00fctzung"}]},{"@type":"WebSite","@id":"https:\/\/hi-nd.com\/es\/#website","url":"https:\/\/hi-nd.com\/es\/","name":"HI-ND","description":"Mounting Solutions","potentialAction":[{"@type":"SearchAction","target":{"@type":"EntryPoint","urlTemplate":"https:\/\/hi-nd.com\/es\/?s={search_term_string}"},"query-input":{"@type":"PropertyValueSpecification","valueRequired":true,"valueName":"search_term_string"}}],"inLanguage":"de"}]}},"_links":{"self":[{"href":"https:\/\/hi-nd.com\/de\/wp-json\/wp\/v2\/pages\/5549","targetHints":{"allow":["GET"]}}],"collection":[{"href":"https:\/\/hi-nd.com\/de\/wp-json\/wp\/v2\/pages"}],"about":[{"href":"https:\/\/hi-nd.com\/de\/wp-json\/wp\/v2\/types\/page"}],"author":[{"embeddable":true,"href":"https:\/\/hi-nd.com\/de\/wp-json\/wp\/v2\/users\/1"}],"replies":[{"embeddable":true,"href":"https:\/\/hi-nd.com\/de\/wp-json\/wp\/v2\/comments?post=5549"}],"version-history":[{"count":3,"href":"https:\/\/hi-nd.com\/de\/wp-json\/wp\/v2\/pages\/5549\/revisions"}],"predecessor-version":[{"id":6529,"href":"https:\/\/hi-nd.com\/de\/wp-json\/wp\/v2\/pages\/5549\/revisions\/6529"}],"wp:attachment":[{"href":"https:\/\/hi-nd.com\/de\/wp-json\/wp\/v2\/media?parent=5549"}],"curies":[{"name":"wp","href":"https:\/\/api.w.org\/{rel}","templated":true}]}}