{"id":5534,"date":"2022-08-22T09:50:37","date_gmt":"2022-08-22T07:50:37","guid":{"rendered":"https:\/\/hi-nd.com\/werbung\/"},"modified":"2024-10-28T12:01:35","modified_gmt":"2024-10-28T11:01:35","slug":"werbung","status":"publish","type":"page","link":"https:\/\/hi-nd.com\/de\/werbung\/","title":{"rendered":"Digitale Beschilderung f\u00fcr Werbung"},"content":{"rendered":"\n\t<div id=\"gap-886267435\" class=\"gap-element clearfix\" style=\"display:block; height:auto;\">\n\t\t\n<style>\n#gap-886267435 {\n  padding-top: 30px;\n}\n<\/style>\n\t<\/div>\n\t\n\n<div class=\"container section-title-container\" ><h1 class=\"section-title section-title-center\"><b aria-hidden=\"true\"><\/b><span class=\"section-title-main\" >Digital Signage f\u00fcr Werbung<\/span><b aria-hidden=\"true\"><\/b><\/h1><\/div>\n\n\n  <div class=\"banner has-hover has-video\" id=\"banner-805831965\">\n          <div class=\"banner-inner fill\">\n        <div class=\"banner-bg fill\" >\n                        \t<div class=\"video-overlay no-click fill hide-for-medium\"><\/div>\n\t<video class=\"video-bg fill hide-for-medium\" preload playsinline autoplay muted loop>\n\t\t<source src=\"https:\/\/hi-nd.se\/wp-content\/uploads\/2023\/11\/HI-ND-promo-video.mp4\" type=\"video\/mp4\">\t<\/video>\n                        \n                    <\/div>\n\t\t\n        <div class=\"banner-layers container\">\n            <div class=\"fill banner-link\"><\/div>            \n\n   <div id=\"text-box-1003044750\" class=\"text-box banner-layer x50 md-x50 lg-x50 y50 md-y50 lg-y50 res-text\">\n                                <div class=\"text-box-content text dark\">\n              \n              <div class=\"text-inner text-center\">\n                  \n\n\n              <\/div>\n           <\/div>\n                            \n<style>\n#text-box-1003044750 {\n  width: 60%;\n}\n#text-box-1003044750 .text-box-content {\n  font-size: 100%;\n}\n<\/style>\n    <\/div>\n \n\n        <\/div>\n      <\/div>\n\n            \n<style>\n#banner-805831965 {\n  padding-top: 500px;\n}\n<\/style>\n  <\/div>\n\n\n\t<div id=\"gap-1563442382\" class=\"gap-element clearfix\" style=\"display:block; height:auto;\">\n\t\t\n<style>\n#gap-1563442382 {\n  padding-top: 30px;\n}\n<\/style>\n\t<\/div>\n\t\n\n<div class=\"container section-title-container\" ><h2 class=\"section-title section-title-center\"><b aria-hidden=\"true\"><\/b><span class=\"section-title-main\" >Werbung<\/span><b aria-hidden=\"true\"><\/b><\/h2><\/div>\n\n<div class=\"row\"  id=\"row-1510980587\">\n\n\n\t<div id=\"col-1491373648\" class=\"col medium-6 small-12 large-6\"  >\n\t\t\t\t<div class=\"col-inner\"  >\n\t\t\t\n\t\t\t\n\n<p>Digital Signage ist ein wichtiger Bestandteil der Werbung im Einzelhandel und an anderen \u00f6ffentlichen Orten. Wir bieten viele verschiedene Produkte an, sowohl f\u00fcr den Innen- als auch f\u00fcr den Au\u00dfenbereich. Diese Produkte sind f\u00fcr Orte wie Einkaufszentren, Stadtzentren, Bahnh\u00f6fe oder Flugh\u00e4fen usw. geeignet. Dar\u00fcber hinaus gilt f\u00fcr alle <\/p>\n\n\t\t<\/div>\n\t\t\t\t\t<\/div>\n\n\t\n\n\t<div id=\"col-541087353\" class=\"col medium-6 small-12 large-6\"  >\n\t\t\t\t<div class=\"col-inner\"  >\n\t\t\t\n\t\t\t\n\n<p>unseren Produkten ist es m\u00f6glich, ein einzigartiges Aussehen zu schaffen, indem man zum Beispiel eine einzigartige Farbe, ein einzigartiges Material oder ein individuelles Logo hinzuf\u00fcgt.<\/p>\n\n\t\t<\/div>\n\t\t\t\t\t<\/div>\n\n\t\n\n<\/div>\n  <div class=\"banner-grid-wrapper\">\n  <div id=\"banner-grid-331304997\" class=\"banner-grid row row-grid row-small\" data-packery-options=\"\">\n                      \n\n<div class=\"col grid-col large-6 grid-col-1\" ><div class=\"col-inner\">\n\n\t<div class=\"img has-hover x md-x lg-x y md-y lg-y\" id=\"image_926805830\">\n\t\t<a class=\"\" href=\"https:\/\/hi-nd.com\/de\/produkt\/wandverkleidung-advert\/\" >\t\t\t\t\t\t<div class=\"img-inner dark\" >\n\t\t\t<img loading=\"lazy\" decoding=\"async\" width=\"683\" height=\"1024\" src=\"https:\/\/hi-nd.com\/wp-content\/uploads\/2022\/08\/MG_1316-2-683x1024.jpg\" class=\"attachment-large size-large\" alt=\"\" srcset=\"https:\/\/hi-nd.com\/wp-content\/uploads\/2022\/08\/MG_1316-2-683x1024.jpg 683w, https:\/\/hi-nd.com\/wp-content\/uploads\/2022\/08\/MG_1316-2-750x1125.jpg 750w, https:\/\/hi-nd.com\/wp-content\/uploads\/2022\/08\/MG_1316-2-200x300.jpg 200w, https:\/\/hi-nd.com\/wp-content\/uploads\/2022\/08\/MG_1316-2-768x1152.jpg 768w, https:\/\/hi-nd.com\/wp-content\/uploads\/2022\/08\/MG_1316-2-1024x1536.jpg 1024w, https:\/\/hi-nd.com\/wp-content\/uploads\/2022\/08\/MG_1316-2-1365x2048.jpg 1365w, https:\/\/hi-nd.com\/wp-content\/uploads\/2022\/08\/MG_1316-2-scaled.jpg 1707w\" sizes=\"auto, (max-width: 683px) 100vw, 683px\" \/>\t\t\t\t\t\t\n\t\t\t\t\t<\/div>\n\t\t\t\t\t\t<\/a>\t\t\n<style>\n#image_926805830 {\n  width: 100%;\n}\n<\/style>\n\t<\/div>\n\t\n\n\n<\/div><\/div>\n<div class=\"col grid-col large-6 grid-col-1-2\" ><div class=\"col-inner\">\n\n\t<div class=\"img has-hover x md-x lg-x y md-y lg-y\" id=\"image_2115678228\">\n\t\t<a class=\"\" href=\"https:\/\/hi-nd.com\/de\/produkt\/doppelseitiges-totem\/\" >\t\t\t\t\t\t<div class=\"img-inner dark\" >\n\t\t\t<img loading=\"lazy\" decoding=\"async\" width=\"1000\" height=\"604\" src=\"https:\/\/hi-nd.com\/wp-content\/uploads\/2023\/12\/Gallerian.jpg\" class=\"attachment-large size-large\" alt=\"Totem\" srcset=\"https:\/\/hi-nd.com\/wp-content\/uploads\/2023\/12\/Gallerian.jpg 1000w, https:\/\/hi-nd.com\/wp-content\/uploads\/2023\/12\/Gallerian-300x181.jpg 300w, https:\/\/hi-nd.com\/wp-content\/uploads\/2023\/12\/Gallerian-768x464.jpg 768w, https:\/\/hi-nd.com\/wp-content\/uploads\/2023\/12\/Gallerian-750x453.jpg 750w\" sizes=\"auto, (max-width: 1000px) 100vw, 1000px\" \/>\t\t\t\t\t\t\n\t\t\t\t\t<\/div>\n\t\t\t\t\t\t<\/a>\t\t\n<style>\n#image_2115678228 {\n  width: 100%;\n}\n<\/style>\n\t<\/div>\n\t\n\n\n<\/div><\/div>\n<div class=\"col grid-col large-3 grid-col-1-2\" ><div class=\"col-inner\">\n\n\t<div class=\"img has-hover x md-x lg-x y md-y lg-y\" id=\"image_2023706199\">\n\t\t<a class=\"\" href=\"https:\/\/hi-nd.com\/de\/produkt\/einzelnes-totem-exklusiv\/\" >\t\t\t\t\t\t<div class=\"img-inner dark\" >\n\t\t\t<img loading=\"lazy\" decoding=\"async\" width=\"750\" height=\"750\" src=\"https:\/\/hi-nd.com\/wp-content\/uploads\/2021\/10\/single-totem-55-web.png\" class=\"attachment-large size-large\" alt=\"\" srcset=\"https:\/\/hi-nd.com\/wp-content\/uploads\/2021\/10\/single-totem-55-web.png 750w, https:\/\/hi-nd.com\/wp-content\/uploads\/2021\/10\/single-totem-55-web-100x100.png 100w, https:\/\/hi-nd.com\/wp-content\/uploads\/2021\/10\/single-totem-55-web-300x300.png 300w, https:\/\/hi-nd.com\/wp-content\/uploads\/2021\/10\/single-totem-55-web-150x150.png 150w, https:\/\/hi-nd.com\/wp-content\/uploads\/2021\/10\/single-totem-55-web-600x600.png 600w\" sizes=\"auto, (max-width: 750px) 100vw, 750px\" \/>\t\t\t\t\t\t\n\t\t\t\t\t<\/div>\n\t\t\t\t\t\t<\/a>\t\t\n<style>\n#image_2023706199 {\n  width: 100%;\n}\n<\/style>\n\t<\/div>\n\t\n\n\n<\/div><\/div>\n<div class=\"col grid-col large-3 grid-col-1-2\" ><div class=\"col-inner\">\n\n\t<div class=\"img has-hover x md-x lg-x y md-y lg-y\" id=\"image_2084792970\">\n\t\t<a class=\"\" href=\"https:\/\/hi-nd.com\/de\/produkt\/turm\/\" >\t\t\t\t\t\t<div class=\"img-inner dark\" >\n\t\t\t<img loading=\"lazy\" decoding=\"async\" width=\"820\" height=\"1024\" src=\"https:\/\/hi-nd.com\/wp-content\/uploads\/2022\/01\/MG_9091-dualiso-820x1024.jpg\" class=\"attachment-large size-large\" alt=\"Tower\" srcset=\"https:\/\/hi-nd.com\/wp-content\/uploads\/2022\/01\/MG_9091-dualiso-820x1024.jpg 820w, https:\/\/hi-nd.com\/wp-content\/uploads\/2022\/01\/MG_9091-dualiso-240x300.jpg 240w, https:\/\/hi-nd.com\/wp-content\/uploads\/2022\/01\/MG_9091-dualiso-768x959.jpg 768w, https:\/\/hi-nd.com\/wp-content\/uploads\/2022\/01\/MG_9091-dualiso-1230x1536.jpg 1230w, https:\/\/hi-nd.com\/wp-content\/uploads\/2022\/01\/MG_9091-dualiso-750x937.jpg 750w, https:\/\/hi-nd.com\/wp-content\/uploads\/2022\/01\/MG_9091-dualiso.jpg 1500w\" sizes=\"auto, (max-width: 820px) 100vw, 820px\" \/>\t\t\t\t\t\t\n\t\t\t\t\t<\/div>\n\t\t\t\t\t\t<\/a>\t\t\n<style>\n#image_2084792970 {\n  width: 100%;\n}\n<\/style>\n\t<\/div>\n\t\n\n\n<\/div><\/div>\n\n            <\/div>\n    <style>\n    #banner-grid-331304997 .grid-col-1{height: 600px}\n    #banner-grid-331304997 .grid-col-1-2{height: 300px}\n    #banner-grid-331304997 .grid-col-1-3{height:200px}\n    #banner-grid-331304997 .grid-col-2-3{height: 400px}\n    #banner-grid-331304997 .grid-col-1-4{height: 150px}\n    #banner-grid-331304997 .grid-col-3-4{height: 450px}\n\n\n    \n    \n\n  <\/style>\n    <\/div>\n  \n\n","protected":false},"excerpt":{"rendered":"","protected":false},"author":5,"featured_media":0,"parent":0,"menu_order":0,"comment_status":"closed","ping_status":"closed","template":"","meta":{"footnotes":""},"class_list":["post-5534","page","type-page","status-publish","hentry"],"yoast_head":"<!-- This site is optimized with the Yoast SEO plugin v27.3 - https:\/\/yoast.com\/product\/yoast-seo-wordpress\/ -->\n<title>Digitale Beschilderung f\u00fcr Werbung - HI-ND<\/title>\n<meta name=\"description\" content=\"Die digitale Beschilderung ist f\u00fcr Werbeunternehmen von zentraler Bedeutung. Hi-ND bietet eine breite Palette von Produkten f\u00fcr den Innen- und Au\u00dfenbereich an.\" \/>\n<meta name=\"robots\" content=\"index, follow, max-snippet:-1, max-image-preview:large, max-video-preview:-1\" \/>\n<link rel=\"canonical\" href=\"https:\/\/hi-nd.com\/de\/werbung\/\" \/>\n<meta property=\"og:locale\" content=\"de_DE\" \/>\n<meta property=\"og:type\" content=\"article\" \/>\n<meta property=\"og:title\" content=\"Digitale Beschilderung f\u00fcr Werbung - HI-ND\" \/>\n<meta property=\"og:description\" content=\"Die digitale Beschilderung ist f\u00fcr Werbeunternehmen von zentraler Bedeutung. Hi-ND bietet eine breite Palette von Produkten f\u00fcr den Innen- und Au\u00dfenbereich an.\" \/>\n<meta property=\"og:url\" content=\"https:\/\/hi-nd.com\/de\/werbung\/\" \/>\n<meta property=\"og:site_name\" content=\"HI-ND\" \/>\n<meta property=\"article:modified_time\" content=\"2024-10-28T11:01:35+00:00\" \/>\n<meta name=\"twitter:card\" content=\"summary_large_image\" \/>\n<meta name=\"twitter:label1\" content=\"Gesch\u00e4tzte Lesezeit\" \/>\n\t<meta name=\"twitter:data1\" content=\"1\u00a0Minute\" \/>\n<script type=\"application\/ld+json\" class=\"yoast-schema-graph\">{\"@context\":\"https:\\\/\\\/schema.org\",\"@graph\":[{\"@type\":\"WebPage\",\"@id\":\"https:\\\/\\\/hi-nd.com\\\/de\\\/werbung\\\/\",\"url\":\"https:\\\/\\\/hi-nd.com\\\/de\\\/werbung\\\/\",\"name\":\"Digitale Beschilderung f\u00fcr Werbung - HI-ND\",\"isPartOf\":{\"@id\":\"https:\\\/\\\/hi-nd.com\\\/#website\"},\"datePublished\":\"2022-08-22T07:50:37+00:00\",\"dateModified\":\"2024-10-28T11:01:35+00:00\",\"description\":\"Die digitale Beschilderung ist f\u00fcr Werbeunternehmen von zentraler Bedeutung. Hi-ND bietet eine breite Palette von Produkten f\u00fcr den Innen- und Au\u00dfenbereich an.\",\"breadcrumb\":{\"@id\":\"https:\\\/\\\/hi-nd.com\\\/de\\\/werbung\\\/#breadcrumb\"},\"inLanguage\":\"de\",\"potentialAction\":[{\"@type\":\"ReadAction\",\"target\":[\"https:\\\/\\\/hi-nd.com\\\/de\\\/werbung\\\/\"]}]},{\"@type\":\"BreadcrumbList\",\"@id\":\"https:\\\/\\\/hi-nd.com\\\/de\\\/werbung\\\/#breadcrumb\",\"itemListElement\":[{\"@type\":\"ListItem\",\"position\":1,\"name\":\"Home\",\"item\":\"https:\\\/\\\/hi-nd.com\\\/de\\\/\"},{\"@type\":\"ListItem\",\"position\":2,\"name\":\"Digitale Beschilderung f\u00fcr Werbung\"}]},{\"@type\":\"WebSite\",\"@id\":\"https:\\\/\\\/hi-nd.com\\\/#website\",\"url\":\"https:\\\/\\\/hi-nd.com\\\/\",\"name\":\"HI-ND\",\"description\":\"Mounting Solutions\",\"potentialAction\":[{\"@type\":\"SearchAction\",\"target\":{\"@type\":\"EntryPoint\",\"urlTemplate\":\"https:\\\/\\\/hi-nd.com\\\/?s={search_term_string}\"},\"query-input\":{\"@type\":\"PropertyValueSpecification\",\"valueRequired\":true,\"valueName\":\"search_term_string\"}}],\"inLanguage\":\"de\"}]}<\/script>\n<!-- \/ Yoast SEO plugin. -->","yoast_head_json":{"title":"Digitale Beschilderung f\u00fcr Werbung - HI-ND","description":"Die digitale Beschilderung ist f\u00fcr Werbeunternehmen von zentraler Bedeutung. Hi-ND bietet eine breite Palette von Produkten f\u00fcr den Innen- und Au\u00dfenbereich an.","robots":{"index":"index","follow":"follow","max-snippet":"max-snippet:-1","max-image-preview":"max-image-preview:large","max-video-preview":"max-video-preview:-1"},"canonical":"https:\/\/hi-nd.com\/de\/werbung\/","og_locale":"de_DE","og_type":"article","og_title":"Digitale Beschilderung f\u00fcr Werbung - HI-ND","og_description":"Die digitale Beschilderung ist f\u00fcr Werbeunternehmen von zentraler Bedeutung. Hi-ND bietet eine breite Palette von Produkten f\u00fcr den Innen- und Au\u00dfenbereich an.","og_url":"https:\/\/hi-nd.com\/de\/werbung\/","og_site_name":"HI-ND","article_modified_time":"2024-10-28T11:01:35+00:00","twitter_card":"summary_large_image","twitter_misc":{"Gesch\u00e4tzte Lesezeit":"1\u00a0Minute"},"schema":{"@context":"https:\/\/schema.org","@graph":[{"@type":"WebPage","@id":"https:\/\/hi-nd.com\/de\/werbung\/","url":"https:\/\/hi-nd.com\/de\/werbung\/","name":"Digitale Beschilderung f\u00fcr Werbung - HI-ND","isPartOf":{"@id":"https:\/\/hi-nd.com\/#website"},"datePublished":"2022-08-22T07:50:37+00:00","dateModified":"2024-10-28T11:01:35+00:00","description":"Die digitale Beschilderung ist f\u00fcr Werbeunternehmen von zentraler Bedeutung. Hi-ND bietet eine breite Palette von Produkten f\u00fcr den Innen- und Au\u00dfenbereich an.","breadcrumb":{"@id":"https:\/\/hi-nd.com\/de\/werbung\/#breadcrumb"},"inLanguage":"de","potentialAction":[{"@type":"ReadAction","target":["https:\/\/hi-nd.com\/de\/werbung\/"]}]},{"@type":"BreadcrumbList","@id":"https:\/\/hi-nd.com\/de\/werbung\/#breadcrumb","itemListElement":[{"@type":"ListItem","position":1,"name":"Home","item":"https:\/\/hi-nd.com\/de\/"},{"@type":"ListItem","position":2,"name":"Digitale Beschilderung f\u00fcr Werbung"}]},{"@type":"WebSite","@id":"https:\/\/hi-nd.com\/#website","url":"https:\/\/hi-nd.com\/","name":"HI-ND","description":"Mounting Solutions","potentialAction":[{"@type":"SearchAction","target":{"@type":"EntryPoint","urlTemplate":"https:\/\/hi-nd.com\/?s={search_term_string}"},"query-input":{"@type":"PropertyValueSpecification","valueRequired":true,"valueName":"search_term_string"}}],"inLanguage":"de"}]}},"_links":{"self":[{"href":"https:\/\/hi-nd.com\/de\/wp-json\/wp\/v2\/pages\/5534","targetHints":{"allow":["GET"]}}],"collection":[{"href":"https:\/\/hi-nd.com\/de\/wp-json\/wp\/v2\/pages"}],"about":[{"href":"https:\/\/hi-nd.com\/de\/wp-json\/wp\/v2\/types\/page"}],"author":[{"embeddable":true,"href":"https:\/\/hi-nd.com\/de\/wp-json\/wp\/v2\/users\/5"}],"replies":[{"embeddable":true,"href":"https:\/\/hi-nd.com\/de\/wp-json\/wp\/v2\/comments?post=5534"}],"version-history":[{"count":16,"href":"https:\/\/hi-nd.com\/de\/wp-json\/wp\/v2\/pages\/5534\/revisions"}],"predecessor-version":[{"id":7872,"href":"https:\/\/hi-nd.com\/de\/wp-json\/wp\/v2\/pages\/5534\/revisions\/7872"}],"wp:attachment":[{"href":"https:\/\/hi-nd.com\/de\/wp-json\/wp\/v2\/media?parent=5534"}],"curies":[{"name":"wp","href":"https:\/\/api.w.org\/{rel}","templated":true}]}}