{"id":5528,"date":"2023-01-26T13:12:35","date_gmt":"2023-01-26T12:12:35","guid":{"rendered":"https:\/\/hi-nd.com\/draussen\/"},"modified":"2023-11-24T13:54:14","modified_gmt":"2023-11-24T12:54:14","slug":"draussen","status":"publish","type":"page","link":"https:\/\/hi-nd.com\/de\/draussen\/","title":{"rendered":"Drau\u00dfen"},"content":{"rendered":"\n<div class=\"is-divider divider clearfix\" ><\/div>\n\n<div class=\"container section-title-container\" ><h1 class=\"section-title section-title-center\"><b aria-hidden=\"true\"><\/b><span class=\"section-title-main\" >im Freien<\/span><b aria-hidden=\"true\"><\/b><\/h1><\/div>\n\n<div class=\"row\"  id=\"row-1280214402\">\n\n\n\t<div id=\"col-1907271370\" class=\"col medium-4 small-12 large-4\"  >\n\t\t\t\t<div class=\"col-inner\"  >\n\t\t\t\n\t\t\t\n\n\t<div class=\"img has-hover x md-x lg-x y md-y lg-y\" id=\"image_1464702453\">\n\t\t<a class=\"\" href=\"https:\/\/hi-nd.com\/product-category\/outdoor\/\" >\t\t\t\t\t\t<div class=\"img-inner dark\" >\n\t\t\t<img loading=\"lazy\" decoding=\"async\" width=\"1020\" height=\"1020\" src=\"https:\/\/hi-nd.com\/wp-content\/uploads\/2022\/12\/MG_1557-2-dualiso-1024x1024-1-1024x1024.jpg\" class=\"attachment-large size-large\" alt=\"Outdoor wall casing\" srcset=\"https:\/\/hi-nd.com\/wp-content\/uploads\/2022\/12\/MG_1557-2-dualiso-1024x1024-1.jpg 1024w, https:\/\/hi-nd.com\/wp-content\/uploads\/2022\/12\/MG_1557-2-dualiso-1024x1024-1-750x750.jpg 750w, https:\/\/hi-nd.com\/wp-content\/uploads\/2022\/12\/MG_1557-2-dualiso-1024x1024-1-100x100.jpg 100w, https:\/\/hi-nd.com\/wp-content\/uploads\/2022\/12\/MG_1557-2-dualiso-1024x1024-1-300x300.jpg 300w, https:\/\/hi-nd.com\/wp-content\/uploads\/2022\/12\/MG_1557-2-dualiso-1024x1024-1-150x150.jpg 150w, https:\/\/hi-nd.com\/wp-content\/uploads\/2022\/12\/MG_1557-2-dualiso-1024x1024-1-768x768.jpg 768w\" sizes=\"auto, (max-width: 1020px) 100vw, 1020px\" \/>\t\t\t\t\t\t\n\t\t\t\t\t<\/div>\n\t\t\t\t\t\t<\/a>\t\t\n<style>\n#image_1464702453 {\n  width: 100%;\n}\n<\/style>\n\t<\/div>\n\t\n\n\n\t\t<\/div>\n\t\t\t\t\t<\/div>\n\n\t\n\n\t<div id=\"col-623687642\" class=\"col medium-4 small-12 large-4\"  >\n\t\t\t\t<div class=\"col-inner\"  >\n\t\t\t\n\t\t\t\n\n\t<div class=\"img has-hover x md-x lg-x y md-y lg-y\" id=\"image_762254157\">\n\t\t<a class=\"\" href=\"https:\/\/hi-nd.com\/product-category\/outdoor\/\" >\t\t\t\t\t\t<div class=\"img-inner dark\" >\n\t\t\t<img loading=\"lazy\" decoding=\"async\" width=\"750\" height=\"750\" src=\"https:\/\/hi-nd.com\/wp-content\/uploads\/2023\/01\/outdoor-totem-miljo-750x750-1.jpg\" class=\"attachment-large size-large\" alt=\"\" srcset=\"https:\/\/hi-nd.com\/wp-content\/uploads\/2023\/01\/outdoor-totem-miljo-750x750-1.jpg 750w, https:\/\/hi-nd.com\/wp-content\/uploads\/2023\/01\/outdoor-totem-miljo-750x750-1-300x300.jpg 300w, https:\/\/hi-nd.com\/wp-content\/uploads\/2023\/01\/outdoor-totem-miljo-750x750-1-150x150.jpg 150w, https:\/\/hi-nd.com\/wp-content\/uploads\/2023\/01\/outdoor-totem-miljo-750x750-1-100x100.jpg 100w\" sizes=\"auto, (max-width: 750px) 100vw, 750px\" \/>\t\t\t\t\t\t\n\t\t\t\t\t<\/div>\n\t\t\t\t\t\t<\/a>\t\t\n<style>\n#image_762254157 {\n  width: 100%;\n}\n<\/style>\n\t<\/div>\n\t\n\n\n\t\t<\/div>\n\t\t\t\t\t<\/div>\n\n\t\n\n\t<div id=\"col-1831659775\" class=\"col medium-4 small-12 large-4\"  >\n\t\t\t\t<div class=\"col-inner\"  >\n\t\t\t\n\t\t\t\n\n\t<div class=\"img has-hover x md-x lg-x y md-y lg-y\" id=\"image_785524405\">\n\t\t<a class=\"\" href=\"https:\/\/hi-nd.com\/product\/outdoor-wall-casing-samsung\/\" >\t\t\t\t\t\t<div class=\"img-inner dark\" >\n\t\t\t<img loading=\"lazy\" decoding=\"async\" width=\"750\" height=\"750\" src=\"https:\/\/hi-nd.com\/wp-content\/uploads\/2021\/10\/outdoor-samsung-svart-miljo-2.png\" class=\"attachment-large size-large\" alt=\"\" srcset=\"https:\/\/hi-nd.com\/wp-content\/uploads\/2021\/10\/outdoor-samsung-svart-miljo-2.png 750w, https:\/\/hi-nd.com\/wp-content\/uploads\/2021\/10\/outdoor-samsung-svart-miljo-2-100x100.png 100w, https:\/\/hi-nd.com\/wp-content\/uploads\/2021\/10\/outdoor-samsung-svart-miljo-2-600x600.png 600w, https:\/\/hi-nd.com\/wp-content\/uploads\/2021\/10\/outdoor-samsung-svart-miljo-2-300x300.png 300w, https:\/\/hi-nd.com\/wp-content\/uploads\/2021\/10\/outdoor-samsung-svart-miljo-2-150x150.png 150w\" sizes=\"auto, (max-width: 750px) 100vw, 750px\" \/>\t\t\t\t\t\t\n\t\t\t\t\t<\/div>\n\t\t\t\t\t\t<\/a>\t\t\n<style>\n#image_785524405 {\n  width: 100%;\n}\n<\/style>\n\t<\/div>\n\t\n\n\n\t\t<\/div>\n\t\t\t\t\t<\/div>\n\n\t\n\n<\/div>\n<div class=\"container section-title-container\" ><h3 class=\"section-title section-title-center\"><b aria-hidden=\"true\"><\/b><span class=\"section-title-main\" >Produkte f\u00fcr den Au\u00dfeneinsatz<\/span><b aria-hidden=\"true\"><\/b><\/h3><\/div>\n\n\t<div id=\"text-2172791659\" class=\"text\">\n\t\t\n\n<p>Outdoor ist ein beliebtes Segment bei unseren Kunden und wir bieten mehrere Produkte f\u00fcr diesen Bereich an. Wir haben sowohl Geh\u00e4use als auch Totems, die f\u00fcr die Witterungsbedingungen im Freien geeignet sind.<\/p>\n\t\t\n<style>\n#text-2172791659 {\n  text-align: center;\n}\n<\/style>\n\t<\/div>\n\t\n\n","protected":false},"excerpt":{"rendered":"","protected":false},"author":5,"featured_media":0,"parent":0,"menu_order":0,"comment_status":"closed","ping_status":"closed","template":"","meta":{"footnotes":""},"class_list":["post-5528","page","type-page","status-publish","hentry"],"yoast_head":"<!-- This site is optimized with the Yoast SEO plugin v27.3 - https:\/\/yoast.com\/product\/yoast-seo-wordpress\/ -->\n<title>Drau\u00dfen - HI-ND<\/title>\n<meta name=\"description\" content=\"Outdoor-Produkte sind ein beliebtes Segment. Wir bieten sowohl Wandverkleidungen als auch Totems an, die f\u00fcr die Witterungsbedingungen im Freien geeignet sind.\" \/>\n<meta name=\"robots\" content=\"index, follow, max-snippet:-1, max-image-preview:large, max-video-preview:-1\" \/>\n<link rel=\"canonical\" href=\"https:\/\/hi-nd.com\/de\/draussen\/\" \/>\n<meta property=\"og:locale\" content=\"de_DE\" \/>\n<meta property=\"og:type\" content=\"article\" \/>\n<meta property=\"og:title\" content=\"Drau\u00dfen - HI-ND\" \/>\n<meta property=\"og:description\" content=\"Outdoor-Produkte sind ein beliebtes Segment. Wir bieten sowohl Wandverkleidungen als auch Totems an, die f\u00fcr die Witterungsbedingungen im Freien geeignet sind.\" \/>\n<meta property=\"og:url\" content=\"https:\/\/hi-nd.com\/de\/draussen\/\" \/>\n<meta property=\"og:site_name\" content=\"HI-ND\" \/>\n<meta property=\"article:modified_time\" content=\"2023-11-24T12:54:14+00:00\" \/>\n<meta name=\"twitter:card\" content=\"summary_large_image\" \/>\n<meta name=\"twitter:label1\" content=\"Gesch\u00e4tzte Lesezeit\" \/>\n\t<meta name=\"twitter:data1\" content=\"1\u00a0Minute\" \/>\n<script type=\"application\/ld+json\" class=\"yoast-schema-graph\">{\"@context\":\"https:\\\/\\\/schema.org\",\"@graph\":[{\"@type\":\"WebPage\",\"@id\":\"https:\\\/\\\/hi-nd.com\\\/de\\\/draussen\\\/\",\"url\":\"https:\\\/\\\/hi-nd.com\\\/de\\\/draussen\\\/\",\"name\":\"Drau\u00dfen - HI-ND\",\"isPartOf\":{\"@id\":\"https:\\\/\\\/hi-nd.com\\\/#website\"},\"datePublished\":\"2023-01-26T12:12:35+00:00\",\"dateModified\":\"2023-11-24T12:54:14+00:00\",\"description\":\"Outdoor-Produkte sind ein beliebtes Segment. Wir bieten sowohl Wandverkleidungen als auch Totems an, die f\u00fcr die Witterungsbedingungen im Freien geeignet sind.\",\"breadcrumb\":{\"@id\":\"https:\\\/\\\/hi-nd.com\\\/de\\\/draussen\\\/#breadcrumb\"},\"inLanguage\":\"de\",\"potentialAction\":[{\"@type\":\"ReadAction\",\"target\":[\"https:\\\/\\\/hi-nd.com\\\/de\\\/draussen\\\/\"]}]},{\"@type\":\"BreadcrumbList\",\"@id\":\"https:\\\/\\\/hi-nd.com\\\/de\\\/draussen\\\/#breadcrumb\",\"itemListElement\":[{\"@type\":\"ListItem\",\"position\":1,\"name\":\"Home\",\"item\":\"https:\\\/\\\/hi-nd.com\\\/de\\\/\"},{\"@type\":\"ListItem\",\"position\":2,\"name\":\"Drau\u00dfen\"}]},{\"@type\":\"WebSite\",\"@id\":\"https:\\\/\\\/hi-nd.com\\\/#website\",\"url\":\"https:\\\/\\\/hi-nd.com\\\/\",\"name\":\"HI-ND\",\"description\":\"Mounting Solutions\",\"potentialAction\":[{\"@type\":\"SearchAction\",\"target\":{\"@type\":\"EntryPoint\",\"urlTemplate\":\"https:\\\/\\\/hi-nd.com\\\/?s={search_term_string}\"},\"query-input\":{\"@type\":\"PropertyValueSpecification\",\"valueRequired\":true,\"valueName\":\"search_term_string\"}}],\"inLanguage\":\"de\"}]}<\/script>\n<!-- \/ Yoast SEO plugin. -->","yoast_head_json":{"title":"Drau\u00dfen - HI-ND","description":"Outdoor-Produkte sind ein beliebtes Segment. Wir bieten sowohl Wandverkleidungen als auch Totems an, die f\u00fcr die Witterungsbedingungen im Freien geeignet sind.","robots":{"index":"index","follow":"follow","max-snippet":"max-snippet:-1","max-image-preview":"max-image-preview:large","max-video-preview":"max-video-preview:-1"},"canonical":"https:\/\/hi-nd.com\/de\/draussen\/","og_locale":"de_DE","og_type":"article","og_title":"Drau\u00dfen - HI-ND","og_description":"Outdoor-Produkte sind ein beliebtes Segment. Wir bieten sowohl Wandverkleidungen als auch Totems an, die f\u00fcr die Witterungsbedingungen im Freien geeignet sind.","og_url":"https:\/\/hi-nd.com\/de\/draussen\/","og_site_name":"HI-ND","article_modified_time":"2023-11-24T12:54:14+00:00","twitter_card":"summary_large_image","twitter_misc":{"Gesch\u00e4tzte Lesezeit":"1\u00a0Minute"},"schema":{"@context":"https:\/\/schema.org","@graph":[{"@type":"WebPage","@id":"https:\/\/hi-nd.com\/de\/draussen\/","url":"https:\/\/hi-nd.com\/de\/draussen\/","name":"Drau\u00dfen - HI-ND","isPartOf":{"@id":"https:\/\/hi-nd.com\/#website"},"datePublished":"2023-01-26T12:12:35+00:00","dateModified":"2023-11-24T12:54:14+00:00","description":"Outdoor-Produkte sind ein beliebtes Segment. Wir bieten sowohl Wandverkleidungen als auch Totems an, die f\u00fcr die Witterungsbedingungen im Freien geeignet sind.","breadcrumb":{"@id":"https:\/\/hi-nd.com\/de\/draussen\/#breadcrumb"},"inLanguage":"de","potentialAction":[{"@type":"ReadAction","target":["https:\/\/hi-nd.com\/de\/draussen\/"]}]},{"@type":"BreadcrumbList","@id":"https:\/\/hi-nd.com\/de\/draussen\/#breadcrumb","itemListElement":[{"@type":"ListItem","position":1,"name":"Home","item":"https:\/\/hi-nd.com\/de\/"},{"@type":"ListItem","position":2,"name":"Drau\u00dfen"}]},{"@type":"WebSite","@id":"https:\/\/hi-nd.com\/#website","url":"https:\/\/hi-nd.com\/","name":"HI-ND","description":"Mounting Solutions","potentialAction":[{"@type":"SearchAction","target":{"@type":"EntryPoint","urlTemplate":"https:\/\/hi-nd.com\/?s={search_term_string}"},"query-input":{"@type":"PropertyValueSpecification","valueRequired":true,"valueName":"search_term_string"}}],"inLanguage":"de"}]}},"_links":{"self":[{"href":"https:\/\/hi-nd.com\/de\/wp-json\/wp\/v2\/pages\/5528","targetHints":{"allow":["GET"]}}],"collection":[{"href":"https:\/\/hi-nd.com\/de\/wp-json\/wp\/v2\/pages"}],"about":[{"href":"https:\/\/hi-nd.com\/de\/wp-json\/wp\/v2\/types\/page"}],"author":[{"embeddable":true,"href":"https:\/\/hi-nd.com\/de\/wp-json\/wp\/v2\/users\/5"}],"replies":[{"embeddable":true,"href":"https:\/\/hi-nd.com\/de\/wp-json\/wp\/v2\/comments?post=5528"}],"version-history":[{"count":2,"href":"https:\/\/hi-nd.com\/de\/wp-json\/wp\/v2\/pages\/5528\/revisions"}],"predecessor-version":[{"id":5667,"href":"https:\/\/hi-nd.com\/de\/wp-json\/wp\/v2\/pages\/5528\/revisions\/5667"}],"wp:attachment":[{"href":"https:\/\/hi-nd.com\/de\/wp-json\/wp\/v2\/media?parent=5528"}],"curies":[{"name":"wp","href":"https:\/\/api.w.org\/{rel}","templated":true}]}}