{"id":5496,"date":"2023-01-26T12:12:09","date_gmt":"2023-01-26T11:12:09","guid":{"rendered":"https:\/\/hi-nd.com\/wegweiser\/"},"modified":"2025-02-25T10:02:19","modified_gmt":"2025-02-25T09:02:19","slug":"wegweiser","status":"publish","type":"page","link":"https:\/\/hi-nd.com\/de\/wegweiser\/","title":{"rendered":"Wegweiser"},"content":{"rendered":"\n<div class=\"is-divider divider clearfix\" ><\/div>\n\n<div class=\"container section-title-container\" ><h1 class=\"section-title section-title-center\"><b aria-hidden=\"true\"><\/b><span class=\"section-title-main\" >Wegweiser<\/span><b aria-hidden=\"true\"><\/b><\/h1><\/div>\n\n\n\t<section class=\"section\" id=\"section_1800791709\">\n\t\t<div class=\"section-bg fill\" >\n\t\t\t\t\t\t\t\t\t\n\t\t\t\n\n\t\t<\/div>\n\n\t\t\n\n\t\t<div class=\"section-content relative\">\n\t\t\t\n\n<div class=\"row\"  id=\"row-892354536\">\n\n\n\t<div id=\"col-214663460\" class=\"col medium-4 small-12 large-4\"  >\n\t\t\t\t<div class=\"col-inner\"  >\n\t\t\t\n\t\t\t\n\n\t<div class=\"img has-hover x md-x lg-x y md-y lg-y\" id=\"image_455839493\">\n\t\t\t\t\t\t\t\t<div class=\"img-inner dark\" >\n\t\t\t<img loading=\"lazy\" decoding=\"async\" width=\"750\" height=\"750\" src=\"https:\/\/hi-nd.com\/wp-content\/uploads\/2023\/01\/touch-wayfinding-dualiso-750x750-1.jpg\" class=\"attachment-large size-large\" alt=\"\" srcset=\"https:\/\/hi-nd.com\/wp-content\/uploads\/2023\/01\/touch-wayfinding-dualiso-750x750-1.jpg 750w, https:\/\/hi-nd.com\/wp-content\/uploads\/2023\/01\/touch-wayfinding-dualiso-750x750-1-300x300.jpg 300w, https:\/\/hi-nd.com\/wp-content\/uploads\/2023\/01\/touch-wayfinding-dualiso-750x750-1-150x150.jpg 150w, https:\/\/hi-nd.com\/wp-content\/uploads\/2023\/01\/touch-wayfinding-dualiso-750x750-1-100x100.jpg 100w\" sizes=\"auto, (max-width: 750px) 100vw, 750px\" \/>\t\t\t\t\t\t\n\t\t\t\t\t<\/div>\n\t\t\t\t\t\t\t\t\n<style>\n#image_455839493 {\n  width: 100%;\n}\n<\/style>\n\t<\/div>\n\t\n\n\n\t\t<\/div>\n\t\t\t\t\t<\/div>\n\n\t\n\n\t<div id=\"col-1153354233\" class=\"col medium-4 small-12 large-4\"  >\n\t\t\t\t<div class=\"col-inner\"  >\n\t\t\t\n\t\t\t\n\n\t<div class=\"img has-hover x md-x lg-x y md-y lg-y\" id=\"image_492945228\">\n\t\t\t\t\t\t\t\t<div class=\"img-inner dark\" >\n\t\t\t<img loading=\"lazy\" decoding=\"async\" width=\"750\" height=\"750\" src=\"https:\/\/hi-nd.com\/wp-content\/uploads\/2023\/01\/entre-skrapan-750x750-1.jpg\" class=\"attachment-large size-large\" alt=\"\" srcset=\"https:\/\/hi-nd.com\/wp-content\/uploads\/2023\/01\/entre-skrapan-750x750-1.jpg 750w, https:\/\/hi-nd.com\/wp-content\/uploads\/2023\/01\/entre-skrapan-750x750-1-300x300.jpg 300w, https:\/\/hi-nd.com\/wp-content\/uploads\/2023\/01\/entre-skrapan-750x750-1-150x150.jpg 150w, https:\/\/hi-nd.com\/wp-content\/uploads\/2023\/01\/entre-skrapan-750x750-1-100x100.jpg 100w\" sizes=\"auto, (max-width: 750px) 100vw, 750px\" \/>\t\t\t\t\t\t\n\t\t\t\t\t<\/div>\n\t\t\t\t\t\t\t\t\n<style>\n#image_492945228 {\n  width: 100%;\n}\n<\/style>\n\t<\/div>\n\t\n\n\n\t\t<\/div>\n\t\t\t\t\t<\/div>\n\n\t\n\n\t<div id=\"col-1908554051\" class=\"col medium-4 small-12 large-4\"  >\n\t\t\t\t<div class=\"col-inner\"  >\n\t\t\t\n\t\t\t\n\n\t<div class=\"img has-hover x md-x lg-x y md-y lg-y\" id=\"image_1161373150\">\n\t\t\t\t\t\t\t\t<div class=\"img-inner dark\" >\n\t\t\t<img loading=\"lazy\" decoding=\"async\" width=\"750\" height=\"750\" src=\"https:\/\/hi-nd.com\/wp-content\/uploads\/2023\/01\/sturegallerian-wayfinding-750x750-1.jpg\" class=\"attachment-large size-large\" alt=\"Wall Casing Advert\" srcset=\"https:\/\/hi-nd.com\/wp-content\/uploads\/2023\/01\/sturegallerian-wayfinding-750x750-1.jpg 750w, https:\/\/hi-nd.com\/wp-content\/uploads\/2023\/01\/sturegallerian-wayfinding-750x750-1-300x300.jpg 300w, https:\/\/hi-nd.com\/wp-content\/uploads\/2023\/01\/sturegallerian-wayfinding-750x750-1-150x150.jpg 150w, https:\/\/hi-nd.com\/wp-content\/uploads\/2023\/01\/sturegallerian-wayfinding-750x750-1-100x100.jpg 100w\" sizes=\"auto, (max-width: 750px) 100vw, 750px\" \/>\t\t\t\t\t\t\n\t\t\t\t\t<\/div>\n\t\t\t\t\t\t\t\t\n<style>\n#image_1161373150 {\n  width: 100%;\n}\n<\/style>\n\t<\/div>\n\t\n\n\n\t\t<\/div>\n\t\t\t\t\t<\/div>\n\n\t\n\n<\/div>\n<div class=\"row\"  id=\"row-232621060\">\n\n\n\t<div id=\"col-2017623999\" class=\"col medium-4 small-12 large-4\"  >\n\t\t\t\t<div class=\"col-inner\"  >\n\t\t\t\n\t\t\t\n\n\t<div class=\"img has-hover x md-x lg-x y md-y lg-y\" id=\"image_383230926\">\n\t\t\t\t\t\t\t\t<div class=\"img-inner dark\" >\n\t\t\t<img loading=\"lazy\" decoding=\"async\" width=\"750\" height=\"750\" src=\"https:\/\/hi-nd.com\/wp-content\/uploads\/2023\/01\/wayfinding-ahlens-750x750-1.jpg\" class=\"attachment-large size-large\" alt=\"\" srcset=\"https:\/\/hi-nd.com\/wp-content\/uploads\/2023\/01\/wayfinding-ahlens-750x750-1.jpg 750w, https:\/\/hi-nd.com\/wp-content\/uploads\/2023\/01\/wayfinding-ahlens-750x750-1-300x300.jpg 300w, https:\/\/hi-nd.com\/wp-content\/uploads\/2023\/01\/wayfinding-ahlens-750x750-1-150x150.jpg 150w, https:\/\/hi-nd.com\/wp-content\/uploads\/2023\/01\/wayfinding-ahlens-750x750-1-100x100.jpg 100w\" sizes=\"auto, (max-width: 750px) 100vw, 750px\" \/>\t\t\t\t\t\t\n\t\t\t\t\t<\/div>\n\t\t\t\t\t\t\t\t\n<style>\n#image_383230926 {\n  width: 100%;\n}\n<\/style>\n\t<\/div>\n\t\n\n\n\t\t<\/div>\n\t\t\t\t\t<\/div>\n\n\t\n\n\t<div id=\"col-1401273865\" class=\"col medium-4 small-12 large-4\"  >\n\t\t\t\t<div class=\"col-inner\"  >\n\t\t\t\n\t\t\t\n\n\t<div class=\"img has-hover x md-x lg-x y md-y lg-y\" id=\"image_80091680\">\n\t\t\t\t\t\t\t\t<div class=\"img-inner dark\" >\n\t\t\t<img loading=\"lazy\" decoding=\"async\" width=\"750\" height=\"750\" src=\"https:\/\/hi-nd.com\/wp-content\/uploads\/2023\/01\/entre-taby-centrum-750x750-1.jpg\" class=\"attachment-large size-large\" alt=\"\" srcset=\"https:\/\/hi-nd.com\/wp-content\/uploads\/2023\/01\/entre-taby-centrum-750x750-1.jpg 750w, https:\/\/hi-nd.com\/wp-content\/uploads\/2023\/01\/entre-taby-centrum-750x750-1-300x300.jpg 300w, https:\/\/hi-nd.com\/wp-content\/uploads\/2023\/01\/entre-taby-centrum-750x750-1-150x150.jpg 150w, https:\/\/hi-nd.com\/wp-content\/uploads\/2023\/01\/entre-taby-centrum-750x750-1-100x100.jpg 100w\" sizes=\"auto, (max-width: 750px) 100vw, 750px\" \/>\t\t\t\t\t\t\n\t\t\t\t\t<\/div>\n\t\t\t\t\t\t\t\t\n<style>\n#image_80091680 {\n  width: 100%;\n}\n<\/style>\n\t<\/div>\n\t\n\n\n\t\t<\/div>\n\t\t\t\t\t<\/div>\n\n\t\n\n\t<div id=\"col-1802174960\" class=\"col medium-4 small-12 large-4\"  >\n\t\t\t\t<div class=\"col-inner\"  >\n\t\t\t\n\t\t\t\n\n\t<div class=\"img has-hover x md-x lg-x y md-y lg-y\" id=\"image_424775618\">\n\t\t\t\t\t\t\t\t<div class=\"img-inner dark\" >\n\t\t\t<img loading=\"lazy\" decoding=\"async\" width=\"750\" height=\"750\" src=\"https:\/\/hi-nd.com\/wp-content\/uploads\/2023\/12\/wayfinding-750x750-1.jpg\" class=\"attachment-large size-large\" alt=\"wayfinding\" srcset=\"https:\/\/hi-nd.com\/wp-content\/uploads\/2023\/12\/wayfinding-750x750-1.jpg 750w, https:\/\/hi-nd.com\/wp-content\/uploads\/2023\/12\/wayfinding-750x750-1-300x300.jpg 300w, https:\/\/hi-nd.com\/wp-content\/uploads\/2023\/12\/wayfinding-750x750-1-150x150.jpg 150w, https:\/\/hi-nd.com\/wp-content\/uploads\/2023\/12\/wayfinding-750x750-1-100x100.jpg 100w\" sizes=\"auto, (max-width: 750px) 100vw, 750px\" \/>\t\t\t\t\t\t\n\t\t\t\t\t<\/div>\n\t\t\t\t\t\t\t\t\n<style>\n#image_424775618 {\n  width: 100%;\n}\n<\/style>\n\t<\/div>\n\t\n\n\n\t\t<\/div>\n\t\t\t\t\t<\/div>\n\n\t\n\n<\/div>\n\n\t\t<\/div>\n\n\t\t\n<style>\n#section_1800791709 {\n  padding-top: 30px;\n  padding-bottom: 30px;\n}\n<\/style>\n\t<\/section>\n\t\n<h2 style=\"text-align: center;\">Digitale Beschilderung als Wegweiser verwenden <\/h2>\n<div class=\"row\"  id=\"row-1967065978\">\n\n\n\t<div id=\"col-1251249731\" class=\"col medium-6 small-12 large-6\"  >\n\t\t\t\t<div class=\"col-inner\"  >\n\t\t\t\n\t\t\t\n\n<h3><strong>Einsatz von Digital Signage in Treppenh\u00e4usern und Eing\u00e4ngen<\/strong><\/h3>\n<p>Digitale Beschilderung wird in \u00f6ffentlichen Bereichen, wie Treppenh\u00e4usern und Eing\u00e4ngen, immer beliebter. Diese Bereiche sind in der Regel stark frequentierte Zonen, in denen eine klare Kommunikation unerl\u00e4sslich ist. Durch die Implementierung von digitaler Beschilderung k\u00f6nnen Sie das Erlebnis f\u00fcr Besucher verbessern und ihnen helfen, sich problemlos zurechtzufinden.  <\/p>\n<h3><strong>Effektive Wegweiser-L\u00f6sungen<\/strong><\/h3>\n<p>Wegweiserl\u00f6sungen sind entscheidend, wenn es darum geht, Menschen durch gro\u00dfe und komplexe R\u00e4ume wie Einkaufszentren oder Museen zu f\u00fchren. Digitale Beschilderung kann Echtzeitinformationen, Wegbeschreibungen und sogar Durchsagen liefern. In Treppenh\u00e4usern und Eing\u00e4ngen fungieren sie als zentrale Anlaufstelle f\u00fcr Besucher, die sich schnell in ihrer Umgebung zurechtfinden m\u00fcssen. Ganz gleich, ob es sich um die Anzeige von Grundrissen, die Hervorhebung wichtiger Bereiche oder die Bereitstellung von Notfallinformationen handelt, diese Bildschirme tragen dazu bei, Verwirrung zu vermeiden und den Ablauf zu verbessern.   <\/p>\n<h3><strong>Vielseitigkeit von Digital Signage Produkten<\/strong><\/h3>\n<p>Bei HI-ND bieten wir eine Vielzahl von Produkten an, die den Anforderungen dieser Umgebungen gerecht werden. Unsere Digital Signage-L\u00f6sungen sind langlebig und f\u00fcr den Einsatz in belebten \u00f6ffentlichen R\u00e4umen konzipiert. Wir haben eine gro\u00dfe Auswahl an Geh\u00e4usen, Totems und Bodenst\u00e4ndern, die alle f\u00fcr  <\/p>\n\n\t\t<\/div>\n\t\t\t\t\t<\/div>\n\n\t\n\n\t<div id=\"col-1090566111\" class=\"col medium-6 small-12 large-6\"  >\n\t\t\t\t<div class=\"col-inner\"  >\n\t\t\t\n\t\t\t\n\n<p>halten und unterst\u00fctzen Touchscreens. Diese Produkte sind \u00e4u\u00dferst vielseitig und k\u00f6nnen an verschiedene Umgebungen angepasst werden. Ganz gleich, ob Sie wandmontierte Bildschirme oder freistehende Ger\u00e4te suchen, wir haben die perfekte L\u00f6sung.  <\/p>\n<h3><strong>Die Rolle von Touchscreens in \u00f6ffentlichen R\u00e4umen<\/strong><\/h3>\n<p>Die Touchscreen-Technologie f\u00fcgt der digitalen Beschilderung eine weitere Ebene der Interaktivit\u00e4t hinzu. In Eing\u00e4ngen oder Treppenh\u00e4usern k\u00f6nnen Besucher \u00fcber Touchscreens ganz einfach detaillierte Informationen abrufen. Sie k\u00f6nnen nach Wegbeschreibungen suchen, bestimmte Gesch\u00e4fte oder Ausstellungsst\u00fccke finden oder sogar mit Werbeaktionen interagieren. Durch die Integration von Touch-Funktionen machen Sie die Beschilderung attraktiver und f\u00fcr ein breiteres Publikum zug\u00e4nglich.   <\/p>\n<h3><strong>Langlebigkeit und Leistung in stark frequentierten Bereichen<\/strong><\/h3>\n<p>Unsere HI-ND-Produkte wurden speziell f\u00fcr die Herausforderungen von stark frequentierten Bereichen entwickelt. Treppenh\u00e4user und Eing\u00e4nge k\u00f6nnen stark beansprucht werden. Mit ihren robusten Geh\u00e4usen und langlebigen Bildschirmen bleiben unsere Produkte auch in diesen anspruchsvollen Umgebungen zuverl\u00e4ssig. Ob extreme Temperaturen oder st\u00e4ndige Nutzung &#8211; diese L\u00f6sungen bieten eine gleichbleibende Leistung, ohne Kompromisse bei der Qualit\u00e4t einzugehen.   <\/p>\n\n\t\t<\/div>\n\t\t\t\t\t<\/div>\n\n\t\n\n<\/div>\n\n","protected":false},"excerpt":{"rendered":"","protected":false},"author":5,"featured_media":0,"parent":0,"menu_order":0,"comment_status":"closed","ping_status":"closed","template":"","meta":{"footnotes":""},"class_list":["post-5496","page","type-page","status-publish","hentry"],"yoast_head":"<!-- This site is optimized with the Yoast SEO plugin v27.3 - https:\/\/yoast.com\/product\/yoast-seo-wordpress\/ -->\n<title>Wegweiser - HI-ND<\/title>\n<meta name=\"description\" content=\"Zeigen Sie Lagepl\u00e4ne und Informationen f\u00fcr Besucher an. HI-ND kann Ihnen viele Arten von Wegweisern liefern.\" \/>\n<meta name=\"robots\" content=\"index, follow, max-snippet:-1, max-image-preview:large, max-video-preview:-1\" \/>\n<link rel=\"canonical\" href=\"https:\/\/hi-nd.com\/de\/wegweiser\/\" \/>\n<meta property=\"og:locale\" content=\"de_DE\" \/>\n<meta property=\"og:type\" content=\"article\" \/>\n<meta property=\"og:title\" content=\"Wegweiser - HI-ND\" \/>\n<meta property=\"og:description\" content=\"Zeigen Sie Lagepl\u00e4ne und Informationen f\u00fcr Besucher an. HI-ND kann Ihnen viele Arten von Wegweisern liefern.\" \/>\n<meta property=\"og:url\" content=\"https:\/\/hi-nd.com\/de\/wegweiser\/\" \/>\n<meta property=\"og:site_name\" content=\"HI-ND\" \/>\n<meta property=\"article:modified_time\" content=\"2025-02-25T09:02:19+00:00\" \/>\n<meta name=\"twitter:card\" content=\"summary_large_image\" \/>\n<meta name=\"twitter:label1\" content=\"Gesch\u00e4tzte Lesezeit\" \/>\n\t<meta name=\"twitter:data1\" content=\"2\u00a0Minuten\" \/>\n<script type=\"application\/ld+json\" class=\"yoast-schema-graph\">{\"@context\":\"https:\\\/\\\/schema.org\",\"@graph\":[{\"@type\":\"WebPage\",\"@id\":\"https:\\\/\\\/hi-nd.com\\\/de\\\/wegweiser\\\/\",\"url\":\"https:\\\/\\\/hi-nd.com\\\/de\\\/wegweiser\\\/\",\"name\":\"Wegweiser - HI-ND\",\"isPartOf\":{\"@id\":\"https:\\\/\\\/hi-nd.com\\\/#website\"},\"datePublished\":\"2023-01-26T11:12:09+00:00\",\"dateModified\":\"2025-02-25T09:02:19+00:00\",\"description\":\"Zeigen Sie Lagepl\u00e4ne und Informationen f\u00fcr Besucher an. HI-ND kann Ihnen viele Arten von Wegweisern liefern.\",\"breadcrumb\":{\"@id\":\"https:\\\/\\\/hi-nd.com\\\/de\\\/wegweiser\\\/#breadcrumb\"},\"inLanguage\":\"de\",\"potentialAction\":[{\"@type\":\"ReadAction\",\"target\":[\"https:\\\/\\\/hi-nd.com\\\/de\\\/wegweiser\\\/\"]}]},{\"@type\":\"BreadcrumbList\",\"@id\":\"https:\\\/\\\/hi-nd.com\\\/de\\\/wegweiser\\\/#breadcrumb\",\"itemListElement\":[{\"@type\":\"ListItem\",\"position\":1,\"name\":\"Home\",\"item\":\"https:\\\/\\\/hi-nd.com\\\/de\\\/\"},{\"@type\":\"ListItem\",\"position\":2,\"name\":\"Wegweiser\"}]},{\"@type\":\"WebSite\",\"@id\":\"https:\\\/\\\/hi-nd.com\\\/#website\",\"url\":\"https:\\\/\\\/hi-nd.com\\\/\",\"name\":\"HI-ND\",\"description\":\"Mounting Solutions\",\"potentialAction\":[{\"@type\":\"SearchAction\",\"target\":{\"@type\":\"EntryPoint\",\"urlTemplate\":\"https:\\\/\\\/hi-nd.com\\\/?s={search_term_string}\"},\"query-input\":{\"@type\":\"PropertyValueSpecification\",\"valueRequired\":true,\"valueName\":\"search_term_string\"}}],\"inLanguage\":\"de\"}]}<\/script>\n<!-- \/ Yoast SEO plugin. -->","yoast_head_json":{"title":"Wegweiser - HI-ND","description":"Zeigen Sie Lagepl\u00e4ne und Informationen f\u00fcr Besucher an. HI-ND kann Ihnen viele Arten von Wegweisern liefern.","robots":{"index":"index","follow":"follow","max-snippet":"max-snippet:-1","max-image-preview":"max-image-preview:large","max-video-preview":"max-video-preview:-1"},"canonical":"https:\/\/hi-nd.com\/de\/wegweiser\/","og_locale":"de_DE","og_type":"article","og_title":"Wegweiser - HI-ND","og_description":"Zeigen Sie Lagepl\u00e4ne und Informationen f\u00fcr Besucher an. HI-ND kann Ihnen viele Arten von Wegweisern liefern.","og_url":"https:\/\/hi-nd.com\/de\/wegweiser\/","og_site_name":"HI-ND","article_modified_time":"2025-02-25T09:02:19+00:00","twitter_card":"summary_large_image","twitter_misc":{"Gesch\u00e4tzte Lesezeit":"2\u00a0Minuten"},"schema":{"@context":"https:\/\/schema.org","@graph":[{"@type":"WebPage","@id":"https:\/\/hi-nd.com\/de\/wegweiser\/","url":"https:\/\/hi-nd.com\/de\/wegweiser\/","name":"Wegweiser - HI-ND","isPartOf":{"@id":"https:\/\/hi-nd.com\/#website"},"datePublished":"2023-01-26T11:12:09+00:00","dateModified":"2025-02-25T09:02:19+00:00","description":"Zeigen Sie Lagepl\u00e4ne und Informationen f\u00fcr Besucher an. HI-ND kann Ihnen viele Arten von Wegweisern liefern.","breadcrumb":{"@id":"https:\/\/hi-nd.com\/de\/wegweiser\/#breadcrumb"},"inLanguage":"de","potentialAction":[{"@type":"ReadAction","target":["https:\/\/hi-nd.com\/de\/wegweiser\/"]}]},{"@type":"BreadcrumbList","@id":"https:\/\/hi-nd.com\/de\/wegweiser\/#breadcrumb","itemListElement":[{"@type":"ListItem","position":1,"name":"Home","item":"https:\/\/hi-nd.com\/de\/"},{"@type":"ListItem","position":2,"name":"Wegweiser"}]},{"@type":"WebSite","@id":"https:\/\/hi-nd.com\/#website","url":"https:\/\/hi-nd.com\/","name":"HI-ND","description":"Mounting Solutions","potentialAction":[{"@type":"SearchAction","target":{"@type":"EntryPoint","urlTemplate":"https:\/\/hi-nd.com\/?s={search_term_string}"},"query-input":{"@type":"PropertyValueSpecification","valueRequired":true,"valueName":"search_term_string"}}],"inLanguage":"de"}]}},"_links":{"self":[{"href":"https:\/\/hi-nd.com\/de\/wp-json\/wp\/v2\/pages\/5496","targetHints":{"allow":["GET"]}}],"collection":[{"href":"https:\/\/hi-nd.com\/de\/wp-json\/wp\/v2\/pages"}],"about":[{"href":"https:\/\/hi-nd.com\/de\/wp-json\/wp\/v2\/types\/page"}],"author":[{"embeddable":true,"href":"https:\/\/hi-nd.com\/de\/wp-json\/wp\/v2\/users\/5"}],"replies":[{"embeddable":true,"href":"https:\/\/hi-nd.com\/de\/wp-json\/wp\/v2\/comments?post=5496"}],"version-history":[{"count":5,"href":"https:\/\/hi-nd.com\/de\/wp-json\/wp\/v2\/pages\/5496\/revisions"}],"predecessor-version":[{"id":8436,"href":"https:\/\/hi-nd.com\/de\/wp-json\/wp\/v2\/pages\/5496\/revisions\/8436"}],"wp:attachment":[{"href":"https:\/\/hi-nd.com\/de\/wp-json\/wp\/v2\/media?parent=5496"}],"curies":[{"name":"wp","href":"https:\/\/api.w.org\/{rel}","templated":true}]}}