{"id":5478,"date":"2023-01-26T11:20:48","date_gmt":"2023-01-26T10:20:48","guid":{"rendered":"https:\/\/hi-nd.com\/treppenhaus-eingaenge\/"},"modified":"2025-02-25T10:26:10","modified_gmt":"2025-02-25T09:26:10","slug":"treppenhaus-eingaenge","status":"publish","type":"page","link":"https:\/\/hi-nd.com\/de\/treppenhaus-eingaenge\/","title":{"rendered":"Treppenhaus &amp; Eing\u00e4nge"},"content":{"rendered":"\n<div class=\"is-divider divider clearfix\" ><\/div>\n\n<div class=\"container section-title-container\" ><h1 class=\"section-title section-title-center\"><b aria-hidden=\"true\"><\/b><span class=\"section-title-main\" >Treppenhaus &amp; Eing\u00e4nge<\/span><b aria-hidden=\"true\"><\/b><\/h1><\/div>\n\n\n\t<section class=\"section\" id=\"section_1907558586\">\n\t\t<div class=\"section-bg fill\" >\n\t\t\t\t\t\t\t\t\t\n\t\t\t\n\n\t\t<\/div>\n\n\t\t\n\n\t\t<div class=\"section-content relative\">\n\t\t\t\n\n<div class=\"row\"  id=\"row-249969708\">\n\n\n\t<div id=\"col-1935688402\" class=\"col medium-4 small-12 large-4\"  >\n\t\t\t\t<div class=\"col-inner\"  >\n\t\t\t\n\t\t\t\n\n\t<div class=\"img has-hover x md-x lg-x y md-y lg-y\" id=\"image_76481010\">\n\t\t\t\t\t\t\t\t<div class=\"img-inner dark\" >\n\t\t\t<img loading=\"lazy\" decoding=\"async\" width=\"1020\" height=\"1020\" src=\"https:\/\/hi-nd.com\/wp-content\/uploads\/2022\/12\/MG_0075-dualiso-1024x1024-1-1024x1024.jpg\" class=\"attachment-large size-large\" alt=\"Outdoor totem\" srcset=\"https:\/\/hi-nd.com\/wp-content\/uploads\/2022\/12\/MG_0075-dualiso-1024x1024-1.jpg 1024w, https:\/\/hi-nd.com\/wp-content\/uploads\/2022\/12\/MG_0075-dualiso-1024x1024-1-750x750.jpg 750w, https:\/\/hi-nd.com\/wp-content\/uploads\/2022\/12\/MG_0075-dualiso-1024x1024-1-100x100.jpg 100w, https:\/\/hi-nd.com\/wp-content\/uploads\/2022\/12\/MG_0075-dualiso-1024x1024-1-300x300.jpg 300w, https:\/\/hi-nd.com\/wp-content\/uploads\/2022\/12\/MG_0075-dualiso-1024x1024-1-150x150.jpg 150w, https:\/\/hi-nd.com\/wp-content\/uploads\/2022\/12\/MG_0075-dualiso-1024x1024-1-768x768.jpg 768w\" sizes=\"auto, (max-width: 1020px) 100vw, 1020px\" \/>\t\t\t\t\t\t\n\t\t\t\t\t<\/div>\n\t\t\t\t\t\t\t\t\n<style>\n#image_76481010 {\n  width: 100%;\n}\n<\/style>\n\t<\/div>\n\t\n\n\n\t\t<\/div>\n\t\t\t\t\t<\/div>\n\n\t\n\n\t<div id=\"col-698485355\" class=\"col medium-4 small-12 large-4\"  >\n\t\t\t\t<div class=\"col-inner\"  >\n\t\t\t\n\t\t\t\n\n\t<div class=\"img has-hover x md-x lg-x y md-y lg-y\" id=\"image_2035542356\">\n\t\t\t\t\t\t\t\t<div class=\"img-inner dark\" >\n\t\t\t<img loading=\"lazy\" decoding=\"async\" width=\"750\" height=\"750\" src=\"https:\/\/hi-nd.com\/wp-content\/uploads\/2023\/01\/wall-casing-entre-taby-centrum.jpg\" class=\"attachment-large size-large\" alt=\"wall casing entre\" srcset=\"https:\/\/hi-nd.com\/wp-content\/uploads\/2023\/01\/wall-casing-entre-taby-centrum.jpg 750w, https:\/\/hi-nd.com\/wp-content\/uploads\/2023\/01\/wall-casing-entre-taby-centrum-300x300.jpg 300w, https:\/\/hi-nd.com\/wp-content\/uploads\/2023\/01\/wall-casing-entre-taby-centrum-150x150.jpg 150w, https:\/\/hi-nd.com\/wp-content\/uploads\/2023\/01\/wall-casing-entre-taby-centrum-100x100.jpg 100w\" sizes=\"auto, (max-width: 750px) 100vw, 750px\" \/>\t\t\t\t\t\t\n\t\t\t\t\t<\/div>\n\t\t\t\t\t\t\t\t\n<style>\n#image_2035542356 {\n  width: 100%;\n}\n<\/style>\n\t<\/div>\n\t\n\n\n\t\t<\/div>\n\t\t\t\t\t<\/div>\n\n\t\n\n\t<div id=\"col-585481440\" class=\"col medium-4 small-12 large-4\"  >\n\t\t\t\t<div class=\"col-inner\"  >\n\t\t\t\n\t\t\t\n\n\t<div class=\"img has-hover x md-x lg-x y md-y lg-y\" id=\"image_1430970692\">\n\t\t\t\t\t\t\t\t<div class=\"img-inner dark\" >\n\t\t\t<img loading=\"lazy\" decoding=\"async\" width=\"750\" height=\"750\" src=\"https:\/\/hi-nd.com\/wp-content\/uploads\/2023\/01\/garnisonen-entre-garnisonen.jpg\" class=\"attachment-large size-large\" alt=\"\" srcset=\"https:\/\/hi-nd.com\/wp-content\/uploads\/2023\/01\/garnisonen-entre-garnisonen.jpg 750w, https:\/\/hi-nd.com\/wp-content\/uploads\/2023\/01\/garnisonen-entre-garnisonen-300x300.jpg 300w, https:\/\/hi-nd.com\/wp-content\/uploads\/2023\/01\/garnisonen-entre-garnisonen-150x150.jpg 150w, https:\/\/hi-nd.com\/wp-content\/uploads\/2023\/01\/garnisonen-entre-garnisonen-100x100.jpg 100w\" sizes=\"auto, (max-width: 750px) 100vw, 750px\" \/>\t\t\t\t\t\t\n\t\t\t\t\t<\/div>\n\t\t\t\t\t\t\t\t\n<style>\n#image_1430970692 {\n  width: 100%;\n}\n<\/style>\n\t<\/div>\n\t\n\n\n\t\t<\/div>\n\t\t\t\t\t<\/div>\n\n\t\n\n<\/div>\n<div class=\"row\"  id=\"row-688962307\">\n\n\n\t<div id=\"col-1614052239\" class=\"col medium-6 small-12 large-6\"  >\n\t\t\t\t<div class=\"col-inner\"  >\n\t\t\t\n\t\t\t\n\n<h3><strong>Verbesserung der Kommunikation in Treppenh\u00e4usern und Eing\u00e4ngen<\/strong><\/h3>\n<p>Digitale Beschilderung in Treppenh\u00e4usern und Eing\u00e4ngen ist entscheidend f\u00fcr eine effektive Kommunikation. In diesen Bereichen herrscht den ganzen Tag \u00fcber reger Publikumsverkehr. Klare Informationen sind wichtig, um Besucher zu leiten und die Sicherheit zu gew\u00e4hrleisten. Digitale Bildschirme bieten Echtzeit-Updates und helfen allen, sich in diesem Bereich effizient zu bewegen. Eines unserer beliebtesten Produkte f\u00fcr Treppenh\u00e4user und Eing\u00e4nge ist das Wandgeh\u00e4use mit Polycarbonatschutz.     <a href=\"https:\/\/hi-nd.com\/de\/produkt\/wandverkleidung-protect\/\">Lesen Sie hier mehr \u00fcber das Produkt.<\/a><\/p>\n<h3><strong>Wegweisende L\u00f6sungen<\/strong><\/h3>\n<p>Einer der wichtigsten Vorteile von Digital Signage ist die Wegweisung. Besucher k\u00f6nnen Toiletten, Aufz\u00fcge und Konferenzr\u00e4ume leicht finden. Klare Wegweiser verringern die Verwirrung, besonders in gro\u00dfen Geb\u00e4uden. Diese Klarheit ist in Notf\u00e4llen von entscheidender Bedeutung, wenn schnelle Entscheidungen erforderlich sind. Digitale Beschilderung kann Notausg\u00e4nge oder Evakuierungsrouten deutlich anzeigen.    <\/p>\n<h3><strong>Sicherheit im Treppenhaus und an den Eing\u00e4ngen unerl\u00e4sslich<\/strong><\/h3>\n<p>Digitale Beschilderung erh\u00f6ht die Sicherheit in Treppenh\u00e4usern und Eing\u00e4ngen. Organisationen k\u00f6nnen diese Displays nutzen, um wichtige Warnungen zu verbreiten. Wenn es zum Beispiel einen Sicherheitsvorfall gibt, werden die Besucher rechtzeitig benachrichtigt. Diese unmittelbare Kommunikation tr\u00e4gt zu einer sichereren Umgebung f\u00fcr alle bei. Durch die Verbreitung von Sicherheitsvorkehrungen k\u00f6nnen Organisationen das Bewusstsein der Besucher sch\u00e4rfen.    <\/p>\n<h3><strong>Dynamischer Inhalt<\/strong><\/h3>\n<p>Ein weiterer Vorteil von Digital Signage ist die M\u00f6glichkeit, dynamische Inhalte zu pr\u00e4sentieren. Unternehmen k\u00f6nnen Nachrichten in Echtzeit aktualisieren, um aktuelle Ereignisse wiederzugeben. W\u00e4hrend einer stark frequentierten Konferenz k\u00f6nnen Schilder Zeitpl\u00e4ne, Orte oder Erinnerungen f\u00fcr die Teilnehmer anzeigen. Durch diese Flexibilit\u00e4t wird sichergestellt, dass die Besucher die relevantesten Informationen erhalten.   <\/p>\n\n\t\t<\/div>\n\t\t\t\t\t<\/div>\n\n\t\n\n\t<div id=\"col-1837437054\" class=\"col medium-6 small-12 large-6\"  >\n\t\t\t\t<div class=\"col-inner\"  >\n\t\t\t\n\t\t\t\n\n<h3><strong>Marketing-M\u00f6glichkeiten<\/strong><\/h3>\n<p>Digital Signage dient auch als leistungsstarkes Marketinginstrument. In den Eingangsbereichen k\u00f6nnen Organisationen f\u00fcr ihre Marke, ihre Werte und anstehende Initiativen werben. Ansprechendes Bildmaterial schafft eine einladende Atmosph\u00e4re und hinterl\u00e4sst einen positiven Eindruck. Dieser Marketingaspekt kann das Engagement der Besucher und ihr Interesse an den angebotenen Dienstleistungen steigern.   <\/p>\n<h3><strong>Interaktive Funktionen zur Verbesserung der Besuchererfahrung im Treppenhaus und an den Eing\u00e4ngen<\/strong><\/h3>\n<p>Interaktivit\u00e4t ist ein wichtiger Vorteil von Digital Signage in diesen Bereichen. Mit Touchscreen-Displays k\u00f6nnen Besucher ganz einfach zus\u00e4tzliche Informationen abrufen. Sie k\u00f6nnen Wegbeschreibungen finden, Veranstaltungspl\u00e4ne einsehen oder sich \u00fcber angebotene Dienstleistungen informieren. Dieses interaktive Element bereichert das Besuchererlebnis und regt zum Erkunden an.   <\/p>\n<h3><strong>Auswirkungen auf die Umwelt<\/strong><\/h3>\n<p>Digital Signage ist eine umweltfreundliche Option. Durch die Verringerung des Bedarfs an gedrucktem Material k\u00f6nnen Unternehmen den Abfall minimieren. Aktualisierungen k\u00f6nnen digital vorgenommen werden, so dass keine neue Beschilderung erforderlich ist. Dies tr\u00e4gt zu den Bem\u00fchungen um Nachhaltigkeit bei und demonstriert unternehmerische Verantwortung.   <\/p>\n<p>Zusammenfassend l\u00e4sst sich sagen, dass Digital Signage in Treppenh\u00e4usern und Eing\u00e4ngen f\u00fcr die Verbesserung der Kommunikation unerl\u00e4sslich ist. Sie verbessern die Wegfindung, die Sicherheit und den Schutz und bieten gleichzeitig dynamische Inhalte. Au\u00dferdem dient es als Marketinginstrument und unterst\u00fctzt die Nachhaltigkeit. Da das Besuchererlebnis immer wichtiger wird, wird die digitale Beschilderung eine immer wichtigere Rolle spielen.   <\/p>\n\n\t\t<\/div>\n\t\t\t\t\t<\/div>\n\n\t\n\n<\/div>\n\n\t\t<\/div>\n\n\t\t\n<style>\n#section_1907558586 {\n  padding-top: 30px;\n  padding-bottom: 30px;\n}\n<\/style>\n\t<\/section>\n\t\n\n","protected":false},"excerpt":{"rendered":"","protected":false},"author":5,"featured_media":0,"parent":0,"menu_order":0,"comment_status":"closed","ping_status":"closed","template":"","meta":{"footnotes":""},"class_list":["post-5478","page","type-page","status-publish","hentry"],"yoast_head":"<!-- This site is optimized with the Yoast SEO plugin v27.3 - https:\/\/yoast.com\/product\/yoast-seo-wordpress\/ -->\n<title>Treppenhaus &amp; Eing\u00e4nge - HI-ND<\/title>\n<meta name=\"description\" content=\"Mit ihrem robusten Geh\u00e4use haben sich die digitalen Bildschirme schnell in Treppenh\u00e4usern und Eing\u00e4ngen durchgesetzt, um eine bemerkenswerte Umgebung zu schaffen.\" \/>\n<meta name=\"robots\" content=\"index, follow, max-snippet:-1, max-image-preview:large, max-video-preview:-1\" \/>\n<link rel=\"canonical\" href=\"https:\/\/hi-nd.com\/de\/treppenhaus-eingaenge\/\" \/>\n<meta property=\"og:locale\" content=\"de_DE\" \/>\n<meta property=\"og:type\" content=\"article\" \/>\n<meta property=\"og:title\" content=\"Treppenhaus &amp; Eing\u00e4nge - HI-ND\" \/>\n<meta property=\"og:description\" content=\"Mit ihrem robusten Geh\u00e4use haben sich die digitalen Bildschirme schnell in Treppenh\u00e4usern und Eing\u00e4ngen durchgesetzt, um eine bemerkenswerte Umgebung zu schaffen.\" \/>\n<meta property=\"og:url\" content=\"https:\/\/hi-nd.com\/de\/treppenhaus-eingaenge\/\" \/>\n<meta property=\"og:site_name\" content=\"HI-ND\" \/>\n<meta property=\"article:modified_time\" content=\"2025-02-25T09:26:10+00:00\" \/>\n<meta name=\"twitter:card\" content=\"summary_large_image\" \/>\n<meta name=\"twitter:label1\" content=\"Gesch\u00e4tzte Lesezeit\" \/>\n\t<meta name=\"twitter:data1\" content=\"3\u00a0Minuten\" \/>\n<script type=\"application\/ld+json\" class=\"yoast-schema-graph\">{\"@context\":\"https:\\\/\\\/schema.org\",\"@graph\":[{\"@type\":\"WebPage\",\"@id\":\"https:\\\/\\\/hi-nd.com\\\/de\\\/treppenhaus-eingaenge\\\/\",\"url\":\"https:\\\/\\\/hi-nd.com\\\/de\\\/treppenhaus-eingaenge\\\/\",\"name\":\"Treppenhaus &amp; Eing\u00e4nge - HI-ND\",\"isPartOf\":{\"@id\":\"https:\\\/\\\/hi-nd.com\\\/#website\"},\"datePublished\":\"2023-01-26T10:20:48+00:00\",\"dateModified\":\"2025-02-25T09:26:10+00:00\",\"description\":\"Mit ihrem robusten Geh\u00e4use haben sich die digitalen Bildschirme schnell in Treppenh\u00e4usern und Eing\u00e4ngen durchgesetzt, um eine bemerkenswerte Umgebung zu schaffen.\",\"breadcrumb\":{\"@id\":\"https:\\\/\\\/hi-nd.com\\\/de\\\/treppenhaus-eingaenge\\\/#breadcrumb\"},\"inLanguage\":\"de\",\"potentialAction\":[{\"@type\":\"ReadAction\",\"target\":[\"https:\\\/\\\/hi-nd.com\\\/de\\\/treppenhaus-eingaenge\\\/\"]}]},{\"@type\":\"BreadcrumbList\",\"@id\":\"https:\\\/\\\/hi-nd.com\\\/de\\\/treppenhaus-eingaenge\\\/#breadcrumb\",\"itemListElement\":[{\"@type\":\"ListItem\",\"position\":1,\"name\":\"Home\",\"item\":\"https:\\\/\\\/hi-nd.com\\\/de\\\/\"},{\"@type\":\"ListItem\",\"position\":2,\"name\":\"Treppenhaus &amp; Eing\u00e4nge\"}]},{\"@type\":\"WebSite\",\"@id\":\"https:\\\/\\\/hi-nd.com\\\/#website\",\"url\":\"https:\\\/\\\/hi-nd.com\\\/\",\"name\":\"HI-ND\",\"description\":\"Mounting Solutions\",\"potentialAction\":[{\"@type\":\"SearchAction\",\"target\":{\"@type\":\"EntryPoint\",\"urlTemplate\":\"https:\\\/\\\/hi-nd.com\\\/?s={search_term_string}\"},\"query-input\":{\"@type\":\"PropertyValueSpecification\",\"valueRequired\":true,\"valueName\":\"search_term_string\"}}],\"inLanguage\":\"de\"}]}<\/script>\n<!-- \/ Yoast SEO plugin. -->","yoast_head_json":{"title":"Treppenhaus &amp; Eing\u00e4nge - HI-ND","description":"Mit ihrem robusten Geh\u00e4use haben sich die digitalen Bildschirme schnell in Treppenh\u00e4usern und Eing\u00e4ngen durchgesetzt, um eine bemerkenswerte Umgebung zu schaffen.","robots":{"index":"index","follow":"follow","max-snippet":"max-snippet:-1","max-image-preview":"max-image-preview:large","max-video-preview":"max-video-preview:-1"},"canonical":"https:\/\/hi-nd.com\/de\/treppenhaus-eingaenge\/","og_locale":"de_DE","og_type":"article","og_title":"Treppenhaus &amp; Eing\u00e4nge - HI-ND","og_description":"Mit ihrem robusten Geh\u00e4use haben sich die digitalen Bildschirme schnell in Treppenh\u00e4usern und Eing\u00e4ngen durchgesetzt, um eine bemerkenswerte Umgebung zu schaffen.","og_url":"https:\/\/hi-nd.com\/de\/treppenhaus-eingaenge\/","og_site_name":"HI-ND","article_modified_time":"2025-02-25T09:26:10+00:00","twitter_card":"summary_large_image","twitter_misc":{"Gesch\u00e4tzte Lesezeit":"3\u00a0Minuten"},"schema":{"@context":"https:\/\/schema.org","@graph":[{"@type":"WebPage","@id":"https:\/\/hi-nd.com\/de\/treppenhaus-eingaenge\/","url":"https:\/\/hi-nd.com\/de\/treppenhaus-eingaenge\/","name":"Treppenhaus &amp; Eing\u00e4nge - HI-ND","isPartOf":{"@id":"https:\/\/hi-nd.com\/#website"},"datePublished":"2023-01-26T10:20:48+00:00","dateModified":"2025-02-25T09:26:10+00:00","description":"Mit ihrem robusten Geh\u00e4use haben sich die digitalen Bildschirme schnell in Treppenh\u00e4usern und Eing\u00e4ngen durchgesetzt, um eine bemerkenswerte Umgebung zu schaffen.","breadcrumb":{"@id":"https:\/\/hi-nd.com\/de\/treppenhaus-eingaenge\/#breadcrumb"},"inLanguage":"de","potentialAction":[{"@type":"ReadAction","target":["https:\/\/hi-nd.com\/de\/treppenhaus-eingaenge\/"]}]},{"@type":"BreadcrumbList","@id":"https:\/\/hi-nd.com\/de\/treppenhaus-eingaenge\/#breadcrumb","itemListElement":[{"@type":"ListItem","position":1,"name":"Home","item":"https:\/\/hi-nd.com\/de\/"},{"@type":"ListItem","position":2,"name":"Treppenhaus &amp; Eing\u00e4nge"}]},{"@type":"WebSite","@id":"https:\/\/hi-nd.com\/#website","url":"https:\/\/hi-nd.com\/","name":"HI-ND","description":"Mounting Solutions","potentialAction":[{"@type":"SearchAction","target":{"@type":"EntryPoint","urlTemplate":"https:\/\/hi-nd.com\/?s={search_term_string}"},"query-input":{"@type":"PropertyValueSpecification","valueRequired":true,"valueName":"search_term_string"}}],"inLanguage":"de"}]}},"_links":{"self":[{"href":"https:\/\/hi-nd.com\/de\/wp-json\/wp\/v2\/pages\/5478","targetHints":{"allow":["GET"]}}],"collection":[{"href":"https:\/\/hi-nd.com\/de\/wp-json\/wp\/v2\/pages"}],"about":[{"href":"https:\/\/hi-nd.com\/de\/wp-json\/wp\/v2\/types\/page"}],"author":[{"embeddable":true,"href":"https:\/\/hi-nd.com\/de\/wp-json\/wp\/v2\/users\/5"}],"replies":[{"embeddable":true,"href":"https:\/\/hi-nd.com\/de\/wp-json\/wp\/v2\/comments?post=5478"}],"version-history":[{"count":2,"href":"https:\/\/hi-nd.com\/de\/wp-json\/wp\/v2\/pages\/5478\/revisions"}],"predecessor-version":[{"id":8440,"href":"https:\/\/hi-nd.com\/de\/wp-json\/wp\/v2\/pages\/5478\/revisions\/8440"}],"wp:attachment":[{"href":"https:\/\/hi-nd.com\/de\/wp-json\/wp\/v2\/media?parent=5478"}],"curies":[{"name":"wp","href":"https:\/\/api.w.org\/{rel}","templated":true}]}}